{"id":10065,"date":"2021-10-14T16:09:23","date_gmt":"2021-10-14T16:09:23","guid":{"rendered":"https:\/\/cheveuxluxe.com\/?page_id=10065"},"modified":"2022-03-12T19:58:01","modified_gmt":"2022-03-12T19:58:01","slug":"nos-services","status":"publish","type":"page","link":"https:\/\/cheveuxluxe.com\/index.php\/nos-services\/","title":{"rendered":"NOS SERVICES"},"content":{"rendered":"\t\t<div data-elementor-type=\"wp-page\" data-elementor-id=\"10065\" class=\"elementor elementor-10065\">\n\t\t\t\t\t\t<section class=\"elementor-section elementor-top-section elementor-element elementor-element-1649ff6 elementor-section-boxed elementor-section-height-default elementor-section-height-default\" data-id=\"1649ff6\" data-element_type=\"section\">\n\t\t\t\t\t\t<div class=\"elementor-container elementor-column-gap-extended\">\n\t\t\t\t\t<div class=\"elementor-column elementor-col-50 elementor-top-column elementor-element elementor-element-b65485e\" data-id=\"b65485e\" data-element_type=\"column\">\n\t\t\t<div class=\"elementor-widget-wrap elementor-element-populated\">\n\t\t\t\t\t\t<div class=\"elementor-element elementor-element-ac0a101 elementor-widget elementor-widget-sober-banner\" data-id=\"ac0a101\" data-element_type=\"widget\" data-widget_type=\"sober-banner.default\">\n\t\t\t\t<div class=\"elementor-widget-container\">\n\t\t\t\t\t<div class=\"sober-banner-image sober-banner--elementor sober-banner-image--hover-zoom_box sober-banner-image--button-visible-fadeup sober-banner-image--content--middle sober-banner-image--content-sm--middle sober-banner-image--content-xs--\">\n\t\t\t<a class=\"sober-banner-image__link\" href=\"https:\/\/docs.google.com\/forms\/d\/e\/1FAIpQLScoyPYmxavJJMaC-Kj2Ax_kyRf0ELKzCWnKhqYeH3mBtwpkmw\/viewform?usp=pp_url\">\t\t\t\t<img fetchpriority=\"high\" decoding=\"async\" width=\"481\" height=\"359\" src=\"https:\/\/cheveuxluxe.com\/wp-content\/uploads\/2021\/10\/rfff.jpg\" class=\"attachment-sober-blog-thumbnail size-sober-blog-thumbnail wp-image-10125\" alt=\"\" srcset=\"https:\/\/cheveuxluxe.com\/wp-content\/uploads\/2021\/10\/rfff.jpg 481w, https:\/\/cheveuxluxe.com\/wp-content\/uploads\/2021\/10\/rfff-300x224.jpg 300w, https:\/\/cheveuxluxe.com\/wp-content\/uploads\/2021\/10\/rfff-16x12.jpg 16w\" sizes=\"(max-width: 481px) 100vw, 481px\" \/>\n\t\t\t\t<div class=\"sober-banner-image__content\">\n\t\t\t\t\t\n\t\t\t\t\t\t\t\t\t\t\t<div class=\"sober-banner-image__title\">Maquillage <\/div>\n\t\t\t\t\t\n\t\t\t\t\t\t\t\t\t\t\t<div class=\"sober-banner-image__description\">Un \u00e9v\u00e9nement sp\u00e9cial vous attend et vous d\u00e9sirez changer vos habitudes make-up le temps d'une soir\u00e9e ? Maquilleuse professionnelles disponibles  7\/7 sur rendez-vous <\/div>\n\t\t\t\t\t\n\t\t\t\t\t<div class=\"sober-banner-image__buttons\">\n\t\t\t\t\t\t<span class=\"sober-banner-image__button sober-banner-image__button--main sober-banner-image__button--normal\">Reservez<\/span>\t\t\t\t\t\t\t\t\t\t\t<\/div>\n\t\t\t\t<\/div>\n\t\t\t<\/a>\t\t<\/div>\n\t\t\t\t<\/div>\n\t\t\t\t<\/div>\n\t\t\t\t\t<\/div>\n\t\t<\/div>\n\t\t\t\t<div class=\"elementor-column elementor-col-50 elementor-top-column elementor-element elementor-element-b0405f5\" data-id=\"b0405f5\" data-element_type=\"column\">\n\t\t\t<div class=\"elementor-widget-wrap elementor-element-populated\">\n\t\t\t\t\t\t<div class=\"elementor-element elementor-element-6124e6f elementor-widget elementor-widget-sober-banner\" data-id=\"6124e6f\" data-element_type=\"widget\" data-widget_type=\"sober-banner.default\">\n\t\t\t\t<div class=\"elementor-widget-container\">\n\t\t\t\t\t<div class=\"sober-banner-image sober-banner--elementor sober-banner-image--hover-zoom_box sober-banner-image--button-visible-fadeup sober-banner-image--content--middle sober-banner-image--content-sm--middle sober-banner-image--content-xs--\">\n\t\t\t<a class=\"sober-banner-image__link\" href=\"https:\/\/docs.google.com\/forms\/d\/e\/1FAIpQLScoyPYmxavJJMaC-Kj2Ax_kyRf0ELKzCWnKhqYeH3mBtwpkmw\/viewform?usp=pp_url\">\t\t\t\t<img decoding=\"async\" width=\"481\" height=\"359\" src=\"https:\/\/cheveuxluxe.com\/wp-content\/uploads\/2021\/10\/slun-1.jpg\" class=\"attachment-sober-blog-thumbnail size-sober-blog-thumbnail wp-image-10254\" alt=\"\" srcset=\"https:\/\/cheveuxluxe.com\/wp-content\/uploads\/2021\/10\/slun-1.jpg 481w, https:\/\/cheveuxluxe.com\/wp-content\/uploads\/2021\/10\/slun-1-300x224.jpg 300w, https:\/\/cheveuxluxe.com\/wp-content\/uploads\/2021\/10\/slun-1-16x12.jpg 16w\" sizes=\"(max-width: 481px) 100vw, 481px\" \/>\n\t\t\t\t<div class=\"sober-banner-image__content\">\n\t\t\t\t\t\n\t\t\t\t\t\t\t\t\t\t\t<div class=\"sober-banner-image__title\">Pose Cil \u00e0 Cil<\/div>\n\t\t\t\t\t\n\t\t\t\t\t\t\t\t\t\t\t<div class=\"sober-banner-image__description\">Besoin d'une pose d'extensions de cils sur-mesure ? Prenez RDV avec nos esth\u00e9ticiennes. Volume Russe, effet naturel, Cils en Soie...\n<\/div>\n\t\t\t\t\t\n\t\t\t\t\t<div class=\"sober-banner-image__buttons\">\n\t\t\t\t\t\t<span class=\"sober-banner-image__button sober-banner-image__button--main sober-banner-image__button--normal\">R\u00e9servez<\/span>\t\t\t\t\t\t\t\t\t\t\t<\/div>\n\t\t\t\t<\/div>\n\t\t\t<\/a>\t\t<\/div>\n\t\t\t\t<\/div>\n\t\t\t\t<\/div>\n\t\t\t\t\t<\/div>\n\t\t<\/div>\n\t\t\t\t\t<\/div>\n\t\t<\/section>\n\t\t\t\t<section class=\"elementor-section elementor-top-section elementor-element elementor-element-34cd48d elementor-section-boxed elementor-section-height-default elementor-section-height-default\" data-id=\"34cd48d\" data-element_type=\"section\">\n\t\t\t\t\t\t<div class=\"elementor-container elementor-column-gap-extended\">\n\t\t\t\t\t<div class=\"elementor-column elementor-col-50 elementor-top-column elementor-element elementor-element-2743617\" data-id=\"2743617\" data-element_type=\"column\">\n\t\t\t<div class=\"elementor-widget-wrap elementor-element-populated\">\n\t\t\t\t\t\t<div class=\"elementor-element elementor-element-91c82b0 elementor-widget elementor-widget-sober-banner\" data-id=\"91c82b0\" data-element_type=\"widget\" data-widget_type=\"sober-banner.default\">\n\t\t\t\t<div class=\"elementor-widget-container\">\n\t\t\t\t\t<div class=\"sober-banner-image sober-banner--elementor sober-banner-image--hover-zoom_box sober-banner-image--button-visible-fadeup sober-banner-image--content--middle sober-banner-image--content-sm--middle sober-banner-image--content-xs--\">\n\t\t\t<a class=\"sober-banner-image__link\" href=\"https:\/\/docs.google.com\/forms\/d\/e\/1FAIpQLScoyPYmxavJJMaC-Kj2Ax_kyRf0ELKzCWnKhqYeH3mBtwpkmw\/viewform?usp=pp_url\">\t\t\t\t<img decoding=\"async\" width=\"481\" height=\"359\" src=\"https:\/\/cheveuxluxe.com\/wp-content\/uploads\/2021\/10\/epil-1.png\" class=\"attachment-sober-blog-thumbnail size-sober-blog-thumbnail wp-image-10256\" alt=\"\" srcset=\"https:\/\/cheveuxluxe.com\/wp-content\/uploads\/2021\/10\/epil-1.png 481w, https:\/\/cheveuxluxe.com\/wp-content\/uploads\/2021\/10\/epil-1-300x224.png 300w, https:\/\/cheveuxluxe.com\/wp-content\/uploads\/2021\/10\/epil-1-16x12.png 16w\" sizes=\"(max-width: 481px) 100vw, 481px\" \/>\n\t\t\t\t<div class=\"sober-banner-image__content\">\n\t\t\t\t\t\n\t\t\t\t\t\t\t\t\t\t\t<div class=\"sober-banner-image__title\">Epilation Sourcils<\/div>\n\t\t\t\t\t\n\t\t\t\t\t\t\t\t\t\t\t<div class=\"sober-banner-image__description\">Epilation sourcils \u00e0 la pince ou au fil, m\u00e9thode ancestrale tr\u00e8s efficace pour affiner le regard, et dure longtemps. Prenez-rendez vous maintenant pour votre s\u00e9ance. <\/div>\n\t\t\t\t\t\n\t\t\t\t\t<div class=\"sober-banner-image__buttons\">\n\t\t\t\t\t\t<span class=\"sober-banner-image__button sober-banner-image__button--main sober-banner-image__button--outline\">R\u00e9servez<\/span>\t\t\t\t\t\t\t\t\t\t\t<\/div>\n\t\t\t\t<\/div>\n\t\t\t<\/a>\t\t<\/div>\n\t\t\t\t<\/div>\n\t\t\t\t<\/div>\n\t\t\t\t\t<\/div>\n\t\t<\/div>\n\t\t\t\t<div class=\"elementor-column elementor-col-50 elementor-top-column elementor-element elementor-element-c9ab62f\" data-id=\"c9ab62f\" data-element_type=\"column\">\n\t\t\t<div class=\"elementor-widget-wrap elementor-element-populated\">\n\t\t\t\t\t\t<div class=\"elementor-element elementor-element-eb9b0f6 elementor-widget elementor-widget-sober-banner\" data-id=\"eb9b0f6\" data-element_type=\"widget\" data-widget_type=\"sober-banner.default\">\n\t\t\t\t<div class=\"elementor-widget-container\">\n\t\t\t\t\t<div class=\"sober-banner-image sober-banner--elementor sober-banner-image--hover-zoom_box sober-banner-image--button-visible-fadeup sober-banner-image--content--middle sober-banner-image--content-sm--middle sober-banner-image--content-xs--\">\n\t\t\t<a class=\"sober-banner-image__link\" href=\"https:\/\/docs.google.com\/forms\/d\/e\/1FAIpQLScoyPYmxavJJMaC-Kj2Ax_kyRf0ELKzCWnKhqYeH3mBtwpkmw\/viewform?usp=pp_url\">\t\t\t\t<img loading=\"lazy\" decoding=\"async\" width=\"481\" height=\"359\" src=\"https:\/\/cheveuxluxe.com\/wp-content\/uploads\/2021\/10\/et-2.jpg\" class=\"attachment-sober-blog-thumbnail size-sober-blog-thumbnail wp-image-10249\" alt=\"\" srcset=\"https:\/\/cheveuxluxe.com\/wp-content\/uploads\/2021\/10\/et-2.jpg 481w, https:\/\/cheveuxluxe.com\/wp-content\/uploads\/2021\/10\/et-2-300x224.jpg 300w, https:\/\/cheveuxluxe.com\/wp-content\/uploads\/2021\/10\/et-2-16x12.jpg 16w\" sizes=\"(max-width: 481px) 100vw, 481px\" \/>\n\t\t\t\t<div class=\"sober-banner-image__content\">\n\t\t\t\t\t\n\t\t\t\t\t\t\t\t\t\t\t<div class=\"sober-banner-image__title\">Coiffure\/Tissage<\/div>\n\t\t\t\t\t\n\t\t\t\t\t\t\t\t\t\t\t<div class=\"sober-banner-image__description\">R\u00e9servez en ligne votre s\u00e9ance beaut\u00e9: Tissage, Pose de perruque, Coupe, Coloration, Balayage, Brushing, Lissage. Coiffeuses exp\u00e9riment\u00e9es 7j\/7. <\/div>\n\t\t\t\t\t\n\t\t\t\t\t<div class=\"sober-banner-image__buttons\">\n\t\t\t\t\t\t<span class=\"sober-banner-image__button sober-banner-image__button--main sober-banner-image__button--outline\">R\u00e9servez<\/span>\t\t\t\t\t\t\t\t\t\t\t<\/div>\n\t\t\t\t<\/div>\n\t\t\t<\/a>\t\t<\/div>\n\t\t\t\t<\/div>\n\t\t\t\t<\/div>\n\t\t\t\t\t<\/div>\n\t\t<\/div>\n\t\t\t\t\t<\/div>\n\t\t<\/section>\n\t\t\t\t<section class=\"elementor-section elementor-top-section elementor-element elementor-element-9d787cb elementor-section-boxed elementor-section-height-default elementor-section-height-default\" data-id=\"9d787cb\" data-element_type=\"section\">\n\t\t\t\t\t\t<div class=\"elementor-container elementor-column-gap-extended\">\n\t\t\t\t\t<div class=\"elementor-column elementor-col-50 elementor-top-column elementor-element elementor-element-f46ca8f\" data-id=\"f46ca8f\" data-element_type=\"column\">\n\t\t\t<div class=\"elementor-widget-wrap elementor-element-populated\">\n\t\t\t\t\t\t<div class=\"elementor-element elementor-element-60bef21 elementor-widget elementor-widget-sober-banner\" data-id=\"60bef21\" data-element_type=\"widget\" data-widget_type=\"sober-banner.default\">\n\t\t\t\t<div class=\"elementor-widget-container\">\n\t\t\t\t\t<div class=\"sober-banner-image sober-banner--elementor sober-banner-image--hover-zoom_box sober-banner-image--button-visible-fadeup sober-banner-image--content--middle sober-banner-image--content-sm--middle sober-banner-image--content-xs--\">\n\t\t\t<a class=\"sober-banner-image__link\" href=\"https:\/\/docs.google.com\/forms\/d\/e\/1FAIpQLScoyPYmxavJJMaC-Kj2Ax_kyRf0ELKzCWnKhqYeH3mBtwpkmw\/viewform?usp=pp_url\">\t\t\t\t<img loading=\"lazy\" decoding=\"async\" width=\"481\" height=\"359\" src=\"https:\/\/cheveuxluxe.com\/wp-content\/uploads\/2021\/10\/ttf-1-1.jpg\" class=\"attachment-sober-blog-thumbnail size-sober-blog-thumbnail wp-image-10252\" alt=\"\" srcset=\"https:\/\/cheveuxluxe.com\/wp-content\/uploads\/2021\/10\/ttf-1-1.jpg 481w, https:\/\/cheveuxluxe.com\/wp-content\/uploads\/2021\/10\/ttf-1-1-300x224.jpg 300w, https:\/\/cheveuxluxe.com\/wp-content\/uploads\/2021\/10\/ttf-1-1-16x12.jpg 16w\" sizes=\"(max-width: 481px) 100vw, 481px\" \/>\n\t\t\t\t<div class=\"sober-banner-image__content\">\n\t\t\t\t\t\n\t\t\t\t\t\t\t\t\t\t\t<div class=\"sober-banner-image__title\">Tresses Afro<\/div>\n\t\t\t\t\t\n\t\t\t\t\t\t\t\t\t\t\t<div class=\"sober-banner-image__description\">Nattes Africaines, Box Braids, Nattes coll\u00e9es, Crochet braid, Coiffure vanille, Tresse indienne possibilit\u00e9 de r\u00e9server une prestation \"maman + enfant\"<\/div>\n\t\t\t\t\t\n\t\t\t\t\t<div class=\"sober-banner-image__buttons\">\n\t\t\t\t\t\t<span class=\"sober-banner-image__button sober-banner-image__button--main sober-banner-image__button--outline\">Reservez<\/span>\t\t\t\t\t\t\t\t\t\t\t<\/div>\n\t\t\t\t<\/div>\n\t\t\t<\/a>\t\t<\/div>\n\t\t\t\t<\/div>\n\t\t\t\t<\/div>\n\t\t\t\t\t<\/div>\n\t\t<\/div>\n\t\t\t\t<div class=\"elementor-column elementor-col-50 elementor-top-column elementor-element elementor-element-870e062\" data-id=\"870e062\" data-element_type=\"column\">\n\t\t\t<div class=\"elementor-widget-wrap elementor-element-populated\">\n\t\t\t\t\t\t<div class=\"elementor-element elementor-element-e084b00 elementor-widget elementor-widget-sober-banner\" data-id=\"e084b00\" data-element_type=\"widget\" data-widget_type=\"sober-banner.default\">\n\t\t\t\t<div class=\"elementor-widget-container\">\n\t\t\t\t\t<div class=\"sober-banner-image sober-banner--elementor sober-banner-image--hover-zoom_box sober-banner-image--button-visible-fadeup sober-banner-image--content--middle sober-banner-image--content-sm--middle sober-banner-image--content-xs--\">\n\t\t\t<a class=\"sober-banner-image__link\" href=\"https:\/\/docs.google.com\/forms\/d\/e\/1FAIpQLScoyPYmxavJJMaC-Kj2Ax_kyRf0ELKzCWnKhqYeH3mBtwpkmw\/viewform?usp=pp_url\">\t\t\t\t<img loading=\"lazy\" decoding=\"async\" width=\"481\" height=\"359\" src=\"https:\/\/cheveuxluxe.com\/wp-content\/uploads\/2021\/10\/cun-1.jpg\" class=\"attachment-sober-blog-thumbnail size-sober-blog-thumbnail wp-image-10255\" alt=\"\" srcset=\"https:\/\/cheveuxluxe.com\/wp-content\/uploads\/2021\/10\/cun-1.jpg 481w, https:\/\/cheveuxluxe.com\/wp-content\/uploads\/2021\/10\/cun-1-300x224.jpg 300w, https:\/\/cheveuxluxe.com\/wp-content\/uploads\/2021\/10\/cun-1-16x12.jpg 16w\" sizes=\"(max-width: 481px) 100vw, 481px\" \/>\n\t\t\t\t<div class=\"sober-banner-image__content\">\n\t\t\t\t\t\n\t\t\t\t\t\t\t\t\t\t\t<div class=\"sober-banner-image__title\">Coupe Homme<\/div>\n\t\t\t\t\t\n\t\t\t\t\t\t\t\t\t\t\t<div class=\"sober-banner-image__description\">Pour vos Coupes, Poses postiche Toupe PU, ou colorations, nos coiffeurs professionnels sont disponibles pour se rendre \u00e0 votre domicile  7j\/7 \n<\/div>\n\t\t\t\t\t\n\t\t\t\t\t<div class=\"sober-banner-image__buttons\">\n\t\t\t\t\t\t<span class=\"sober-banner-image__button sober-banner-image__button--main sober-banner-image__button--outline\">R\u00e9servez<\/span>\t\t\t\t\t\t\t\t\t\t\t<\/div>\n\t\t\t\t<\/div>\n\t\t\t<\/a>\t\t<\/div>\n\t\t\t\t<\/div>\n\t\t\t\t<\/div>\n\t\t\t\t\t<\/div>\n\t\t<\/div>\n\t\t\t\t\t<\/div>\n\t\t<\/section>\n\t\t\t\t<section class=\"elementor-section elementor-top-section elementor-element elementor-element-00b2a54 elementor-section-boxed elementor-section-height-default elementor-section-height-default\" data-id=\"00b2a54\" data-element_type=\"section\">\n\t\t\t\t\t\t<div class=\"elementor-container elementor-column-gap-default\">\n\t\t\t\t\t<div class=\"elementor-column elementor-col-100 elementor-top-column elementor-element elementor-element-71319a7\" data-id=\"71319a7\" data-element_type=\"column\">\n\t\t\t<div class=\"elementor-widget-wrap elementor-element-populated\">\n\t\t\t\t\t\t<div class=\"elementor-element elementor-element-d3f4a94 elementor-widget elementor-widget-text-editor\" data-id=\"d3f4a94\" data-element_type=\"widget\" data-widget_type=\"text-editor.default\">\n\t\t\t\t<div class=\"elementor-widget-container\">\n\t\t\t\t\t\t\t<h6>La r\u00e9servation en ligne de Prestation Cosm\u00e9tique implique l\u2019acceptation des pr\u00e9sentes conditions g\u00e9n\u00e9rales d\u2019utilisation (ci-apr\u00e8s d\u00e9nomm\u00e9es \u00ab CGU \u00bb). Ces CGU viennent en compl\u00e9ment de la politique\u00a0<strong>\u00ab <a href=\"https:\/\/cheveuxluxe.com\/index.php\/confidentialite\/\">Donn\u00e9es personnelles et Cookies<\/a> \u00bb<\/strong>\u00a0et des\u00a0<a href=\"https:\/\/cheveuxluxe.com\/index.php\/cgv\/\"><strong>Conditions G\u00e9n\u00e9rales d&rsquo;Utilisation<\/strong><\/a> .<\/h6>\t\t\t\t\t\t<\/div>\n\t\t\t\t<\/div>\n\t\t\t\t\t<\/div>\n\t\t<\/div>\n\t\t\t\t\t<\/div>\n\t\t<\/section>\n\t\t\t\t<\/div>\n\t\t","protected":false},"excerpt":{"rendered":"<p>Maquillage Un \u00e9v\u00e9nement sp\u00e9cial vous attend et vous d\u00e9sirez changer vos habitudes make-up le temps&hellip;<\/p>\n","protected":false},"author":1,"featured_media":0,"parent":0,"menu_order":0,"comment_status":"closed","ping_status":"closed","template":"templates\/homepage.php","meta":{"footnotes":""},"class_list":["post-10065","page","type-page","status-publish","hentry"],"aioseo_notices":[],"_links":{"self":[{"href":"https:\/\/cheveuxluxe.com\/index.php\/wp-json\/wp\/v2\/pages\/10065","targetHints":{"allow":["GET"]}}],"collection":[{"href":"https:\/\/cheveuxluxe.com\/index.php\/wp-json\/wp\/v2\/pages"}],"about":[{"href":"https:\/\/cheveuxluxe.com\/index.php\/wp-json\/wp\/v2\/types\/page"}],"author":[{"embeddable":true,"href":"https:\/\/cheveuxluxe.com\/index.php\/wp-json\/wp\/v2\/users\/1"}],"replies":[{"embeddable":true,"href":"https:\/\/cheveuxluxe.com\/index.php\/wp-json\/wp\/v2\/comments?post=10065"}],"version-history":[{"count":141,"href":"https:\/\/cheveuxluxe.com\/index.php\/wp-json\/wp\/v2\/pages\/10065\/revisions"}],"predecessor-version":[{"id":26901,"href":"https:\/\/cheveuxluxe.com\/index.php\/wp-json\/wp\/v2\/pages\/10065\/revisions\/26901"}],"wp:attachment":[{"href":"https:\/\/cheveuxluxe.com\/index.php\/wp-json\/wp\/v2\/media?parent=10065"}],"curies":[{"name":"wp","href":"https:\/\/api.w.org\/{rel}","templated":true}]}}