{"id":13242,"date":"2021-12-03T15:49:42","date_gmt":"2021-12-03T15:49:42","guid":{"rendered":"https:\/\/cheveuxluxe.com\/?page_id=13242"},"modified":"2025-09-30T11:35:04","modified_gmt":"2025-09-30T11:35:04","slug":"mention-legale","status":"publish","type":"page","link":"https:\/\/cheveuxluxe.com\/index.php\/mention-legale\/","title":{"rendered":"Mention L\u00e9gale"},"content":{"rendered":"\t\t<div data-elementor-type=\"wp-page\" data-elementor-id=\"13242\" class=\"elementor elementor-13242\">\n\t\t\t\t\t\t<section class=\"elementor-section elementor-top-section elementor-element elementor-element-b691df1 elementor-section-boxed elementor-section-height-default elementor-section-height-default\" data-id=\"b691df1\" data-element_type=\"section\">\n\t\t\t\t\t\t<div class=\"elementor-container elementor-column-gap-default\">\n\t\t\t\t\t<div class=\"elementor-column elementor-col-100 elementor-top-column elementor-element elementor-element-b61687a\" data-id=\"b61687a\" data-element_type=\"column\">\n\t\t\t<div class=\"elementor-widget-wrap elementor-element-populated\">\n\t\t\t\t\t\t<div class=\"elementor-element elementor-element-8ba6f11 elementor-widget elementor-widget-heading\" data-id=\"8ba6f11\" data-element_type=\"widget\" data-widget_type=\"heading.default\">\n\t\t\t\t<div class=\"elementor-widget-container\">\n\t\t\t<h2 class=\"elementor-heading-title elementor-size-default\">MENTION LEGALE<\/h2>\t\t<\/div>\n\t\t\t\t<\/div>\n\t\t\t\t\t<\/div>\n\t\t<\/div>\n\t\t\t\t\t<\/div>\n\t\t<\/section>\n\t\t\t\t<section class=\"elementor-section elementor-top-section elementor-element elementor-element-536714d elementor-section-boxed elementor-section-height-default elementor-section-height-default\" data-id=\"536714d\" data-element_type=\"section\">\n\t\t\t\t\t\t<div class=\"elementor-container elementor-column-gap-default\">\n\t\t\t\t\t<div class=\"elementor-column elementor-col-100 elementor-top-column elementor-element elementor-element-1d0d918\" data-id=\"1d0d918\" data-element_type=\"column\">\n\t\t\t<div class=\"elementor-widget-wrap elementor-element-populated\">\n\t\t\t\t\t\t<div class=\"elementor-element elementor-element-b39b2df elementor-widget elementor-widget-text-editor\" data-id=\"b39b2df\" data-element_type=\"widget\" data-widget_type=\"text-editor.default\">\n\t\t\t\t<div class=\"elementor-widget-container\">\n\t\t\t\t\t\t\t<h1 data-start=\"152\" data-end=\"170\">Mentions l\u00e9gales<\/h1><p data-start=\"172\" data-end=\"495\"><strong data-start=\"172\" data-end=\"201\">\u00c9diteur du site \/ Imprint<\/strong><br data-start=\"201\" data-end=\"204\" \/><strong data-start=\"204\" data-end=\"226\">COSMETICS DUTY LTD<\/strong><br data-start=\"226\" data-end=\"229\" \/>Private Limited Company (UK)<br data-start=\"257\" data-end=\"260\" \/>Company Number : 16516565<br data-start=\"312\" data-end=\"315\" \/>Adresse du si\u00e8ge social : 124 City Road, EC1V 2NX, London, Royaume-Uni<br data-start=\"385\" data-end=\"388\" \/>T\u00e9l\u00e9phone : +44 7448 931 578 (WhatsApp Business)<br data-start=\"436\" data-end=\"439\" \/>E-mail : <a class=\"decorated-link cursor-pointer\" rel=\"noopener\" data-start=\"448\" data-end=\"471\">contact@cheveuxluxe.com<\/a> \/ <a class=\"decorated-link cursor-pointer\" rel=\"noopener\" data-start=\"474\" data-end=\"493\">sav@cheveuxluxe.com<\/a><\/p><p data-start=\"497\" data-end=\"577\"><strong data-start=\"497\" data-end=\"519\">Marque commerciale<\/strong> : Cheveux Luxe, exploit\u00e9e par COSMETICS DUTY LTD.<\/p><hr data-start=\"579\" data-end=\"582\" \/><p data-start=\"584\" data-end=\"653\"><strong data-start=\"584\" data-end=\"616\">Responsable de\u00a0 publication<\/strong><br data-start=\"616\" data-end=\"619\" \/>La Soci\u00e9t\u00e9 COSMETICS DUTY LTD<\/p><hr data-start=\"655\" data-end=\"658\" \/><p data-start=\"660\" data-end=\"738\"><strong data-start=\"660\" data-end=\"681\">H\u00e9bergeur du site<\/strong><br data-start=\"681\" data-end=\"684\" \/>Hostinger UAB<br data-start=\"697\" data-end=\"700\" \/>Jonavos g. 60C, 44192 Kaunas, Lituanie<\/p><hr data-start=\"740\" data-end=\"743\" \/><p data-start=\"745\" data-end=\"839\"><strong data-start=\"745\" data-end=\"763\">Service client<\/strong><br data-start=\"763\" data-end=\"766\" \/>WhatsApp Business : +44 7448 931 578<br data-start=\"802\" data-end=\"805\" \/>E-mail SAV : <a class=\"decorated-link cursor-pointer\" rel=\"noopener\" data-start=\"818\" data-end=\"837\">sav@cheveuxluxe.com<\/a><\/p><hr data-start=\"841\" data-end=\"844\" \/><p data-start=\"846\" data-end=\"1146\"><strong data-start=\"846\" data-end=\"874\">Propri\u00e9t\u00e9 intellectuelle<\/strong><br data-start=\"874\" data-end=\"877\" \/>L\u2019ensemble des \u00e9l\u00e9ments du site (textes, logos, images, code, etc.) est prot\u00e9g\u00e9 par le droit de la propri\u00e9t\u00e9 intellectuelle.<br data-start=\"1001\" data-end=\"1004\" \/>Toute reproduction, modification ou diffusion ult\u00e9rieure, totale ou partielle, est interdite sans autorisation expresse de COSMETICS DUTY LTD.<\/p><hr data-start=\"1148\" data-end=\"1151\" \/><p data-start=\"1153\" data-end=\"1425\"><strong data-start=\"1153\" data-end=\"1177\">Donn\u00e9es personnelles<\/strong><br data-start=\"1177\" data-end=\"1180\" \/>Les traitements de donn\u00e9es personnelles sont r\u00e9gis par notre Politique de confidentialit\u00e9 disponible sur ce site.<br data-start=\"1297\" data-end=\"1300\" \/>Pour toute question sur vos droits (acc\u00e8s, rectification, suppression\u2026), adressez-vous \u00e0 <a class=\"decorated-link cursor-pointer\" rel=\"noopener\" data-start=\"1391\" data-end=\"1422\">confidentialite@cheveuxluxe.com<\/a>.<\/p><hr data-start=\"1427\" data-end=\"1430\" \/><p data-start=\"1432\" data-end=\"1733\"><strong data-start=\"1432\" data-end=\"1450\">Responsabilit\u00e9<\/strong><br data-start=\"1450\" data-end=\"1453\" \/>COSMETICS DUTY LTD veille \u00e0 la mise \u00e0 jour des informations du site, mais ne peut garantir l\u2019exactitude permanente.<br data-start=\"1568\" data-end=\"1571\" \/>La soci\u00e9t\u00e9 ne peut \u00eatre tenue responsable des erreurs, omissions ou dommages li\u00e9s \u00e0 l\u2019usage du site ni des sites vers lesquels des liens hypertextes renverraient.<\/p><hr data-start=\"1735\" data-end=\"1738\" \/><p data-start=\"1740\" data-end=\"1979\"><strong data-start=\"1740\" data-end=\"1770\">Droit applicable \/ Litiges<\/strong><br data-start=\"1770\" data-end=\"1773\" \/>Les pr\u00e9sentes mentions sont soumises au droit applicable au si\u00e8ge social de l\u2019\u00e9diteur (Royaume-Uni).<br data-start=\"1873\" data-end=\"1876\" \/>En cas de litige, une tentative amiable est favoris\u00e9e, \u00e0 d\u00e9faut les tribunaux comp\u00e9tents seront saisis.<\/p><hr data-start=\"1981\" data-end=\"1984\" \/><p data-start=\"1986\" data-end=\"2023\"><strong data-start=\"1986\" data-end=\"2010\">Derni\u00e8re mise \u00e0 jour<\/strong> : 30\/09\/2025<\/p>\t\t\t\t\t\t<\/div>\n\t\t\t\t<\/div>\n\t\t\t\t\t<\/div>\n\t\t<\/div>\n\t\t\t\t\t<\/div>\n\t\t<\/section>\n\t\t\t\t<\/div>\n\t\t","protected":false},"excerpt":{"rendered":"<p>MENTION LEGALE Mentions l\u00e9gales \u00c9diteur du site \/ ImprintCOSMETICS DUTY LTDPrivate Limited Company (UK)Company Number&hellip;<\/p>\n","protected":false},"author":1,"featured_media":0,"parent":0,"menu_order":0,"comment_status":"closed","ping_status":"closed","template":"","meta":{"footnotes":""},"class_list":["post-13242","page","type-page","status-publish","hentry"],"aioseo_notices":[],"_links":{"self":[{"href":"https:\/\/cheveuxluxe.com\/index.php\/wp-json\/wp\/v2\/pages\/13242","targetHints":{"allow":["GET"]}}],"collection":[{"href":"https:\/\/cheveuxluxe.com\/index.php\/wp-json\/wp\/v2\/pages"}],"about":[{"href":"https:\/\/cheveuxluxe.com\/index.php\/wp-json\/wp\/v2\/types\/page"}],"author":[{"embeddable":true,"href":"https:\/\/cheveuxluxe.com\/index.php\/wp-json\/wp\/v2\/users\/1"}],"replies":[{"embeddable":true,"href":"https:\/\/cheveuxluxe.com\/index.php\/wp-json\/wp\/v2\/comments?post=13242"}],"version-history":[{"count":46,"href":"https:\/\/cheveuxluxe.com\/index.php\/wp-json\/wp\/v2\/pages\/13242\/revisions"}],"predecessor-version":[{"id":40577,"href":"https:\/\/cheveuxluxe.com\/index.php\/wp-json\/wp\/v2\/pages\/13242\/revisions\/40577"}],"wp:attachment":[{"href":"https:\/\/cheveuxluxe.com\/index.php\/wp-json\/wp\/v2\/media?parent=13242"}],"curies":[{"name":"wp","href":"https:\/\/api.w.org\/{rel}","templated":true}]}}