{"id":9396,"date":"2016-08-23T06:44:55","date_gmt":"2016-08-23T06:44:55","guid":{"rendered":"http:\/\/demo.uix.store\/sober\/?page_id=347"},"modified":"2021-10-09T13:26:04","modified_gmt":"2021-10-09T13:26:04","slug":"faqs","status":"publish","type":"page","link":"https:\/\/cheveuxluxe.com\/index.php\/faqs\/","title":{"rendered":"FAQs"},"content":{"rendered":"\t\t<div data-elementor-type=\"wp-page\" data-elementor-id=\"9396\" class=\"elementor elementor-9396\">\n\t\t\t\t\t\t<section class=\"elementor-section elementor-top-section elementor-element elementor-element-6c43 elementor-section-boxed elementor-section-height-default elementor-section-height-default\" data-id=\"6c43\" data-element_type=\"section\">\n\t\t\t\t\t\t<div class=\"elementor-container elementor-column-gap-default\">\n\t\t\t\t\t<div class=\"elementor-column elementor-col-100 elementor-top-column elementor-element elementor-element-32c0\" data-id=\"32c0\" data-element_type=\"column\">\n\t\t\t<div class=\"elementor-widget-wrap elementor-element-populated\">\n\t\t\t\t\t\t<div class=\"elementor-element elementor-element-c11dcb4 elementor-widget elementor-widget-heading\" data-id=\"c11dcb4\" data-element_type=\"widget\" data-widget_type=\"heading.default\">\n\t\t\t\t<div class=\"elementor-widget-container\">\n\t\t\t<h3 class=\"elementor-heading-title elementor-size-default\">CONDITION GENERALE DE VENTE & QUESTIONS FREQUENTES<\/h3>\t\t<\/div>\n\t\t\t\t<\/div>\n\t\t\t\t<div class=\"elementor-element elementor-element-19d87a6 elementor-widget elementor-widget-text-editor\" data-id=\"19d87a6\" data-element_type=\"widget\" data-widget_type=\"text-editor.default\">\n\t\t\t\t<div class=\"elementor-widget-container\">\n\t\t\t\t\t\t\t<p>Les pr\u00e9sentes Conditions G\u00e9n\u00e9rales de Vente (ci-apr\u00e8s \u00ab CGV \u00bb ou \u00ab Conditions G\u00e9n\u00e9rales de Vente \u00bb) ont pour objet, d&rsquo;une part, d&rsquo;informer tout \u00e9ventuel Acheteur sur les conditions et modalit\u00e9s dans lesquelles le vendeur (ci-apr\u00e8s \u00ab Byesta Group \u00bb ou le \u00ab Vendeur \u00bb) proc\u00e8de \u00e0 la vente et \u00e0 la livraison des produits command\u00e9s et, d&rsquo;autre part, de d\u00e9finir les droits et obligations des Parties dans le cadre de la vente de produits par Byesta Group au consommateur (ci-avant et ci-apr\u00e8s l&rsquo; \u00ab Acheteur \u00bb). Elles s&rsquo;appliquent, sans restriction ni r\u00e9serve, \u00e0 l&rsquo;ensemble des ventes des produits propos\u00e9s par Byesta Group sur son Site accessible :<\/p><ul><li>par le r\u00e9seau Internet \u00e0 l&rsquo;adresse\u00a0<a href=\"https:\/\/www.cheveuxluxe.com\/\" target=\"_blank\" rel=\"noopener\">www.cheveuxluxe.com<\/a><\/li><li>via les services \u00ab Appstore \u00bb et \u00ab Playstore \u00bb sous la forme d&rsquo;une application mobile destin\u00e9e \u00e0 \u00eatre utilis\u00e9e sur les \u00e9quipements sous iOS et Android compatibles :<br \/>(ci-apr\u00e8s et avant le \u00ab Site \u00bb)<\/li><\/ul><p>En cons\u00e9quence, le fait pour l&rsquo;Acheteur de commander un produit propos\u00e9 \u00e0 la vente sur le Site www.cheveuxluxe.com emporte acceptation pleine et enti\u00e8re des pr\u00e9sentes Conditions G\u00e9n\u00e9rales de Vente dont l&rsquo;Acheteur reconna\u00eet avoir pris connaissance pr\u00e9alablement \u00e0 sa Commande.<\/p><p>Byesta Group se r\u00e9serve la possibilit\u00e9 de modifier \u00e0 tout moment les pr\u00e9sentes Conditions G\u00e9n\u00e9rales de Vente. N\u00e9anmoins, les Conditions G\u00e9n\u00e9rales de Vente applicables \u00e0 la Commande sont celles accept\u00e9es par l&rsquo;Acheteur au moment de la passation de la Commande.<\/p><p>Les pr\u00e9sentes Conditions G\u00e9n\u00e9rales de Vente sont compl\u00e9t\u00e9es par\u00a0<a href=\"https:\/\/www.cheveuxluxe.com\/\" target=\"_blank\" rel=\"noopener\">les Conditions G\u00e9n\u00e9rales d\u2019Utilisation du Site<\/a>\u00a0ainsi que la politique \u00ab\u00a0<a href=\"https:\/\/www.cheveuxluxe.com\/\" target=\"_blank\" rel=\"noopener\">Donn\u00e9es personnelles &amp; Cookies<\/a>\u00a0\u00bb.<\/p>\t\t\t\t\t\t<\/div>\n\t\t\t\t<\/div>\n\t\t\t\t\t<\/div>\n\t\t<\/div>\n\t\t\t\t\t<\/div>\n\t\t<\/section>\n\t\t\t\t<section class=\"elementor-section elementor-top-section elementor-element elementor-element-07eecb6 elementor-section-boxed elementor-section-height-default elementor-section-height-default\" data-id=\"07eecb6\" data-element_type=\"section\">\n\t\t\t\t\t\t<div class=\"elementor-container elementor-column-gap-default\">\n\t\t\t\t\t<div class=\"elementor-column elementor-col-100 elementor-top-column elementor-element elementor-element-f4ba3bd\" data-id=\"f4ba3bd\" data-element_type=\"column\">\n\t\t\t<div class=\"elementor-widget-wrap elementor-element-populated\">\n\t\t\t\t\t\t<div class=\"elementor-element elementor-element-5e1a7d7 elementor-widget elementor-widget-sober-faq\" data-id=\"5e1a7d7\" data-element_type=\"widget\" data-widget_type=\"sober-faq.default\">\n\t\t\t\t<div class=\"elementor-widget-container\">\n\t\t\t\t\t<div class=\"sober-faq sober-faq--elementor\">\n\t\t\t<div class=\"sober-faq__question question\">\n\t\t\t\t<span class=\"sober-faq__question-label question-label\">Question<\/span>\n\t\t\t\t<span class=\"sober-faq__question-icon question-icon\"><span class=\"toggle-icon\"><\/span><\/span>\n\t\t\t\t<span class=\"question-title sober-faq__question-title\">Excepteur sint occaecat cupidatat non proident, sunt in culpa qui officia deserunt mollit anim id est laborum<\/span>\n\t\t\t<\/div>\n\t\t\t<div class=\"sober-faq__answer answer\">\n\t\t\t\t<span class=\"sober-faq__answer-label answer-label\">Answer<\/span>\n\t\t\t\t<div class=\"sober-faq__answer-content\"><p>Sed ut perspiciatis unde omnis iste natus error sit voluptatem accusantium doloremque laudantium, totam rem aperiam, eaque ipsa quae ab illo inventore veritatis et quasi architecto beatae vitae dicta sunt explicabo. Nemo enim ipsam voluptatem quia voluptas sit aspernatur aut odit aut fugit, sed quia consequuntur magni dolores eos qui ratione voluptatem sequi nesciunt. Neque porro quisquam est, qui dolorem ipsum quia dolor sit amet, consectetur, adipisci velit, sed quia non numquam eius modi tempora incidunt ut labore et dolore magnam aliquam quaerat voluptatem.<\/p><\/div>\n\t\t\t<\/div>\n\t\t<\/div>\n\t\t\t\t<\/div>\n\t\t\t\t<\/div>\n\t\t\t\t<div class=\"elementor-element elementor-element-e53c582 elementor-widget elementor-widget-sober-faq\" data-id=\"e53c582\" data-element_type=\"widget\" data-widget_type=\"sober-faq.default\">\n\t\t\t\t<div class=\"elementor-widget-container\">\n\t\t\t\t\t<div class=\"sober-faq sober-faq--elementor\">\n\t\t\t<div class=\"sober-faq__question question\">\n\t\t\t\t<span class=\"sober-faq__question-label question-label\">Question<\/span>\n\t\t\t\t<span class=\"sober-faq__question-icon question-icon\"><span class=\"toggle-icon\"><\/span><\/span>\n\t\t\t\t<span class=\"question-title sober-faq__question-title\">MENTION LEGALE - IDENTIT\u00c9 DE LA SOCI\u00c9T\u00c9<\/span>\n\t\t\t<\/div>\n\t\t\t<div class=\"sober-faq__answer answer\">\n\t\t\t\t<span class=\"sober-faq__answer-label answer-label\">Answer<\/span>\n\t\t\t\t<div class=\"sober-faq__answer-content\"><h4><span style=\"color: #7c7c80;font-size: 14px\">Nom : SEPHORA<\/span><\/h4><div class=\"panel\"><p>Adresse : 41 rue Ybry, CP : 92200, Ville : Neuilly-sur-seine, Pays : FRANCE<\/p><p>Siren : 393 712 286 RCS Nanterre<\/p><p>T\u00e9l\u00e9phone : 01.41.88.50.00 E-mail : serviceclients@sephora.fr<\/p><\/div><p>.<\/p><\/div>\n\t\t\t<\/div>\n\t\t<\/div>\n\t\t\t\t<\/div>\n\t\t\t\t<\/div>\n\t\t\t\t<div class=\"elementor-element elementor-element-92fd6cd elementor-widget elementor-widget-sober-faq\" data-id=\"92fd6cd\" data-element_type=\"widget\" data-widget_type=\"sober-faq.default\">\n\t\t\t\t<div class=\"elementor-widget-container\">\n\t\t\t\t\t<div class=\"sober-faq sober-faq--elementor\">\n\t\t\t<div class=\"sober-faq__question question\">\n\t\t\t\t<span class=\"sober-faq__question-label question-label\">Question<\/span>\n\t\t\t\t<span class=\"sober-faq__question-icon question-icon\"><span class=\"toggle-icon\"><\/span><\/span>\n\t\t\t\t<span class=\"question-title sober-faq__question-title\">Duis aute irure dolor in reprehenderit in voluptate velit esse cillum dolore eu fugiat nulla pariatur excepteur sint occaecat cupidatat non proident, sunt in culpa<\/span>\n\t\t\t<\/div>\n\t\t\t<div class=\"sober-faq__answer answer\">\n\t\t\t\t<span class=\"sober-faq__answer-label answer-label\">Answer<\/span>\n\t\t\t\t<div class=\"sober-faq__answer-content\"><p>Sed ut perspiciatis unde omnis iste natus error sit voluptatem accusantium doloremque laudantium, totam rem aperiam, eaque ipsa quae ab illo inventore veritatis et quasi architecto beatae vitae dicta sunt explicabo. Nemo enim ipsam voluptatem quia voluptas sit aspernatur aut odit aut fugit, sed quia consequuntur magni dolores eos qui ratione voluptatem sequi nesciunt. Neque porro quisquam est, qui dolorem ipsum quia dolor sit amet, consectetur, adipisci velit, sed quia non numquam eius modi tempora incidunt ut labore et dolore magnam aliquam quaerat voluptatem.<\/p><\/div>\n\t\t\t<\/div>\n\t\t<\/div>\n\t\t\t\t<\/div>\n\t\t\t\t<\/div>\n\t\t\t\t<div class=\"elementor-element elementor-element-6c35bbf elementor-widget elementor-widget-sober-faq\" data-id=\"6c35bbf\" data-element_type=\"widget\" data-widget_type=\"sober-faq.default\">\n\t\t\t\t<div class=\"elementor-widget-container\">\n\t\t\t\t\t<div class=\"sober-faq sober-faq--elementor\">\n\t\t\t<div class=\"sober-faq__question question\">\n\t\t\t\t<span class=\"sober-faq__question-label question-label\">Question<\/span>\n\t\t\t\t<span class=\"sober-faq__question-icon question-icon\"><span class=\"toggle-icon\"><\/span><\/span>\n\t\t\t\t<span class=\"question-title sober-faq__question-title\">Qemo enim ipsam voluptatem quia voluptas sit aspernatur aut odit aut fugit<\/span>\n\t\t\t<\/div>\n\t\t\t<div class=\"sober-faq__answer answer\">\n\t\t\t\t<span class=\"sober-faq__answer-label answer-label\">Answer<\/span>\n\t\t\t\t<div class=\"sober-faq__answer-content\"><p>Sed ut perspiciatis unde omnis iste natus error sit voluptatem accusantium doloremque laudantium, totam rem aperiam, eaque ipsa quae ab illo inventore veritatis et quasi architecto beatae vitae dicta sunt explicabo. Nemo enim ipsam voluptatem quia voluptas sit aspernatur aut odit aut fugit, sed quia consequuntur magni dolores eos qui ratione voluptatem sequi nesciunt. Neque porro quisquam est, qui dolorem ipsum quia dolor sit amet, consectetur, adipisci velit, sed quia non numquam eius modi tempora incidunt ut labore et dolore magnam aliquam quaerat voluptatem.<\/p><\/div>\n\t\t\t<\/div>\n\t\t<\/div>\n\t\t\t\t<\/div>\n\t\t\t\t<\/div>\n\t\t\t\t<div class=\"elementor-element elementor-element-ea3ec3b elementor-widget elementor-widget-sober-faq\" data-id=\"ea3ec3b\" data-element_type=\"widget\" data-widget_type=\"sober-faq.default\">\n\t\t\t\t<div class=\"elementor-widget-container\">\n\t\t\t\t\t<div class=\"sober-faq sober-faq--elementor\">\n\t\t\t<div class=\"sober-faq__question question\">\n\t\t\t\t<span class=\"sober-faq__question-label question-label\">Question<\/span>\n\t\t\t\t<span class=\"sober-faq__question-icon question-icon\"><span class=\"toggle-icon\"><\/span><\/span>\n\t\t\t\t<span class=\"question-title sober-faq__question-title\">Neque porro quisquam est, qui dolorem ipsum quia dolor sit amet, consectetur, adipisci velit, sed quia non numquam eius modi tempora incidunt ut labore et dolore magnam aliquam quaerat voluptatem.<\/span>\n\t\t\t<\/div>\n\t\t\t<div class=\"sober-faq__answer answer\">\n\t\t\t\t<span class=\"sober-faq__answer-label answer-label\">Answer<\/span>\n\t\t\t\t<div class=\"sober-faq__answer-content\"><p>Sed ut perspiciatis unde omnis iste natus error sit voluptatem accusantium doloremque laudantium, totam rem aperiam, eaque ipsa quae ab illo inventore veritatis et quasi architecto beatae vitae dicta sunt explicabo. Nemo enim ipsam voluptatem quia voluptas sit aspernatur aut odit aut fugit, sed quia consequuntur magni dolores eos qui ratione voluptatem sequi nesciunt. Neque porro quisquam est, qui dolorem ipsum quia dolor sit amet, consectetur, adipisci velit, sed quia non numquam eius modi tempora incidunt ut labore et dolore magnam aliquam quaerat voluptatem.<\/p><\/div>\n\t\t\t<\/div>\n\t\t<\/div>\n\t\t\t\t<\/div>\n\t\t\t\t<\/div>\n\t\t\t\t<div class=\"elementor-element elementor-element-9dd4e10 elementor-widget elementor-widget-sober-faq\" data-id=\"9dd4e10\" data-element_type=\"widget\" data-widget_type=\"sober-faq.default\">\n\t\t\t\t<div class=\"elementor-widget-container\">\n\t\t\t\t\t<div class=\"sober-faq sober-faq--elementor\">\n\t\t\t<div class=\"sober-faq__question question\">\n\t\t\t\t<span class=\"sober-faq__question-label question-label\">Question<\/span>\n\t\t\t\t<span class=\"sober-faq__question-icon question-icon\"><span class=\"toggle-icon\"><\/span><\/span>\n\t\t\t\t<span class=\"question-title sober-faq__question-title\">Ut perspiciatis unde omnis iste natus error sit voluptatem accusan tium doloremque laudantium<\/span>\n\t\t\t<\/div>\n\t\t\t<div class=\"sober-faq__answer answer\">\n\t\t\t\t<span class=\"sober-faq__answer-label answer-label\">Answer<\/span>\n\t\t\t\t<div class=\"sober-faq__answer-content\"><p>Sed ut perspiciatis unde omnis iste natus error sit voluptatem accusantium doloremque laudantium, totam rem aperiam, eaque ipsa quae ab illo inventore veritatis et quasi architecto beatae vitae dicta sunt explicabo. Nemo enim ipsam voluptatem quia voluptas sit aspernatur aut odit aut fugit, sed quia consequuntur magni dolores eos qui ratione voluptatem sequi nesciunt. Neque porro quisquam est, qui dolorem ipsum quia dolor sit amet, consectetur, adipisci velit, sed quia non numquam eius modi tempora incidunt ut labore et dolore magnam aliquam quaerat voluptatem.<\/p><\/div>\n\t\t\t<\/div>\n\t\t<\/div>\n\t\t\t\t<\/div>\n\t\t\t\t<\/div>\n\t\t\t\t\t<\/div>\n\t\t<\/div>\n\t\t\t\t\t<\/div>\n\t\t<\/section>\n\t\t\t\t<\/div>\n\t\t","protected":false},"excerpt":{"rendered":"<p>CONDITION GENERALE DE VENTE &#038; QUESTIONS FREQUENTES Les pr\u00e9sentes Conditions G\u00e9n\u00e9rales de Vente (ci-apr\u00e8s \u00ab&hellip;<\/p>\n","protected":false},"author":1,"featured_media":0,"parent":0,"menu_order":0,"comment_status":"closed","ping_status":"closed","template":"","meta":{"footnotes":""},"class_list":["post-9396","page","type-page","status-publish","hentry"],"aioseo_notices":[],"_links":{"self":[{"href":"https:\/\/cheveuxluxe.com\/index.php\/wp-json\/wp\/v2\/pages\/9396","targetHints":{"allow":["GET"]}}],"collection":[{"href":"https:\/\/cheveuxluxe.com\/index.php\/wp-json\/wp\/v2\/pages"}],"about":[{"href":"https:\/\/cheveuxluxe.com\/index.php\/wp-json\/wp\/v2\/types\/page"}],"author":[{"embeddable":true,"href":"https:\/\/cheveuxluxe.com\/index.php\/wp-json\/wp\/v2\/users\/1"}],"replies":[{"embeddable":true,"href":"https:\/\/cheveuxluxe.com\/index.php\/wp-json\/wp\/v2\/comments?post=9396"}],"version-history":[{"count":3,"href":"https:\/\/cheveuxluxe.com\/index.php\/wp-json\/wp\/v2\/pages\/9396\/revisions"}],"predecessor-version":[{"id":9935,"href":"https:\/\/cheveuxluxe.com\/index.php\/wp-json\/wp\/v2\/pages\/9396\/revisions\/9935"}],"wp:attachment":[{"href":"https:\/\/cheveuxluxe.com\/index.php\/wp-json\/wp\/v2\/media?parent=9396"}],"curies":[{"name":"wp","href":"https:\/\/api.w.org\/{rel}","templated":true}]}}