{"id":27024,"date":"2024-04-09T20:40:03","date_gmt":"2024-04-09T20:40:03","guid":{"rendered":"https:\/\/cheveuxluxe.com\/index.php\/product\/schwarzkopf-professional-igora-vibrance-clear-500ml\/"},"modified":"2024-04-13T13:40:19","modified_gmt":"2024-04-13T13:40:19","slug":"schwarzkopf-professional-igora-vibrance-clear-500ml","status":"publish","type":"product","link":"https:\/\/cheveuxluxe.com\/index.php\/product\/schwarzkopf-professional-igora-vibrance-clear-500ml\/","title":{"rendered":"Schwarzkopf Professional Igora Vibrance Clear 500ml"},"content":{"rendered":"<div class=\"product-content_bottom\">\n<div class=\"pdp-info\">\n<div class=\"pdp-tabs tab-container\">\n<div class=\"tab js-tab\">\n<h3 class=\"tab-title pdp-tabs_title js-tab-mobile-title open\"><span>Points cl\u00e9s<\/span><\/h3>\n<div class=\"tab-description pdp-tabs_description js-tab-description open\" itemprop=\"description\">\n<ul>\n<li>Formule sans pigment pour diluer les nuances ou r\u00e9aliser un Service Brillance<\/li>\n<li>Le Service Brillance intensifie les les bases naturelles et apporte du soin<\/li>\n<li>Peut \u00eatre utilis\u00e9 comme diluant pour r\u00e9duire la concentration de pigments dans les nuances hautement pigment\u00e9es<\/li>\n<li>Facile \u00e0 appliquer et \u00e0 r\u00e9partir sur les cheveux avec sa consistance en gel ou en cr\u00e8me<\/li>\n<\/ul>\n<\/div>\n<\/div>\n<div class=\"tab js-tab\">\n<h3 class=\"tab-title pdp-tabs_title js-tab-mobile-title\"><span>Description<\/span><\/h3>\n<div class=\"tab-description pdp-tabs_description js-tab-description\" itemprop=\"description\">Le Diluant 0-00 IGORA VIBRANCE est une formule non pigment\u00e9e tr\u00e8s versatile qui peut \u00eatre utilis\u00e9e en m\u00e9lange avec les nuances IGORA VIBRANCE pour r\u00e9duire l&rsquo;intensit\u00e9 de la nuance ou seule pour un Service Brillance afin d&rsquo;intensifier la base naturelle et apporter du soin.<\/div>\n<\/div>\n<div class=\"tab js-tab\">\n<h3 class=\"tab-title pdp-tabs_title js-tab-mobile-title\"><span>Mode d&#8217;emploi<\/span><\/h3>\n<div class=\"tab-description pdp-tabs_description js-tab-description\">\n<p>M\u00e9langer la coloration demi-permanente ton sur ton IGORA VIBRANCE avec un ratio de m\u00e9lange 1:1 avec l&rsquo;Activateur Gel IGORA VIBRANCE pour une consistance gel ou la Lotion Activatrice IGORA VIBRANCE pour une consistance cr\u00e8me. Toujours porter des gants approri\u00e9s et appliquer sur cheveux secs.Sur cheveux fins, terminer l\u2019application par la bordure et la nuque en dernier. \u00c0 la fin du temps de pose, ajouter une petite quantit\u00e9 d&rsquo;eau ti\u00e8de, \u00e9mulsionner d\u00e9licatement et rincer soigneusement jusqu&rsquo;\u00e0 ce que l&rsquo;eau devienne claire. Effectuer un shampooing avec le shampooing BC Bonacure Color Freeze ou Fibre Clinix Vibrancy et sceller la cuticule avec le Soin neutralisant de pH du Kit du Coloriste Schwarzkopf Professional. Pour plus de soin et des r\u00e9sultats couleur longue dur\u00e9e, utiliser le masque ou le baume BC Bonacure Color Freeze ou le baume Fibre Clinix Vibrancy. Merci vous r\u00e9f\u00e9rer au mode d&#8217;emploi pour des instructions plus d\u00e9taill\u00e9es concernant les temps de pose.<\/p>\n<\/div>\n<\/div>\n<div class=\"tab js-tab\">\n<h3 class=\"tab-title pdp-tabs_title js-tab-mobile-title\"><span>Ingr\u00e9dients<\/span><\/h3>\n<div class=\"tab-description pdp-tabs_description js-tab-description\">Aqua (Water, Eau), Ethanolamine, Propylene Glycol, Toluene-2,5-Diamine Sulfate, PEG-12 Dimethicone, Acrylates\/C10-30 Alkyl Acrylate Crosspolymer, Resorcinol, Sodium Sulfite, PPG-1-PEG-9 Lauryl Glycol Ether, Xylitylglucoside, Parfum (Fragrance), Niacinamide, Panthenol, m-Aminophenol, Anhydroxylitol, Xanthan Gum, Etidronic Acid, Xylitol, 2-Amino-6-Chloro-4-Nitrophenol, Glucose, 2-Amino-4-Hydroxyethylaminoanisole Sulfate<\/div>\n<\/div>\n<div class=\"tab js-tab\">\n<h3 class=\"tab-title pdp-tabs_title js-tab-mobile-title\"><span>Livraison et stock<\/span><\/h3>\n<div class=\"tab-description pdp-tabs_description js-tab-description\">\n<div class=\"pdp-delivery_info\">\n<div class=\"content-asset\">Livraison et d\u00e9laisRetours et remboursements<\/div>\n<\/div>\n<\/div>\n<\/div>\n<div class=\"tab js-tab\">\n<h3 class=\"tab-title pdp-tabs_title js-tab-mobile-title\"><span>Pr\u00e9cautions d&#8217;emploi<\/span><\/h3>\n<div class=\"tab-description pdp-tabs_description js-tab-description\">Pour un usage professionnel uniquement. Les colorants capillaires peuvent provoquer des r\u00e9actions allergiques s\u00e9v\u00e8res. Lire et suivre les instructions. Ce produit n&rsquo;est pas destin\u00e9 \u00e0 \u00eatre utilis\u00e9 sur les personnes de moins de 16 ans. Les tatouages temporaires noirs \u00e0 base de henn\u00e9 peuvent augmenter le risque d&rsquo;allergie. Ne colorez pas les cheveux de vos clients s&rsquo;ils : ont une \u00e9ruption cutan\u00e9e sur le visage ou un cuir chevelu sensible, irrit\u00e9 ou ab\u00eem\u00e9 ; ont d\u00e9j\u00e0 fait une r\u00e9action apr\u00e8s avoir color\u00e9 leurs cheveux ; ou ont d\u00e9j\u00e0 fait par le pass\u00e9 une r\u00e9action \u00e0 un tatouage temporaire noir \u00e0 base de henn\u00e9. Tenir hors de port\u00e9e des enfants. \u00c9viter tout contact avec les yeux. Rincer imm\u00e9diatement si le produit entre en contact avec ceux-ci. Ne pas utiliser pour teindre les cils ou les sourcils. Bien rincer les cheveux apr\u00e8s application. Porter des gants appropri\u00e9s. Conserver les donn\u00e9es relatives au produit utilis\u00e9 (n\u00b0 de nuance, n\u00b0 de lot) pour r\u00e9f\u00e9rence ult\u00e9rieure. Ce produit peut colorer le cuir chevelu, les mat\u00e9riaux plastiques ou absorbants et les serviettes.<\/div>\n<\/div>\n<\/div>\n<\/div>\n<\/div>\n","protected":false},"excerpt":{"rendered":"<p>Points cl\u00e9s Formule sans pigment pour diluer les nuances ou r\u00e9aliser un Service Brillance Le&hellip;<\/p>\n","protected":false},"featured_media":27019,"comment_status":"open","ping_status":"closed","template":"","meta":[],"pwb-brand":[646],"product_cat":[386],"product_tag":[317,210,319],"class_list":{"0":"post-27024","1":"product","2":"type-product","3":"status-publish","4":"has-post-thumbnail","6":"pwb-brand-schwarzkopf-professional","7":"product_cat-coloration-avec-ammoniaque","8":"product_tag-coloration","9":"product_tag-coloration-avec-ammoniaque","10":"product_tag-schwarzkopf-professional","12":"first","13":"instock","14":"taxable","15":"shipping-taxable","16":"purchasable","17":"product-type-simple","18":"layout-style-3","19":"col-md-4 col-sm-4 col-xs-6","20":"col-lg-3","21":"product-has-gallery","22":"product-style-default"},"aioseo_notices":[],"brands":[{"id":646,"name":"Schwarzkopf Professional","slug":"schwarzkopf-professional"}],"_links":{"self":[{"href":"https:\/\/cheveuxluxe.com\/index.php\/wp-json\/wp\/v2\/product\/27024","targetHints":{"allow":["GET"]}}],"collection":[{"href":"https:\/\/cheveuxluxe.com\/index.php\/wp-json\/wp\/v2\/product"}],"about":[{"href":"https:\/\/cheveuxluxe.com\/index.php\/wp-json\/wp\/v2\/types\/product"}],"replies":[{"embeddable":true,"href":"https:\/\/cheveuxluxe.com\/index.php\/wp-json\/wp\/v2\/comments?post=27024"}],"version-history":[{"count":0,"href":"https:\/\/cheveuxluxe.com\/index.php\/wp-json\/wp\/v2\/product\/27024\/revisions"}],"wp:featuredmedia":[{"embeddable":true,"href":"https:\/\/cheveuxluxe.com\/index.php\/wp-json\/wp\/v2\/media\/27019"}],"wp:attachment":[{"href":"https:\/\/cheveuxluxe.com\/index.php\/wp-json\/wp\/v2\/media?parent=27024"}],"wp:term":[{"taxonomy":"pwb-brand","embeddable":true,"href":"https:\/\/cheveuxluxe.com\/index.php\/wp-json\/wp\/v2\/pwb-brand?post=27024"},{"taxonomy":"product_cat","embeddable":true,"href":"https:\/\/cheveuxluxe.com\/index.php\/wp-json\/wp\/v2\/product_cat?post=27024"},{"taxonomy":"product_tag","embeddable":true,"href":"https:\/\/cheveuxluxe.com\/index.php\/wp-json\/wp\/v2\/product_tag?post=27024"}],"curies":[{"name":"wp","href":"https:\/\/api.w.org\/{rel}","templated":true}]}}