{"id":27034,"date":"2024-04-09T20:40:28","date_gmt":"2024-04-09T20:40:28","guid":{"rendered":"https:\/\/cheveuxluxe.com\/index.php\/product\/wella-professionals-shinefinity-gloss-vernis-colore-longue-tenue-500ml-booster-glaze-00-00\/"},"modified":"2024-04-13T13:40:26","modified_gmt":"2024-04-13T13:40:26","slug":"wella-professionals-shinefinity-gloss-vernis-colore-longue-tenue-500ml-booster-glaze-00-00","status":"publish","type":"product","link":"https:\/\/cheveuxluxe.com\/index.php\/product\/wella-professionals-shinefinity-gloss-vernis-colore-longue-tenue-500ml-booster-glaze-00-00\/","title":{"rendered":"Wella Professionals Shinefinity Gloss Vernis Color\u00e9 Longue Tenue 500ml- Booster Glaze 00\/00"},"content":{"rendered":"<div class=\"product-content_bottom\">\n<div class=\"pdp-info\">\n<div class=\"pdp-tabs tab-container\">\n<div class=\"tab js-tab\">\n<h3 class=\"tab-title pdp-tabs_title js-tab-mobile-title open\"><span>Points cl\u00e9s<\/span><\/h3>\n<div class=\"tab-description pdp-tabs_description js-tab-description open\" itemprop=\"description\">sans hema 6 ml<\/p>\n<li>Application et retrait faciles gr\u00e2ce \u00e0 la couche de base Peel-Off<\/li>\n<li>Formulation sans Hema<\/li>\n<li>Tous les produits et outils n\u00e9cessaires pour cr\u00e9er une belle manucure<\/li>\n<\/div>\n<\/div>\n<div class=\"tab js-tab\">\n<h3 class=\"tab-title pdp-tabs_title js-tab-mobile-title\"><span>Description<\/span><\/h3>\n<div class=\"tab-description pdp-tabs_description js-tab-description\" itemprop=\"description\">\n<p>Shinefinity par Wella Professionals ressentez la brillance au bout de vos doigts. La nouvelle coloration semi-permanente translucide pour z\u00e9ro \u00e9claircissement z\u00e9ro dommages et une tenue jusqu\u2019\u00e0 6 semaines*. Offre un r\u00e9sultat de couleur homog\u00e8ne m\u00eame sur cheveux poreux gr\u00e2ce \u00e0 une formule clean et une technologie au pH \u00e9quilibr\u00e9 dans une texture gel cr\u00e8me qui ne coule pas. Packaging \u00e9coresponsable fabriqu\u00e9 \u00e0 partir d\u2019aluminium 100 % recycl\u00e9 de carton \u00e0 85 % recycl\u00e9 et de plastique 100 % recycl\u00e9. Utilisez les activateurs flacon applicateur ou bol &amp; pinceau pour une application optimis\u00e9e.<\/p>\n<p>Pour consulter le nuancier\u00a0cliquez ici.<\/p>\n<p>*Sur cheveux lav\u00e9s 3 fois\/semaine.<\/p>\n<\/div>\n<\/div>\n<div class=\"tab js-tab\">\n<h3 class=\"tab-title pdp-tabs_title js-tab-mobile-title\"><span>Mode d&#8217;emploi<\/span><\/h3>\n<div class=\"tab-description pdp-tabs_description js-tab-description\">Pour usage professionnel uniquement. Ce produit de soin ou de cosm\u00e9tique est utilisable par les consommateurs et les autres utilisateurs sous r\u00e9serve d&rsquo;une utilisation raisonnable et respectueuse de la notice d&rsquo;utilisation. Des informations suppl\u00e9mentaires sur les effets toxicologiques sont disponibles aupr\u00e8s du fabricant sur demande. Yeux: Eviter le contact avec les yeux. Ce produit contient des ingr\u00e9dients qui peuvent provoquer des irritations oculaires s\u00e9v\u00e8res avec des risques de l\u00e9sions permanentes. Peau: Peut causer des irritations cutan\u00e9es. Selon la nature des exp\u00e9riences ant\u00e9rieures, une r\u00e9action identique peut-\u00eatre provoqu\u00e9e par l&rsquo;utilisation de ce produit de coloration. Inhalation: Eviter une inhalation prolong\u00e9e du produit. Ingestion: Le produit n&rsquo;est pas cens\u00e9 causer d&rsquo;irritation gastrointestinale. Toutefois, le fait d&rsquo;ing\u00e9rer accidentellement le produit non dilu\u00e9 peut causer des irritations gastrointestinales l\u00e9g\u00e8res mais aussi des naus\u00e9es, des vomissants et la diarrh\u00e9e.<\/div>\n<\/div>\n<div class=\"tab js-tab\">\n<h3 class=\"tab-title pdp-tabs_title js-tab-mobile-title\"><span>Ingr\u00e9dients<\/span><\/h3>\n<div class=\"tab-description pdp-tabs_description js-tab-description\">Aqua\/Water\/Eau, Propylene Glycol, Cetearyl Alcohol, Trisodium Ethylenediamine Disuccinate, Sodium Sulfate, Ethanolamine, Mica, Sodium Sulfite, Dicetyl Phosphate, Ascorbic Acid, Parfum\/Fragrance, Ceteth-10 Phosphate, Steareth-200, Citric Acid, Xanthan Gum, Sodium Hydroxide, Disodium EDTA, Titanium Dioxide<\/div>\n<\/div>\n<div class=\"tab js-tab\">\n<h3 class=\"tab-title pdp-tabs_title js-tab-mobile-title\"><span>Livraison et stock<\/span><\/h3>\n<div class=\"tab-description pdp-tabs_description js-tab-description\">\n<div class=\"pdp-delivery_info\">\n<div class=\"content-asset\">Livraison et d\u00e9laisRetours et remboursements<\/div>\n<\/div>\n<\/div>\n<\/div>\n<div class=\"tab js-tab\">\n<h3 class=\"tab-title pdp-tabs_title js-tab-mobile-title\"><span>Pr\u00e9cautions d&#8217;emploi<\/span><\/h3>\n<div class=\"tab-description pdp-tabs_description js-tab-description\">Pour usage professionnel uniquement. Ce produit de soin ou de cosm\u00e9tique est utilisable par les consommateurs et les autres utilisateurs sous r\u00e9serve d&rsquo;une utilisation raisonnable et respectueuse de la notice d&rsquo;utilisation. Des informations suppl\u00e9mentaires sur les effets toxicologiques sont disponibles aupr\u00e8s du fabricant sur demande. Yeux: Eviter le contact avec les yeux. Ce produit contient des ingr\u00e9dients qui peuvent provoquer des irritations oculaires s\u00e9v\u00e8res avec des risques de l\u00e9sions permanentes. Peau: Peut causer des irritations cutan\u00e9es. Selon la nature des exp\u00e9riences ant\u00e9rieures, une r\u00e9action identique peut-\u00eatre provoqu\u00e9e par l&rsquo;utilisation de ce produit de coloration. Inhalation: Eviter une inhalation prolong\u00e9e du produit. Ingestion: Le produit n&rsquo;est pas cens\u00e9 causer d&rsquo;irritation gastrointestinale. Toutefois, le fait d&rsquo;ing\u00e9rer accidentellement le produit non dilu\u00e9 peut causer des irritations gastrointestinales l\u00e9g\u00e8res mais aussi des naus\u00e9es, des vomissants et la diarrh\u00e9e.<\/div>\n<\/div>\n<\/div>\n<\/div>\n<\/div>\n","protected":false},"excerpt":{"rendered":"<p>Points cl\u00e9s sans hema 6 ml Application et retrait faciles gr\u00e2ce \u00e0 la couche de&hellip;<\/p>\n","protected":false},"featured_media":27026,"comment_status":"open","ping_status":"closed","template":"","meta":[],"pwb-brand":[648],"product_cat":[387],"product_tag":[317,216,323],"class_list":{"0":"post-27034","1":"product","2":"type-product","3":"status-publish","4":"has-post-thumbnail","6":"pwb-brand-wella-professionals","7":"product_cat-coloration-sans-ammoniaque","8":"product_tag-coloration","9":"product_tag-coloration-sans-ammoniaque","10":"product_tag-wella-professionals","12":"first","13":"instock","14":"taxable","15":"shipping-taxable","16":"purchasable","17":"product-type-simple","18":"layout-style-3","19":"col-md-4 col-sm-4 col-xs-6","20":"col-lg-3","21":"product-has-gallery","22":"product-style-default"},"aioseo_notices":[],"brands":[{"id":648,"name":"Wella Professionals","slug":"wella-professionals"}],"_links":{"self":[{"href":"https:\/\/cheveuxluxe.com\/index.php\/wp-json\/wp\/v2\/product\/27034","targetHints":{"allow":["GET"]}}],"collection":[{"href":"https:\/\/cheveuxluxe.com\/index.php\/wp-json\/wp\/v2\/product"}],"about":[{"href":"https:\/\/cheveuxluxe.com\/index.php\/wp-json\/wp\/v2\/types\/product"}],"replies":[{"embeddable":true,"href":"https:\/\/cheveuxluxe.com\/index.php\/wp-json\/wp\/v2\/comments?post=27034"}],"version-history":[{"count":0,"href":"https:\/\/cheveuxluxe.com\/index.php\/wp-json\/wp\/v2\/product\/27034\/revisions"}],"wp:featuredmedia":[{"embeddable":true,"href":"https:\/\/cheveuxluxe.com\/index.php\/wp-json\/wp\/v2\/media\/27026"}],"wp:attachment":[{"href":"https:\/\/cheveuxluxe.com\/index.php\/wp-json\/wp\/v2\/media?parent=27034"}],"wp:term":[{"taxonomy":"pwb-brand","embeddable":true,"href":"https:\/\/cheveuxluxe.com\/index.php\/wp-json\/wp\/v2\/pwb-brand?post=27034"},{"taxonomy":"product_cat","embeddable":true,"href":"https:\/\/cheveuxluxe.com\/index.php\/wp-json\/wp\/v2\/product_cat?post=27034"},{"taxonomy":"product_tag","embeddable":true,"href":"https:\/\/cheveuxluxe.com\/index.php\/wp-json\/wp\/v2\/product_tag?post=27034"}],"curies":[{"name":"wp","href":"https:\/\/api.w.org\/{rel}","templated":true}]}}