{"id":27035,"date":"2024-04-09T20:40:33","date_gmt":"2024-04-09T20:40:33","guid":{"rendered":"https:\/\/cheveuxluxe.com\/index.php\/product\/loreal-professionnel-gloss-acide-transparent-250ml\/"},"modified":"2024-04-13T13:40:24","modified_gmt":"2024-04-13T13:40:24","slug":"loreal-professionnel-gloss-acide-transparent-250ml","status":"publish","type":"product","link":"https:\/\/cheveuxluxe.com\/index.php\/product\/loreal-professionnel-gloss-acide-transparent-250ml\/","title":{"rendered":"L&rsquo;Or\u00e9al Professionnel Gloss Acide Transparent 250ml"},"content":{"rendered":"<div class=\"product-content_bottom\">\n<div class=\"pdp-info\">\n<div class=\"pdp-tabs tab-container\">\n<div class=\"tab js-tab\">\n<h3 class=\"tab-title pdp-tabs_title js-tab-mobile-title open\"><span>Points cl\u00e9s<\/span><\/h3>\n<div class=\"tab-description pdp-tabs_description js-tab-description open\" itemprop=\"description\">\n<ul>\n<li>Sans ammoniaque<\/li>\n<li>Fluidifie la texture pour faciliter la p\u00e9n\u00e9tration et dilue pour des reflets subtils et lumineux de la couleur<\/li>\n<li>Procure une brillance ultime ; les cheveux sont jusqu&rsquo;\u00e0 30 % plus revitalis\u00e9s<\/li>\n<li>Gloss neutralisant convenant \u00e0 toutes les bases et tonalit\u00e9s illimit\u00e9es<\/li>\n<\/ul>\n<\/div>\n<\/div>\n<div class=\"tab js-tab\">\n<h3 class=\"tab-title pdp-tabs_title js-tab-mobile-title\"><span>Description<\/span><\/h3>\n<div class=\"tab-description pdp-tabs_description js-tab-description\" itemprop=\"description\">Technologie acide pour un m\u00e9lange de couleurs homog\u00e8ne. DIA Light est sans ammoniaque et scelle la cuticule pour un fini semblable \u00e0 du vinyle, offrant une brillance ultime et des cheveux +30% plus conditionn\u00e9s*. Id\u00e9al pour les cheveux d\u00e9j\u00e0 color\u00e9s ou affaiblis. DIA Light est le partenaire id\u00e9al pour rafra\u00eechir la couleur et tonifier les longueurs et les pointes entre deux services de coloration afin de cr\u00e9er un r\u00e9sultat de couleur personnalis\u00e9. Gr\u00e2ce \u00e0 sa technologie, DIA Light adoucit la fibre capillaire et ajoute simplement du tonus sans chang\u00e9 la couleur de la base. * Apr\u00e8s application de Dia Light sur cheveux d\u00e9color\u00e9s.<\/div>\n<\/div>\n<div class=\"tab js-tab\">\n<h3 class=\"tab-title pdp-tabs_title js-tab-mobile-title\"><span>Mode d&#8217;emploi<\/span><\/h3>\n<div class=\"tab-description pdp-tabs_description js-tab-description\">Les colorants capillaires peuvent provoquer des r\u00e9actions allergiques graves. Pour vous et votre client, il est donc essentiel de suivre ces pr\u00e9cautions : Portez des gants jetables adapt\u00e9s pendant la pr\u00e9paration, l&rsquo;application et le rin\u00e7age du produit. Lisez et suivez les instructions. Ce produit n&rsquo;est pas destin\u00e9 \u00e0 \u00eatre utilis\u00e9 sur des personnes \u00e2g\u00e9es de moins de seize ans. Les tatouages temporaires au \u00ab\u00a0henn\u00e9 noir\u00a0\u00bb peuvent augmenter le risque d&rsquo;allergie. Ne colorez pas les cheveux si : votre client a une \u00e9ruption cutan\u00e9e sur le visage ou un cuir chevelu sensible, irrit\u00e9 et endommag\u00e9, votre client a d\u00e9j\u00e0 eu une r\u00e9action apr\u00e8s avoir color\u00e9 ses cheveux, votre client a d\u00e9j\u00e0 eu une r\u00e9action \u00e0 un tatouage temporaire au \u00ab\u00a0henn\u00e9 noir\u00a0\u00bb dans le pass\u00e9. VOUS DEVEZ FAIRE UN TEST D&rsquo;ALLERGIE SANS FAUTE 48 HEURES AVANT CHAQUE UTILISATION DE CE PRODUIT. \u00c9vitez tout contact avec les yeux. Ne pas utiliser pour teindre les cils ou les sourcils. Rincer imm\u00e9diatement et abondamment les yeux si le produit entre en contact avec eux. Bien rincer les cheveux apr\u00e8s application. Peut \u00eatre utilis\u00e9 le m\u00eame jour qu&rsquo;un service de texture (permanente ou d\u00e9frisage) avec Diactivateur 6 vol. (1,8%) ou 9 vol. (2,7%). Attendre au moins 2 semaines apr\u00e8s la permanente ou le d\u00e9frisage avant d&rsquo;appliquer la coloration avec le Diactivateur 15 vol. (4,5%). Attendre au moins 2 semaines apr\u00e8s avoir d\u00e9fris\u00e9 les cheveux avant d&rsquo;appliquer la coloration, quel que soit le Diactivateur. Ne pas utiliser si les cheveux ont \u00e9t\u00e9 color\u00e9s au henn\u00e9 ou avec un colorant capillaire progressif. Tenir hors de port\u00e9e des enfants.<\/div>\n<\/div>\n<div class=\"tab js-tab\">\n<h3 class=\"tab-title pdp-tabs_title js-tab-mobile-title\"><span>Ingr\u00e9dients<\/span><\/h3>\n<div class=\"tab-description pdp-tabs_description js-tab-description\">AQUA \/ WATER , GLYCERIN , ETHANOLAMINE , SODIUM CHLORIDE , CARBOMER , PEG-60 HYDROGENATED CASTOR OIL , POLYQUATERNIUM-6 , CITRIC ACID , EDTA , TETRASODIUM EDTA , PARFUM \/ FRAGRANCE<\/div>\n<\/div>\n<div class=\"tab js-tab\">\n<h3 class=\"tab-title pdp-tabs_title js-tab-mobile-title\"><span>Livraison et stock<\/span><\/h3>\n<div class=\"tab-description pdp-tabs_description js-tab-description\">\n<div class=\"pdp-delivery_info\">\n<div class=\"content-asset\">Livraison et d\u00e9laisRetours et remboursements<\/div>\n<\/div>\n<\/div>\n<\/div>\n<div class=\"tab js-tab\">\n<h3 class=\"tab-title pdp-tabs_title js-tab-mobile-title\"><span>Pr\u00e9cautions d&#8217;emploi<\/span><\/h3>\n<div class=\"tab-description pdp-tabs_description js-tab-description\">M\u00c9LANGE: DIA LIGHT doit \u00eatre m\u00e9lang\u00e9 dans un rapport de 1 \u00e0 1,5, c&rsquo;est-\u00e0-dire 1 tube (50ml) DIA LIGHT + 75ml de DIACTIVATEUR 6 vol. (1,8%), 9 vol. Une fois m\u00e9lang\u00e9, ajouter 4ml de Smartbond Step 1 pour chaque tube de couleur utilis\u00e9 Lors de l&rsquo;utilisation d&rsquo;un flacon applicateur DIA, ouvrir imm\u00e9diatement apr\u00e8s le m\u00e9lange pour \u00e9viter que le flacon n&rsquo;\u00e9clate et ne cause des dommages par d\u00e9bordement du produit COUVERTURE Couverture z\u00e9ro. Application, d\u00e9veloppement et rin\u00e7age en portant des gants jetables appropri\u00e9s, appliquer rapidement sur les cheveux secs : Jusqu&rsquo;\u00e0 20 MINUTES (ou selon le service) Emulsionner et bien rincer les cheveux, apr\u00e8s le temps de d\u00e9veloppement. Une fois toutes les \u00e9tapes techniques termin\u00e9es, poursuivre avec Smartbond Step 2 Rincer bien et faire un shampooing en utilisant le shampooing couleur PRO classics Pour un r\u00e9sultat optimal, DIA LIGHT est plus adapt\u00e9 aux cheveux color\u00e9s. Pour les cheveux vierges, utilisez DIA RICHESSE pour de meilleurs r\u00e9sultats.<br \/>POUR DONNER DU BRILLANT : Temps de d\u00e9veloppement jusqu&rsquo;\u00e0 20 minutes (6 ou 9 vol.) UTILISATIONS TECHNIQUES (tonification ou pr\u00e9-coloration) : Temps de d\u00e9veloppement 5 &#8211; 10 mins (6 ou 9 vol)<br \/>CORRESPONDANCE DES COULEURS : Temps de d\u00e9veloppement 5 &#8211; 10 (6 vol)<br \/>CHANGEMENT RAPIDE DE COULEUR : Temps de d\u00e9veloppement 5 &#8211; 20 mins (6 ou 9 vol)<br \/>COULEUR APR\u00c8S UN SERVICE DE TEXTURE : Temps de d\u00e9veloppement 5 &#8211; 10 min (6 ou 9 vol) COULEUR PERMANENTE DE RECHANGE : Temps de d\u00e9veloppement jusqu&rsquo;\u00e0 20 min (6 ou 9 vol)<\/div>\n<\/div>\n<\/div>\n<\/div>\n<\/div>\n","protected":false},"excerpt":{"rendered":"<p>Points cl\u00e9s Sans ammoniaque Fluidifie la texture pour faciliter la p\u00e9n\u00e9tration et dilue pour des&hellip;<\/p>\n","protected":false},"featured_media":18405,"comment_status":"open","ping_status":"closed","template":"","meta":[],"pwb-brand":[649],"product_cat":[387],"product_tag":[317,216,325],"class_list":{"0":"post-27035","1":"product","2":"type-product","3":"status-publish","4":"has-post-thumbnail","6":"pwb-brand-loreal-professionnel","7":"product_cat-coloration-sans-ammoniaque","8":"product_tag-coloration","9":"product_tag-coloration-sans-ammoniaque","10":"product_tag-loreal-professionnel","12":"first","13":"instock","14":"taxable","15":"shipping-taxable","16":"purchasable","17":"product-type-simple","18":"layout-style-3","19":"col-md-4 col-sm-4 col-xs-6","20":"col-lg-3","21":"product-has-gallery","22":"product-style-default"},"aioseo_notices":[],"brands":[{"id":649,"name":"L'Or\u00e9al Professionnel","slug":"loreal-professionnel"}],"_links":{"self":[{"href":"https:\/\/cheveuxluxe.com\/index.php\/wp-json\/wp\/v2\/product\/27035","targetHints":{"allow":["GET"]}}],"collection":[{"href":"https:\/\/cheveuxluxe.com\/index.php\/wp-json\/wp\/v2\/product"}],"about":[{"href":"https:\/\/cheveuxluxe.com\/index.php\/wp-json\/wp\/v2\/types\/product"}],"replies":[{"embeddable":true,"href":"https:\/\/cheveuxluxe.com\/index.php\/wp-json\/wp\/v2\/comments?post=27035"}],"version-history":[{"count":0,"href":"https:\/\/cheveuxluxe.com\/index.php\/wp-json\/wp\/v2\/product\/27035\/revisions"}],"wp:featuredmedia":[{"embeddable":true,"href":"https:\/\/cheveuxluxe.com\/index.php\/wp-json\/wp\/v2\/media\/18405"}],"wp:attachment":[{"href":"https:\/\/cheveuxluxe.com\/index.php\/wp-json\/wp\/v2\/media?parent=27035"}],"wp:term":[{"taxonomy":"pwb-brand","embeddable":true,"href":"https:\/\/cheveuxluxe.com\/index.php\/wp-json\/wp\/v2\/pwb-brand?post=27035"},{"taxonomy":"product_cat","embeddable":true,"href":"https:\/\/cheveuxluxe.com\/index.php\/wp-json\/wp\/v2\/product_cat?post=27035"},{"taxonomy":"product_tag","embeddable":true,"href":"https:\/\/cheveuxluxe.com\/index.php\/wp-json\/wp\/v2\/product_tag?post=27035"}],"curies":[{"name":"wp","href":"https:\/\/api.w.org\/{rel}","templated":true}]}}