{"id":27046,"date":"2024-04-09T20:40:50","date_gmt":"2024-04-09T20:40:50","guid":{"rendered":"https:\/\/cheveuxluxe.com\/index.php\/product\/loreal-retouche-racines-75ml\/"},"modified":"2024-04-13T13:38:46","modified_gmt":"2024-04-13T13:38:46","slug":"loreal-retouche-racines-75ml","status":"publish","type":"product","link":"https:\/\/cheveuxluxe.com\/index.php\/product\/loreal-retouche-racines-75ml\/","title":{"rendered":"L&rsquo;Or\u00e9al Retouche Racines 75ml"},"content":{"rendered":"<div class=\"product-content_bottom\">\n<div class=\"pdp-info\">\n<div class=\"pdp-tabs tab-container\">\n<div class=\"tab js-tab\">\n<h3 class=\"tab-title pdp-tabs_title js-tab-mobile-title open\"><span>Points cl\u00e9s<\/span><\/h3>\n<div class=\"tab-description pdp-tabs_description js-tab-description open\" itemprop=\"description\">\n<ul>\n<li> Cache les racines<\/li>\n<li>Effet 100% naturel<\/li>\n<li>R\u00e9sultats imm\u00e9diats<\/li>\n<li>Pigments professionnels <\/li>\n<\/ul>\n<\/div>\n<\/div>\n<div class=\"tab js-tab\">\n<h3 class=\"tab-title pdp-tabs_title js-tab-mobile-title\"><span>Description<\/span><\/h3>\n<div class=\"tab-description pdp-tabs_description js-tab-description\" itemprop=\"description\">Simple et rapide \u00e0 utiliser, ce spray de retouche temporaire couvre imm\u00e9diatement les racines blanches des cheveux color\u00e9s, pour un r\u00e9sultat incroyablement naturel gr\u00e2ce \u00e0 son syst\u00e8me de micro-diffusion ultra-pr\u00e9cis.Tr\u00e8s efficace, le spray Hair Touch-Up de L\u2019Or\u00e9al Professionnel\u00ae s\u00e8che en quelques secondes et ne mouille pas : pas besoin de refaire son brushing apr\u00e8s son application !Ses pigments professionnels, r\u00e9sistants \u00e0 la transpiration et \u00e0 l&rsquo;eau, se fondent parfaitement \u00e0 la couleur de cheveux. La coloration s\u2019estompe en un shampooing.Le spray Hair Touch-Up de L\u2019Or\u00e9al Professionnel\u00ae est disponible en cinq nuances : marron, marron clair, marron acajou, blond fonc\u00e9 et noir.<\/div>\n<\/div>\n<div class=\"tab js-tab\">\n<h3 class=\"tab-title pdp-tabs_title js-tab-mobile-title\"><span>Mode d&#8217;emploi<\/span><\/h3>\n<div class=\"tab-description pdp-tabs_description js-tab-description\">Agitez le flacon puis diffusez le spray sur cheveux secs \u00e0 15 centim\u00e8tres des racines \u00e0 couvrir.Le conseil de pro : appliquez sur les bordures, puis s\u00e9parez les cheveux en quatre ou cinq raies pour un r\u00e9sultat uniforme et ultra-naturel !<\/div>\n<\/div>\n<div class=\"tab js-tab\">\n<h3 class=\"tab-title pdp-tabs_title js-tab-mobile-title\"><span>Ingr\u00e9dients<\/span><\/h3>\n<div class=\"tab-description pdp-tabs_description js-tab-description\">Value1: ISOBUTANE, ETHYL TRISILOXANE, CI 77491, CI 77492, CI 77499 \/ IRON OXIDES, TRIMETHYLSILOXYSILICATE, METHYL TRIMETHICONE, CI 77891 \/ TITANIUM DIOXIDE, TRIETHOXYCAPRYLYLSILANE \/\/ Value2: ALCOHOL DENAT., DIMETHYL ETHER, VA\/CROTONATES\/VINYL NEODECANOATE COPOLYMER, PEG\/PPG-4\/12 DIMETHICONE, ETHYLHEXYL METHOXYCINNAMATE, AMINOMETHYL PROPANOL, LIMONENE, LINALOOL, BENZYL ALCOHOL, ALPHA-ISOMETHYL IONONE, GERANIOL, ROSA CENTIFOLIA EXTRACT \/ ROSA CENTIFOLIA FLOWER EXTRACT, CITRONELLOL, COUMARIN, HEXYL CINNAMAL, PARFUM \/ FRAGRANCE<\/div>\n<\/div>\n<div class=\"tab js-tab\">\n<h3 class=\"tab-title pdp-tabs_title js-tab-mobile-title\"><span>Livraison et stock<\/span><\/h3>\n<div class=\"tab-description pdp-tabs_description js-tab-description\">\n<div class=\"pdp-delivery_info\">\n<div class=\"content-asset\">Livraison et d\u00e9laisRetours et remboursements<\/div>\n<\/div>\n<\/div>\n<\/div>\n<\/div>\n<\/div>\n<\/div>\n","protected":false},"excerpt":{"rendered":"<p>Points cl\u00e9s Cache les racines Effet 100% naturel R\u00e9sultats imm\u00e9diats Pigments professionnels Description Simple et&hellip;<\/p>\n","protected":false},"featured_media":19919,"comment_status":"open","ping_status":"closed","template":"","meta":[],"pwb-brand":[649],"product_cat":[343],"product_tag":[317,226,325],"class_list":{"0":"post-27046","1":"product","2":"type-product","3":"status-publish","4":"has-post-thumbnail","6":"pwb-brand-loreal-professionnel","7":"product_cat-coloration-temporaire-coloration-9","8":"product_tag-coloration","9":"product_tag-coloration-temporaire","10":"product_tag-loreal-professionnel","12":"first","13":"instock","14":"taxable","15":"shipping-taxable","16":"purchasable","17":"product-type-simple","18":"layout-style-3","19":"col-md-4 col-sm-4 col-xs-6","20":"col-lg-3","21":"product-has-gallery","22":"product-style-default"},"aioseo_notices":[],"brands":[{"id":649,"name":"L'Or\u00e9al Professionnel","slug":"loreal-professionnel"}],"_links":{"self":[{"href":"https:\/\/cheveuxluxe.com\/index.php\/wp-json\/wp\/v2\/product\/27046","targetHints":{"allow":["GET"]}}],"collection":[{"href":"https:\/\/cheveuxluxe.com\/index.php\/wp-json\/wp\/v2\/product"}],"about":[{"href":"https:\/\/cheveuxluxe.com\/index.php\/wp-json\/wp\/v2\/types\/product"}],"replies":[{"embeddable":true,"href":"https:\/\/cheveuxluxe.com\/index.php\/wp-json\/wp\/v2\/comments?post=27046"}],"version-history":[{"count":0,"href":"https:\/\/cheveuxluxe.com\/index.php\/wp-json\/wp\/v2\/product\/27046\/revisions"}],"wp:featuredmedia":[{"embeddable":true,"href":"https:\/\/cheveuxluxe.com\/index.php\/wp-json\/wp\/v2\/media\/19919"}],"wp:attachment":[{"href":"https:\/\/cheveuxluxe.com\/index.php\/wp-json\/wp\/v2\/media?parent=27046"}],"wp:term":[{"taxonomy":"pwb-brand","embeddable":true,"href":"https:\/\/cheveuxluxe.com\/index.php\/wp-json\/wp\/v2\/pwb-brand?post=27046"},{"taxonomy":"product_cat","embeddable":true,"href":"https:\/\/cheveuxluxe.com\/index.php\/wp-json\/wp\/v2\/product_cat?post=27046"},{"taxonomy":"product_tag","embeddable":true,"href":"https:\/\/cheveuxluxe.com\/index.php\/wp-json\/wp\/v2\/product_tag?post=27046"}],"curies":[{"name":"wp","href":"https:\/\/api.w.org\/{rel}","templated":true}]}}