{"id":27047,"date":"2024-04-09T20:40:50","date_gmt":"2024-04-09T20:40:50","guid":{"rendered":"https:\/\/cheveuxluxe.com\/index.php\/product\/crazy-color-back-to-base-color-remover-45g\/"},"modified":"2024-04-13T14:25:31","modified_gmt":"2024-04-13T14:25:31","slug":"crazy-color-back-to-base-color-remover-45g","status":"publish","type":"product","link":"https:\/\/cheveuxluxe.com\/index.php\/product\/crazy-color-back-to-base-color-remover-45g\/","title":{"rendered":"Crazy Color Back to Base Color Remover 45g"},"content":{"rendered":"<div class=\"product-content_bottom\">\n<div class=\"pdp-info\">\n<div class=\"pdp-tabs tab-container\">\n<div class=\"tab js-tab\">\n<h3 class=\"tab-title pdp-tabs_title js-tab-mobile-title open\"><span>Points cl\u00e9s<\/span><\/h3>\n<div class=\"tab-description pdp-tabs_description js-tab-description open\" itemprop=\"description\">\n<ul>\n<li>Enl\u00e8ve les restes de couleur en moins de 30 minutes<\/li>\n<li>Contient de l&rsquo;argile de kaolin, le nettoyant naturel de la terre<\/li>\n<li>V\u00e9gan<\/li>\n<li>Sans cruaut\u00e9<\/li>\n<li>Retrait en douceur<\/li>\n<\/ul>\n<\/div>\n<\/div>\n<div class=\"tab js-tab\">\n<h3 class=\"tab-title pdp-tabs_title js-tab-mobile-title\"><span>Description<\/span><\/h3>\n<div class=\"tab-description pdp-tabs_description js-tab-description\" itemprop=\"description\">Crazy Color retire les tons arc-en-ciel et pastel des clients pour leur rendre leur blondeur d&rsquo;origine. En seulement 30 minutes ou moins, cette formule cr\u00e9meuse et anti-goutte enl\u00e8vera la couleur existante et ram\u00e8nera les cheveux \u00e0 leur \u00e9tat blond pr\u00e9-\u00e9clairci.<\/div>\n<\/div>\n<div class=\"tab js-tab\">\n<h3 class=\"tab-title pdp-tabs_title js-tab-mobile-title\"><span>Mode d&#8217;emploi<\/span><\/h3>\n<div class=\"tab-description pdp-tabs_description js-tab-description\">Dans un bol non m\u00e9tallique, m\u00e9langez le sachet complet de Crazy Color Back to Base Remover (45\u00a0g) avec 5, 10 ou 20\u00a0volumes de r\u00e9v\u00e9lateur, en fonction de l&rsquo;\u00e9tat des cheveux du client. M\u00e9langez dans un rapport de 1:2 dans un endroit bien ventil\u00e9 pour obtenir une p\u00e2te lisse avec un pinceau d&rsquo;application non m\u00e9tallique. Appliquez uniquement sur des cheveux secs qui ont \u00e9t\u00e9 pr\u00e9-\u00e9claircis et trait\u00e9s avec des colorants directs ou une couleur semi-permanente. Proc\u00e9dez \u00e0 temp\u00e9rature ambiante, pendant 30 minutes maximum, en v\u00e9rifiant toutes les 5 minutes jusqu&rsquo;\u00e0 l&rsquo;obtention du r\u00e9sultat souhait\u00e9. Retirez imm\u00e9diatement la p\u00e2te si les cheveux pr\u00e9sentent des signes de dommages. Rincez soigneusement le produit des cheveux, puis faites un shampoing suivi d&rsquo;un apr\u00e8s-shampoing.<\/div>\n<\/div>\n<div class=\"tab js-tab\">\n<h3 class=\"tab-title pdp-tabs_title js-tab-mobile-title\"><span>Ingr\u00e9dients<\/span><\/h3>\n<div class=\"tab-description pdp-tabs_description js-tab-description\">Potassium Persulfate, Ammonium Persulfate, Sodium Metasilicate, Sodium Silicate, Ethylhexyl Pelargonate, CyamopsisTetragonoloba Gum, Sodium Stearate, Aluminium Distearate, Hydrated Silica, EDTA, Sorbitol, Silica, Kaolin, Argania Spinosa Kernel Oil, Ascophyllum Nodosum Extract, Dicalcium Phosphate.<\/div>\n<\/div>\n<div class=\"tab js-tab\">\n<h3 class=\"tab-title pdp-tabs_title js-tab-mobile-title\"><span>Livraison et stock<\/span><\/h3>\n<div class=\"tab-description pdp-tabs_description js-tab-description\">\n<div class=\"pdp-delivery_info\">\n<div class=\"content-asset\">Livraison et d\u00e9laisRetours et remboursements<\/div>\n<\/div>\n<\/div>\n<\/div>\n<div class=\"tab js-tab\">\n<h3 class=\"tab-title pdp-tabs_title js-tab-mobile-title\"><span>Pr\u00e9cautions d&#8217;emploi<\/span><\/h3>\n<div class=\"tab-description pdp-tabs_description js-tab-description\">Pour usage externe uniquement. Contient de l&rsquo;ammoniaque. Tenir hors de port\u00e9e des enfants. Ne pas utiliser sur ou par des enfants de moins de 16 ans. Portez des gants appropri\u00e9s tout au long du processus. Ne pas inhaler. Ne pas avaler. \u00c9vitez tout contact avec les yeux. En cas de contact avec les yeux, rincer imm\u00e9diatement. Si l&rsquo;irritation persiste ou si le produit a \u00e9t\u00e9 inhal\u00e9 ou aval\u00e9, consultez un m\u00e9decin. Ne pas utiliser si le cuir chevelu est irrit\u00e9, ab\u00eem\u00e9 ou endommag\u00e9. Pour \u00e9viter l&rsquo;irritation et la r\u00e9action \u00e0 ce produit, effectuez un test pr\u00e9liminaire. Ne pas utiliser sur les poils du visage, les cils ou les sourcils. Conserver dans un endroit frais et sec<\/div>\n<\/div>\n<\/div>\n<\/div>\n<\/div>\n","protected":false},"excerpt":{"rendered":"<p>Points cl\u00e9s Enl\u00e8ve les restes de couleur en moins de 30 minutes Contient de l&rsquo;argile&hellip;<\/p>\n","protected":false},"featured_media":19519,"comment_status":"open","ping_status":"closed","template":"","meta":[],"pwb-brand":[644],"product_cat":[617],"product_tag":[274,329,273],"class_list":{"0":"post-27047","1":"product","2":"type-product","3":"status-publish","4":"has-post-thumbnail","6":"pwb-brand-crazy-color","7":"product_cat-coiffure","8":"product_tag-coiffure","9":"product_tag-crazy-color","10":"product_tag-vegan","12":"first","13":"instock","14":"taxable","15":"shipping-taxable","16":"purchasable","17":"product-type-simple","18":"layout-style-3","19":"col-md-4 col-sm-4 col-xs-6","20":"col-lg-3","21":"product-style-default"},"aioseo_notices":[],"brands":[{"id":644,"name":"Crazy Color","slug":"crazy-color"}],"_links":{"self":[{"href":"https:\/\/cheveuxluxe.com\/index.php\/wp-json\/wp\/v2\/product\/27047","targetHints":{"allow":["GET"]}}],"collection":[{"href":"https:\/\/cheveuxluxe.com\/index.php\/wp-json\/wp\/v2\/product"}],"about":[{"href":"https:\/\/cheveuxluxe.com\/index.php\/wp-json\/wp\/v2\/types\/product"}],"replies":[{"embeddable":true,"href":"https:\/\/cheveuxluxe.com\/index.php\/wp-json\/wp\/v2\/comments?post=27047"}],"version-history":[{"count":0,"href":"https:\/\/cheveuxluxe.com\/index.php\/wp-json\/wp\/v2\/product\/27047\/revisions"}],"wp:featuredmedia":[{"embeddable":true,"href":"https:\/\/cheveuxluxe.com\/index.php\/wp-json\/wp\/v2\/media\/19519"}],"wp:attachment":[{"href":"https:\/\/cheveuxluxe.com\/index.php\/wp-json\/wp\/v2\/media?parent=27047"}],"wp:term":[{"taxonomy":"pwb-brand","embeddable":true,"href":"https:\/\/cheveuxluxe.com\/index.php\/wp-json\/wp\/v2\/pwb-brand?post=27047"},{"taxonomy":"product_cat","embeddable":true,"href":"https:\/\/cheveuxluxe.com\/index.php\/wp-json\/wp\/v2\/product_cat?post=27047"},{"taxonomy":"product_tag","embeddable":true,"href":"https:\/\/cheveuxluxe.com\/index.php\/wp-json\/wp\/v2\/product_tag?post=27047"}],"curies":[{"name":"wp","href":"https:\/\/api.w.org\/{rel}","templated":true}]}}