{"id":27053,"date":"2024-04-09T20:40:52","date_gmt":"2024-04-09T20:40:52","guid":{"rendered":"https:\/\/cheveuxluxe.com\/index.php\/product\/crazy-color-apres-shampooing-agissant-en-profondeur-250ml\/"},"modified":"2024-04-13T14:13:50","modified_gmt":"2024-04-13T14:13:50","slug":"crazy-color-apres-shampooing-agissant-en-profondeur-250ml","status":"publish","type":"product","link":"https:\/\/cheveuxluxe.com\/index.php\/product\/crazy-color-apres-shampooing-agissant-en-profondeur-250ml\/","title":{"rendered":"Crazy Color Apr\u00e8s-shampooing agissant en profondeur 250ml"},"content":{"rendered":"<div class=\"product-content_bottom\">\n<div class=\"pdp-info\">\n<div class=\"pdp-tabs tab-container\">\n<div class=\"tab js-tab\">\n<h3 class=\"tab-title pdp-tabs_title js-tab-mobile-title open\"><span>Points cl\u00e9s<\/span><\/h3>\n<div class=\"tab-description pdp-tabs_description js-tab-description open\" itemprop=\"description\">\n<ul>\n<li>Aide \u00e0 assurer la brillance durable des couleurs<\/li>\n<li>Infusion d&rsquo;un m\u00e9lange unique de prot\u00e9ines pour aider \u00e0 hydrater les cheveux<\/li>\n<li>Contient de l&rsquo;huile de graines de tournesol riche en vitamines et de l&rsquo;huile de noix du Br\u00e9sil nourrissante<\/li>\n<li>Aide \u00e0 sceller et \u00e0 lisser la tige du cheveu pour une vivacit\u00e9 optimale de la couleur<\/li>\n<li>Formule sans sel ni sulfate<\/li>\n<\/ul>\n<\/div>\n<\/div>\n<div class=\"tab js-tab\">\n<h3 class=\"tab-title pdp-tabs_title js-tab-mobile-title\"><span>Description<\/span><\/h3>\n<div class=\"tab-description pdp-tabs_description js-tab-description\" itemprop=\"description\">L&rsquo;apr\u00e8s-shampoing Crazy Color Rainbow Care Deep aide \u00e0 maintenir la force, la brillance et la souplesse des cheveux d\u00e9color\u00e9s et color\u00e9s. Il offre une protection quotidienne contre la d\u00e9coloration et garantit une brillance durable des couleurs. <\/p>\n<p> Infus\u00e9 avec un m\u00e9lange unique de prot\u00e9ines qui contient de l&rsquo;huile de graines de tournesol riche en vitamines et de l&rsquo;huile de noix du Br\u00e9sil nourrissante. Une utilisation fr\u00e9quente aidera \u00e0 sceller et \u00e0 lisser la tige du cheveu pour obtenir une couleur vibrante optimale gr\u00e2ce \u00e0 une formule sans sel ni sulfate.<\/p><\/div>\n<\/div>\n<div class=\"tab js-tab\">\n<h3 class=\"tab-title pdp-tabs_title js-tab-mobile-title\"><span>Mode d&#8217;emploi<\/span><\/h3>\n<div class=\"tab-description pdp-tabs_description js-tab-description\">Faites un shampoing normal en utilisant le shampoing Crazy Color Vibrant Color et s\u00e9chez vos cheveux avec une serviette. Appliquez une petite quantit\u00e9 de revitalisant de soin arc-en-ciel de la racine \u00e0 la pointe et peignez. Rincez apr\u00e8s 1-2\u00a0minutes. Usage fr\u00e9quent pour un traitement de soin profond\u00a0; laissez poser jusqu&rsquo;\u00e0 dix minutes avant de rincer. Attention\u00a0: utilisation externe uniquement, \u00e9vitez tout contact avec les yeux.<\/div>\n<\/div>\n<div class=\"tab js-tab\">\n<h3 class=\"tab-title pdp-tabs_title js-tab-mobile-title\"><span>Ingr\u00e9dients<\/span><\/h3>\n<div class=\"tab-description pdp-tabs_description js-tab-description\">Aqua (Water), Cetearyl Alcohol, Cetyl Alcohol, Distearoylethyl Dimonium Chloride, Quaternium-91, Stearamidopropyl Dimethylamine, Hydrolyzed Wheat Protein PG-Propyl Silanetriol, Helianthus Annuus (Sunflower) Seed Oil, Hydrolyzed Keratin, Hydrolyzed Vegetable Protein PG-Propyl Silanetriol, 1 Bertholletia Excelsa Seed Oil, 1, Cetrimonium Methosulfate, 1, Amodimethicone, 1, Cetrimonium Chloride, 1, Trideceth-12, 1, Butylene Glycol, 1, Parfum (Fragrance), 1, Disodium EDTA, 1, Citric Acid, 20. Potassium Sorbate, 2 Sodium Benzoate, 2, Phenoxyethanol, 2, Methylchloroisothiazolinone, 2, Methylisothiazolinone<\/div>\n<\/div>\n<div class=\"tab js-tab\">\n<h3 class=\"tab-title pdp-tabs_title js-tab-mobile-title\"><span>Livraison et stock<\/span><\/h3>\n<div class=\"tab-description pdp-tabs_description js-tab-description\">\n<div class=\"pdp-delivery_info\">\n<div class=\"content-asset\">Livraison et d\u00e9laisRetours et remboursements<\/div>\n<\/div>\n<\/div>\n<\/div>\n<div class=\"tab js-tab\">\n<h3 class=\"tab-title pdp-tabs_title js-tab-mobile-title\"><span>Pr\u00e9cautions d&#8217;emploi<\/span><\/h3>\n<div class=\"tab-description pdp-tabs_description js-tab-description\">Attention\u00a0: utilisation externe uniquement, \u00e9vitez tout contact avec les yeux.<\/div>\n<\/div>\n<\/div>\n<\/div>\n<\/div>\n","protected":false},"excerpt":{"rendered":"<p>Points cl\u00e9s Aide \u00e0 assurer la brillance durable des couleurs Infusion d&rsquo;un m\u00e9lange unique de&hellip;<\/p>\n","protected":false},"featured_media":19838,"comment_status":"open","ping_status":"closed","template":"","meta":[],"pwb-brand":[644],"product_cat":[600],"product_tag":[329,144,127],"class_list":{"0":"post-27053","1":"product","2":"type-product","3":"status-publish","4":"has-post-thumbnail","6":"pwb-brand-crazy-color","7":"product_cat-lissage-et-keratine","8":"product_tag-crazy-color","9":"product_tag-lissage-et-keratine","10":"product_tag-shampooing-et-coiffure","12":"first","13":"instock","14":"taxable","15":"shipping-taxable","16":"purchasable","17":"product-type-simple","18":"layout-style-3","19":"col-md-4 col-sm-4 col-xs-6","20":"col-lg-3","21":"product-style-default"},"aioseo_notices":[],"brands":[{"id":644,"name":"Crazy Color","slug":"crazy-color"}],"_links":{"self":[{"href":"https:\/\/cheveuxluxe.com\/index.php\/wp-json\/wp\/v2\/product\/27053","targetHints":{"allow":["GET"]}}],"collection":[{"href":"https:\/\/cheveuxluxe.com\/index.php\/wp-json\/wp\/v2\/product"}],"about":[{"href":"https:\/\/cheveuxluxe.com\/index.php\/wp-json\/wp\/v2\/types\/product"}],"replies":[{"embeddable":true,"href":"https:\/\/cheveuxluxe.com\/index.php\/wp-json\/wp\/v2\/comments?post=27053"}],"version-history":[{"count":0,"href":"https:\/\/cheveuxluxe.com\/index.php\/wp-json\/wp\/v2\/product\/27053\/revisions"}],"wp:featuredmedia":[{"embeddable":true,"href":"https:\/\/cheveuxluxe.com\/index.php\/wp-json\/wp\/v2\/media\/19838"}],"wp:attachment":[{"href":"https:\/\/cheveuxluxe.com\/index.php\/wp-json\/wp\/v2\/media?parent=27053"}],"wp:term":[{"taxonomy":"pwb-brand","embeddable":true,"href":"https:\/\/cheveuxluxe.com\/index.php\/wp-json\/wp\/v2\/pwb-brand?post=27053"},{"taxonomy":"product_cat","embeddable":true,"href":"https:\/\/cheveuxluxe.com\/index.php\/wp-json\/wp\/v2\/product_cat?post=27053"},{"taxonomy":"product_tag","embeddable":true,"href":"https:\/\/cheveuxluxe.com\/index.php\/wp-json\/wp\/v2\/product_tag?post=27053"}],"curies":[{"name":"wp","href":"https:\/\/api.w.org\/{rel}","templated":true}]}}