{"id":27054,"date":"2024-04-09T20:40:52","date_gmt":"2024-04-09T20:40:52","guid":{"rendered":"https:\/\/cheveuxluxe.com\/index.php\/product\/sibel-color-spray-glitter-silver-125ml\/"},"modified":"2024-04-13T13:38:51","modified_gmt":"2024-04-13T13:38:51","slug":"sibel-color-spray-glitter-silver-125ml","status":"publish","type":"product","link":"https:\/\/cheveuxluxe.com\/index.php\/product\/sibel-color-spray-glitter-silver-125ml\/","title":{"rendered":"Sibel Color Spray Glitter Silver 125ml\/"},"content":{"rendered":"<div class=\"product-content_bottom\">\n<div class=\"pdp-info\">\n<div class=\"pdp-tabs tab-container\">\n<div class=\"tab js-tab\">\n<h3 class=\"tab-title pdp-tabs_title js-tab-mobile-title open\"><span>Points cl\u00e9s<\/span><\/h3>\n<div class=\"tab-description pdp-tabs_description js-tab-description open\" itemprop=\"description\">\n<ul>\n<li> Spray \u00e0 paillettes<\/li>\n<li>Coloration du cheveu<\/li>\n<li>Festif<\/li>\n<li>Brillance<\/li>\n<li>Temporaire <\/li>\n<\/ul>\n<\/div>\n<\/div>\n<div class=\"tab js-tab\">\n<h3 class=\"tab-title pdp-tabs_title js-tab-mobile-title\"><span>Description<\/span><\/h3>\n<div class=\"tab-description pdp-tabs_description js-tab-description\" itemprop=\"description\">Avec le Color Spray Glitter Argent de Sibel, vous \u00eates assur\u00e9 d\u2019obtenir un look festif r\u00e9ussi. Une fois la coupe r\u00e9alis\u00e9e, vaporisez le produit sur l\u2019ensemble de la chevelure ou sur quelques m\u00e8ches pour lui apporter une touche d\u2019\u00e9clat et de fantaisie.Le spray est facile \u00e0 manipuler. Il vous suffit de bien secouer la bouteille avant tout usage, puis d\u2019utiliser le produit sur cheveux sec. Instantan\u00e9ment, ils sont orn\u00e9s d\u2019\u00e9tincelles argent\u00e9es qui accrochent la lumi\u00e8re et attirent tous les regards. Le temps d\u2019une journ\u00e9e ou d\u2019une soir\u00e9e, la coupe brille de mille feux.Une fois les festivit\u00e9s termin\u00e9es, vous \u00e9liminerez les derni\u00e8res paillettes gr\u00e2ce \u00e0 un shampoing ou \u00e0 un rin\u00e7age. Gr\u00e2ce au Color Spray Glitter Argent de Sibel, on peut c\u00e9l\u00e9brer un \u00e9v\u00e9nement sans craindre pour ses cheveux.<\/div>\n<\/div>\n<div class=\"tab js-tab\">\n<h3 class=\"tab-title pdp-tabs_title js-tab-mobile-title\"><span>Mode d&#8217;emploi<\/span><\/h3>\n<div class=\"tab-description pdp-tabs_description js-tab-description\">Secouez vigoureusement le Color Spray Glitter Argent de Sibel avant toute application.Vaporisez le produit \u00e0 20 cm de la t\u00eate sur cheveux secs.Appliquez par pulv\u00e9risations br\u00e8ves.Ne rincez pas.Enlevez les paillettes en lavant au shampoing.Jouez avec les couleurs en optant pour une autre teinte de la m\u00eame marque, rouge, bleue, or ou multicolore.<\/div>\n<\/div>\n<div class=\"tab js-tab\">\n<h3 class=\"tab-title pdp-tabs_title js-tab-mobile-title\"><span>Ingr\u00e9dients<\/span><\/h3>\n<div class=\"tab-description pdp-tabs_description js-tab-description\">Butane, Alcohol Denat., Isobutane, Propane, Vinyl Caprolactam, VP, Dimethylaminoethyl Methacrylate Copolymer, Lauryl Pyrrolidone, Propylene Glycol, Parfum, CI 77000.<\/div>\n<\/div>\n<div class=\"tab js-tab\">\n<h3 class=\"tab-title pdp-tabs_title js-tab-mobile-title\"><span>Livraison et stock<\/span><\/h3>\n<div class=\"tab-description pdp-tabs_description js-tab-description\">\n<div class=\"pdp-delivery_info\">\n<div class=\"content-asset\">Livraison et d\u00e9laisRetours et remboursements<\/div>\n<\/div>\n<\/div>\n<\/div>\n<\/div>\n<\/div>\n<\/div>\n","protected":false},"excerpt":{"rendered":"<p>Points cl\u00e9s Spray \u00e0 paillettes Coloration du cheveu Festif Brillance Temporaire Description Avec le Color&hellip;<\/p>\n","protected":false},"featured_media":20076,"comment_status":"open","ping_status":"closed","template":"","meta":[],"pwb-brand":[652],"product_cat":[343],"product_tag":[317,226,342],"class_list":{"0":"post-27054","1":"product","2":"type-product","3":"status-publish","4":"has-post-thumbnail","6":"pwb-brand-sibel","7":"product_cat-coloration-temporaire-coloration-9","8":"product_tag-coloration","9":"product_tag-coloration-temporaire","10":"product_tag-sibel","12":"first","13":"instock","14":"taxable","15":"shipping-taxable","16":"purchasable","17":"product-type-simple","18":"layout-style-3","19":"col-md-4 col-sm-4 col-xs-6","20":"col-lg-3","21":"product-style-default"},"aioseo_notices":[],"brands":[{"id":652,"name":"Sibel","slug":"sibel"}],"_links":{"self":[{"href":"https:\/\/cheveuxluxe.com\/index.php\/wp-json\/wp\/v2\/product\/27054","targetHints":{"allow":["GET"]}}],"collection":[{"href":"https:\/\/cheveuxluxe.com\/index.php\/wp-json\/wp\/v2\/product"}],"about":[{"href":"https:\/\/cheveuxluxe.com\/index.php\/wp-json\/wp\/v2\/types\/product"}],"replies":[{"embeddable":true,"href":"https:\/\/cheveuxluxe.com\/index.php\/wp-json\/wp\/v2\/comments?post=27054"}],"version-history":[{"count":0,"href":"https:\/\/cheveuxluxe.com\/index.php\/wp-json\/wp\/v2\/product\/27054\/revisions"}],"wp:featuredmedia":[{"embeddable":true,"href":"https:\/\/cheveuxluxe.com\/index.php\/wp-json\/wp\/v2\/media\/20076"}],"wp:attachment":[{"href":"https:\/\/cheveuxluxe.com\/index.php\/wp-json\/wp\/v2\/media?parent=27054"}],"wp:term":[{"taxonomy":"pwb-brand","embeddable":true,"href":"https:\/\/cheveuxluxe.com\/index.php\/wp-json\/wp\/v2\/pwb-brand?post=27054"},{"taxonomy":"product_cat","embeddable":true,"href":"https:\/\/cheveuxluxe.com\/index.php\/wp-json\/wp\/v2\/product_cat?post=27054"},{"taxonomy":"product_tag","embeddable":true,"href":"https:\/\/cheveuxluxe.com\/index.php\/wp-json\/wp\/v2\/product_tag?post=27054"}],"curies":[{"name":"wp","href":"https:\/\/api.w.org\/{rel}","templated":true}]}}