{"id":27058,"date":"2024-04-09T20:40:59","date_gmt":"2024-04-09T20:40:59","guid":{"rendered":"https:\/\/cheveuxluxe.com\/index.php\/product\/loreal-inoa-2-oxydant\/"},"modified":"2024-04-13T13:38:53","modified_gmt":"2024-04-13T13:38:53","slug":"loreal-inoa-2-oxydant","status":"publish","type":"product","link":"https:\/\/cheveuxluxe.com\/index.php\/product\/loreal-inoa-2-oxydant\/","title":{"rendered":"L&rsquo;Or\u00e9al Inoa 2 Oxydant"},"content":{"rendered":"<div class=\"product-content_bottom\">\n<div class=\"pdp-info\">\n<div class=\"pdp-tabs tab-container\">\n<div class=\"tab js-tab\">\n<h3 class=\"tab-title pdp-tabs_title js-tab-mobile-title open\"><span>Points cl\u00e9s<\/span><\/h3>\n<div class=\"tab-description pdp-tabs_description js-tab-description open\" itemprop=\"description\">\n<ul>\n<li> Revelateur<\/li>\n<li>Doux<\/li>\n<li>Sans amoniaque<\/li>\n<li>Eclat<\/li>\n<li>Cr\u00e8me <\/li>\n<\/ul>\n<\/div>\n<\/div>\n<div class=\"tab js-tab\">\n<h3 class=\"tab-title pdp-tabs_title js-tab-mobile-title\"><span>Description<\/span><\/h3>\n<div class=\"tab-description pdp-tabs_description js-tab-description\" itemprop=\"description\">Pour profiter de la technologie r\u00e9volutionnaire Oil Delivery System de la gel\u00e9e colorante sans amoniaque Inoa de L\u2019Or\u00e9al, vous devrez utiliser l\u2019Oxydant Riche Inoa de la m\u00eame marque.Oxydant riche, renferme des agents traitants pour une r\u00e9flexion optimale de la lumi\u00e8re et pour des cheveux \u00e9clatants. La pr\u00e9sence d&rsquo;Ion\u00e8ne G permet de traiter la fibre capillaire en profondeur.Il est disponible en 10, 20 ou 30 Volumes, selon l&rsquo;effet recherch\u00e9. L\u2019oxydant 10 Vol pour une coloration ton sur ton, l\u2019oxydant 20 Vol pour couvrir les cheveux blancs et \u00e9claircir jusqu&rsquo;\u00e0 2 tons, l\u2019oxydant 30 Vol pour \u00e9claircir jusqu&rsquo;\u00e0 3 tons.Le syst\u00e8me INOA se compose en 2 parties : l&rsquo;Oxydant et la gel\u00e9e colorante<\/div>\n<\/div>\n<div class=\"tab js-tab\">\n<h3 class=\"tab-title pdp-tabs_title js-tab-mobile-title\"><span>Mode d&#8217;emploi<\/span><\/h3>\n<div class=\"tab-description pdp-tabs_description js-tab-description\">M\u00e9langer : 60ml d&rsquo;Oxydant Riche 10, 20 ou 30 Vol + 1 tube de gel\u00e9e colorante.L&rsquo;Oxydant riche Inoa de L&rsquo;Or\u00e9al ne s&rsquo;utilise qu&rsquo;avec la gel\u00e9e colorante de la m\u00eame gamme et selon les proportions cit\u00e9es pr\u00e9alablement.<\/div>\n<\/div>\n<div class=\"tab js-tab\">\n<h3 class=\"tab-title pdp-tabs_title js-tab-mobile-title\"><span>Ingr\u00e9dients<\/span><\/h3>\n<div class=\"tab-description pdp-tabs_description js-tab-description\">AQUA , WATER, PARAFFINUM LIQUIDUM , MINERAL OIL, CETEARYL ALCOHOL, HYDROGEN PEROXIDE, STEARETH-20, PEG-4 RAPESEEDAMIDE, TOCOPHEROL, SODIUM SALICYLATE, POLYQUATERNIUM-6, PHOSPHORIC ACID, TETRASODIUM ETIDRONATE, TETRASODIUM PYROPHOSPHATE, HEXADIMETHRINE CHLORIDE, GLYCERIN<\/div>\n<\/div>\n<div class=\"tab js-tab\">\n<h3 class=\"tab-title pdp-tabs_title js-tab-mobile-title\"><span>Livraison et stock<\/span><\/h3>\n<div class=\"tab-description pdp-tabs_description js-tab-description\">\n<div class=\"pdp-delivery_info\">\n<div class=\"content-asset\">Livraison et d\u00e9laisRetours et remboursements<\/div>\n<\/div>\n<\/div>\n<\/div>\n<\/div>\n<\/div>\n<\/div>\n","protected":false},"excerpt":{"rendered":"<p>Points cl\u00e9s Revelateur Doux Sans amoniaque Eclat Cr\u00e8me Description Pour profiter de la technologie r\u00e9volutionnaire&hellip;<\/p>\n","protected":false},"featured_media":18771,"comment_status":"open","ping_status":"closed","template":"","meta":[],"pwb-brand":[649],"product_cat":[359],"product_tag":[317,325,235],"class_list":{"0":"post-27058","1":"product","2":"type-product","3":"status-publish","4":"has-post-thumbnail","6":"pwb-brand-loreal-professionnel","7":"product_cat-oxydant-revelateur-coloration-9","8":"product_tag-coloration","9":"product_tag-loreal-professionnel","10":"product_tag-oxydant-revelateur","12":"first","13":"instock","14":"taxable","15":"shipping-taxable","16":"purchasable","17":"product-type-simple","18":"layout-style-3","19":"col-md-4 col-sm-4 col-xs-6","20":"col-lg-3","21":"product-style-default"},"aioseo_notices":[],"brands":[{"id":649,"name":"L'Or\u00e9al Professionnel","slug":"loreal-professionnel"}],"_links":{"self":[{"href":"https:\/\/cheveuxluxe.com\/index.php\/wp-json\/wp\/v2\/product\/27058","targetHints":{"allow":["GET"]}}],"collection":[{"href":"https:\/\/cheveuxluxe.com\/index.php\/wp-json\/wp\/v2\/product"}],"about":[{"href":"https:\/\/cheveuxluxe.com\/index.php\/wp-json\/wp\/v2\/types\/product"}],"replies":[{"embeddable":true,"href":"https:\/\/cheveuxluxe.com\/index.php\/wp-json\/wp\/v2\/comments?post=27058"}],"version-history":[{"count":0,"href":"https:\/\/cheveuxluxe.com\/index.php\/wp-json\/wp\/v2\/product\/27058\/revisions"}],"wp:featuredmedia":[{"embeddable":true,"href":"https:\/\/cheveuxluxe.com\/index.php\/wp-json\/wp\/v2\/media\/18771"}],"wp:attachment":[{"href":"https:\/\/cheveuxluxe.com\/index.php\/wp-json\/wp\/v2\/media?parent=27058"}],"wp:term":[{"taxonomy":"pwb-brand","embeddable":true,"href":"https:\/\/cheveuxluxe.com\/index.php\/wp-json\/wp\/v2\/pwb-brand?post=27058"},{"taxonomy":"product_cat","embeddable":true,"href":"https:\/\/cheveuxluxe.com\/index.php\/wp-json\/wp\/v2\/product_cat?post=27058"},{"taxonomy":"product_tag","embeddable":true,"href":"https:\/\/cheveuxluxe.com\/index.php\/wp-json\/wp\/v2\/product_tag?post=27058"}],"curies":[{"name":"wp","href":"https:\/\/api.w.org\/{rel}","templated":true}]}}