{"id":27063,"date":"2024-04-09T20:41:09","date_gmt":"2024-04-09T20:41:09","guid":{"rendered":"https:\/\/cheveuxluxe.com\/index.php\/product\/wunderbar-creme-oxydante-9-30vol-1l\/"},"modified":"2024-04-13T13:38:55","modified_gmt":"2024-04-13T13:38:55","slug":"wunderbar-creme-oxydante-9-30vol-1l","status":"publish","type":"product","link":"https:\/\/cheveuxluxe.com\/index.php\/product\/wunderbar-creme-oxydante-9-30vol-1l\/","title":{"rendered":"Wunderbar Cr\u00e8me Oxydante 9%-30Vol 1L"},"content":{"rendered":"<div class=\"product-content_bottom\">\n<div class=\"pdp-info\">\n<div class=\"pdp-tabs tab-container\">\n<div class=\"tab js-tab\">\n<h3 class=\"tab-title pdp-tabs_title js-tab-mobile-title open\"><span>Points cl\u00e9s<\/span><\/h3>\n<div class=\"tab-description pdp-tabs_description js-tab-description open\" itemprop=\"description\">\n<ul>\n<li>Basse viscosit\u00e9<\/li>\n<\/ul>\n<\/div>\n<\/div>\n<div class=\"tab js-tab\">\n<h3 class=\"tab-title pdp-tabs_title js-tab-mobile-title\"><span>Ingr\u00e9dients<\/span><\/h3>\n<div class=\"tab-description pdp-tabs_description js-tab-description\">AQUA (WATER), HYDROGEN PEROXIDE, CETEARYL ALCOHOL, PHOSPHORIC ACID, SODIUM LAURYL SULFATE, SALICYLIC ACID, DISODIUM, PHOSPHATE, TETRASODIUM EDTA.<\/div>\n<\/div>\n<div class=\"tab js-tab\">\n<h3 class=\"tab-title pdp-tabs_title js-tab-mobile-title\"><span>Livraison et stock<\/span><\/h3>\n<div class=\"tab-description pdp-tabs_description js-tab-description\">\n<div class=\"pdp-delivery_info\">\n<div class=\"content-asset\">Livraison et d\u00e9laisRetours et remboursements<\/div>\n<\/div>\n<\/div>\n<\/div>\n<\/div>\n<\/div>\n<\/div>\n","protected":false},"excerpt":{"rendered":"<p>Points cl\u00e9s Basse viscosit\u00e9 Ingr\u00e9dients AQUA (WATER), HYDROGEN PEROXIDE, CETEARYL ALCOHOL, PHOSPHORIC ACID, SODIUM LAURYL&hellip;<\/p>\n","protected":false},"featured_media":18505,"comment_status":"open","ping_status":"closed","template":"","meta":[],"pwb-brand":[655],"product_cat":[359],"product_tag":[317,235,352],"class_list":{"0":"post-27063","1":"product","2":"type-product","3":"status-publish","4":"has-post-thumbnail","6":"pwb-brand-wunderbar","7":"product_cat-oxydant-revelateur-coloration-9","8":"product_tag-coloration","9":"product_tag-oxydant-revelateur","10":"product_tag-wunderbar","12":"first","13":"instock","14":"taxable","15":"shipping-taxable","16":"purchasable","17":"product-type-simple","18":"layout-style-3","19":"col-md-4 col-sm-4 col-xs-6","20":"col-lg-3","21":"product-style-default"},"aioseo_notices":[],"brands":[{"id":655,"name":"Wunderbar","slug":"wunderbar"}],"_links":{"self":[{"href":"https:\/\/cheveuxluxe.com\/index.php\/wp-json\/wp\/v2\/product\/27063","targetHints":{"allow":["GET"]}}],"collection":[{"href":"https:\/\/cheveuxluxe.com\/index.php\/wp-json\/wp\/v2\/product"}],"about":[{"href":"https:\/\/cheveuxluxe.com\/index.php\/wp-json\/wp\/v2\/types\/product"}],"replies":[{"embeddable":true,"href":"https:\/\/cheveuxluxe.com\/index.php\/wp-json\/wp\/v2\/comments?post=27063"}],"version-history":[{"count":0,"href":"https:\/\/cheveuxluxe.com\/index.php\/wp-json\/wp\/v2\/product\/27063\/revisions"}],"wp:featuredmedia":[{"embeddable":true,"href":"https:\/\/cheveuxluxe.com\/index.php\/wp-json\/wp\/v2\/media\/18505"}],"wp:attachment":[{"href":"https:\/\/cheveuxluxe.com\/index.php\/wp-json\/wp\/v2\/media?parent=27063"}],"wp:term":[{"taxonomy":"pwb-brand","embeddable":true,"href":"https:\/\/cheveuxluxe.com\/index.php\/wp-json\/wp\/v2\/pwb-brand?post=27063"},{"taxonomy":"product_cat","embeddable":true,"href":"https:\/\/cheveuxluxe.com\/index.php\/wp-json\/wp\/v2\/product_cat?post=27063"},{"taxonomy":"product_tag","embeddable":true,"href":"https:\/\/cheveuxluxe.com\/index.php\/wp-json\/wp\/v2\/product_tag?post=27063"}],"curies":[{"name":"wp","href":"https:\/\/api.w.org\/{rel}","templated":true}]}}