{"id":27064,"date":"2024-04-09T20:41:10","date_gmt":"2024-04-09T20:41:10","guid":{"rendered":"https:\/\/cheveuxluxe.com\/index.php\/product\/vitalitys-art-oxydant-cremeux-1l\/"},"modified":"2024-04-13T13:38:55","modified_gmt":"2024-04-13T13:38:55","slug":"vitalitys-art-oxydant-cremeux-1l","status":"publish","type":"product","link":"https:\/\/cheveuxluxe.com\/index.php\/product\/vitalitys-art-oxydant-cremeux-1l\/","title":{"rendered":"Vitality&rsquo;s Art Oxydant Cr\u00e9meux 1L"},"content":{"rendered":"<div class=\"product-content_bottom\">\n<div class=\"pdp-info\">\n<div class=\"pdp-tabs tab-container\">\n<div class=\"tab js-tab\">\n<h3 class=\"tab-title pdp-tabs_title js-tab-mobile-title open\"><span>Points cl\u00e9s<\/span><\/h3>\n<div class=\"tab-description pdp-tabs_description js-tab-description open\" itemprop=\"description\">\n<ul>\n<li> Parfum agr\u00e9able <\/li>\n<li>M\u00e9lange doux et cr\u00e9meux <\/li>\n<li>Ne colle pas <\/li>\n<li>4 volum\u00e9tries <\/li>\n<\/ul>\n<\/div>\n<\/div>\n<div class=\"tab js-tab\">\n<h3 class=\"tab-title pdp-tabs_title js-tab-mobile-title\"><span>Description<\/span><\/h3>\n<div class=\"tab-description pdp-tabs_description js-tab-description\" itemprop=\"description\">Affichant une stabilit\u00e9 professionnelle, cet oxydant Vitality\u2019s\u00ae a \u00e9t\u00e9 con\u00e7u pour se marier parfaitement avec la coloration d\u2019oxydation Art Absolute de Vitality\u2019s\u00ae. Une s\u00e9rie chromatique aux tonalit\u00e9s infinies, c\u2019est la promesse faite par cette ligne de colorations permanentes haut de gamme, pour une performance aux r\u00e9sultats ultra professionnels gr\u00e2ce \u00e0 sa technologie \u00ab effet bin\u00f4me \u00bb. Et ce, tout en prenant soin de la fibre capillaire : les extraits de calendula contenus dans la gamme Absolute vous assurent des cheveux en pleine sant\u00e9 !Pour un usage au quotidien en contexte professionnel, l\u2019oxydant Art Performer vous garantit une fragrance d\u00e9licate et agr\u00e9able. Son point fort ? Le m\u00e9lange est doux et cr\u00e9meux qui ne colle pas lors de l\u2019application.Cet oxydant est disponible en 10 volumes (3%), 20 volumes (6%), 30 volumes (9%) et 40 volumes (12%).<\/div>\n<\/div>\n<div class=\"tab js-tab\">\n<h3 class=\"tab-title pdp-tabs_title js-tab-mobile-title\"><span>Mode d&#8217;emploi<\/span><\/h3>\n<div class=\"tab-description pdp-tabs_description js-tab-description\">La volum\u00e9trie de l\u2019oxydant est \u00e0 choisir en fonction de la couleur que vous souhaitez obtenir. R\u00e9alisez le m\u00e9lange dans un r\u00e9cipient non m\u00e9tallique, en proportion 1:1,5 pour la s\u00e9rie \u00ab naturels \u00bb, et en proportion 1:3 pour la s\u00e9rie \u00ab super \u00e9claircissant \u00bb.Le conseil de pro : la coloration sollicite le cuir chevelu. Terminez par un soin nourrissant.<\/div>\n<\/div>\n<div class=\"tab js-tab\">\n<h3 class=\"tab-title pdp-tabs_title js-tab-mobile-title\"><span>Ingr\u00e9dients<\/span><\/h3>\n<div class=\"tab-description pdp-tabs_description js-tab-description\">AQUA(WATER)\ufffd HYDROGEN PEROXIDE\ufffd CETEARYL ALCOHOL\ufffd LAURETH-3\ufffd CETEARETH-25\ufffd GLYCERIN\ufffd ETIDRONIC ACID\ufffd TETRASODIUM PYROPHOSPHATE\ufffd SODIUM STANNATE\ufffd POLYSORBATE-20\ufffd PARFUM (FRAGRANCE).<\/div>\n<\/div>\n<div class=\"tab js-tab\">\n<h3 class=\"tab-title pdp-tabs_title js-tab-mobile-title\"><span>Livraison et stock<\/span><\/h3>\n<div class=\"tab-description pdp-tabs_description js-tab-description\">\n<div class=\"pdp-delivery_info\">\n<div class=\"content-asset\">Livraison et d\u00e9laisRetours et remboursements<\/div>\n<\/div>\n<\/div>\n<\/div>\n<\/div>\n<\/div>\n<\/div>\n","protected":false},"excerpt":{"rendered":"<p>Points cl\u00e9s Parfum agr\u00e9able M\u00e9lange doux et cr\u00e9meux Ne colle pas 4 volum\u00e9tries Description Affichant&hellip;<\/p>\n","protected":false},"featured_media":18437,"comment_status":"open","ping_status":"closed","template":"","meta":[],"pwb-brand":[651],"product_cat":[359],"product_tag":[317,235,333],"class_list":{"0":"post-27064","1":"product","2":"type-product","3":"status-publish","4":"has-post-thumbnail","6":"pwb-brand-vitalitys","7":"product_cat-oxydant-revelateur-coloration-9","8":"product_tag-coloration","9":"product_tag-oxydant-revelateur","10":"product_tag-vitalitys","12":"first","13":"instock","14":"taxable","15":"shipping-taxable","16":"purchasable","17":"product-type-simple","18":"layout-style-3","19":"col-md-4 col-sm-4 col-xs-6","20":"col-lg-3","21":"product-style-default"},"aioseo_notices":[],"brands":[{"id":651,"name":"Vitality's","slug":"vitalitys"}],"_links":{"self":[{"href":"https:\/\/cheveuxluxe.com\/index.php\/wp-json\/wp\/v2\/product\/27064","targetHints":{"allow":["GET"]}}],"collection":[{"href":"https:\/\/cheveuxluxe.com\/index.php\/wp-json\/wp\/v2\/product"}],"about":[{"href":"https:\/\/cheveuxluxe.com\/index.php\/wp-json\/wp\/v2\/types\/product"}],"replies":[{"embeddable":true,"href":"https:\/\/cheveuxluxe.com\/index.php\/wp-json\/wp\/v2\/comments?post=27064"}],"version-history":[{"count":0,"href":"https:\/\/cheveuxluxe.com\/index.php\/wp-json\/wp\/v2\/product\/27064\/revisions"}],"wp:featuredmedia":[{"embeddable":true,"href":"https:\/\/cheveuxluxe.com\/index.php\/wp-json\/wp\/v2\/media\/18437"}],"wp:attachment":[{"href":"https:\/\/cheveuxluxe.com\/index.php\/wp-json\/wp\/v2\/media?parent=27064"}],"wp:term":[{"taxonomy":"pwb-brand","embeddable":true,"href":"https:\/\/cheveuxluxe.com\/index.php\/wp-json\/wp\/v2\/pwb-brand?post=27064"},{"taxonomy":"product_cat","embeddable":true,"href":"https:\/\/cheveuxluxe.com\/index.php\/wp-json\/wp\/v2\/product_cat?post=27064"},{"taxonomy":"product_tag","embeddable":true,"href":"https:\/\/cheveuxluxe.com\/index.php\/wp-json\/wp\/v2\/product_tag?post=27064"}],"curies":[{"name":"wp","href":"https:\/\/api.w.org\/{rel}","templated":true}]}}