{"id":27067,"date":"2024-04-09T20:41:10","date_gmt":"2024-04-09T20:41:10","guid":{"rendered":"https:\/\/cheveuxluxe.com\/index.php\/product\/xp100-light-creme-oxydante-1-8-6vol-1l\/"},"modified":"2024-04-13T14:24:33","modified_gmt":"2024-04-13T14:24:33","slug":"xp100-light-creme-oxydante-1-8-6vol-1l","status":"publish","type":"product","link":"https:\/\/cheveuxluxe.com\/index.php\/product\/xp100-light-creme-oxydante-1-8-6vol-1l\/","title":{"rendered":"XP100 Light Cr\u00e8me Oxydante 1.8%-6Vol 1L"},"content":{"rendered":"<div class=\"product-content_bottom\">\n<div class=\"pdp-info\">\n<div class=\"pdp-tabs tab-container\">\n<div class=\"tab js-tab\">\n<h3 class=\"tab-title pdp-tabs_title js-tab-mobile-title open\"><span>Points cl\u00e9s<\/span><\/h3>\n<div class=\"tab-description pdp-tabs_description js-tab-description open\" itemprop=\"description\">\n<ul>\n<li>Cr\u00e8me Oxydante sp\u00e9ciale \u00e0 utiliser avec les couleurs de cheveux XP100 Intense.<\/li>\n<li>Garantit des r\u00e9sultats de couleur optimaux et une longue durabilit\u00e9.<\/li>\n<\/ul>\n<\/div>\n<\/div>\n<div class=\"tab js-tab\">\n<h3 class=\"tab-title pdp-tabs_title js-tab-mobile-title\"><span>Description<\/span><\/h3>\n<div class=\"tab-description pdp-tabs_description js-tab-description\" itemprop=\"description\">XP100 Intense Cr\u00e8me Oxydante est un peroxyde d\u2019hydrog\u00e8ne stabilis\u00e9 qui se pr\u00eate \u00e0 toutes les colorations d\u2019oxydation et \u00e0 toutes les d\u00e9colorations.<br \/>Disponible en volume 10, 20, 30 et 40 (3%, 6%, 9% et 12%).<\/div>\n<\/div>\n<div class=\"tab js-tab\">\n<h3 class=\"tab-title pdp-tabs_title js-tab-mobile-title\"><span>Mode d&#8217;emploi<\/span><\/h3>\n<div class=\"tab-description pdp-tabs_description js-tab-description\">M\u00e9langer selon les instructions d&rsquo;utilisation respectives avec le produit colorant ou d\u00e9colorant dans un bol non m\u00e9tallique.<\/div>\n<\/div>\n<div class=\"tab js-tab\">\n<h3 class=\"tab-title pdp-tabs_title js-tab-mobile-title\"><span>Ingr\u00e9dients<\/span><\/h3>\n<div class=\"tab-description pdp-tabs_description js-tab-description\">Aqua, Hydrogen Peroxide, Cetyl Alcohol, Stearyl Alcohol, Ceteth-24, Oleamide Dea, Ceteareth-25, Paraffinum Liquidum, Microcrystalline Wax, Paraffin, Polyquaternium-10, Phosphoric Acid, Sodium Stannate, Tetrasodium Pyrophosphate, Pentasodium Pentetate<\/div>\n<\/div>\n<div class=\"tab js-tab\">\n<h3 class=\"tab-title pdp-tabs_title js-tab-mobile-title\"><span>Livraison et stock<\/span><\/h3>\n<div class=\"tab-description pdp-tabs_description js-tab-description\">\n<div class=\"pdp-delivery_info\">\n<div class=\"content-asset\">Livraison et d\u00e9laisRetours et remboursements<\/div>\n<\/div>\n<\/div>\n<\/div>\n<div class=\"tab js-tab\">\n<h3 class=\"tab-title pdp-tabs_title js-tab-mobile-title\"><span>Pr\u00e9cautions d&#8217;emploi<\/span><\/h3>\n<div class=\"tab-description pdp-tabs_description js-tab-description\">R\u00e9serv\u00e9 \u00e0 l\u2019usage professionnel.<br \/>Contient du Peroxyde d\u2019Hydrog\u00e8ne.<br \/>Porter des gants appropri\u00e9s.<br \/>\u00c9viter le contact avec les yeux. Rincer imm\u00e9diatement les yeux si le produit entre en contact avec ceux-ci.<br \/>Conserver hors de port\u00e9e des enfants.<br \/>Usage externe uniquement.<br \/>A conserver \u00e0 un endroit sec et frais.<br \/>A conserver \u00e0 l\u2019abri du soleil.<\/div>\n<\/div>\n<\/div>\n<\/div>\n<\/div>\n","protected":false},"excerpt":{"rendered":"<p>Points cl\u00e9s Cr\u00e8me Oxydante sp\u00e9ciale \u00e0 utiliser avec les couleurs de cheveux XP100 Intense. Garantit&hellip;<\/p>\n","protected":false},"featured_media":18460,"comment_status":"open","ping_status":"closed","template":"","meta":[],"pwb-brand":[627],"product_cat":[617],"product_tag":[274,273,360],"class_list":{"0":"post-27067","1":"product","2":"type-product","3":"status-publish","4":"has-post-thumbnail","6":"pwb-brand-xp100","7":"product_cat-coiffure","8":"product_tag-coiffure","9":"product_tag-vegan","10":"product_tag-xp100","12":"first","13":"instock","14":"taxable","15":"shipping-taxable","16":"purchasable","17":"product-type-simple","18":"layout-style-3","19":"col-md-4 col-sm-4 col-xs-6","20":"col-lg-3","21":"product-style-default"},"aioseo_notices":[],"brands":[{"id":627,"name":"XP100","slug":"xp100"}],"_links":{"self":[{"href":"https:\/\/cheveuxluxe.com\/index.php\/wp-json\/wp\/v2\/product\/27067","targetHints":{"allow":["GET"]}}],"collection":[{"href":"https:\/\/cheveuxluxe.com\/index.php\/wp-json\/wp\/v2\/product"}],"about":[{"href":"https:\/\/cheveuxluxe.com\/index.php\/wp-json\/wp\/v2\/types\/product"}],"replies":[{"embeddable":true,"href":"https:\/\/cheveuxluxe.com\/index.php\/wp-json\/wp\/v2\/comments?post=27067"}],"version-history":[{"count":0,"href":"https:\/\/cheveuxluxe.com\/index.php\/wp-json\/wp\/v2\/product\/27067\/revisions"}],"wp:featuredmedia":[{"embeddable":true,"href":"https:\/\/cheveuxluxe.com\/index.php\/wp-json\/wp\/v2\/media\/18460"}],"wp:attachment":[{"href":"https:\/\/cheveuxluxe.com\/index.php\/wp-json\/wp\/v2\/media?parent=27067"}],"wp:term":[{"taxonomy":"pwb-brand","embeddable":true,"href":"https:\/\/cheveuxluxe.com\/index.php\/wp-json\/wp\/v2\/pwb-brand?post=27067"},{"taxonomy":"product_cat","embeddable":true,"href":"https:\/\/cheveuxluxe.com\/index.php\/wp-json\/wp\/v2\/product_cat?post=27067"},{"taxonomy":"product_tag","embeddable":true,"href":"https:\/\/cheveuxluxe.com\/index.php\/wp-json\/wp\/v2\/product_tag?post=27067"}],"curies":[{"name":"wp","href":"https:\/\/api.w.org\/{rel}","templated":true}]}}