{"id":27071,"date":"2024-04-09T20:41:25","date_gmt":"2024-04-09T20:41:25","guid":{"rendered":"https:\/\/cheveuxluxe.com\/index.php\/product\/loreal-professionnel-blond-studio-oil-developer-oxydant-specifique-huile-9-30vol-1l\/"},"modified":"2024-04-13T13:39:03","modified_gmt":"2024-04-13T13:39:03","slug":"loreal-professionnel-blond-studio-oil-developer-oxydant-specifique-huile-9-30vol-1l","status":"publish","type":"product","link":"https:\/\/cheveuxluxe.com\/index.php\/product\/loreal-professionnel-blond-studio-oil-developer-oxydant-specifique-huile-9-30vol-1l\/","title":{"rendered":"L&rsquo;Or\u00e9al Professionnel Blond Studio Oil-Developer Oxydant Sp\u00e9cifique Huile 9%-30Vol 1L"},"content":{"rendered":"<div class=\"product-content_bottom\">\n<div class=\"pdp-info\">\n<div class=\"pdp-tabs tab-container\">\n<div class=\"tab js-tab\">\n<h3 class=\"tab-title pdp-tabs_title js-tab-mobile-title open\"><span>Points cl\u00e9s<\/span><\/h3>\n<div class=\"tab-description pdp-tabs_description js-tab-description open\" itemprop=\"description\">\n<ul>\n<li>Enrichis \u00e0 l&rsquo;huile<\/li>\n<li>Pour bases fonc\u00e9s<\/li>\n<li>\u00c0 utiliser avec la poudre d\u00e9colorante Blond Studio 9<\/li>\n<\/ul>\n<\/div>\n<\/div>\n<div class=\"tab js-tab\">\n<h3 class=\"tab-title pdp-tabs_title js-tab-mobile-title\"><span>Description<\/span><\/h3>\n<div class=\"tab-description pdp-tabs_description js-tab-description\" itemprop=\"description\">Oxydant sp\u00e9cifique \u00e0 base d&rsquo;huile \u00e0 m\u00e9langer avec la poudre Blond Studio 9. \u00c0 utiliser sur les bases fonc\u00e9es (&lt;4) et sur des cheveux r\u00e9sistants. Ne pas utiliser sur le cuir chevelu.<\/div>\n<\/div>\n<div class=\"tab js-tab\">\n<h3 class=\"tab-title pdp-tabs_title js-tab-mobile-title\"><span>Mode d&#8217;emploi<\/span><\/h3>\n<div class=\"tab-description pdp-tabs_description js-tab-description\">Synergie parfaite avec la poudre Blond Studio 9.<br \/>Recommandations :<br \/> \u00c9viter le contact du produit avec les yeux.<br \/>Rincer imm\u00e9diatement les yeux si le produit entre en contact avec les yeux.<br \/>Porter des gants mono-usage de pr\u00e9f\u00e9rence. <br \/>Conserve debout \u00e0 l&rsquo;abri de la chaleur et de la lumi\u00e8re.<\/div>\n<\/div>\n<div class=\"tab js-tab\">\n<h3 class=\"tab-title pdp-tabs_title js-tab-mobile-title\"><span>Ingr\u00e9dients<\/span><\/h3>\n<div class=\"tab-description pdp-tabs_description js-tab-description\">AQUA \/ WATER, PARAFFINUM LIQUIDUM \/ MINERAL OIL, HYDROGEN PEROXIDE, CETEARYL ALCOHOL, SODIUM CETEARYL SULFATE, SODIUM SALICYLATE, SODIUM SULFATE, PEG-40 HYDROGENATED CASTOR OIL, PHOSPHORIC ACID, TETRASODIUM ETIDRONATE, TETRASODIUM PYROPHOSPHATE<\/div>\n<\/div>\n<div class=\"tab js-tab\">\n<h3 class=\"tab-title pdp-tabs_title js-tab-mobile-title\"><span>Livraison et stock<\/span><\/h3>\n<div class=\"tab-description pdp-tabs_description js-tab-description\">\n<div class=\"pdp-delivery_info\">\n<div class=\"content-asset\">Livraison et d\u00e9laisRetours et remboursements<\/div>\n<\/div>\n<\/div>\n<\/div>\n<div class=\"tab js-tab\">\n<h3 class=\"tab-title pdp-tabs_title js-tab-mobile-title\"><span>Pr\u00e9cautions d&#8217;emploi<\/span><\/h3>\n<div class=\"tab-description pdp-tabs_description js-tab-description\">\u00c9viter le contact du produit avec la peau et les yeux.<br \/>Rincer imm\u00e9diatement et abondamment en cas de contact avec ceux-ci.<br \/>Porter des gants appropri\u00e9s mono-usage.<br \/>Conserver debout \u00e0 l\u2019abri de la chaleur et de la lumi\u00e8re.<br \/>Produit con\u00e7u pour un usage professionnel.<\/div>\n<\/div>\n<\/div>\n<\/div>\n<\/div>\n","protected":false},"excerpt":{"rendered":"<p>Points cl\u00e9s Enrichis \u00e0 l&rsquo;huile Pour bases fonc\u00e9s \u00c0 utiliser avec la poudre d\u00e9colorante Blond&hellip;<\/p>\n","protected":false},"featured_media":18264,"comment_status":"open","ping_status":"closed","template":"","meta":[],"pwb-brand":[649],"product_cat":[359],"product_tag":[317,325,235],"class_list":{"0":"post-27071","1":"product","2":"type-product","3":"status-publish","4":"has-post-thumbnail","6":"pwb-brand-loreal-professionnel","7":"product_cat-oxydant-revelateur-coloration-9","8":"product_tag-coloration","9":"product_tag-loreal-professionnel","10":"product_tag-oxydant-revelateur","12":"first","13":"instock","14":"taxable","15":"shipping-taxable","16":"purchasable","17":"product-type-simple","18":"layout-style-3","19":"col-md-4 col-sm-4 col-xs-6","20":"col-lg-3","21":"product-has-gallery","22":"product-style-default"},"aioseo_notices":[],"brands":[{"id":649,"name":"L'Or\u00e9al Professionnel","slug":"loreal-professionnel"}],"_links":{"self":[{"href":"https:\/\/cheveuxluxe.com\/index.php\/wp-json\/wp\/v2\/product\/27071","targetHints":{"allow":["GET"]}}],"collection":[{"href":"https:\/\/cheveuxluxe.com\/index.php\/wp-json\/wp\/v2\/product"}],"about":[{"href":"https:\/\/cheveuxluxe.com\/index.php\/wp-json\/wp\/v2\/types\/product"}],"replies":[{"embeddable":true,"href":"https:\/\/cheveuxluxe.com\/index.php\/wp-json\/wp\/v2\/comments?post=27071"}],"version-history":[{"count":0,"href":"https:\/\/cheveuxluxe.com\/index.php\/wp-json\/wp\/v2\/product\/27071\/revisions"}],"wp:featuredmedia":[{"embeddable":true,"href":"https:\/\/cheveuxluxe.com\/index.php\/wp-json\/wp\/v2\/media\/18264"}],"wp:attachment":[{"href":"https:\/\/cheveuxluxe.com\/index.php\/wp-json\/wp\/v2\/media?parent=27071"}],"wp:term":[{"taxonomy":"pwb-brand","embeddable":true,"href":"https:\/\/cheveuxluxe.com\/index.php\/wp-json\/wp\/v2\/pwb-brand?post=27071"},{"taxonomy":"product_cat","embeddable":true,"href":"https:\/\/cheveuxluxe.com\/index.php\/wp-json\/wp\/v2\/product_cat?post=27071"},{"taxonomy":"product_tag","embeddable":true,"href":"https:\/\/cheveuxluxe.com\/index.php\/wp-json\/wp\/v2\/product_tag?post=27071"}],"curies":[{"name":"wp","href":"https:\/\/api.w.org\/{rel}","templated":true}]}}