{"id":27077,"date":"2024-04-09T20:41:29","date_gmt":"2024-04-09T20:41:29","guid":{"rendered":"https:\/\/cheveuxluxe.com\/index.php\/product\/schwarzkopf-professional-blond-me-revelateur-premium-1l\/"},"modified":"2024-04-13T13:46:12","modified_gmt":"2024-04-13T13:46:12","slug":"schwarzkopf-professional-blond-me-revelateur-premium-1l","status":"publish","type":"product","link":"https:\/\/cheveuxluxe.com\/index.php\/product\/schwarzkopf-professional-blond-me-revelateur-premium-1l\/","title":{"rendered":"Schwarzkopf Professional Blond Me R\u00e9v\u00e9lateur Premium 1L"},"content":{"rendered":"<div class=\"product-content_bottom\">\n<div class=\"pdp-info\">\n<div class=\"pdp-tabs tab-container\">\n<div class=\"tab js-tab\">\n<h3 class=\"tab-title pdp-tabs_title js-tab-mobile-title open\"><span>Points cl\u00e9s<\/span><\/h3>\n<div class=\"tab-description pdp-tabs_description js-tab-description open\" itemprop=\"description\">\n<ul>\n<li>Pour des looks blonds sophistiqu\u00e9s avec jusqu&rsquo;\u00e0 4 niveaux de lift et un r\u00e9sultat optimal de m\u00e9lange de blancs.<\/li>\n<li>Performance de coloration maximale et soin am\u00e9lior\u00e9.<\/li>\n<li>Syst\u00e8me de r\u00e9v\u00e9lateur \u00e0 l&rsquo;huile pour un soin sp\u00e9cial<\/li>\n<\/ul>\n<\/div>\n<\/div>\n<div class=\"tab js-tab\">\n<h3 class=\"tab-title pdp-tabs_title js-tab-mobile-title\"><span>Mode d&#8217;emploi<\/span><\/h3>\n<div class=\"tab-description pdp-tabs_description js-tab-description\">M\u00e9langer le R\u00e9v\u00e9lateur Premium avec les Cr\u00e8mes Blondeur ou les Poudres D\u00e9colorantes Blond Me en quantit\u00e9 indiqu\u00e9e sur l&#8217;emballage<\/div>\n<\/div>\n<div class=\"tab js-tab\">\n<h3 class=\"tab-title pdp-tabs_title js-tab-mobile-title\"><span>Ingr\u00e9dients<\/span><\/h3>\n<div class=\"tab-description pdp-tabs_description js-tab-description\">Aqua (Water, Eau),Paraffinum Liquidum (Mineral Oil, Huile Min\u00e9rale),Hydrogen Peroxide,Cetearyl Alcohol,PEG-40 Castor Oil,Sodium Cetearyl Sulfate,Etidronic Acid,Potassium Hydroxide,2,6-Dicarboxypyridine,Disodium Pyrophosphate,Sodium Benzoate,Sodium Sulfate<\/div>\n<\/div>\n<div class=\"tab js-tab\">\n<h3 class=\"tab-title pdp-tabs_title js-tab-mobile-title\"><span>Livraison et stock<\/span><\/h3>\n<div class=\"tab-description pdp-tabs_description js-tab-description\">\n<div class=\"pdp-delivery_info\">\n<div class=\"content-asset\">Livraison et d\u00e9laisRetours et remboursements<\/div>\n<\/div>\n<\/div>\n<\/div>\n<div class=\"tab js-tab\">\n<h3 class=\"tab-title pdp-tabs_title js-tab-mobile-title\"><span>Pr\u00e9cautions d&#8217;emploi<\/span><\/h3>\n<div class=\"tab-description pdp-tabs_description js-tab-description\">Pour usage professionnel seulement. Les colorants pour les cheveux peuvent entra\u00eener des r\u00e9actions allergiques graves. Lire et suivre les consignes. Ce produit n&rsquo;est pas pr\u00e9vu pour \u00eatre utilis\u00e9 sur des personnes \u00e2g\u00e9es de moins de 16 ans. Les tatouages temporaires au henn\u00e9 noir peuvent augmenter le risque d&rsquo;allergie. Ne colorez pas vos cheveux si : \u2013 vous avez des rougeurs sur le visage, un cuir chevelu sensible, irrit\u00e9 ou ab\u00eem\u00e9, \u2013 vous avez d\u00e9j\u00e0 eu une r\u00e9action apr\u00e8s avoir color\u00e9 vos cheveux, \u2013 vous avez eu une r\u00e9action \u00e0 un tatouage temporaire au henn\u00e9 noir par le pass\u00e9. Tenir hors de port\u00e9e des enfants. \u00c9viter tout contact avec les yeux. En cas de contact du produit avec les yeux, rincer imm\u00e9diatement. Ne pas utiliser pour colorer vos cils ou sourcils. Bien rincer les cheveux apr\u00e8s application. Porter des gants appropri\u00e9s.<\/div>\n<\/div>\n<\/div>\n<\/div>\n<\/div>\n","protected":false},"excerpt":{"rendered":"<p>Points cl\u00e9s Pour des looks blonds sophistiqu\u00e9s avec jusqu&rsquo;\u00e0 4 niveaux de lift et un&hellip;<\/p>\n","protected":false},"featured_media":27076,"comment_status":"open","ping_status":"closed","template":"","meta":[],"pwb-brand":[646],"product_cat":[503],"product_tag":[168,169,319],"class_list":{"0":"post-27077","1":"product","2":"type-product","3":"status-publish","4":"has-post-thumbnail","6":"pwb-brand-schwarzkopf-professional","7":"product_cat-materiel-de-coiffure-equipement-de-salon-22","8":"product_tag-equipement-de-salon","9":"product_tag-materiel-de-coiffure","10":"product_tag-schwarzkopf-professional","12":"first","13":"instock","14":"taxable","15":"shipping-taxable","16":"purchasable","17":"product-type-simple","18":"layout-style-3","19":"col-md-4 col-sm-4 col-xs-6","20":"col-lg-3","21":"product-style-default"},"aioseo_notices":[],"brands":[{"id":646,"name":"Schwarzkopf Professional","slug":"schwarzkopf-professional"}],"_links":{"self":[{"href":"https:\/\/cheveuxluxe.com\/index.php\/wp-json\/wp\/v2\/product\/27077","targetHints":{"allow":["GET"]}}],"collection":[{"href":"https:\/\/cheveuxluxe.com\/index.php\/wp-json\/wp\/v2\/product"}],"about":[{"href":"https:\/\/cheveuxluxe.com\/index.php\/wp-json\/wp\/v2\/types\/product"}],"replies":[{"embeddable":true,"href":"https:\/\/cheveuxluxe.com\/index.php\/wp-json\/wp\/v2\/comments?post=27077"}],"version-history":[{"count":0,"href":"https:\/\/cheveuxluxe.com\/index.php\/wp-json\/wp\/v2\/product\/27077\/revisions"}],"wp:featuredmedia":[{"embeddable":true,"href":"https:\/\/cheveuxluxe.com\/index.php\/wp-json\/wp\/v2\/media\/27076"}],"wp:attachment":[{"href":"https:\/\/cheveuxluxe.com\/index.php\/wp-json\/wp\/v2\/media?parent=27077"}],"wp:term":[{"taxonomy":"pwb-brand","embeddable":true,"href":"https:\/\/cheveuxluxe.com\/index.php\/wp-json\/wp\/v2\/pwb-brand?post=27077"},{"taxonomy":"product_cat","embeddable":true,"href":"https:\/\/cheveuxluxe.com\/index.php\/wp-json\/wp\/v2\/product_cat?post=27077"},{"taxonomy":"product_tag","embeddable":true,"href":"https:\/\/cheveuxluxe.com\/index.php\/wp-json\/wp\/v2\/product_tag?post=27077"}],"curies":[{"name":"wp","href":"https:\/\/api.w.org\/{rel}","templated":true}]}}