{"id":27083,"date":"2024-04-09T20:41:33","date_gmt":"2024-04-09T20:41:33","guid":{"rendered":"https:\/\/cheveuxluxe.com\/index.php\/product\/redken-shades-eq-oxydant-gc-1l\/"},"modified":"2024-04-13T13:39:08","modified_gmt":"2024-04-13T13:39:08","slug":"redken-shades-eq-oxydant-gc-1l","status":"publish","type":"product","link":"https:\/\/cheveuxluxe.com\/index.php\/product\/redken-shades-eq-oxydant-gc-1l\/","title":{"rendered":"REDKEN Shades EQ Oxydant GC 1L"},"content":{"rendered":"<div class=\"product-content_bottom\">\n<div class=\"pdp-info\">\n<div class=\"pdp-tabs tab-container\">\n<div class=\"tab js-tab\">\n<h3 class=\"tab-title pdp-tabs_title js-tab-mobile-title open\"><span>Points cl\u00e9s<\/span><\/h3>\n<div class=\"tab-description pdp-tabs_description js-tab-description open\" itemprop=\"description\">\n<ul>\n<li>Texture fluide<\/li>\n<li>Pour Shades EQ Gloss<\/li>\n<li>Application rapide<\/li>\n<\/ul>\n<\/div>\n<\/div>\n<div class=\"tab js-tab\">\n<h3 class=\"tab-title pdp-tabs_title js-tab-mobile-title\"><span>Description<\/span><\/h3>\n<div class=\"tab-description pdp-tabs_description js-tab-description\" itemprop=\"description\">FORMULE GLOSS \u00c0 GEL PARFAITE LORSQU&rsquo;UN CONTR\u00d4LE ACCRU EST N\u00c9CESSAIRE.<\/p>\n<p>SEQ GLOSS MIXING 1+1 AVEC PROCESSING SOLUTION 20 MIN.<br \/>POUR UN BLENDING 15MIN SANS APPORT DE CHALEUR + 5MIN \u00c0 TEMPERATURE AMBIANTE.<br \/>EMPLOYER LES NUANCES NB POUR UNE MEILLEURE COUVERTURE.<br \/>0= PAS D\u2019\u00c9CLAIRCISSEMENT DE LA HT NATURELLE.<br \/>APPLIQUER SUR CHEVEUX SECS POUR UNE MEILLEURE TENUE ET R\u00c9SULTAT.<\/div>\n<\/div>\n<div class=\"tab js-tab\">\n<h3 class=\"tab-title pdp-tabs_title js-tab-mobile-title\"><span>Mode d&#8217;emploi<\/span><\/h3>\n<div class=\"tab-description pdp-tabs_description js-tab-description\">APPLIQUER SUR CHEVEUX SECS POUR UNE MEILLEURE TENUE ET R\u00c9SULTAT.<br \/>D\u00c9VELOPPEUR SP\u00c9CIFIQUE SHADES EQ GLOSS.<br \/>TEXTURE FLUIDE PARFAITE POUR UNE APPLICATION RAPIDE AU BIBERON<\/div>\n<\/div>\n<div class=\"tab js-tab\">\n<h3 class=\"tab-title pdp-tabs_title js-tab-mobile-title\"><span>Ingr\u00e9dients<\/span><\/h3>\n<div class=\"tab-description pdp-tabs_description js-tab-description\">INGR\u00c9DIENTS ACTIFS<br \/>PEROXYDE D\u2019HYDROG\u00c8NE 2 %<br \/>\u00c9LABOR\u00c9 SP\u00c9CIFIQUEMENT POUR CONSERVER UN PH ACIDE ET STABILISER LA VISCOSIT\u00c9<\/div>\n<\/div>\n<div class=\"tab js-tab\">\n<h3 class=\"tab-title pdp-tabs_title js-tab-mobile-title\"><span>Livraison et stock<\/span><\/h3>\n<div class=\"tab-description pdp-tabs_description js-tab-description\">\n<div class=\"pdp-delivery_info\">\n<div class=\"content-asset\">Livraison et d\u00e9laisRetours et remboursements<\/div>\n<\/div>\n<\/div>\n<\/div>\n<\/div>\n<\/div>\n<\/div>\n","protected":false},"excerpt":{"rendered":"<p>Points cl\u00e9s Texture fluide Pour Shades EQ Gloss Application rapide Description FORMULE GLOSS \u00c0 GEL&hellip;<\/p>\n","protected":false},"featured_media":18690,"comment_status":"open","ping_status":"closed","template":"","meta":[],"pwb-brand":[647],"product_cat":[359],"product_tag":[317,235,321],"class_list":{"0":"post-27083","1":"product","2":"type-product","3":"status-publish","4":"has-post-thumbnail","6":"pwb-brand-redken","7":"product_cat-oxydant-revelateur-coloration-9","8":"product_tag-coloration","9":"product_tag-oxydant-revelateur","10":"product_tag-redken","12":"first","13":"instock","14":"taxable","15":"shipping-taxable","16":"purchasable","17":"product-type-simple","18":"layout-style-3","19":"col-md-4 col-sm-4 col-xs-6","20":"col-lg-3","21":"product-style-default"},"aioseo_notices":[],"brands":[{"id":647,"name":"Redken","slug":"redken"}],"_links":{"self":[{"href":"https:\/\/cheveuxluxe.com\/index.php\/wp-json\/wp\/v2\/product\/27083","targetHints":{"allow":["GET"]}}],"collection":[{"href":"https:\/\/cheveuxluxe.com\/index.php\/wp-json\/wp\/v2\/product"}],"about":[{"href":"https:\/\/cheveuxluxe.com\/index.php\/wp-json\/wp\/v2\/types\/product"}],"replies":[{"embeddable":true,"href":"https:\/\/cheveuxluxe.com\/index.php\/wp-json\/wp\/v2\/comments?post=27083"}],"version-history":[{"count":0,"href":"https:\/\/cheveuxluxe.com\/index.php\/wp-json\/wp\/v2\/product\/27083\/revisions"}],"wp:featuredmedia":[{"embeddable":true,"href":"https:\/\/cheveuxluxe.com\/index.php\/wp-json\/wp\/v2\/media\/18690"}],"wp:attachment":[{"href":"https:\/\/cheveuxluxe.com\/index.php\/wp-json\/wp\/v2\/media?parent=27083"}],"wp:term":[{"taxonomy":"pwb-brand","embeddable":true,"href":"https:\/\/cheveuxluxe.com\/index.php\/wp-json\/wp\/v2\/pwb-brand?post=27083"},{"taxonomy":"product_cat","embeddable":true,"href":"https:\/\/cheveuxluxe.com\/index.php\/wp-json\/wp\/v2\/product_cat?post=27083"},{"taxonomy":"product_tag","embeddable":true,"href":"https:\/\/cheveuxluxe.com\/index.php\/wp-json\/wp\/v2\/product_tag?post=27083"}],"curies":[{"name":"wp","href":"https:\/\/api.w.org\/{rel}","templated":true}]}}