{"id":27086,"date":"2024-04-09T20:41:34","date_gmt":"2024-04-09T20:41:34","guid":{"rendered":"https:\/\/cheveuxluxe.com\/index.php\/product\/paul-mitchell-oxydant-creme-6-20vol-1l\/"},"modified":"2024-04-13T13:39:10","modified_gmt":"2024-04-13T13:39:10","slug":"paul-mitchell-oxydant-creme-6-20vol-1l","status":"publish","type":"product","link":"https:\/\/cheveuxluxe.com\/index.php\/product\/paul-mitchell-oxydant-creme-6-20vol-1l\/","title":{"rendered":"Paul Mitchell Oxydant Cr\u00e8me 6%-20Vol 1L"},"content":{"rendered":"<div class=\"product-content_bottom\">\n<div class=\"pdp-info\">\n<div class=\"pdp-tabs tab-container\">\n<div class=\"tab js-tab\">\n<h3 class=\"tab-title pdp-tabs_title js-tab-mobile-title open\"><span>Points cl\u00e9s<\/span><\/h3>\n<div class=\"tab-description pdp-tabs_description js-tab-description open\" itemprop=\"description\">\n<ul>\n<li>Repigmentation<\/li>\n<li>Eclaircissant<\/li>\n<li>Coloration<\/li>\n<li>D\u00e9coloration<\/li>\n<li>Oxydation<\/li>\n<\/ul>\n<\/div>\n<\/div>\n<div class=\"tab js-tab\">\n<h3 class=\"tab-title pdp-tabs_title js-tab-mobile-title\"><span>Description<\/span><\/h3>\n<div class=\"tab-description pdp-tabs_description js-tab-description\" itemprop=\"description\">Afin d\u2019obtenir une teinte artificielle au plus proche de la couleur d\u00e9sir\u00e9e, il est indispensable de choisir l\u2019oxydant ad\u00e9quat. L\u2019oxydant cr\u00e8me 6\u00a0% &#8211; 20 volumes de Paul Mitchell est id\u00e9al pour un \u00e9claircissement de 2 tons de la base naturelle du cheveu avant l\u2019action de la coloration.<\/p>\n<p>Les \u00e9cailles s\u2019ouvrent doucement et laissent l\u2019oxydant p\u00e9n\u00e9trer au c\u0153ur de la fibre. Cela permet de supprimer les pigments naturels trop fonc\u00e9s, et assurer une bonne fixation de la couleur artificielle.<\/p>\n<p>Par ce principe chimique, la coloration ou la d\u00e9coloration pr\u00e9alablement m\u00e9lang\u00e9e avec la cr\u00e8me oxydante adh\u00e8re mieux et plus durablement au c\u0153ur du cheveu.<\/p><\/div>\n<\/div>\n<div class=\"tab js-tab\">\n<h3 class=\"tab-title pdp-tabs_title js-tab-mobile-title\"><span>Mode d&#8217;emploi<\/span><\/h3>\n<div class=\"tab-description pdp-tabs_description js-tab-description\">M\u00e9langez avec soin la quantit\u00e9 de cr\u00e8me oxydante pr\u00e9conis\u00e9e pour le colorant ou le d\u00e9colorant choisi. <br \/>Appliquez la pr\u00e9paration sur les racines en commen\u00e7ant par la nuque et en remontant progressivement vers le front.<br \/>Laissez agir le temps ad\u00e9quat avant d\u2019appliquer sur les pointes. Rincer soigneusement avant le shampoing neutralisant.<\/p>\n<p>\u00c0 utiliser exclusivement avec la gamme colorante ou d\u00e9colorante Paul Mitchell.<\/p><\/div>\n<\/div>\n<div class=\"tab js-tab\">\n<h3 class=\"tab-title pdp-tabs_title js-tab-mobile-title\"><span>Ingr\u00e9dients<\/span><\/h3>\n<div class=\"tab-description pdp-tabs_description js-tab-description\">Aqua (Water, Eau), Hydrogen Peroxide, Decyl Oleate, Stearyl Alcohol, Cetyl Alcohol, PEG-40 Castor Oil, Phosphoric Acid, Sodium Cetearyl Sulfate, Tetrasodium EDTA, Tetrasodium Pyrophosphate<\/div>\n<\/div>\n<div class=\"tab js-tab\">\n<h3 class=\"tab-title pdp-tabs_title js-tab-mobile-title\"><span>Livraison et stock<\/span><\/h3>\n<div class=\"tab-description pdp-tabs_description js-tab-description\">\n<div class=\"pdp-delivery_info\">\n<div class=\"content-asset\">Livraison et d\u00e9laisRetours et remboursements<\/div>\n<\/div>\n<\/div>\n<\/div>\n<\/div>\n<\/div>\n<\/div>\n","protected":false},"excerpt":{"rendered":"<p>Points cl\u00e9s Repigmentation Eclaircissant Coloration D\u00e9coloration Oxydation Description Afin d\u2019obtenir une teinte artificielle au plus&hellip;<\/p>\n","protected":false},"featured_media":18642,"comment_status":"open","ping_status":"closed","template":"","meta":[],"pwb-brand":[660],"product_cat":[359],"product_tag":[317,235,373],"class_list":{"0":"post-27086","1":"product","2":"type-product","3":"status-publish","4":"has-post-thumbnail","6":"pwb-brand-paul-mitchell","7":"product_cat-oxydant-revelateur-coloration-9","8":"product_tag-coloration","9":"product_tag-oxydant-revelateur","10":"product_tag-paul-mitchell","12":"first","13":"instock","14":"taxable","15":"shipping-taxable","16":"purchasable","17":"product-type-simple","18":"layout-style-3","19":"col-md-4 col-sm-4 col-xs-6","20":"col-lg-3","21":"product-style-default"},"aioseo_notices":[],"brands":[{"id":660,"name":"Paul Mitchell","slug":"paul-mitchell"}],"_links":{"self":[{"href":"https:\/\/cheveuxluxe.com\/index.php\/wp-json\/wp\/v2\/product\/27086","targetHints":{"allow":["GET"]}}],"collection":[{"href":"https:\/\/cheveuxluxe.com\/index.php\/wp-json\/wp\/v2\/product"}],"about":[{"href":"https:\/\/cheveuxluxe.com\/index.php\/wp-json\/wp\/v2\/types\/product"}],"replies":[{"embeddable":true,"href":"https:\/\/cheveuxluxe.com\/index.php\/wp-json\/wp\/v2\/comments?post=27086"}],"version-history":[{"count":0,"href":"https:\/\/cheveuxluxe.com\/index.php\/wp-json\/wp\/v2\/product\/27086\/revisions"}],"wp:featuredmedia":[{"embeddable":true,"href":"https:\/\/cheveuxluxe.com\/index.php\/wp-json\/wp\/v2\/media\/18642"}],"wp:attachment":[{"href":"https:\/\/cheveuxluxe.com\/index.php\/wp-json\/wp\/v2\/media?parent=27086"}],"wp:term":[{"taxonomy":"pwb-brand","embeddable":true,"href":"https:\/\/cheveuxluxe.com\/index.php\/wp-json\/wp\/v2\/pwb-brand?post=27086"},{"taxonomy":"product_cat","embeddable":true,"href":"https:\/\/cheveuxluxe.com\/index.php\/wp-json\/wp\/v2\/product_cat?post=27086"},{"taxonomy":"product_tag","embeddable":true,"href":"https:\/\/cheveuxluxe.com\/index.php\/wp-json\/wp\/v2\/product_tag?post=27086"}],"curies":[{"name":"wp","href":"https:\/\/api.w.org\/{rel}","templated":true}]}}