{"id":27089,"date":"2024-04-09T20:41:36","date_gmt":"2024-04-09T20:41:36","guid":{"rendered":"https:\/\/cheveuxluxe.com\/index.php\/product\/wella-professionals-welloxon-perfect-4-13vol-1l\/"},"modified":"2024-04-13T14:24:51","modified_gmt":"2024-04-13T14:24:51","slug":"wella-professionals-welloxon-perfect-4-13vol-1l","status":"publish","type":"product","link":"https:\/\/cheveuxluxe.com\/index.php\/product\/wella-professionals-welloxon-perfect-4-13vol-1l\/","title":{"rendered":"Wella Professionals Welloxon Perfect 4%-13Vol 1L"},"content":{"rendered":"<div class=\"product-content_bottom\">\n<div class=\"pdp-info\">\n<div class=\"pdp-tabs tab-container\">\n<div class=\"tab js-tab\">\n<h3 class=\"tab-title pdp-tabs_title js-tab-mobile-title open\"><span>Points cl\u00e9s<\/span><\/h3>\n<div class=\"tab-description pdp-tabs_description js-tab-description open\" itemprop=\"description\">\n<ul>\n<li> Sp\u00e9cialement reformul\u00e9 pour obtenir les r\u00e9sultats de couleur les plus pr\u00e9cis possible<\/li>\n<li>Coh\u00e9rence optimale avec le nouveau Koleston Perfect<\/li>\n<li>M\u00e9lange plus facile et plus rapide<\/li>\n<li>Application pr\u00e9cise et grande adh\u00e9rence \u00e0 la feuille<\/li>\n<li>Rin\u00e7age facile pour une exp\u00e9rience client agr\u00e9able <\/li>\n<\/ul>\n<\/div>\n<\/div>\n<div class=\"tab js-tab\">\n<h3 class=\"tab-title pdp-tabs_title js-tab-mobile-title\"><span>Description<\/span><\/h3>\n<div class=\"tab-description pdp-tabs_description js-tab-description\" itemprop=\"description\">Les oxydants Welloxon Perfect ont \u00e9t\u00e9 sp\u00e9cialement reformul\u00e9s pour obtenir les r\u00e9sultats de couleur les plus pr\u00e9cis et la consistance optimale lorsqu&rsquo;ils sont utilis\u00e9s en conjonction avec le nouveau Koleston Perfect Colour. Les r\u00e9v\u00e9lateurs Welloxon sont disponibles dans diff\u00e9rents volumes pour s&rsquo;adapter \u00e0 vos besoins (1,9 %, 4 %, 6 %, 9 % et 12 %). Ils offrent un m\u00e9lange plus facile et plus rapide, ainsi qu&rsquo;une excellente adh\u00e9rence de la feuille pour une application pr\u00e9cise. Facile \u00e0 rincer des cheveux, cette alliance vous offre une exp\u00e9rience client confortable et inoubliable.Lorsque vous utilisez nos produits sans les associer \u00e0 notre gamme d&rsquo;oxydant Welloxon, nous ne pouvons pas garantir les r\u00e9sultats. Nos formules sont \u00e9tudi\u00e9es et travaill\u00e9es pour fonctionner ensemble, afin de vous offrir un r\u00e9sultat optimal et satisfaisant.<\/div>\n<\/div>\n<div class=\"tab js-tab\">\n<h3 class=\"tab-title pdp-tabs_title js-tab-mobile-title\"><span>Mode d&#8217;emploi<\/span><\/h3>\n<div class=\"tab-description pdp-tabs_description js-tab-description\">R\u00e9f\u00e9rez-vous aux produits de colorations adapt\u00e9s \u00e0 votre besoin, pour vous assurer d&rsquo;une utilisation optimale et mesur\u00e9e de votre produit.<\/div>\n<\/div>\n<div class=\"tab js-tab\">\n<h3 class=\"tab-title pdp-tabs_title js-tab-mobile-title\"><span>Ingr\u00e9dients<\/span><\/h3>\n<div class=\"tab-description pdp-tabs_description js-tab-description\">Aqua, Water, Eau, Cetearyl Alcohol, Hydrogen Peroxide, Sodium Cetearyl Sulfate, Mineral Oil, Huile Min\u00e9rale, Paraffinum Liquidum, Salicylic Acid, Disodium Phosphate, Phosphoric Acid, Etidronic Acid<\/div>\n<\/div>\n<div class=\"tab js-tab\">\n<h3 class=\"tab-title pdp-tabs_title js-tab-mobile-title\"><span>Livraison et stock<\/span><\/h3>\n<div class=\"tab-description pdp-tabs_description js-tab-description\">\n<div class=\"pdp-delivery_info\">\n<div class=\"content-asset\">Livraison et d\u00e9laisRetours et remboursements<\/div>\n<\/div>\n<\/div>\n<\/div>\n<div class=\"tab js-tab\">\n<h3 class=\"tab-title pdp-tabs_title js-tab-mobile-title\"><span>Pr\u00e9cautions d&#8217;emploi<\/span><\/h3>\n<div class=\"tab-description pdp-tabs_description js-tab-description\">\u00c9viter tout contact avec les yeux.<br \/>Rincer imm\u00e9diatement si le produit entre en contact avec les yeux.Wella est en train de changer l&#8217;emballage. Il se peut donc que vous receviez l&#8217;emballage actuel ou l&rsquo;ancien emballage.Malheureusement, vous ne pourrez pas choisir lequel vous recevrez.Les pompes Wella Professionals compatibles sont actuellement disponibles qu&rsquo;en magasin.<\/div>\n<\/div>\n<\/div>\n<\/div>\n<\/div>\n","protected":false},"excerpt":{"rendered":"<p>Points cl\u00e9s Sp\u00e9cialement reformul\u00e9 pour obtenir les r\u00e9sultats de couleur les plus pr\u00e9cis possible Coh\u00e9rence&hellip;<\/p>\n","protected":false},"featured_media":18847,"comment_status":"open","ping_status":"closed","template":"","meta":[],"pwb-brand":[648],"product_cat":[617],"product_tag":[274,273,323],"class_list":{"0":"post-27089","1":"product","2":"type-product","3":"status-publish","4":"has-post-thumbnail","6":"pwb-brand-wella-professionals","7":"product_cat-coiffure","8":"product_tag-coiffure","9":"product_tag-vegan","10":"product_tag-wella-professionals","12":"first","13":"instock","14":"taxable","15":"shipping-taxable","16":"purchasable","17":"product-type-simple","18":"layout-style-3","19":"col-md-4 col-sm-4 col-xs-6","20":"col-lg-3","21":"product-style-default"},"aioseo_notices":[],"brands":[{"id":648,"name":"Wella Professionals","slug":"wella-professionals"}],"_links":{"self":[{"href":"https:\/\/cheveuxluxe.com\/index.php\/wp-json\/wp\/v2\/product\/27089","targetHints":{"allow":["GET"]}}],"collection":[{"href":"https:\/\/cheveuxluxe.com\/index.php\/wp-json\/wp\/v2\/product"}],"about":[{"href":"https:\/\/cheveuxluxe.com\/index.php\/wp-json\/wp\/v2\/types\/product"}],"replies":[{"embeddable":true,"href":"https:\/\/cheveuxluxe.com\/index.php\/wp-json\/wp\/v2\/comments?post=27089"}],"version-history":[{"count":0,"href":"https:\/\/cheveuxluxe.com\/index.php\/wp-json\/wp\/v2\/product\/27089\/revisions"}],"wp:featuredmedia":[{"embeddable":true,"href":"https:\/\/cheveuxluxe.com\/index.php\/wp-json\/wp\/v2\/media\/18847"}],"wp:attachment":[{"href":"https:\/\/cheveuxluxe.com\/index.php\/wp-json\/wp\/v2\/media?parent=27089"}],"wp:term":[{"taxonomy":"pwb-brand","embeddable":true,"href":"https:\/\/cheveuxluxe.com\/index.php\/wp-json\/wp\/v2\/pwb-brand?post=27089"},{"taxonomy":"product_cat","embeddable":true,"href":"https:\/\/cheveuxluxe.com\/index.php\/wp-json\/wp\/v2\/product_cat?post=27089"},{"taxonomy":"product_tag","embeddable":true,"href":"https:\/\/cheveuxluxe.com\/index.php\/wp-json\/wp\/v2\/product_tag?post=27089"}],"curies":[{"name":"wp","href":"https:\/\/api.w.org\/{rel}","templated":true}]}}