{"id":27097,"date":"2024-04-09T20:41:56","date_gmt":"2024-04-09T20:41:56","guid":{"rendered":"https:\/\/cheveuxluxe.com\/index.php\/product\/schwarzkopf-ig-developer-6-20vol-1l\/"},"modified":"2024-04-13T14:25:02","modified_gmt":"2024-04-13T14:25:02","slug":"schwarzkopf-ig-developer-6-20vol-1l","status":"publish","type":"product","link":"https:\/\/cheveuxluxe.com\/index.php\/product\/schwarzkopf-ig-developer-6-20vol-1l\/","title":{"rendered":"Schwarzkopf IG Developer 6%-20Vol 1L"},"content":{"rendered":"<div class=\"product-content_bottom\">\n<div class=\"pdp-info\">\n<div class=\"pdp-delivery_information\"><span class=\"pdp-delivery_label\">Information importante :<\/span> Schwarzkopf est en train de changer l&#8217;emballage de Igora. Il se peut donc que vous receviez l&#8217;emballage actuel ou l&rsquo;ancien emballage.<br \/>Malheureusement, vous ne pourrez pas choisir lequel vous recevrez.<\/div>\n<div class=\"pdp-tabs tab-container\">\n<div class=\"tab js-tab\">\n<h3 class=\"tab-title pdp-tabs_title js-tab-mobile-title open\"><span>Points cl\u00e9s<\/span><\/h3>\n<div class=\"tab-description pdp-tabs_description js-tab-description open\" itemprop=\"description\">\n<ul>\n<li> Enrichi \u00e0 l\u2019huile douce<\/li>\n<li>1 \u00e0 2 tons d&rsquo;\u00e9claircissement<\/li>\n<li>Couverture jusqu\u2019\u00e0 100 % des cheveux blancs<\/li>\n<li>Coloration durable<\/li>\n<li>Effet gainant et d\u00e9m\u00ealant <\/li>\n<\/ul>\n<\/div>\n<\/div>\n<div class=\"tab js-tab\">\n<h3 class=\"tab-title pdp-tabs_title js-tab-mobile-title\"><span>Description<\/span><\/h3>\n<div class=\"tab-description pdp-tabs_description js-tab-description\" itemprop=\"description\">Le r\u00e9v\u00e9lateur Igora Royal 6 % &#8211; 20 volumes de Schwarzkopf est sp\u00e9cifiquement \u00e9labor\u00e9 pour les colorations Schwarzkopf de la m\u00eame gamme. Sa formule permet un m\u00e9lange homog\u00e8ne et une application pr\u00e9cise.Il couvre jusqu\u2019\u00e0 100 % des cheveux blancs et assure le confort du cuir chevelu.Cette lotion r\u00e9v\u00e9latrice est enrichie \u00e0 l\u2019huile douce, qui contribue \u00e0 pr\u00e9server la fibre du cheveu. Elle contient \u00e9galement des ingr\u00e9dients de soin cationiques, que l\u2019on trouve habituellement dans les baumes apr\u00e8s-shampooing et qui garantissent un effet gainant et d\u00e9m\u00ealant.Sa force 20 volumes (6 %) permet une coloration durable, avec une couverture parfaite des cheveux blancs.<\/div>\n<\/div>\n<div class=\"tab js-tab\">\n<h3 class=\"tab-title pdp-tabs_title js-tab-mobile-title\"><span>Mode d&#8217;emploi<\/span><\/h3>\n<div class=\"tab-description pdp-tabs_description js-tab-description\">Dans un bol non m\u00e9tallique, m\u00e9langez 1 tube de coloration Igora Royal avec 60 ml de r\u00e9v\u00e9lateur.Appliquez la coloration \u00e0 l\u2019aide d\u2019un pinceau sur cheveux secs non lav\u00e9s.Laissez poser 35 \u00e0 45 minutes maximum, puis rincez abondamment \u00e0 l\u2019eau claire.Faites un test d\u2019allergie cutan\u00e9e 48 heures avant l\u2019application.<\/div>\n<\/div>\n<div class=\"tab js-tab\">\n<h3 class=\"tab-title pdp-tabs_title js-tab-mobile-title\"><span>Ingr\u00e9dients<\/span><\/h3>\n<div class=\"tab-description pdp-tabs_description js-tab-description\">Aqua, Hydrogen Peroxide, Cetearyl Alcohol, Paraffinum Liquidum, Ceteareth-20, Propylene Glycol, Etidronic Acid, 2, 6-Dicarboxypyridine, Disodium Pyrophosphate, Potassium Hydroxide, Sodium Benzoate<\/div>\n<\/div>\n<div class=\"tab js-tab\">\n<h3 class=\"tab-title pdp-tabs_title js-tab-mobile-title\"><span>Livraison et stock<\/span><\/h3>\n<div class=\"tab-description pdp-tabs_description js-tab-description\">\n<div class=\"pdp-delivery_info\">\n<div class=\"content-asset\">Livraison et d\u00e9laisRetours et remboursements<\/div>\n<\/div>\n<\/div>\n<\/div>\n<div class=\"tab js-tab\">\n<h3 class=\"tab-title pdp-tabs_title js-tab-mobile-title\"><span>Pr\u00e9cautions d&#8217;emploi<\/span><\/h3>\n<div class=\"tab-description pdp-tabs_description js-tab-description\">Contient du peroxyde d&rsquo;hydrog\u00e8ne (6 % = 20vol). \u00c9viter le contact du produit avec les yeux. Rincer imm\u00e9diatement les yeux si le produit entre en contact avec ceux-ci. Porter des gants appropri\u00e9s. Garder hors de la port\u00e9e des enfants. Suivre attentivement les instructions du mode d&#8217;emploi. Conserver \u00e0 l&rsquo;abri de la chaleur et de la lumi\u00e8re. R\u00e9serv\u00e9 aux professionnels.<\/div>\n<\/div>\n<\/div>\n<\/div>\n<\/div>\n","protected":false},"excerpt":{"rendered":"<p>Information importante : Schwarzkopf est en train de changer l&#8217;emballage de Igora. Il se peut&hellip;<\/p>\n","protected":false},"featured_media":18953,"comment_status":"open","ping_status":"closed","template":"","meta":[],"pwb-brand":[646],"product_cat":[617],"product_tag":[274,319,273],"class_list":{"0":"post-27097","1":"product","2":"type-product","3":"status-publish","4":"has-post-thumbnail","6":"pwb-brand-schwarzkopf-professional","7":"product_cat-coiffure","8":"product_tag-coiffure","9":"product_tag-schwarzkopf-professional","10":"product_tag-vegan","12":"first","13":"instock","14":"taxable","15":"shipping-taxable","16":"purchasable","17":"product-type-simple","18":"layout-style-3","19":"col-md-4 col-sm-4 col-xs-6","20":"col-lg-3","21":"product-style-default"},"aioseo_notices":[],"brands":[{"id":646,"name":"Schwarzkopf Professional","slug":"schwarzkopf-professional"}],"_links":{"self":[{"href":"https:\/\/cheveuxluxe.com\/index.php\/wp-json\/wp\/v2\/product\/27097","targetHints":{"allow":["GET"]}}],"collection":[{"href":"https:\/\/cheveuxluxe.com\/index.php\/wp-json\/wp\/v2\/product"}],"about":[{"href":"https:\/\/cheveuxluxe.com\/index.php\/wp-json\/wp\/v2\/types\/product"}],"replies":[{"embeddable":true,"href":"https:\/\/cheveuxluxe.com\/index.php\/wp-json\/wp\/v2\/comments?post=27097"}],"version-history":[{"count":0,"href":"https:\/\/cheveuxluxe.com\/index.php\/wp-json\/wp\/v2\/product\/27097\/revisions"}],"wp:featuredmedia":[{"embeddable":true,"href":"https:\/\/cheveuxluxe.com\/index.php\/wp-json\/wp\/v2\/media\/18953"}],"wp:attachment":[{"href":"https:\/\/cheveuxluxe.com\/index.php\/wp-json\/wp\/v2\/media?parent=27097"}],"wp:term":[{"taxonomy":"pwb-brand","embeddable":true,"href":"https:\/\/cheveuxluxe.com\/index.php\/wp-json\/wp\/v2\/pwb-brand?post=27097"},{"taxonomy":"product_cat","embeddable":true,"href":"https:\/\/cheveuxluxe.com\/index.php\/wp-json\/wp\/v2\/product_cat?post=27097"},{"taxonomy":"product_tag","embeddable":true,"href":"https:\/\/cheveuxluxe.com\/index.php\/wp-json\/wp\/v2\/product_tag?post=27097"}],"curies":[{"name":"wp","href":"https:\/\/api.w.org\/{rel}","templated":true}]}}