{"id":27100,"date":"2024-04-09T20:41:57","date_gmt":"2024-04-09T20:41:57","guid":{"rendered":"https:\/\/cheveuxluxe.com\/index.php\/product\/vitalitys-zero-vegan-activateur-5-4-18vol-1l\/"},"modified":"2024-04-13T13:39:14","modified_gmt":"2024-04-13T13:39:14","slug":"vitalitys-zero-vegan-activateur-5-4-18vol-1l","status":"publish","type":"product","link":"https:\/\/cheveuxluxe.com\/index.php\/product\/vitalitys-zero-vegan-activateur-5-4-18vol-1l\/","title":{"rendered":"Vitality&rsquo;s Zero Vegan Activateur 5.4%-18Vol 1L"},"content":{"rendered":"<div class=\"product-content_bottom\">\n<div class=\"pdp-info\">\n<div class=\"pdp-tabs tab-container\">\n<div class=\"tab js-tab\">\n<h3 class=\"tab-title pdp-tabs_title js-tab-mobile-title open\"><span>Points cl\u00e9s<\/span><\/h3>\n<div class=\"tab-description pdp-tabs_description js-tab-description open\" itemprop=\"description\">\n<ul>\n<li>Activateur v\u00e9gane 18 vol<\/li>\n<li>Une d\u00e9licate senteur fleurie avec une note fra\u00eeche de bergamote<\/li>\n<li>Limite les risques d\u2019irritations et d\u2019allergies<\/li>\n<\/ul>\n<\/div>\n<\/div>\n<div class=\"tab js-tab\">\n<h3 class=\"tab-title pdp-tabs_title js-tab-mobile-title\"><span>Description<\/span><\/h3>\n<div class=\"tab-description pdp-tabs_description js-tab-description\" itemprop=\"description\">Vitality&rsquo;s Zero Activateur Vegan<\/p>\n<p>Activateur v\u00e9gane*, caract\u00e9ris\u00e9 par une d\u00e9licate senteur fleurie avec une note fra\u00eeche de bergamote.<br \/>M\u00e9lang\u00e9 avec Zero Colour, le Diamond Skin Protection qui na\u00eet de l\u2019interaction entre le PCA et les substances basiques dont les colorants de Zero Colour, contribue \u00e0 diminuer le risque d\u2019irritations et d\u2019allergies.<br \/>Utiliser le 18 volumes pour couvrir et \u00e9claircir d\u2019un ton.<\/div>\n<\/div>\n<div class=\"tab js-tab\">\n<h3 class=\"tab-title pdp-tabs_title js-tab-mobile-title\"><span>Mode d&#8217;emploi<\/span><\/h3>\n<div class=\"tab-description pdp-tabs_description js-tab-description\">Utiliser le 18 volumes pour couvrir et \u00e9claircir d\u2019un ton.<\/div>\n<\/div>\n<div class=\"tab js-tab\">\n<h3 class=\"tab-title pdp-tabs_title js-tab-mobile-title\"><span>Ingr\u00e9dients<\/span><\/h3>\n<div class=\"tab-description pdp-tabs_description js-tab-description\">AQUA (WATER), HYDROGEN PEROXIDE, CETEARYL ALCOHOL,LAURETH-3, CETEARETH-25, GLYCERIN, ETIDRONIC ACID, TETRASODIUMPYROPHOSPHATE, SODIUM STANNATE, SODIUM PCA, POLYSORBATE 20,PARFUM (FRAGRANCE).<\/div>\n<\/div>\n<div class=\"tab js-tab\">\n<h3 class=\"tab-title pdp-tabs_title js-tab-mobile-title\"><span>Livraison et stock<\/span><\/h3>\n<div class=\"tab-description pdp-tabs_description js-tab-description\">\n<div class=\"pdp-delivery_info\">\n<div class=\"content-asset\">Livraison et d\u00e9laisRetours et remboursements<\/div>\n<\/div>\n<\/div>\n<\/div>\n<div class=\"tab js-tab\">\n<h3 class=\"tab-title pdp-tabs_title js-tab-mobile-title\"><span>Pr\u00e9cautions d&#8217;emploi<\/span><\/h3>\n<div class=\"tab-description pdp-tabs_description js-tab-description\">Avertissements:<br \/>Contient du peroxyde d\u2019hydrog\u00e8ne.<br \/>Eviter le contact du produit avec les yeux.<br \/>Rincer imm\u00e9diatement les yeux si le produit entre en contact avec ceux-ci.<br \/>Porter des gants appropri\u00e9s.<br \/>Conserver hors de port\u00e9e des enfants.<br \/>R\u00e9serv\u00e9 aux professionnels<\/div>\n<\/div>\n<\/div>\n<\/div>\n<\/div>\n","protected":false},"excerpt":{"rendered":"<p>Points cl\u00e9s Activateur v\u00e9gane 18 vol Une d\u00e9licate senteur fleurie avec une note fra\u00eeche de&hellip;<\/p>\n","protected":false},"featured_media":18319,"comment_status":"open","ping_status":"closed","template":"","meta":[],"pwb-brand":[651],"product_cat":[359],"product_tag":[317,235,333],"class_list":{"0":"post-27100","1":"product","2":"type-product","3":"status-publish","4":"has-post-thumbnail","6":"pwb-brand-vitalitys","7":"product_cat-oxydant-revelateur-coloration-9","8":"product_tag-coloration","9":"product_tag-oxydant-revelateur","10":"product_tag-vitalitys","12":"first","13":"instock","14":"taxable","15":"shipping-taxable","16":"purchasable","17":"product-type-simple","18":"layout-style-3","19":"col-md-4 col-sm-4 col-xs-6","20":"col-lg-3","21":"product-has-gallery","22":"product-style-default"},"aioseo_notices":[],"brands":[{"id":651,"name":"Vitality's","slug":"vitalitys"}],"_links":{"self":[{"href":"https:\/\/cheveuxluxe.com\/index.php\/wp-json\/wp\/v2\/product\/27100","targetHints":{"allow":["GET"]}}],"collection":[{"href":"https:\/\/cheveuxluxe.com\/index.php\/wp-json\/wp\/v2\/product"}],"about":[{"href":"https:\/\/cheveuxluxe.com\/index.php\/wp-json\/wp\/v2\/types\/product"}],"replies":[{"embeddable":true,"href":"https:\/\/cheveuxluxe.com\/index.php\/wp-json\/wp\/v2\/comments?post=27100"}],"version-history":[{"count":0,"href":"https:\/\/cheveuxluxe.com\/index.php\/wp-json\/wp\/v2\/product\/27100\/revisions"}],"wp:featuredmedia":[{"embeddable":true,"href":"https:\/\/cheveuxluxe.com\/index.php\/wp-json\/wp\/v2\/media\/18319"}],"wp:attachment":[{"href":"https:\/\/cheveuxluxe.com\/index.php\/wp-json\/wp\/v2\/media?parent=27100"}],"wp:term":[{"taxonomy":"pwb-brand","embeddable":true,"href":"https:\/\/cheveuxluxe.com\/index.php\/wp-json\/wp\/v2\/pwb-brand?post=27100"},{"taxonomy":"product_cat","embeddable":true,"href":"https:\/\/cheveuxluxe.com\/index.php\/wp-json\/wp\/v2\/product_cat?post=27100"},{"taxonomy":"product_tag","embeddable":true,"href":"https:\/\/cheveuxluxe.com\/index.php\/wp-json\/wp\/v2\/product_tag?post=27100"}],"curies":[{"name":"wp","href":"https:\/\/api.w.org\/{rel}","templated":true}]}}