{"id":27106,"date":"2024-04-09T20:41:58","date_gmt":"2024-04-09T20:41:58","guid":{"rendered":"https:\/\/cheveuxluxe.com\/index.php\/product\/redken-pro-oxide-oxydant-creme-12-40vol-1l\/"},"modified":"2024-04-13T13:39:17","modified_gmt":"2024-04-13T13:39:17","slug":"redken-pro-oxide-oxydant-creme-12-40vol-1l","status":"publish","type":"product","link":"https:\/\/cheveuxluxe.com\/index.php\/product\/redken-pro-oxide-oxydant-creme-12-40vol-1l\/","title":{"rendered":"REDKEN Pro-Oxide Oxydant Cr\u00e8me 12%-40Vol 1l"},"content":{"rendered":"<div class=\"product-content_bottom\">\n<div class=\"pdp-info\">\n<div class=\"pdp-tabs tab-container\">\n<div class=\"tab js-tab\">\n<h3 class=\"tab-title pdp-tabs_title js-tab-mobile-title open\"><span>Points cl\u00e9s<\/span><\/h3>\n<div class=\"tab-description pdp-tabs_description js-tab-description open\" itemprop=\"description\">\n<ul>\n<li>Pour Color Gels Lacquers<\/li>\n<li>Consistance lisse<\/li>\n<li>Tous types d\u2019applications<\/li>\n<\/ul>\n<\/div>\n<\/div>\n<div class=\"tab js-tab\">\n<h3 class=\"tab-title pdp-tabs_title js-tab-mobile-title\"><span>Description<\/span><\/h3>\n<div class=\"tab-description pdp-tabs_description js-tab-description\" itemprop=\"description\">D\u00c9VELOPPEUR PRO-OXIDE VOLUME 40 : LE R\u00c9V\u00c9LATEUR D\u00c9DI\u00c9 \u00c0 COLOR GELS LACQUERS<br \/>IL A UNE CONSISTANCE LISSE POUR SE M\u00c9LANGER FACILEMENT.<br \/>IL PROCURE UN RENDEMENT PR\u00c9VISIBLE POUR TOUS LES TYPES D\u2019APPLICATIONS.<\/div>\n<\/div>\n<div class=\"tab js-tab\">\n<h3 class=\"tab-title pdp-tabs_title js-tab-mobile-title\"><span>Mode d&#8217;emploi<\/span><\/h3>\n<div class=\"tab-description pdp-tabs_description js-tab-description\">A UTILISER AVEC: BASE BREAKER. HIGH LIFT CONDITIONING CREAM. BLUE OIL LIGHTENING SYSTEM. FREE HAND. FLASH LIFT<\/div>\n<\/div>\n<div class=\"tab js-tab\">\n<h3 class=\"tab-title pdp-tabs_title js-tab-mobile-title\"><span>Ingr\u00e9dients<\/span><\/h3>\n<div class=\"tab-description pdp-tabs_description js-tab-description\">WATER AQUA, EAU , CETEARYL ALCOHOL, BEHENTRIMONIUM CHLORIDE, GLYCERIN, CETYL ALCOHOL, DIMETHICONE, CETRIMONIUM CHLORIDE, PHENOXYETHANOL, HYDROGENATED POLYDECENE, ORYZA SATIVA CERA BRAN WAX RICE , PISTACIA VERA SEED HUILE, PANTHENOL, AMODIMETHICONE, POLYQUATERNIUM 1, TRIDECETH 12, HYDROGENATE PALM GLYCERIDES CITRATE, TOCOPHEROL NATURAL VITAMIN E , PROPYLENE GLYCOL, POTASSIUM SORBATE, DISODIUM EDTA<\/div>\n<\/div>\n<div class=\"tab js-tab\">\n<h3 class=\"tab-title pdp-tabs_title js-tab-mobile-title\"><span>Livraison et stock<\/span><\/h3>\n<div class=\"tab-description pdp-tabs_description js-tab-description\">\n<div class=\"pdp-delivery_info\">\n<div class=\"content-asset\">Livraison et d\u00e9laisRetours et remboursements<\/div>\n<\/div>\n<\/div>\n<\/div>\n<\/div>\n<\/div>\n<\/div>\n","protected":false},"excerpt":{"rendered":"<p>Points cl\u00e9s Pour Color Gels Lacquers Consistance lisse Tous types d\u2019applications Description D\u00c9VELOPPEUR PRO-OXIDE VOLUME&hellip;<\/p>\n","protected":false},"featured_media":19315,"comment_status":"open","ping_status":"closed","template":"","meta":[],"pwb-brand":[647],"product_cat":[359],"product_tag":[317,235,321],"class_list":{"0":"post-27106","1":"product","2":"type-product","3":"status-publish","4":"has-post-thumbnail","6":"pwb-brand-redken","7":"product_cat-oxydant-revelateur-coloration-9","8":"product_tag-coloration","9":"product_tag-oxydant-revelateur","10":"product_tag-redken","12":"first","13":"instock","14":"taxable","15":"shipping-taxable","16":"purchasable","17":"product-type-simple","18":"layout-style-3","19":"col-md-4 col-sm-4 col-xs-6","20":"col-lg-3","21":"product-style-default"},"aioseo_notices":[],"brands":[{"id":647,"name":"Redken","slug":"redken"}],"_links":{"self":[{"href":"https:\/\/cheveuxluxe.com\/index.php\/wp-json\/wp\/v2\/product\/27106","targetHints":{"allow":["GET"]}}],"collection":[{"href":"https:\/\/cheveuxluxe.com\/index.php\/wp-json\/wp\/v2\/product"}],"about":[{"href":"https:\/\/cheveuxluxe.com\/index.php\/wp-json\/wp\/v2\/types\/product"}],"replies":[{"embeddable":true,"href":"https:\/\/cheveuxluxe.com\/index.php\/wp-json\/wp\/v2\/comments?post=27106"}],"version-history":[{"count":0,"href":"https:\/\/cheveuxluxe.com\/index.php\/wp-json\/wp\/v2\/product\/27106\/revisions"}],"wp:featuredmedia":[{"embeddable":true,"href":"https:\/\/cheveuxluxe.com\/index.php\/wp-json\/wp\/v2\/media\/19315"}],"wp:attachment":[{"href":"https:\/\/cheveuxluxe.com\/index.php\/wp-json\/wp\/v2\/media?parent=27106"}],"wp:term":[{"taxonomy":"pwb-brand","embeddable":true,"href":"https:\/\/cheveuxluxe.com\/index.php\/wp-json\/wp\/v2\/pwb-brand?post=27106"},{"taxonomy":"product_cat","embeddable":true,"href":"https:\/\/cheveuxluxe.com\/index.php\/wp-json\/wp\/v2\/product_cat?post=27106"},{"taxonomy":"product_tag","embeddable":true,"href":"https:\/\/cheveuxluxe.com\/index.php\/wp-json\/wp\/v2\/product_tag?post=27106"}],"curies":[{"name":"wp","href":"https:\/\/api.w.org\/{rel}","templated":true}]}}