{"id":27137,"date":"2024-04-09T20:44:10","date_gmt":"2024-04-09T20:44:10","guid":{"rendered":"https:\/\/cheveuxluxe.com\/index.php\/product\/vitalitys-activateur-tone-1-9-6vol-1l\/"},"modified":"2024-04-13T13:39:28","modified_gmt":"2024-04-13T13:39:28","slug":"vitalitys-activateur-tone-1-9-6vol-1l","status":"publish","type":"product","link":"https:\/\/cheveuxluxe.com\/index.php\/product\/vitalitys-activateur-tone-1-9-6vol-1l\/","title":{"rendered":"Vitality&rsquo;s Activateur Tone 1.9%-6Vol 1l"},"content":{"rendered":"<div class=\"product-content_bottom\">\n<div class=\"pdp-info\">\n<div class=\"pdp-tabs tab-container\">\n<div class=\"tab js-tab\">\n<h3 class=\"tab-title pdp-tabs_title js-tab-mobile-title open\"><span>Points cl\u00e9s<\/span><\/h3>\n<div class=\"tab-description pdp-tabs_description js-tab-description open\" itemprop=\"description\">\n<ul>\n<li> Tonalit\u00e9<\/li>\n<li>Luminosit\u00e9<\/li>\n<li>Naturel<\/li>\n<li>Reflets<\/li>\n<li>Brillance <\/li>\n<\/ul>\n<\/div>\n<\/div>\n<div class=\"tab js-tab\">\n<h3 class=\"tab-title pdp-tabs_title js-tab-mobile-title\"><span>Description<\/span><\/h3>\n<div class=\"tab-description pdp-tabs_description js-tab-description\" itemprop=\"description\">Vous \u00eates \u00e0 la recherche d\u2019une couleur parfaite, lumineuse et qui masque vos cheveux blancs ? Vitality\u2019s a cr\u00e9\u00e9 pour vous les Activateurs Tone (1.9%-6Vol et 4%-13Vol) sp\u00e9cialement con\u00e7us pour \u00eatre associ\u00e9s a? Tone Shine et Tone Intense.Le logo de Tone, un bouton d\u2019allumage, traduit l\u2019acc\u00e8s a? une nouvelle mani\u00e8re de se teindre les cheveux. C\u2019est une coloration subtile, ton sur ton, sans ammoniaque qui s\u2019estompe graduellement avec le temps. Elle n\u2019\u00e9claircit pas la base. R\u00e9sultat, une couleur parfaitement naturelle.Gr\u00e2ce a? la Switch-on Technology, chaque nuance a \u00e9t\u00e9 d\u00e9compos\u00e9e dans toutes ses tonalit\u00e9s afin d\u2019\u00e9quilibrer scientifiquement les pourcentages de pigments color\u00e9s et d\u2019obtenir ainsi des nuances pures.Pour nuancer m\u00e8ches et balayages, utiliser l\u2019Activateur Tone de Vitality\u2019s 1,9% et l\u2019Activateur Tone 4% pour des r\u00e9sultats intenses et durables.<\/div>\n<\/div>\n<div class=\"tab js-tab\">\n<h3 class=\"tab-title pdp-tabs_title js-tab-mobile-title\"><span>Mode d&#8217;emploi<\/span><\/h3>\n<div class=\"tab-description pdp-tabs_description js-tab-description\">Dans un r\u00e9cipient non m\u00e9tallique, m\u00e9langez soigneusement l\u2019Activateur Tone de Vitality\u2019s \u00e0 la coloration choisie, Shine ou Intense, afin d&rsquo;obtenir un m\u00e9lange homog\u00e8ne, puis appliquez sur la chevelure. Bien respecter le temps de pose indiqu\u00e9 et terminez toujours par un shampooing sp\u00e9cifique post-coloration. Le m\u00e9lange est de 1+2.<\/div>\n<\/div>\n<div class=\"tab js-tab\">\n<h3 class=\"tab-title pdp-tabs_title js-tab-mobile-title\"><span>Ingr\u00e9dients<\/span><\/h3>\n<div class=\"tab-description pdp-tabs_description js-tab-description\">AQUA (WATER)\ufffd CETEARYL ALCOHOL\ufffd HYDROGEN PEROXIDE\ufffd LAURETH-3\ufffd CETEARETH-25\ufffd GLYCERIN\ufffd ETIDRONIC ACID\ufffd TETRASODIUM PYROPHOSPHATE\ufffd SODIUM STANNATE\ufffd POLYSORBATE 20\ufffd PARFUM (FRAGRANCE).<\/div>\n<\/div>\n<div class=\"tab js-tab\">\n<h3 class=\"tab-title pdp-tabs_title js-tab-mobile-title\"><span>Livraison et stock<\/span><\/h3>\n<div class=\"tab-description pdp-tabs_description js-tab-description\">\n<div class=\"pdp-delivery_info\">\n<div class=\"content-asset\">Livraison et d\u00e9laisRetours et remboursements<\/div>\n<\/div>\n<\/div>\n<\/div>\n<\/div>\n<\/div>\n<\/div>\n","protected":false},"excerpt":{"rendered":"<p>Points cl\u00e9s Tonalit\u00e9 Luminosit\u00e9 Naturel Reflets Brillance Description Vous \u00eates \u00e0 la recherche d\u2019une couleur&hellip;<\/p>\n","protected":false},"featured_media":19917,"comment_status":"open","ping_status":"closed","template":"","meta":[],"pwb-brand":[651],"product_cat":[359],"product_tag":[317,235,333],"class_list":{"0":"post-27137","1":"product","2":"type-product","3":"status-publish","4":"has-post-thumbnail","6":"pwb-brand-vitalitys","7":"product_cat-oxydant-revelateur-coloration-9","8":"product_tag-coloration","9":"product_tag-oxydant-revelateur","10":"product_tag-vitalitys","12":"first","13":"instock","14":"taxable","15":"shipping-taxable","16":"purchasable","17":"product-type-simple","18":"layout-style-3","19":"col-md-4 col-sm-4 col-xs-6","20":"col-lg-3","21":"product-style-default"},"aioseo_notices":[],"brands":[{"id":651,"name":"Vitality's","slug":"vitalitys"}],"_links":{"self":[{"href":"https:\/\/cheveuxluxe.com\/index.php\/wp-json\/wp\/v2\/product\/27137","targetHints":{"allow":["GET"]}}],"collection":[{"href":"https:\/\/cheveuxluxe.com\/index.php\/wp-json\/wp\/v2\/product"}],"about":[{"href":"https:\/\/cheveuxluxe.com\/index.php\/wp-json\/wp\/v2\/types\/product"}],"replies":[{"embeddable":true,"href":"https:\/\/cheveuxluxe.com\/index.php\/wp-json\/wp\/v2\/comments?post=27137"}],"version-history":[{"count":0,"href":"https:\/\/cheveuxluxe.com\/index.php\/wp-json\/wp\/v2\/product\/27137\/revisions"}],"wp:featuredmedia":[{"embeddable":true,"href":"https:\/\/cheveuxluxe.com\/index.php\/wp-json\/wp\/v2\/media\/19917"}],"wp:attachment":[{"href":"https:\/\/cheveuxluxe.com\/index.php\/wp-json\/wp\/v2\/media?parent=27137"}],"wp:term":[{"taxonomy":"pwb-brand","embeddable":true,"href":"https:\/\/cheveuxluxe.com\/index.php\/wp-json\/wp\/v2\/pwb-brand?post=27137"},{"taxonomy":"product_cat","embeddable":true,"href":"https:\/\/cheveuxluxe.com\/index.php\/wp-json\/wp\/v2\/product_cat?post=27137"},{"taxonomy":"product_tag","embeddable":true,"href":"https:\/\/cheveuxluxe.com\/index.php\/wp-json\/wp\/v2\/product_tag?post=27137"}],"curies":[{"name":"wp","href":"https:\/\/api.w.org\/{rel}","templated":true}]}}