{"id":27160,"date":"2024-04-09T20:44:45","date_gmt":"2024-04-09T20:44:45","guid":{"rendered":"https:\/\/cheveuxluxe.com\/index.php\/product\/wella-professionals-true-grey-activateur-n1-500ml\/"},"modified":"2024-04-13T14:27:40","modified_gmt":"2024-04-13T14:27:40","slug":"wella-professionals-true-grey-activateur-n1-500ml","status":"publish","type":"product","link":"https:\/\/cheveuxluxe.com\/index.php\/product\/wella-professionals-true-grey-activateur-n1-500ml\/","title":{"rendered":"Wella Professionals True Grey Activateur n\u00b01 500ml"},"content":{"rendered":"<div class=\"product-content_bottom\">\n<div class=\"pdp-info\">\n<div class=\"pdp-tabs tab-container\">\n<div class=\"tab js-tab\">\n<h3 class=\"tab-title pdp-tabs_title js-tab-mobile-title open\"><span>Points cl\u00e9s<\/span><\/h3>\n<div class=\"tab-description pdp-tabs_description js-tab-description open\" itemprop=\"description\">\n<ul>\n<li>Faible en p\u00e9roxyde<\/li>\n<li>Con\u00e7u pour \u00eatre m\u00e9lang\u00e9 aux nuances True Grey<\/li>\n<li>Service revitalisant aux pigments oxydatifs gris<\/li>\n<li>Garantit des r\u00e9sultats sans dommages ni \u00e9claircissement<\/li>\n<\/ul>\n<\/div>\n<\/div>\n<div class=\"tab js-tab\">\n<h3 class=\"tab-title pdp-tabs_title js-tab-mobile-title\"><span>Description<\/span><\/h3>\n<div class=\"tab-description pdp-tabs_description js-tab-description\" itemprop=\"description\">Cet activateur faible volume respecte la structure de la cuticule des cheveux naturellement blancs ou poivre et sel, et garantit des r\u00e9sultats sans dommage ni \u00e9claircissement. L\u2019activateur n\u00b0\u00a01 peut \u00eatre m\u00e9lang\u00e9 aux 7\u00a0nuances True Grey diff\u00e9rentes. Les colorants oxydatifs gris TRUE GREY, subtils, imitent les reflets naturels et la vitalit\u00e9 de magnifiques cheveux blancs tout en s\u2019estompant naturellement. Vous aimez votre poivre et sel ? Sublimez-le!<\/div>\n<\/div>\n<div class=\"tab js-tab\">\n<h3 class=\"tab-title pdp-tabs_title js-tab-mobile-title\"><span>Mode d&#8217;emploi<\/span><\/h3>\n<div class=\"tab-description pdp-tabs_description js-tab-description\">1. SERVICE &lsquo;Silver Glow&rsquo; (30 min):<br \/>Application t\u00eate enti\u00e8re ou partielle:<br \/>Service personnalis\u00e9 pour ajouter des reflets plus argent\u00e9s et de la brilliance, neutraliser le jaunissement et laisser les cheveux doux et faciles \u00e0 coiffer.<br \/>\u00c0 appliquer sur cheveux secs. Possibilit\u00e9 de r\u00e9aliser des techniques partielles \u00e0 l\u2019air libre avec le m\u00e9lange 1+1 (ex : 30 g de nuance + 30 g d\u2019activateur). Pour diluer la nuance, suivez le m\u00e9lange du service &lsquo;Express Siler Glow&rsquo; de 1+1+1 \u00e0 1+1+2. <br \/>Note: durant le temps de pause, les nuances appara\u00eetront fonc\u00e9es.<\/p>\n<p>2. SERVICE &lsquo;Express Silver Glow&rsquo; (15 min):<br \/>Pour une chevelure saine aux reflets argent\u00e9s tout en r\u00e9duisant le jaunissement.<br \/>M\u00e9langez 1+1+1, par exemple 20g de nuance cr\u00e8me + 20g d\u2019activateur + 20g de Clear Conditioning Perfector.<br \/>A appliquer sur les cheveux pr\u00e9-shampooin\u00e9s pr\u00e9-lav\u00e9s. Laisser pauser pendant 15 minutes maximum. Rincer et coiffer. Aucun post-traitement n\u2019est n\u00e9cessaire.<\/p>\n<p>Post-Service: Une fois le temps de pause \u00e9coul\u00e9, \u00e9mulsionner la nuance avec de l\u2019eau chaude et rincer. Appliquer 1 \u00e0 2 pompes selon la longueurs des cheveux de Clear Conditioning Perfector, peigner les cheveux et laisser agir jusqu\u2019\u00e0 3 minutes. Rincer et coiffer.<\/p><\/div>\n<\/div>\n<div class=\"tab js-tab\">\n<h3 class=\"tab-title pdp-tabs_title js-tab-mobile-title\"><span>Ingr\u00e9dients<\/span><\/h3>\n<div class=\"tab-description pdp-tabs_description js-tab-description\">Aqua\/Water\/Eau Cetearyl Alcohol Hydrogen Peroxide Sodium Cetearyl Sulfate Paraffinum Liquidum\/ Mineral Oil\/ Huile Minerale Salicylic Acid Phosphoric Acid Disodium Phosphate Etidronic Acid Disodium Pyrophosphate Sodium Stannate<\/div>\n<\/div>\n<div class=\"tab js-tab\">\n<h3 class=\"tab-title pdp-tabs_title js-tab-mobile-title\"><span>Livraison et stock<\/span><\/h3>\n<div class=\"tab-description pdp-tabs_description js-tab-description\">\n<div class=\"pdp-delivery_info\">\n<div class=\"content-asset\">Livraison et d\u00e9laisRetours et remboursements<\/div>\n<\/div>\n<\/div>\n<\/div>\n<div class=\"tab js-tab\">\n<h3 class=\"tab-title pdp-tabs_title js-tab-mobile-title\"><span>Pr\u00e9cautions d&#8217;emploi<\/span><\/h3>\n<div class=\"tab-description pdp-tabs_description js-tab-description\">For professional use only. Can cause an allergic reaction. Do not use the product if the scalp is sensitive, irritated or damaged. Do not use to dye eyelashes or eyebrows. Avoid contact with eyes. Rinse eyes immediately if product comes into contact with them. Keep out of reach of children. Follow the instructions. Wear suitable gloves. To retain product performance securely close the container after each use. Do not perm the hair immediately before or after colouring. Use mixture immediately. Do not exceed the development time stated. Rinse hair well after application. Immediately rinse any colour splashes on the skin and clothing. The container must be completely empty before disposal. Store in a dry and cool place. Please read and follow instructions and warnings.<\/div>\n<\/div>\n<\/div>\n<\/div>\n<\/div>\n","protected":false},"excerpt":{"rendered":"<p>Points cl\u00e9s Faible en p\u00e9roxyde Con\u00e7u pour \u00eatre m\u00e9lang\u00e9 aux nuances True Grey Service revitalisant&hellip;<\/p>\n","protected":false},"featured_media":27156,"comment_status":"open","ping_status":"closed","template":"","meta":[],"pwb-brand":[648],"product_cat":[617],"product_tag":[274,273,323],"class_list":{"0":"post-27160","1":"product","2":"type-product","3":"status-publish","4":"has-post-thumbnail","6":"pwb-brand-wella-professionals","7":"product_cat-coiffure","8":"product_tag-coiffure","9":"product_tag-vegan","10":"product_tag-wella-professionals","12":"first","13":"instock","14":"taxable","15":"shipping-taxable","16":"purchasable","17":"product-type-simple","18":"layout-style-3","19":"col-md-4 col-sm-4 col-xs-6","20":"col-lg-3","21":"product-has-gallery","22":"product-style-default"},"aioseo_notices":[],"brands":[{"id":648,"name":"Wella Professionals","slug":"wella-professionals"}],"_links":{"self":[{"href":"https:\/\/cheveuxluxe.com\/index.php\/wp-json\/wp\/v2\/product\/27160","targetHints":{"allow":["GET"]}}],"collection":[{"href":"https:\/\/cheveuxluxe.com\/index.php\/wp-json\/wp\/v2\/product"}],"about":[{"href":"https:\/\/cheveuxluxe.com\/index.php\/wp-json\/wp\/v2\/types\/product"}],"replies":[{"embeddable":true,"href":"https:\/\/cheveuxluxe.com\/index.php\/wp-json\/wp\/v2\/comments?post=27160"}],"version-history":[{"count":0,"href":"https:\/\/cheveuxluxe.com\/index.php\/wp-json\/wp\/v2\/product\/27160\/revisions"}],"wp:featuredmedia":[{"embeddable":true,"href":"https:\/\/cheveuxluxe.com\/index.php\/wp-json\/wp\/v2\/media\/27156"}],"wp:attachment":[{"href":"https:\/\/cheveuxluxe.com\/index.php\/wp-json\/wp\/v2\/media?parent=27160"}],"wp:term":[{"taxonomy":"pwb-brand","embeddable":true,"href":"https:\/\/cheveuxluxe.com\/index.php\/wp-json\/wp\/v2\/pwb-brand?post=27160"},{"taxonomy":"product_cat","embeddable":true,"href":"https:\/\/cheveuxluxe.com\/index.php\/wp-json\/wp\/v2\/product_cat?post=27160"},{"taxonomy":"product_tag","embeddable":true,"href":"https:\/\/cheveuxluxe.com\/index.php\/wp-json\/wp\/v2\/product_tag?post=27160"}],"curies":[{"name":"wp","href":"https:\/\/api.w.org\/{rel}","templated":true}]}}