{"id":27172,"date":"2024-04-09T20:44:52","date_gmt":"2024-04-09T20:44:52","guid":{"rendered":"https:\/\/cheveuxluxe.com\/index.php\/product\/s-pro-poudre-decolorante-bleu-500g\/"},"modified":"2024-04-13T13:39:41","modified_gmt":"2024-04-13T13:39:41","slug":"s-pro-poudre-decolorante-bleu-500g","status":"publish","type":"product","link":"https:\/\/cheveuxluxe.com\/index.php\/product\/s-pro-poudre-decolorante-bleu-500g\/","title":{"rendered":"S-PRO Poudre D\u00e9colorante Bleu 500g"},"content":{"rendered":"<div class=\"product-content_bottom\">\n<div class=\"pdp-info\">\n<div class=\"pdp-tabs tab-container\">\n<div class=\"tab js-tab\">\n<h3 class=\"tab-title pdp-tabs_title js-tab-mobile-title open\"><span>Points cl\u00e9s<\/span><\/h3>\n<div class=\"tab-description pdp-tabs_description js-tab-description open\" itemprop=\"description\">\n<ul>\n<li>Poudre d\u00e9colorante classique, bleu<\/li>\n<li>Pour toutes les techniques hors du cuir chevelu<\/li>\n<\/ul>\n<\/div>\n<\/div>\n<div class=\"tab js-tab\">\n<h3 class=\"tab-title pdp-tabs_title js-tab-mobile-title\"><span>Description<\/span><\/h3>\n<div class=\"tab-description pdp-tabs_description js-tab-description\" itemprop=\"description\">Poudre d\u00e9colorante classique en bleu pour toutes les techniques hors du cuir chevelu.<\/div>\n<\/div>\n<div class=\"tab js-tab\">\n<h3 class=\"tab-title pdp-tabs_title js-tab-mobile-title\"><span>Mode d&#8217;emploi<\/span><\/h3>\n<div class=\"tab-description pdp-tabs_description js-tab-description\">M\u00e9lange: Mettre une cuiller\u00e9e de poudre dans un bol non-m\u00e9tallique et ajouter peu \u00e0 peuentre 60 et 90 ml de r\u00e9v\u00e9lateur selon la consistance souhait\u00e9e. M\u00e9langer jusqu\u2019\u00e0 obtenir une consistance lisse et homog\u00e8ne. <br \/>Application: Appliquer uniquement sur cheveux secs. Appliquer soigneusement en m\u00e8ches en commen-\u00e7ant par la partie la plus sombre de la chevelure. Sur des cheveux naturels, d\u2019abord appliquer de la mi-longueur jusqu\u2019aux pointes. Attendre que les cheveux s\u2019\u00e9claircissent de deux teintes. Appliquer ensuite sur la racine. Le temps d\u2019\u00e9claircissement y est r\u00e9duit en raison de la chaleur naturelle provenant du cuir chevelu. Pour une utilisation sur les repousses, appliquer uniquement sur la racine et ne pas superposer. <br \/>Temps d\u2019\u00e9claircissement: V\u00e9rifier les cheveux toutes les 3 min. Le temps d\u2019\u00e9claircissement varie entre 20 &#8211; 60 min. selon le type de cheveux. <br \/>Rin\u00e7age: Une fois la couleur d\u00e9sir\u00e9e obtenue, rincer imm\u00e9diatement \u00e0 l\u2019eau chaude. Shampouiner d\u00e9licatement. Un post-traitement neutralisant est recommand\u00e9.<\/div>\n<\/div>\n<div class=\"tab js-tab\">\n<h3 class=\"tab-title pdp-tabs_title js-tab-mobile-title\"><span>Ingr\u00e9dients<\/span><\/h3>\n<div class=\"tab-description pdp-tabs_description js-tab-description\">PotassiumPersulfate,SodiumMetasilicate,AmmoniumPersulfate,MagnesiumCarbonateHydroxide,SodiumStearate,CyamopsisTetragonoloba(Guar)Gum,ParaffinumLiquidum(MineralOil),TetrasodiumEDTA,SodiumLaurylSulfate,CI77007(UltramarineBLUE).<\/div>\n<\/div>\n<div class=\"tab js-tab\">\n<h3 class=\"tab-title pdp-tabs_title js-tab-mobile-title\"><span>Livraison et stock<\/span><\/h3>\n<div class=\"tab-description pdp-tabs_description js-tab-description\">\n<div class=\"pdp-delivery_info\">\n<div class=\"content-asset\">Livraison et d\u00e9laisRetours et remboursements<\/div>\n<\/div>\n<\/div>\n<\/div>\n<div class=\"tab js-tab\">\n<h3 class=\"tab-title pdp-tabs_title js-tab-mobile-title\"><span>Pr\u00e9cautions d&#8217;emploi<\/span><\/h3>\n<div class=\"tab-description pdp-tabs_description js-tab-description\">Contient des peroxydes. Portez des gants de protection. Ne pas chauffer au-dessus de 40 \u00b0 C pendant l&rsquo;application. Evitez tout contact avec la peau. M\u00e9langer dans un endroit bien ventil\u00e9. \u00c9vitez l&rsquo;inhalation de poudre. <br \/>Ne d\u00e9colorez pas les cheveux ab\u00eem\u00e9s ou d\u00e9licats. Ne pas utiliser en cas de cuir chevelu endommag\u00e9, irrit\u00e9 ou en cas d&rsquo;hypersensibilit\u00e9. Ne pas utiliser pour blanchir les cils et les sourcils. Si le produit entre en contact avec les yeux ou la peau, rincer imm\u00e9diatement et abondamment \u00e0 l&rsquo;eau courante. Si l&rsquo;irritation persiste, consultez un m\u00e9decin. Nous vous recommandons d&rsquo;effectuer un test de sensibilit\u00e9 48 heures avant utilisation, comme suit: nettoyer soigneusement 1 cm2 de peau derri\u00e8re l&rsquo;oreille ou l&rsquo;int\u00e9rieur du coude. Pr\u00e9parez le m\u00e9lange et appliquez une petite quantit\u00e9 sur la peau pr\u00e9par\u00e9e. Laisser s\u00e9cher et attendre 48h sans laver la pi\u00e8ce. Si aucun signe de rougeur, de gonflement ou de d\u00e9mangeaison n&rsquo;est apparu, le produit peut \u00eatre utilis\u00e9. Conserver dans un endroit frais et sec. \u00c9vitez d&rsquo;exposer la poudre \u00e0 l&rsquo;humidit\u00e9. Fermez soigneusement le r\u00e9cipient apr\u00e8s utilisation. Tenir hors de port\u00e9e des enfants.<\/div>\n<\/div>\n<\/div>\n<\/div>\n<\/div>\n","protected":false},"excerpt":{"rendered":"<p>Points cl\u00e9s Poudre d\u00e9colorante classique, bleu Pour toutes les techniques hors du cuir chevelu Description&hellip;<\/p>\n","protected":false},"featured_media":18662,"comment_status":"open","ping_status":"closed","template":"","meta":[],"pwb-brand":[653],"product_cat":[382],"product_tag":[317,220,347],"class_list":{"0":"post-27172","1":"product","2":"type-product","3":"status-publish","4":"has-post-thumbnail","6":"pwb-brand-s-pro","7":"product_cat-decoloration","8":"product_tag-coloration","9":"product_tag-decoloration","10":"product_tag-s-pro","12":"first","13":"instock","14":"taxable","15":"shipping-taxable","16":"purchasable","17":"product-type-simple","18":"layout-style-3","19":"col-md-4 col-sm-4 col-xs-6","20":"col-lg-3","21":"product-style-default"},"aioseo_notices":[],"brands":[{"id":653,"name":"S-PRO","slug":"s-pro"}],"_links":{"self":[{"href":"https:\/\/cheveuxluxe.com\/index.php\/wp-json\/wp\/v2\/product\/27172","targetHints":{"allow":["GET"]}}],"collection":[{"href":"https:\/\/cheveuxluxe.com\/index.php\/wp-json\/wp\/v2\/product"}],"about":[{"href":"https:\/\/cheveuxluxe.com\/index.php\/wp-json\/wp\/v2\/types\/product"}],"replies":[{"embeddable":true,"href":"https:\/\/cheveuxluxe.com\/index.php\/wp-json\/wp\/v2\/comments?post=27172"}],"version-history":[{"count":0,"href":"https:\/\/cheveuxluxe.com\/index.php\/wp-json\/wp\/v2\/product\/27172\/revisions"}],"wp:featuredmedia":[{"embeddable":true,"href":"https:\/\/cheveuxluxe.com\/index.php\/wp-json\/wp\/v2\/media\/18662"}],"wp:attachment":[{"href":"https:\/\/cheveuxluxe.com\/index.php\/wp-json\/wp\/v2\/media?parent=27172"}],"wp:term":[{"taxonomy":"pwb-brand","embeddable":true,"href":"https:\/\/cheveuxluxe.com\/index.php\/wp-json\/wp\/v2\/pwb-brand?post=27172"},{"taxonomy":"product_cat","embeddable":true,"href":"https:\/\/cheveuxluxe.com\/index.php\/wp-json\/wp\/v2\/product_cat?post=27172"},{"taxonomy":"product_tag","embeddable":true,"href":"https:\/\/cheveuxluxe.com\/index.php\/wp-json\/wp\/v2\/product_tag?post=27172"}],"curies":[{"name":"wp","href":"https:\/\/api.w.org\/{rel}","templated":true}]}}