{"id":27173,"date":"2024-04-09T20:44:53","date_gmt":"2024-04-09T20:44:53","guid":{"rendered":"https:\/\/cheveuxluxe.com\/index.php\/product\/lome-paris-poudre-decolorante-450g\/"},"modified":"2024-04-13T14:24:39","modified_gmt":"2024-04-13T14:24:39","slug":"lome-paris-poudre-decolorante-450g","status":"publish","type":"product","link":"https:\/\/cheveuxluxe.com\/index.php\/product\/lome-paris-poudre-decolorante-450g\/","title":{"rendered":"L\u00f4m\u00e9 Paris Poudre d\u00e9colorante 450g"},"content":{"rendered":"<div class=\"product-content_bottom\">\n<div class=\"pdp-info\">\n<div class=\"pdp-tabs tab-container\">\n<div class=\"tab js-tab\">\n<h3 class=\"tab-title pdp-tabs_title js-tab-mobile-title open\"><span>Points cl\u00e9s<\/span><\/h3>\n<div class=\"tab-description pdp-tabs_description js-tab-description open\" itemprop=\"description\">\n<ul>\n<li> Jusqu\u2019\u00e0 7 tons<\/li>\n<li>Non volatile <\/li>\n<li>T\u00eate enti\u00e8re, m\u00e8ches, ombr\u00e9s et balayage <\/li>\n<li>R\u00e9sultat lumineux <\/li>\n<\/ul>\n<\/div>\n<\/div>\n<div class=\"tab js-tab\">\n<h3 class=\"tab-title pdp-tabs_title js-tab-mobile-title\"><span>Description<\/span><\/h3>\n<div class=\"tab-description pdp-tabs_description js-tab-description\" itemprop=\"description\">R\u00e9alisez des d\u00e9colorations en quelques gestes avec cette poudre d\u00e9colorante professionnelle, qui vous assure un r\u00e9sultat homog\u00e8ne et impeccable. Avec cette poudre de L\u00f4m\u00e9 Paris, laissez libre cours \u00e0 vos envies, en proposant \u00e0 vos clients des d\u00e9colorations compl\u00e8tes, des m\u00e8ches,des balayages ou des ombr\u00e9s.Choisir L\u00f4m\u00e9 Paris, c\u2019est faire le choix de la qualit\u00e9, pour des cheveux sains et intens\u00e9ment lumineux. Formul\u00e9s dans ses laboratoires parisiens, les produits de la marque L\u00f4m\u00e9 Paris vous promettent une tenue longue dur\u00e9e sans mauvaise surprise ni reflets ind\u00e9sirables!,Cette poudre compacte est non-volatile : une propri\u00e9t\u00e9 qui vous assure une manipulation confortable. Avec L\u00f4m\u00e9 Paris, finies les particules volantes !<\/div>\n<\/div>\n<div class=\"tab js-tab\">\n<h3 class=\"tab-title pdp-tabs_title js-tab-mobile-title\"><span>Mode d&#8217;emploi<\/span><\/h3>\n<div class=\"tab-description pdp-tabs_description js-tab-description\">Pour une t\u00eate enti\u00e8re et des m\u00e8ches, m\u00e9langez la coloration et l\u2019oxydant dans un bol non m\u00e9tallique en proportion 1:1,5. Pour les techniques d\u2019ombr\u00e9 ou de balayage, respectez une proportion 1:1. Le temps de pause ne doit pas d\u00e9passer 50 minutes : un temps qui peut \u00eatre divis\u00e9 par deux sous chaleur. Surveillez r\u00e9guli\u00e8rement l\u2019avancement de la coloration. Rincez, puis appliquez un shampooing neutralisant.<\/div>\n<\/div>\n<div class=\"tab js-tab\">\n<h3 class=\"tab-title pdp-tabs_title js-tab-mobile-title\"><span>Ingr\u00e9dients<\/span><\/h3>\n<div class=\"tab-description pdp-tabs_description js-tab-description\">POTASSIUM PERSULFATE, AMMONIUM PERSULFATE, SODIUM METASILICATE, SODIUM STEARATE, MAGNESIUM CARBONATE, SODIUM PERSULFATE, CYAMOPSIS TETRAGONOLOBA (GUAR) GUM, SODIUM LAURYL SULFATE, TETRASODIUM EDTA, PARAFFINUM LIQUIDUM\/MINERAL OIL\/HUILE MINERALE, SILICA, CELLULOSE GUM, CYCLODEXTRIN, ULTRAMARINES (CI 77007)<\/div>\n<\/div>\n<div class=\"tab js-tab\">\n<h3 class=\"tab-title pdp-tabs_title js-tab-mobile-title\"><span>Livraison et stock<\/span><\/h3>\n<div class=\"tab-description pdp-tabs_description js-tab-description\">\n<div class=\"pdp-delivery_info\">\n<div class=\"content-asset\">Livraison et d\u00e9laisRetours et remboursements<\/div>\n<\/div>\n<\/div>\n<\/div>\n<\/div>\n<\/div>\n<\/div>\n","protected":false},"excerpt":{"rendered":"<p>Points cl\u00e9s Jusqu\u2019\u00e0 7 tons Non volatile T\u00eate enti\u00e8re, m\u00e8ches, ombr\u00e9s et balayage R\u00e9sultat lumineux&hellip;<\/p>\n","protected":false},"featured_media":18566,"comment_status":"open","ping_status":"closed","template":"","meta":[],"pwb-brand":[656],"product_cat":[617],"product_tag":[274,355,273],"class_list":{"0":"post-27173","1":"product","2":"type-product","3":"status-publish","4":"has-post-thumbnail","6":"pwb-brand-lome-paris","7":"product_cat-coiffure","8":"product_tag-coiffure","9":"product_tag-lome-paris","10":"product_tag-vegan","12":"first","13":"instock","14":"taxable","15":"shipping-taxable","16":"purchasable","17":"product-type-simple","18":"layout-style-3","19":"col-md-4 col-sm-4 col-xs-6","20":"col-lg-3","21":"product-style-default"},"aioseo_notices":[],"brands":[{"id":656,"name":"L\u00f4m\u00e9 Paris","slug":"lome-paris"}],"_links":{"self":[{"href":"https:\/\/cheveuxluxe.com\/index.php\/wp-json\/wp\/v2\/product\/27173","targetHints":{"allow":["GET"]}}],"collection":[{"href":"https:\/\/cheveuxluxe.com\/index.php\/wp-json\/wp\/v2\/product"}],"about":[{"href":"https:\/\/cheveuxluxe.com\/index.php\/wp-json\/wp\/v2\/types\/product"}],"replies":[{"embeddable":true,"href":"https:\/\/cheveuxluxe.com\/index.php\/wp-json\/wp\/v2\/comments?post=27173"}],"version-history":[{"count":0,"href":"https:\/\/cheveuxluxe.com\/index.php\/wp-json\/wp\/v2\/product\/27173\/revisions"}],"wp:featuredmedia":[{"embeddable":true,"href":"https:\/\/cheveuxluxe.com\/index.php\/wp-json\/wp\/v2\/media\/18566"}],"wp:attachment":[{"href":"https:\/\/cheveuxluxe.com\/index.php\/wp-json\/wp\/v2\/media?parent=27173"}],"wp:term":[{"taxonomy":"pwb-brand","embeddable":true,"href":"https:\/\/cheveuxluxe.com\/index.php\/wp-json\/wp\/v2\/pwb-brand?post=27173"},{"taxonomy":"product_cat","embeddable":true,"href":"https:\/\/cheveuxluxe.com\/index.php\/wp-json\/wp\/v2\/product_cat?post=27173"},{"taxonomy":"product_tag","embeddable":true,"href":"https:\/\/cheveuxluxe.com\/index.php\/wp-json\/wp\/v2\/product_tag?post=27173"}],"curies":[{"name":"wp","href":"https:\/\/api.w.org\/{rel}","templated":true}]}}