{"id":27175,"date":"2024-04-09T20:44:53","date_gmt":"2024-04-09T20:44:53","guid":{"rendered":"https:\/\/cheveuxluxe.com\/index.php\/product\/loreal-blond-studio-multi-tech-poudre-decolorante-bonder-integre-8-tons-500g\/"},"modified":"2024-04-13T13:39:42","modified_gmt":"2024-04-13T13:39:42","slug":"loreal-blond-studio-multi-tech-poudre-decolorante-bonder-integre-8-tons-500g","status":"publish","type":"product","link":"https:\/\/cheveuxluxe.com\/index.php\/product\/loreal-blond-studio-multi-tech-poudre-decolorante-bonder-integre-8-tons-500g\/","title":{"rendered":"L&rsquo;Or\u00e9al Blond Studio Multi-Tech Poudre d\u00e9colorante Bonder Int\u00e9gr\u00e9 8 tons 500g"},"content":{"rendered":"<div class=\"product-content_bottom\">\n<div class=\"pdp-info\">\n<div class=\"pdp-tabs tab-container\">\n<div class=\"tab js-tab\">\n<h3 class=\"tab-title pdp-tabs_title js-tab-mobile-title open\"><span>Points cl\u00e9s<\/span><\/h3>\n<div class=\"tab-description pdp-tabs_description js-tab-description open\" itemprop=\"description\">\n<ul>\n<li>Complexe r\u00e9gulateur de pH : acide citrique et glycine.<\/li>\n<li>Jusqu&rsquo;\u00e0 8 tons d&rsquo;\u00e9claircissement.<\/li>\n<li>Pr\u00e9serve la fibre capillaire.<\/li>\n<li>Les cheveux restent fort durant le processus d&rsquo;\u00e9claircissement.<\/li>\n<\/ul>\n<\/div>\n<\/div>\n<div class=\"tab js-tab\">\n<h3 class=\"tab-title pdp-tabs_title js-tab-mobile-title\"><span>Description<\/span><\/h3>\n<div class=\"tab-description pdp-tabs_description js-tab-description\" itemprop=\"description\">La poudre d\u00e9colorante Blond Studio 8 Bonder* Int\u00e9gr\u00e9 est un produit multi-techniques id\u00e9al pour les cheveux naturels ou color\u00e9s et s&rsquo;adapte \u00e0 toutes les techniques de d\u00e9coloration.<br \/>Cette poudre compacte est un produit 2 en 1 qui permet d&rsquo;obtenir jusqu&rsquo;\u00e0 8 niveaux d&rsquo;\u00e9claircissement tout en pr\u00e9servant la fibre capillaire durant le processus d&rsquo;\u00e9claircissement.<br \/>Sa texture riche,cr\u00e9meuse et son haute adh\u00e9rence est id\u00e9ale \u00e0 travailler avec les techniques air libre, m\u00e8ches envelopp\u00e9es ou encore d\u00e9coloration globale.<br \/>La poudre a \u00e9t\u00e9 formul\u00e9e avec une technologie unique compos\u00e9e d&rsquo;actifs renfor\u00e7ateurs de point afin de garder des cheveux forts durant le processus d&rsquo;\u00e9claircissement. <\/p>\n<p>*Bonder : renfor\u00e7ateur de ponts.<\/p><\/div>\n<\/div>\n<div class=\"tab js-tab\">\n<h3 class=\"tab-title pdp-tabs_title js-tab-mobile-title\"><span>Mode d&#8217;emploi<\/span><\/h3>\n<div class=\"tab-description pdp-tabs_description js-tab-description\">Pr\u00e9paration : <br \/>Selon la technique d&rsquo;\u00e9claircissement et la texture souhait\u00e9e, respecter les dosages suivants :<\/p>\n<p>BALAYAGE \u00c0 L\u2019AIR LIBRE \u00c0 L\u2019AIDE D\u2019UN SUPPORT (1 + 1)<br \/>&#8211; M\u00e9lange : 40 g de poudre + 40 ml d&rsquo;oxydant cr\u00e8me (12,5, 20, 30 ou 40 vol)<br \/>&#8211; Temps de pause &#8211;&gt; 50 minutes maximum <\/p>\n<p>M\u00c8CHES ENVELOPP\u00c9ES (1 + 1)<br \/>&#8211; M\u00e9lange : 40 g de poudre + 40 ml d&rsquo;oxydant cr\u00e8me (12,5, 20 ou 30 vol)<br \/>&#8211; Temps de pause &#8211;&gt; 50 minutes maximum <\/p>\n<p>D\u00c9COLORATION GLOBALE (1 + 2)<br \/>&#8211; M\u00e9lange : 40 g de poudre + 80 ml d&rsquo;oxydant cr\u00e8me (12,5, 20 ou 30 vol)<br \/>&#8211; Temps de pause &#8211;&gt; 50 minutes maximum<\/p>\n<p>Application :<br \/>&#8211; Appliquer sur cheveux secs non lav\u00e9s.<br \/>&#8211; Rincer minutieusement.<br \/>&#8211; Terminer par un shampooing Post-D\u00e9co.<\/p>\n<p>Recommandations : <br \/>&#8211; Ne pas laisser poser sous chaleur.<br \/>&#8211; Porter des gants mono-usage de pr\u00e9f\u00e9rence.<br \/>&#8211; Utiliser exclusivement avec les oxydants pr\u00e9conis\u00e9s, 40 vol. (12%) maximum.<br \/>&#8211; Ne pas utiliser d\u2019outils m\u00e9talliques (pince, peigne, bol\u2026).<br \/>&#8211; Respecter les proportions indiqu\u00e9es.<\/div>\n<\/div>\n<div class=\"tab js-tab\">\n<h3 class=\"tab-title pdp-tabs_title js-tab-mobile-title\"><span>Ingr\u00e9dients<\/span><\/h3>\n<div class=\"tab-description pdp-tabs_description js-tab-description\">POTASSIUM PERSULFATE, SODIUM SILICATE, SODIUM STEARATE, MAGNESIUM CARBONATE HYDROXIDE, AMMONIUM PERSULFATE, CITRIC ACID, SODIUM METASILICATE, CYAMOPSIS TETRAGONOLOBA GUM \/ GUAR GUM, PARAFFINUM LIQUIDUM \/ MINERAL OIL, CI 77007 \/ ULTRAMARINES, SODIUM LAURYL SULFATE, DISODIUM EDTA, AQUA \/ WATER, GLYCINE<\/div>\n<\/div>\n<div class=\"tab js-tab\">\n<h3 class=\"tab-title pdp-tabs_title js-tab-mobile-title\"><span>Livraison et stock<\/span><\/h3>\n<div class=\"tab-description pdp-tabs_description js-tab-description\">\n<div class=\"pdp-delivery_info\">\n<div class=\"content-asset\">Livraison et d\u00e9laisRetours et remboursements<\/div>\n<\/div>\n<\/div>\n<\/div>\n<div class=\"tab js-tab\">\n<h3 class=\"tab-title pdp-tabs_title js-tab-mobile-title\"><span>Pr\u00e9cautions d&#8217;emploi<\/span><\/h3>\n<div class=\"tab-description pdp-tabs_description js-tab-description\">Ne pas laisser poser sous chaleur.<br \/>Porter des gants mono-usage de pr\u00e9f\u00e9rence.<br \/>Utiliser exclusivement avec les oxydants pr\u00e9conis\u00e9s, 40 vol. (12%) maximum.<br \/>Ne pas utiliser d\u2019outils m\u00e9talliques (pince, peigne, bol\u2026).<br \/>Respecter les proportions indiqu\u00e9es.<\/div>\n<\/div>\n<\/div>\n<\/div>\n<\/div>\n","protected":false},"excerpt":{"rendered":"<p>Points cl\u00e9s Complexe r\u00e9gulateur de pH : acide citrique et glycine. Jusqu&rsquo;\u00e0 8 tons d&rsquo;\u00e9claircissement.&hellip;<\/p>\n","protected":false},"featured_media":18916,"comment_status":"open","ping_status":"closed","template":"","meta":[],"pwb-brand":[649],"product_cat":[382],"product_tag":[317,220,325],"class_list":{"0":"post-27175","1":"product","2":"type-product","3":"status-publish","4":"has-post-thumbnail","6":"pwb-brand-loreal-professionnel","7":"product_cat-decoloration","8":"product_tag-coloration","9":"product_tag-decoloration","10":"product_tag-loreal-professionnel","12":"first","13":"instock","14":"taxable","15":"shipping-taxable","16":"purchasable","17":"product-type-simple","18":"layout-style-3","19":"col-md-4 col-sm-4 col-xs-6","20":"col-lg-3","21":"product-style-default"},"aioseo_notices":[],"brands":[{"id":649,"name":"L'Or\u00e9al Professionnel","slug":"loreal-professionnel"}],"_links":{"self":[{"href":"https:\/\/cheveuxluxe.com\/index.php\/wp-json\/wp\/v2\/product\/27175","targetHints":{"allow":["GET"]}}],"collection":[{"href":"https:\/\/cheveuxluxe.com\/index.php\/wp-json\/wp\/v2\/product"}],"about":[{"href":"https:\/\/cheveuxluxe.com\/index.php\/wp-json\/wp\/v2\/types\/product"}],"replies":[{"embeddable":true,"href":"https:\/\/cheveuxluxe.com\/index.php\/wp-json\/wp\/v2\/comments?post=27175"}],"version-history":[{"count":0,"href":"https:\/\/cheveuxluxe.com\/index.php\/wp-json\/wp\/v2\/product\/27175\/revisions"}],"wp:featuredmedia":[{"embeddable":true,"href":"https:\/\/cheveuxluxe.com\/index.php\/wp-json\/wp\/v2\/media\/18916"}],"wp:attachment":[{"href":"https:\/\/cheveuxluxe.com\/index.php\/wp-json\/wp\/v2\/media?parent=27175"}],"wp:term":[{"taxonomy":"pwb-brand","embeddable":true,"href":"https:\/\/cheveuxluxe.com\/index.php\/wp-json\/wp\/v2\/pwb-brand?post=27175"},{"taxonomy":"product_cat","embeddable":true,"href":"https:\/\/cheveuxluxe.com\/index.php\/wp-json\/wp\/v2\/product_cat?post=27175"},{"taxonomy":"product_tag","embeddable":true,"href":"https:\/\/cheveuxluxe.com\/index.php\/wp-json\/wp\/v2\/product_tag?post=27175"}],"curies":[{"name":"wp","href":"https:\/\/api.w.org\/{rel}","templated":true}]}}