{"id":27186,"date":"2024-04-09T20:45:15","date_gmt":"2024-04-09T20:45:15","guid":{"rendered":"https:\/\/cheveuxluxe.com\/index.php\/product\/loreal-professionel-blondstudio-9-multitech-powder-bond-500g\/"},"modified":"2024-04-13T13:39:47","modified_gmt":"2024-04-13T13:39:47","slug":"loreal-professionel-blondstudio-9-multitech-powder-bond-500g","status":"publish","type":"product","link":"https:\/\/cheveuxluxe.com\/index.php\/product\/loreal-professionel-blondstudio-9-multitech-powder-bond-500g\/","title":{"rendered":"L&rsquo;Or\u00e9al Professionel BlondStudio 9 MultiTech Powder Bond 500g"},"content":{"rendered":"<div class=\"product-content_bottom\">\n<div class=\"pdp-info\">\n<div class=\"pdp-tabs tab-container\">\n<div class=\"tab js-tab\">\n<h3 class=\"tab-title pdp-tabs_title js-tab-mobile-title open\"><span>Points cl\u00e9s<\/span><\/h3>\n<div class=\"tab-description pdp-tabs_description js-tab-description open\" itemprop=\"description\">\n<ul>\n<li>Jusqu\u2019\u00e0 9 tons d\u2019\u00e9claircissement<\/li>\n<li>Multi-Techniques<\/li>\n<li>D\u00e9marrage rapide<\/li>\n<li>Haute concentration d&rsquo;agents d\u00e9colorants<\/li>\n<li>Complexe Bonder Inside d&rsquo;acide citrique et de glycine<\/li>\n<li>Protection des liaisons prouv\u00e9es<\/li>\n<\/ul>\n<\/div>\n<\/div>\n<div class=\"tab js-tab\">\n<h3 class=\"tab-title pdp-tabs_title js-tab-mobile-title\"><span>Description<\/span><\/h3>\n<div class=\"tab-description pdp-tabs_description js-tab-description\" itemprop=\"description\">L&rsquo;Or\u00e9al Professionnel Blond Studio Multi-Techniques 9 est une poudre d\u00e9colorante formule haute performantes avec le complexe Bonder inside \u00e0 l\u2019acide citrique et \u00e0 la glycine. La plus haute concentration de bonder sur le march\u00e9 qui prot\u00e8ge les liaisons internes fortes pendant la d\u00e9coloration et aide les liaisons faible \u00e0 se resouder. \u00c9claircissement jusqu\u2019\u00e0 9 tons. Une texture riche et onctueuse pour une haute adh\u00e9rence. Formule parfaitement adapt\u00e9e \u00e0 toutes les techniques de d\u00e9coloration. En combinaison avec le Blond Studio Oil-Developer, vous obtiendrez un r\u00e9sultat \u00e9claircissant optimal.<\/div>\n<\/div>\n<div class=\"tab js-tab\">\n<h3 class=\"tab-title pdp-tabs_title js-tab-mobile-title\"><span>Mode d&#8217;emploi<\/span><\/h3>\n<div class=\"tab-description pdp-tabs_description js-tab-description\">M\u00e9langer 30 gr de poudre avec 30 \u00e0 60 ml d&rsquo;Oxydant 20 ou 30 vol.<br \/>M\u00e9langer \u00e0 l\u2019aide d\u2019une spatule jusqu\u2019\u00e0 obtention d\u2019une texture onctueuse, lisse et homog\u00e8ne.<br \/>Temps de pause: maximum 50 min.<\/div>\n<\/div>\n<div class=\"tab js-tab\">\n<h3 class=\"tab-title pdp-tabs_title js-tab-mobile-title\"><span>Ingr\u00e9dients<\/span><\/h3>\n<div class=\"tab-description pdp-tabs_description js-tab-description\">Potassium persulfate, Sodium silicate, Ammonium persulfate, Magnesium carbonate hydroxide, sodium stearate, Paraffinum liquidum\/Mineral oil, sodium lauryl sulfate, CI 77007\/Ultramarines, Hydroxyethycellulose, Silica(Nano)\/Silica, Acrylates\/C10-30 Alkyl acrylate crosspolymer, Dissodium edta, Aqua\/water C260156\/1.<\/div>\n<\/div>\n<div class=\"tab js-tab\">\n<h3 class=\"tab-title pdp-tabs_title js-tab-mobile-title\"><span>Livraison et stock<\/span><\/h3>\n<div class=\"tab-description pdp-tabs_description js-tab-description\">\n<div class=\"pdp-delivery_info\">\n<div class=\"content-asset\">Livraison et d\u00e9laisRetours et remboursements<\/div>\n<\/div>\n<\/div>\n<\/div>\n<\/div>\n<\/div>\n<\/div>\n","protected":false},"excerpt":{"rendered":"<p>Points cl\u00e9s Jusqu\u2019\u00e0 9 tons d\u2019\u00e9claircissement Multi-Techniques D\u00e9marrage rapide Haute concentration d&rsquo;agents d\u00e9colorants Complexe Bonder&hellip;<\/p>\n","protected":false},"featured_media":18140,"comment_status":"open","ping_status":"closed","template":"","meta":[],"pwb-brand":[649],"product_cat":[382],"product_tag":[317,220,325],"class_list":{"0":"post-27186","1":"product","2":"type-product","3":"status-publish","4":"has-post-thumbnail","6":"pwb-brand-loreal-professionnel","7":"product_cat-decoloration","8":"product_tag-coloration","9":"product_tag-decoloration","10":"product_tag-loreal-professionnel","12":"first","13":"instock","14":"taxable","15":"shipping-taxable","16":"purchasable","17":"product-type-simple","18":"layout-style-3","19":"col-md-4 col-sm-4 col-xs-6","20":"col-lg-3","21":"product-has-gallery","22":"product-style-default"},"aioseo_notices":[],"brands":[{"id":649,"name":"L'Or\u00e9al Professionnel","slug":"loreal-professionnel"}],"_links":{"self":[{"href":"https:\/\/cheveuxluxe.com\/index.php\/wp-json\/wp\/v2\/product\/27186","targetHints":{"allow":["GET"]}}],"collection":[{"href":"https:\/\/cheveuxluxe.com\/index.php\/wp-json\/wp\/v2\/product"}],"about":[{"href":"https:\/\/cheveuxluxe.com\/index.php\/wp-json\/wp\/v2\/types\/product"}],"replies":[{"embeddable":true,"href":"https:\/\/cheveuxluxe.com\/index.php\/wp-json\/wp\/v2\/comments?post=27186"}],"version-history":[{"count":0,"href":"https:\/\/cheveuxluxe.com\/index.php\/wp-json\/wp\/v2\/product\/27186\/revisions"}],"wp:featuredmedia":[{"embeddable":true,"href":"https:\/\/cheveuxluxe.com\/index.php\/wp-json\/wp\/v2\/media\/18140"}],"wp:attachment":[{"href":"https:\/\/cheveuxluxe.com\/index.php\/wp-json\/wp\/v2\/media?parent=27186"}],"wp:term":[{"taxonomy":"pwb-brand","embeddable":true,"href":"https:\/\/cheveuxluxe.com\/index.php\/wp-json\/wp\/v2\/pwb-brand?post=27186"},{"taxonomy":"product_cat","embeddable":true,"href":"https:\/\/cheveuxluxe.com\/index.php\/wp-json\/wp\/v2\/product_cat?post=27186"},{"taxonomy":"product_tag","embeddable":true,"href":"https:\/\/cheveuxluxe.com\/index.php\/wp-json\/wp\/v2\/product_tag?post=27186"}],"curies":[{"name":"wp","href":"https:\/\/api.w.org\/{rel}","templated":true}]}}