{"id":27188,"date":"2024-04-09T20:45:19","date_gmt":"2024-04-09T20:45:19","guid":{"rendered":"https:\/\/cheveuxluxe.com\/index.php\/product\/schwarzkopf-professional-poudre-compacte-decolorante-premium-lightener-9-450g\/"},"modified":"2024-04-13T13:46:05","modified_gmt":"2024-04-13T13:46:05","slug":"schwarzkopf-professional-poudre-compacte-decolorante-premium-lightener-9-450g","status":"publish","type":"product","link":"https:\/\/cheveuxluxe.com\/index.php\/product\/schwarzkopf-professional-poudre-compacte-decolorante-premium-lightener-9-450g\/","title":{"rendered":"Schwarzkopf Professional Poudre compacte d\u00e9colorante Premium Lightener 9+ 450g"},"content":{"rendered":"<div class=\"product-content_bottom\">\n<div class=\"pdp-info\">\n<div class=\"pdp-tabs tab-container\">\n<div class=\"tab js-tab\">\n<h3 class=\"tab-title pdp-tabs_title js-tab-mobile-title open\"><span>Points cl\u00e9s<\/span><\/h3>\n<div class=\"tab-description pdp-tabs_description js-tab-description open\" itemprop=\"description\">\n<ul>\n<li>Un \u00e9claircissant haute performance<\/li>\n<li>Prot\u00e8ge les liaisons capillaires pendant le traitement<\/li>\n<li>Jusqu&rsquo;\u00e0 9\u00a0niveaux d\u2019\u00e9claircissement<\/li>\n<li>Agents anti-jaunissement<\/li>\n<\/ul>\n<\/div>\n<\/div>\n<div class=\"tab js-tab\">\n<h3 class=\"tab-title pdp-tabs_title js-tab-mobile-title\"><span>Description<\/span><\/h3>\n<div class=\"tab-description pdp-tabs_description js-tab-description\" itemprop=\"description\">Si vous avez un blond qui a besoin de plus qu&rsquo;un simple coup de fouet, BlondMe Bond Enforcing Premium Lightener 9+ de Schwarzkopf Professional offre une performance incomparable. Qu&rsquo;elle soit naturelle ou d\u00e9color\u00e9e, cet \u00e9claircisseur en poudre rehaussera n&rsquo;importe quelle nuance de blond \u00e0 un niveau imbattable de 9, tout en neutralisant les nuances chaudes gr\u00e2ce \u00e0 ses agents anti-jaunissement. L&rsquo;ajout de la technologie Bond Enforcing l&rsquo;am\u00e9liore par rapport au pr\u00e9c\u00e9dent BLONDME Premium Lift 9+ car il p\u00e9n\u00e8tre et prot\u00e8ge la structure du cheveu pendant l&rsquo;application, promettant une rupture minimale. L&rsquo;\u00e9claircisseur le plus puissant du march\u00e9, BlondMe promet des cheveux blonds prot\u00e9g\u00e9s, durables et \u00e9blouissants. Le temps de traitement est de 20 \u00e0 45\u00a0minutes selon l&rsquo;effet souhait\u00e9.<\/p>\n<p><b>Principaux avantages\u00a0:<\/b><\/p>\n<style>ul.kit li {list-style-type: disc; margin-left: 15px;}<\/style>\n<ul <=\"\" class=\"kit\" li=\"\">\n<li>Offre jusqu&rsquo;\u00e0 9\u00a0niveaux d\u2019\u00e9claircissement<\/li>\n<li>Des agents anti-jaunissement neutralisent les nuances chaudes<\/li>\n<li>La technologie int\u00e9gr\u00e9e Bond Enforcing prot\u00e8ge la structure des cheveux<\/li>\n<li>Processus dans un d\u00e9lai de 20 \u00e0 45\u00a0minutes<\/li>\n<\/ul>\n<\/div>\n<\/div>\n<div class=\"tab js-tab\">\n<h3 class=\"tab-title pdp-tabs_title js-tab-mobile-title\"><span>Mode d&#8217;emploi<\/span><\/h3>\n<div class=\"tab-description pdp-tabs_description js-tab-description\">Pr\u00e9paration\u00a0: M\u00e9langez la quantit\u00e9 de poudre souhait\u00e9e avec le r\u00e9v\u00e9lateur Blondme Premium 2\u00a0%\/7\u00a0Vol., 6 %\/20\u00a0Vol. ou 9\u00a0%\/30\u00a0Vol. jusqu&rsquo;\u00e0 l&rsquo;obtention d&rsquo;une cr\u00e8me lisse. Rapport de m\u00e9lange variable\u00a0: 1:1.5 \u00e0 1:2.5. Temps de traitement : 20 &#8211; 45\u00a0min. N&rsquo;utilisez pas la chaleur artificielle d&rsquo;un steamer ou d&rsquo;une hotte de s\u00e9chage pour r\u00e9duire le temps de traitement.<\/p>\n<p> Application\u00a0: Appliquez imm\u00e9diatement apr\u00e8s le m\u00e9lange sur les cheveux secs, ne shampooinez pas avant utilisation. Une distribution uniforme et une abondance de produits assurent la meilleure \u00e9galisation. \u00c9vitez de superposer les applications sur des cheveux pr\u00e9c\u00e9demment \u00e9claircis. Rincez soigneusement vos cheveux, shampooinez-les et traitez-les avec le shampooing, l&rsquo;apr\u00e8s-shampooing et le masque Blondme Bonding appropri\u00e9s. Ce produit a \u00e9t\u00e9 sp\u00e9cialement d\u00e9velopp\u00e9 pour r\u00e9duire la formation de poussi\u00e8re.<\/p><\/div>\n<\/div>\n<div class=\"tab js-tab\">\n<h3 class=\"tab-title pdp-tabs_title js-tab-mobile-title\"><span>Ingr\u00e9dients<\/span><\/h3>\n<div class=\"tab-description pdp-tabs_description js-tab-description\">Magnesium Carbonate Hydroxide,Potassium Persulfate,Sodium Silicate,Kaolin,Ammonium Persulfate,Paraffinum Liquidum (Mineral Oil, Huile Min\u00e9rale),Sodium Metasilicate,Xanthan Gum,Succinic Acid,Trisodium Dicarboxymethyl Alaninate,Sodium Hexametaphosphate,Polyquaternium-4,Serine,Arginine,Silica,Microcrystalline Cellulose,Cellulose Gum<\/div>\n<\/div>\n<div class=\"tab js-tab\">\n<h3 class=\"tab-title pdp-tabs_title js-tab-mobile-title\"><span>Livraison et stock<\/span><\/h3>\n<div class=\"tab-description pdp-tabs_description js-tab-description\">\n<div class=\"pdp-delivery_info\">\n<div class=\"content-asset\">Livraison et d\u00e9laisRetours et remboursements<\/div>\n<\/div>\n<\/div>\n<\/div>\n<\/div>\n<\/div>\n<\/div>\n","protected":false},"excerpt":{"rendered":"<p>Points cl\u00e9s Un \u00e9claircissant haute performance Prot\u00e8ge les liaisons capillaires pendant le traitement Jusqu&rsquo;\u00e0 9\u00a0niveaux&hellip;<\/p>\n","protected":false},"featured_media":27187,"comment_status":"open","ping_status":"closed","template":"","meta":[],"pwb-brand":[646],"product_cat":[503],"product_tag":[168,169,319],"class_list":{"0":"post-27188","1":"product","2":"type-product","3":"status-publish","4":"has-post-thumbnail","6":"pwb-brand-schwarzkopf-professional","7":"product_cat-materiel-de-coiffure-equipement-de-salon-22","8":"product_tag-equipement-de-salon","9":"product_tag-materiel-de-coiffure","10":"product_tag-schwarzkopf-professional","12":"first","13":"instock","14":"taxable","15":"shipping-taxable","16":"purchasable","17":"product-type-simple","18":"layout-style-3","19":"col-md-4 col-sm-4 col-xs-6","20":"col-lg-3","21":"product-style-default"},"aioseo_notices":[],"brands":[{"id":646,"name":"Schwarzkopf Professional","slug":"schwarzkopf-professional"}],"_links":{"self":[{"href":"https:\/\/cheveuxluxe.com\/index.php\/wp-json\/wp\/v2\/product\/27188","targetHints":{"allow":["GET"]}}],"collection":[{"href":"https:\/\/cheveuxluxe.com\/index.php\/wp-json\/wp\/v2\/product"}],"about":[{"href":"https:\/\/cheveuxluxe.com\/index.php\/wp-json\/wp\/v2\/types\/product"}],"replies":[{"embeddable":true,"href":"https:\/\/cheveuxluxe.com\/index.php\/wp-json\/wp\/v2\/comments?post=27188"}],"version-history":[{"count":0,"href":"https:\/\/cheveuxluxe.com\/index.php\/wp-json\/wp\/v2\/product\/27188\/revisions"}],"wp:featuredmedia":[{"embeddable":true,"href":"https:\/\/cheveuxluxe.com\/index.php\/wp-json\/wp\/v2\/media\/27187"}],"wp:attachment":[{"href":"https:\/\/cheveuxluxe.com\/index.php\/wp-json\/wp\/v2\/media?parent=27188"}],"wp:term":[{"taxonomy":"pwb-brand","embeddable":true,"href":"https:\/\/cheveuxluxe.com\/index.php\/wp-json\/wp\/v2\/pwb-brand?post=27188"},{"taxonomy":"product_cat","embeddable":true,"href":"https:\/\/cheveuxluxe.com\/index.php\/wp-json\/wp\/v2\/product_cat?post=27188"},{"taxonomy":"product_tag","embeddable":true,"href":"https:\/\/cheveuxluxe.com\/index.php\/wp-json\/wp\/v2\/product_tag?post=27188"}],"curies":[{"name":"wp","href":"https:\/\/api.w.org\/{rel}","templated":true}]}}