{"id":27221,"date":"2024-04-09T20:46:26","date_gmt":"2024-04-09T20:46:26","guid":{"rendered":"https:\/\/cheveuxluxe.com\/index.php\/product\/schwarzkopf-professional-blond-me-revelateur-soin-premium-350g\/"},"modified":"2024-04-13T13:48:01","modified_gmt":"2024-04-13T13:48:01","slug":"schwarzkopf-professional-blond-me-revelateur-soin-premium-350g","status":"publish","type":"product","link":"https:\/\/cheveuxluxe.com\/index.php\/product\/schwarzkopf-professional-blond-me-revelateur-soin-premium-350g\/","title":{"rendered":"Schwarzkopf Professional Blond Me -R\u00e9v\u00e9lateur Soin Premium 350g"},"content":{"rendered":"<div class=\"product-content_bottom\">\n<div class=\"pdp-info\">\n<div class=\"pdp-tabs tab-container\">\n<div class=\"tab js-tab\">\n<h3 class=\"tab-title pdp-tabs_title js-tab-mobile-title open\"><span>Points cl\u00e9s<\/span><\/h3>\n<div class=\"tab-description pdp-tabs_description js-tab-description open\" itemprop=\"description\">\n<ul>\n<li>Jusqu&rsquo;\u00e0 7 niveaux de lift, sp\u00e9cialement con\u00e7u pour des services pr\u00e9cis sur le cuir chevelu<\/li>\n<\/ul>\n<\/div>\n<\/div>\n<div class=\"tab js-tab\">\n<h3 class=\"tab-title pdp-tabs_title js-tab-mobile-title\"><span>Description<\/span><\/h3>\n<div class=\"tab-description pdp-tabs_description js-tab-description\" itemprop=\"description\">Pour une pr\u00e9cision optimale m\u00eame sur les plus petites applications de repousse, l&rsquo;\u00e9claircisseur de pr\u00e9cision Blond Me, avec sa technologie int\u00e9gr\u00e9e de protection contre les liaisons m\u00e9talliques, poss\u00e8de une formule Swell-Control qui minimise les gonflements et est sp\u00e9cialement con\u00e7u pour des services pr\u00e9cis sur la peau. Il cr\u00e9e une transition en douceur vers la racine et offre jusqu&rsquo;\u00e0 7 niveaux d&rsquo;\u00e9l\u00e9vation avec un minimum de casse de cheveux.<\/div>\n<\/div>\n<div class=\"tab js-tab\">\n<h3 class=\"tab-title pdp-tabs_title js-tab-mobile-title\"><span>Mode d&#8217;emploi<\/span><\/h3>\n<div class=\"tab-description pdp-tabs_description js-tab-description\">\n<p>M\u00e9langer la quantit\u00e9 n\u00e9cessaire d&rsquo;Argile d\u00e9colorante avec le R\u00e9v\u00e9lateur Premium 6%\/20 Vol. ; 9%\/30 Vol. ou 12%\/40 Vol. Blond Me jusqu&rsquo;\u00e0 l&rsquo;obtention d&rsquo;une consistance \u00e9paisse. Ratio de M\u00e9lange 1:1.5. Temps de pose : 20-45 minutes. Ne pas utiliser de chaleur artificielle d&rsquo;un appareil \u00e0 vapeur ou autre pour r\u00e9duire le temps de pose. Appliquer le m\u00e9lange imm\u00e9diatement sur cheveux secs, ne pas laver les cheveux avant application. Une application homog\u00e8ne avec un bonne quantit\u00e9 de produit est n\u00e9cessaire pour s&rsquo;assurer d&rsquo;un r\u00e9sultat uniforme. \u00c9viter d&rsquo;appliquer du m\u00e9lange sur les parties d\u00e9j\u00e0 d\u00e9color\u00e9es de la chevelure. Rincer abondamment et appliquer un shampooing et un soin de la gamme Blond Me. Aucun syst\u00e8me de protection des liaisons suppl\u00e9mentaire n&rsquo;est n\u00e9cessaire, un ajout pourrait compromettre la performance des produits.<\/p>\n<\/div>\n<\/div>\n<div class=\"tab js-tab\">\n<h3 class=\"tab-title pdp-tabs_title js-tab-mobile-title\"><span>Ingr\u00e9dients<\/span><\/h3>\n<div class=\"tab-description pdp-tabs_description js-tab-description\">Sodium Silicate,Potassium Persulfate,Ammonium Persulfate,Magnesium Carbonate Hydroxide,Paraffinum Liquidum (Mineral Oil, Huile Min\u00e9rale),Cellulose Gum,Trisodium Dicarboxymethyl Alaninate,Octyldodecanol,Succinic Acid,Potassium Stearate,Silica,Parfum (Fragrance),Sodium Hexametaphosphate,Polyquaternium-4,Hydroxyethylcellulose,Serine,Arginine,Geraniol,Citronellol,CI 77007 (Ultramarines)<\/div>\n<\/div>\n<div class=\"tab js-tab\">\n<h3 class=\"tab-title pdp-tabs_title js-tab-mobile-title\"><span>Livraison et stock<\/span><\/h3>\n<div class=\"tab-description pdp-tabs_description js-tab-description\">\n<div class=\"pdp-delivery_info\">\n<div class=\"content-asset\">Livraison et d\u00e9laisRetours et remboursements<\/div>\n<\/div>\n<\/div>\n<\/div>\n<div class=\"tab js-tab\">\n<h3 class=\"tab-title pdp-tabs_title js-tab-mobile-title\"><span>Pr\u00e9cautions d&#8217;emploi<\/span><\/h3>\n<div class=\"tab-description pdp-tabs_description js-tab-description\">Pour usage professionnel seulement. Les colorants pour les cheveux peuvent entra\u00eener des r\u00e9actions allergiques graves. Lire et suivre les consignes. Ce produit n&rsquo;est pas pr\u00e9vu pour \u00eatre utilis\u00e9 sur des personnes \u00e2g\u00e9es de moins de 16 ans. Les tatouages temporaires au henn\u00e9 noir peuvent augmenter le risque d&rsquo;allergie. Ne colorez pas vos cheveux si : \u2013 vous avez des rougeurs sur le visage, un cuir chevelu sensible, irrit\u00e9 ou ab\u00eem\u00e9, \u2013 vous avez d\u00e9j\u00e0 eu une r\u00e9action apr\u00e8s avoir color\u00e9 vos cheveux, \u2013 vous avez eu une r\u00e9action \u00e0 un tatouage temporaire au henn\u00e9 noir par le pass\u00e9. Tenir hors de port\u00e9e des enfants. \u00c9viter tout contact avec les yeux. En cas de contact du produit avec les yeux, rincer imm\u00e9diatement. Ne pas utiliser pour colorer vos cils ou sourcils. Bien rincer les cheveux apr\u00e8s application. Porter des gants appropri\u00e9s.<\/div>\n<\/div>\n<\/div>\n<\/div>\n<\/div>\n","protected":false},"excerpt":{"rendered":"<p>Points cl\u00e9s Jusqu&rsquo;\u00e0 7 niveaux de lift, sp\u00e9cialement con\u00e7u pour des services pr\u00e9cis sur le&hellip;<\/p>\n","protected":false},"featured_media":27218,"comment_status":"open","ping_status":"closed","template":"","meta":[],"pwb-brand":[646],"product_cat":[503],"product_tag":[168,169,319],"class_list":{"0":"post-27221","1":"product","2":"type-product","3":"status-publish","4":"has-post-thumbnail","6":"pwb-brand-schwarzkopf-professional","7":"product_cat-materiel-de-coiffure-equipement-de-salon-22","8":"product_tag-equipement-de-salon","9":"product_tag-materiel-de-coiffure","10":"product_tag-schwarzkopf-professional","12":"first","13":"instock","14":"taxable","15":"shipping-taxable","16":"purchasable","17":"product-type-simple","18":"layout-style-3","19":"col-md-4 col-sm-4 col-xs-6","20":"col-lg-3","21":"product-has-gallery","22":"product-style-default"},"aioseo_notices":[],"brands":[{"id":646,"name":"Schwarzkopf Professional","slug":"schwarzkopf-professional"}],"_links":{"self":[{"href":"https:\/\/cheveuxluxe.com\/index.php\/wp-json\/wp\/v2\/product\/27221","targetHints":{"allow":["GET"]}}],"collection":[{"href":"https:\/\/cheveuxluxe.com\/index.php\/wp-json\/wp\/v2\/product"}],"about":[{"href":"https:\/\/cheveuxluxe.com\/index.php\/wp-json\/wp\/v2\/types\/product"}],"replies":[{"embeddable":true,"href":"https:\/\/cheveuxluxe.com\/index.php\/wp-json\/wp\/v2\/comments?post=27221"}],"version-history":[{"count":0,"href":"https:\/\/cheveuxluxe.com\/index.php\/wp-json\/wp\/v2\/product\/27221\/revisions"}],"wp:featuredmedia":[{"embeddable":true,"href":"https:\/\/cheveuxluxe.com\/index.php\/wp-json\/wp\/v2\/media\/27218"}],"wp:attachment":[{"href":"https:\/\/cheveuxluxe.com\/index.php\/wp-json\/wp\/v2\/media?parent=27221"}],"wp:term":[{"taxonomy":"pwb-brand","embeddable":true,"href":"https:\/\/cheveuxluxe.com\/index.php\/wp-json\/wp\/v2\/pwb-brand?post=27221"},{"taxonomy":"product_cat","embeddable":true,"href":"https:\/\/cheveuxluxe.com\/index.php\/wp-json\/wp\/v2\/product_cat?post=27221"},{"taxonomy":"product_tag","embeddable":true,"href":"https:\/\/cheveuxluxe.com\/index.php\/wp-json\/wp\/v2\/product_tag?post=27221"}],"curies":[{"name":"wp","href":"https:\/\/api.w.org\/{rel}","templated":true}]}}