{"id":27231,"date":"2024-04-09T20:46:43","date_gmt":"2024-04-09T20:46:43","guid":{"rendered":"https:\/\/cheveuxluxe.com\/index.php\/product\/redken-poudre-eclaircissante-flash-lift-power-9-bonder-inside-500g\/"},"modified":"2024-04-13T13:40:01","modified_gmt":"2024-04-13T13:40:01","slug":"redken-poudre-eclaircissante-flash-lift-power-9-bonder-inside-500g","status":"publish","type":"product","link":"https:\/\/cheveuxluxe.com\/index.php\/product\/redken-poudre-eclaircissante-flash-lift-power-9-bonder-inside-500g\/","title":{"rendered":"Redken Poudre \u00c9claircissante Flash Lift Power 9 Bonder Inside 500g"},"content":{"rendered":"<div class=\"product-content_bottom\">\n<div class=\"pdp-info\">\n<div class=\"pdp-tabs tab-container\">\n<div class=\"tab js-tab\">\n<h3 class=\"tab-title pdp-tabs_title js-tab-mobile-title open\"><span>Points cl\u00e9s<\/span><\/h3>\n<div class=\"tab-description pdp-tabs_description js-tab-description open\" itemprop=\"description\">\n<ul>\n<li>\u00c9claircissment jusqu&rsquo;\u00e0 9 tons<\/li>\n<li>Protection bonder Int\u00e9gr\u00e9e<\/li>\n<li>Eclaircissment r\u00e9gulier de la racine \u00e0 la pointe<\/li>\n<\/ul>\n<\/div>\n<\/div>\n<div class=\"tab js-tab\">\n<h3 class=\"tab-title pdp-tabs_title js-tab-mobile-title\"><span>Description<\/span><\/h3>\n<div class=\"tab-description pdp-tabs_description js-tab-description\" itemprop=\"description\">Poudre d\u00e9colorante Redken concentr\u00e9e en agents protecteurs Bonder de la fibre, jusqu\u2019\u00e0 9 tons d&rsquo;\u00e9claircissement. Pas d&rsquo;additifs n\u00e9cessaires Une fibre prot\u00e9g\u00e9e gr\u00e2ce au complexe de soin bonding qui r\u00e9pare et prot\u00e8ge les liaisons faibles du cheveu. Convient pour toutes les techniques de d\u00e9coloration : balayage, m\u00e8ches envelopp\u00e9es et application t\u00eate enti\u00e8re, sur les longueurs et le cuir chevelu.<\/div>\n<\/div>\n<div class=\"tab js-tab\">\n<h3 class=\"tab-title pdp-tabs_title js-tab-mobile-title\"><span>Mode d&#8217;emploi<\/span><\/h3>\n<div class=\"tab-description pdp-tabs_description js-tab-description\">\n<p>Techniques de balayage ou \u00e0 main lev\u00e9e: utiliser 10,20,30 ou 40 vol Pro-Oxide avec un ratio 1:1 et temps de pause jusqu&rsquo;\u00e0 50 min selon le r\u00e9sultat souhait\u00e9, ne pas utiliser de chaleur. Techniques envelopp\u00e9es: utiliser 10,20,30 ou 40 vol Pro-Oxide avec un ratio 1:1,5 et temps de pause jusqu&rsquo;\u00e0 50 min, ne pas utiliser la chaleur. Techniques sur le cuir chevelu : utiliser 10,20, ou 30 vol Pro-Oxide avec un ratio 1:2 et temps de pause jusqu\u2019\u00e0 50 minutes selon le r\u00e9sultat souhait\u00e9. Ne pas utiliser de chaleur. Ne pas couvrir les cheveux. PRECAUTIONS: Ce produit contient des persulfates, il peut provoquer une r\u00e9action cutan\u00e9e, interroger au pr\u00e9alable votre client sur ses ant\u00e9c\u00e9dents de r\u00e9action \u00e0 un produit de d\u00e9coloration. Porter des gants appropri\u00e9s lors de la pr\u00e9paration, application et rin\u00e7age du produit. Ne pas utiliser d&rsquo;outils m\u00e9talliques (pince, peigne&#8230;) CONSIGNES D\u2019UTILISATION IMPORTANTES : CE PRODUIT CONTIENT DES PERSULFATES. IL<\/p>\n<p>PEUT PROVOQUER UNE R\u00c9ACTION ALLERGIQUE QUI, DANS CERTAINS CAS RARES, PEUT \u00caTRE GRAVE. POUR VOUS ET VOTRE CLIENT, IL EST DONC INDISPENSABLE DE RESPECTER LES PR\u00c9CAUTIONS SUIVANTES: .<\/p>\n<p>Interroger pr\u00e9alablement votre client sur des ant\u00e9c\u00e9dents de r\u00e9action \u00e0 un produit de d\u00e9coloration .<\/p>\n<p>NE PAS UTILISER SI : -Vous-m\u00eame ou votre client avez d\u00e9j\u00e0 r\u00e9agi \u00e0 un produit de d\u00e9coloration &#8211; Votre client a le cuir chevelu sensible, irrit\u00e9 ou ab\u00eem\u00e9 . Pour toute question relative \u00e0 votre sensibilit\u00e9 personnelle ou \u00e0 celle de votre client, consultez ou recommandez la consultation d&rsquo;un m\u00e9decin . En cas de picotements intenses, irritations, boutons ou sensation de br\u00fblure du cuir chevelu, stopper l\u2019utilisation et rincer imm\u00e9diatement \u00e0 l&rsquo;eau ti\u00e8de pendant 30 minutes au moins. Ne rien appliquer apr\u00e8s rin\u00e7age et ne pas poursuivre l\u2019application du produit de d\u00e9coloration. Ne pas utiliser de chaleur pour le s\u00e9chage. Ne pas proc\u00e9der \u00e0 une d\u00e9coloration ou \u00e0 une coloration le jour m\u00eame ni les jours suivants. Avant de refaire une d\u00e9coloration, recommander \u00e0 votre client la consultation d\u2019un m\u00e9decin. &#8211; En cas de difficult\u00e9 \u00e0 respirer, demander imm\u00e9diatement une assistance m\u00e9dicale &#8211; Le m\u00e9lange d\u00e9colorant contient: de l\u2019ammoniaque, de l&rsquo;eau oxyg\u00e9n\u00e9e et des persulfates. Ce produit a \u00e9t\u00e9 formul\u00e9 pour r\u00e9duire sa volatilit\u00e9, cependant prendre les pr\u00e9cautions suivantes lors de la pr\u00e9paration: .<\/p>\n<p>NE PAS INHALER OU ING\u00c9RER LA POUDRE . En cas d&rsquo;ingestion, ne pas faire vomir, consulter imm\u00e9diatement un m\u00e9decin . PORTER DES GANTS APPROPRI\u00c9S mono-usage lors de la pr\u00e9paration, de l\u2019application et du rin\u00e7age du produit . Ouvrir pr\u00e9cautionneusement et pr\u00e9lever la poudre \u00e0 l\u2019aide d\u2019une cuill\u00e8re .Pr\u00e9parer le m\u00e9lange en pr\u00e9levant d\u2019abord la poudre et en pesant l\u2019oxydant par-dessus . Pr\u00e9parer et appliquer le m\u00e9lange de pr\u00e9f\u00e9rence dans un local a\u00e9r\u00e9 &#8211; Ne pas utiliser chez l&rsquo;enfant. Tenir hors de la port\u00e9e des enfants. &#8211; Utiliser exclusivement avec les Redken Pro-oxides pr\u00e9conis\u00e9s 40 volume (12%) maximum et les accessoires d\u2019enveloppement indiqu\u00e9s &#8211; En cas de non respect des consignes d\u2019utilisation, des pertes, casses de cheveux, br\u00fblures du cuir chevelu peuvent survenir. &#8211; \u00c9viter le contact du produit avec la peau et les yeux, ne pas employer pour la d\u00e9coloration des cils et des sourcils. Ne pas suivre cette consigne peut entra\u00eener la c\u00e9cit\u00e9. &#8211; En cas de contact avec les yeux les rincer imm\u00e9diatement et abondamment et consulter un m\u00e9decin. En cas de lentilles de contact, les retirer avant de rincer les yeux &#8211; Ne pas disposer les cheveux devant le visage pendant le temps de pause &#8211; Respecter le temps de pause, puis rincer tr\u00e8s soigneusement les cheveux \u00e0 l&rsquo;eau ti\u00e8de &#8211; En cas d\u2019application t\u00eate enti\u00e8re, ne pas appliquer deux fois de suite. &#8211; Ne pas utiliser pour la d\u00e9coloration de la barbe et de la moustache ou pour un usage autre que la d\u00e9coloration des cheveux. &#8211; Ne pas utiliser sur des cheveux tr\u00e8s fins, sensibilis\u00e9s, d\u00e9fris\u00e9s ou liss\u00e9s durablement. Ne pas utiliser juste apr\u00e8s une permanente. &#8211; Ne pas utiliser si les cheveux ont \u00e9t\u00e9 color\u00e9s par du henn\u00e9 ou avec une coloration \u00e0 d\u00e9p\u00f4t de pigments progressifs. Attendre que les cheveux ainsi trait\u00e9s ou que les coloration semi permanentes aient disparu, sans quoi les cheveux pourraient casser ou d\u00e9colorer. &#8211; Conserver le pot de poudre correctement ferm\u00e9 dans un endroit sec et a\u00e9r\u00e9, \u00e0 l\u2019abri de la chaleur<\/p>\n<p>AVANT UTILISATION, LIRE ET RESPECTER LA NOTICE. R\u00e9serv\u00e9 exclusivement \u00e0 l\u2019usage professionnel des coiffeurs. Ne peut \u00eatre revendu.<\/p>\n<p>PR\u00c9PARATION &#8211; Porter des gants appropri\u00e9s mono-usage &#8211; Ouvrir le pot pr\u00e9cautionneusement et pr\u00e9lever la poudre \u00e0 l\u2019aide de la cuill\u00e8re en maintenant le pot en position debout &#8211; Pr\u00e9parer le m\u00e9lange en pr\u00e9levant d\u2019abord la poudre et en pesant l\u2019oxydant par-dessus &#8211; Proc\u00e9der au m\u00e9lange dans un local a\u00e9r\u00e9.<\/p>\n<p>APPLICATION ET RINCAGE &#8211; Porter des gants appropri\u00e9s mono-usage &#8211; En m\u00e8ches, ne pas laisser d\u00e9border le produit sur le cuir chevelu &#8211; Ne pas utiliser d\u2019outil m\u00e9tallique (pince, peigne,\u2026) &#8211; Bien rincer les cheveux apr\u00e8s le temps de pause. Pas d\u2019apport de chaleur durant le temps de pause. Demander des renseignements sur ce produit\u00a0\u00bb<\/p>\n<\/div>\n<\/div>\n<div class=\"tab js-tab\">\n<h3 class=\"tab-title pdp-tabs_title js-tab-mobile-title\"><span>Ingr\u00e9dients<\/span><\/h3>\n<div class=\"tab-description pdp-tabs_description js-tab-description\">POTASSIUM PERSULFATE \u2022 SODIUM METASILICATE \u2022 AMMONIUM PERSULFATE \u2022 MAGNESIUM CARBONATE HYDROXIDE \u2022 SODIUM SILICATE \u2022 PARAFFINUM LIQUIDUM \/ MINERAL OIL \/ HUILE MINERALE \u2022 CITRIC ACID \u2022 SODIUM STEARATE \u2022 UREA \u2022 GLYCINE \u2022 CYAMOPSIS TETRAGONOLOBA GUM \/ GUAR GUM \u2022 DISODIUM EDTA \u2022 SODIUM LAURYL SULFATE \u2022 SILICA \u2022 CI 77007 \/ ULTRAMARINES \u2022 AQUA \/ WATER \/ EAU<\/div>\n<\/div>\n<div class=\"tab js-tab\">\n<h3 class=\"tab-title pdp-tabs_title js-tab-mobile-title\"><span>Livraison et stock<\/span><\/h3>\n<div class=\"tab-description pdp-tabs_description js-tab-description\">\n<div class=\"pdp-delivery_info\">\n<div class=\"content-asset\">Livraison et d\u00e9laisRetours et remboursements<\/div>\n<\/div>\n<\/div>\n<\/div>\n<\/div>\n<\/div>\n<\/div>\n","protected":false},"excerpt":{"rendered":"<p>Points cl\u00e9s \u00c9claircissment jusqu&rsquo;\u00e0 9 tons Protection bonder Int\u00e9gr\u00e9e Eclaircissment r\u00e9gulier de la racine \u00e0&hellip;<\/p>\n","protected":false},"featured_media":27227,"comment_status":"open","ping_status":"closed","template":"","meta":[],"pwb-brand":[647],"product_cat":[382],"product_tag":[317,220,321],"class_list":{"0":"post-27231","1":"product","2":"type-product","3":"status-publish","4":"has-post-thumbnail","6":"pwb-brand-redken","7":"product_cat-decoloration","8":"product_tag-coloration","9":"product_tag-decoloration","10":"product_tag-redken","12":"first","13":"instock","14":"taxable","15":"shipping-taxable","16":"purchasable","17":"product-type-simple","18":"layout-style-3","19":"col-md-4 col-sm-4 col-xs-6","20":"col-lg-3","21":"product-has-gallery","22":"product-style-default"},"aioseo_notices":[],"brands":[{"id":647,"name":"Redken","slug":"redken"}],"_links":{"self":[{"href":"https:\/\/cheveuxluxe.com\/index.php\/wp-json\/wp\/v2\/product\/27231","targetHints":{"allow":["GET"]}}],"collection":[{"href":"https:\/\/cheveuxluxe.com\/index.php\/wp-json\/wp\/v2\/product"}],"about":[{"href":"https:\/\/cheveuxluxe.com\/index.php\/wp-json\/wp\/v2\/types\/product"}],"replies":[{"embeddable":true,"href":"https:\/\/cheveuxluxe.com\/index.php\/wp-json\/wp\/v2\/comments?post=27231"}],"version-history":[{"count":0,"href":"https:\/\/cheveuxluxe.com\/index.php\/wp-json\/wp\/v2\/product\/27231\/revisions"}],"wp:featuredmedia":[{"embeddable":true,"href":"https:\/\/cheveuxluxe.com\/index.php\/wp-json\/wp\/v2\/media\/27227"}],"wp:attachment":[{"href":"https:\/\/cheveuxluxe.com\/index.php\/wp-json\/wp\/v2\/media?parent=27231"}],"wp:term":[{"taxonomy":"pwb-brand","embeddable":true,"href":"https:\/\/cheveuxluxe.com\/index.php\/wp-json\/wp\/v2\/pwb-brand?post=27231"},{"taxonomy":"product_cat","embeddable":true,"href":"https:\/\/cheveuxluxe.com\/index.php\/wp-json\/wp\/v2\/product_cat?post=27231"},{"taxonomy":"product_tag","embeddable":true,"href":"https:\/\/cheveuxluxe.com\/index.php\/wp-json\/wp\/v2\/product_tag?post=27231"}],"curies":[{"name":"wp","href":"https:\/\/api.w.org\/{rel}","templated":true}]}}