{"id":27246,"date":"2024-04-09T20:47:30","date_gmt":"2024-04-09T20:47:30","guid":{"rendered":"https:\/\/cheveuxluxe.com\/index.php\/product\/redken-free-hand-creme-eclaircissante-450gr\/"},"modified":"2024-04-13T13:40:06","modified_gmt":"2024-04-13T13:40:06","slug":"redken-free-hand-creme-eclaircissante-450gr","status":"publish","type":"product","link":"https:\/\/cheveuxluxe.com\/index.php\/product\/redken-free-hand-creme-eclaircissante-450gr\/","title":{"rendered":"REDKEN Free Hand Cr\u00e8me Eclaircissante 450gr"},"content":{"rendered":"<div class=\"product-content_bottom\">\n<div class=\"pdp-info\">\n<div class=\"pdp-tabs tab-container\">\n<div class=\"tab js-tab\">\n<h3 class=\"tab-title pdp-tabs_title js-tab-mobile-title open\"><span>Points cl\u00e9s<\/span><\/h3>\n<div class=\"tab-description pdp-tabs_description js-tab-description open\" itemprop=\"description\">\n<ul>\n<li>Eclaircissement jusqu\u2019\u00e0 6 tons<\/li>\n<li>Texture parfaite<\/li>\n<li>Provitamine B5<\/li>\n<li>Pour techniques de balayages<\/li>\n<\/ul>\n<\/div>\n<\/div>\n<div class=\"tab js-tab\">\n<h3 class=\"tab-title pdp-tabs_title js-tab-mobile-title\"><span>Description<\/span><\/h3>\n<div class=\"tab-description pdp-tabs_description js-tab-description\" itemprop=\"description\">FREEHAND: TEXTURE PARFAITE AVEC AGENTS HYDRATANTS. TEXTURE SP\u00c9CIALE POUR LES TECHNIQUES DE BALAYAGES MULTIPLES \u00c0 L\u2019AIR LIBRE ET HAND PAINTING. UNE FOIS PLAC\u00c9E, NE GONFLE PAS ET NE COULE PAS.<\/p>\n<p>ECLAIRCISSEMENT JUSU\u2019\u00c0 6 TONS. NE PAS UTILISER EN \u201cON-SCALP\u201d !!! 10,20,30,40 VOL. 1+2<\/p>\n<p>PERMET D\u2019OBTENIR JUSQU\u2019\u00c0 HUIT DEGR\u00c9S DE VOLUME<\/p>\n<p>UN TEMPS DE POSE 20 %<\/p>\n<p>CONTIENT DE LA PROVITAMINE B5 REVITALISANTE POUR BEAUCOUP DE VOLUME SANS SACRIFIER LA QUALIT\u00c9 DES CHEVEUX.<\/p>\n<p>PERSONNALISABLE SELON LES BESOINS DE CHAQUE CLIENTE, DES R\u00c9SULTATS BLONDS EXTR\u00caMES, AUX M\u00c8CHES DRAMATIQUES AVANT-GARDISTES.<\/p><\/div>\n<\/div>\n<div class=\"tab js-tab\">\n<h3 class=\"tab-title pdp-tabs_title js-tab-mobile-title\"><span>Mode d&#8217;emploi<\/span><\/h3>\n<div class=\"tab-description pdp-tabs_description js-tab-description\">NE PAS UTILISER D&rsquo;OUTILS M\u00c9TALLIQUES (PINCES, PEIGNES, ETC.)<\/p>\n<p>BIEN RINCER LES CHEVEUX APR\u00c8S LE D\u00c9VELOPPEMENT.<\/p><\/div>\n<\/div>\n<div class=\"tab js-tab\">\n<h3 class=\"tab-title pdp-tabs_title js-tab-mobile-title\"><span>Ingr\u00e9dients<\/span><\/h3>\n<div class=\"tab-description pdp-tabs_description js-tab-description\">SODIUM SILICATE, PANTHENOL<\/div>\n<\/div>\n<div class=\"tab js-tab\">\n<h3 class=\"tab-title pdp-tabs_title js-tab-mobile-title\"><span>Livraison et stock<\/span><\/h3>\n<div class=\"tab-description pdp-tabs_description js-tab-description\">\n<div class=\"pdp-delivery_info\">\n<div class=\"content-asset\">Livraison et d\u00e9laisRetours et remboursements<\/div>\n<\/div>\n<\/div>\n<\/div>\n<\/div>\n<\/div>\n<\/div>\n","protected":false},"excerpt":{"rendered":"<p>Points cl\u00e9s Eclaircissement jusqu\u2019\u00e0 6 tons Texture parfaite Provitamine B5 Pour techniques de balayages Description&hellip;<\/p>\n","protected":false},"featured_media":19303,"comment_status":"open","ping_status":"closed","template":"","meta":[],"pwb-brand":[647],"product_cat":[382],"product_tag":[317,220,321],"class_list":{"0":"post-27246","1":"product","2":"type-product","3":"status-publish","4":"has-post-thumbnail","6":"pwb-brand-redken","7":"product_cat-decoloration","8":"product_tag-coloration","9":"product_tag-decoloration","10":"product_tag-redken","12":"first","13":"instock","14":"taxable","15":"shipping-taxable","16":"purchasable","17":"product-type-simple","18":"layout-style-3","19":"col-md-4 col-sm-4 col-xs-6","20":"col-lg-3","21":"product-style-default"},"aioseo_notices":[],"brands":[{"id":647,"name":"Redken","slug":"redken"}],"_links":{"self":[{"href":"https:\/\/cheveuxluxe.com\/index.php\/wp-json\/wp\/v2\/product\/27246","targetHints":{"allow":["GET"]}}],"collection":[{"href":"https:\/\/cheveuxluxe.com\/index.php\/wp-json\/wp\/v2\/product"}],"about":[{"href":"https:\/\/cheveuxluxe.com\/index.php\/wp-json\/wp\/v2\/types\/product"}],"replies":[{"embeddable":true,"href":"https:\/\/cheveuxluxe.com\/index.php\/wp-json\/wp\/v2\/comments?post=27246"}],"version-history":[{"count":0,"href":"https:\/\/cheveuxluxe.com\/index.php\/wp-json\/wp\/v2\/product\/27246\/revisions"}],"wp:featuredmedia":[{"embeddable":true,"href":"https:\/\/cheveuxluxe.com\/index.php\/wp-json\/wp\/v2\/media\/19303"}],"wp:attachment":[{"href":"https:\/\/cheveuxluxe.com\/index.php\/wp-json\/wp\/v2\/media?parent=27246"}],"wp:term":[{"taxonomy":"pwb-brand","embeddable":true,"href":"https:\/\/cheveuxluxe.com\/index.php\/wp-json\/wp\/v2\/pwb-brand?post=27246"},{"taxonomy":"product_cat","embeddable":true,"href":"https:\/\/cheveuxluxe.com\/index.php\/wp-json\/wp\/v2\/product_cat?post=27246"},{"taxonomy":"product_tag","embeddable":true,"href":"https:\/\/cheveuxluxe.com\/index.php\/wp-json\/wp\/v2\/product_tag?post=27246"}],"curies":[{"name":"wp","href":"https:\/\/api.w.org\/{rel}","templated":true}]}}