{"id":27247,"date":"2024-04-09T20:47:30","date_gmt":"2024-04-09T20:47:30","guid":{"rendered":"https:\/\/cheveuxluxe.com\/index.php\/product\/paul-mitchell-argile-decolorante-blonde-skylight\/"},"modified":"2024-04-13T13:40:06","modified_gmt":"2024-04-13T13:40:06","slug":"paul-mitchell-argile-decolorante-blonde-skylight","status":"publish","type":"product","link":"https:\/\/cheveuxluxe.com\/index.php\/product\/paul-mitchell-argile-decolorante-blonde-skylight\/","title":{"rendered":"Paul Mitchell Argile D\u00e9colorante Blonde Skylight"},"content":{"rendered":"<div class=\"product-content_bottom\">\n<div class=\"pdp-info\">\n<div class=\"pdp-tabs tab-container\">\n<div class=\"tab js-tab\">\n<h3 class=\"tab-title pdp-tabs_title js-tab-mobile-title open\"><span>Points cl\u00e9s<\/span><\/h3>\n<div class=\"tab-description pdp-tabs_description js-tab-description open\" itemprop=\"description\">\n<ul>\n<li>Eclaircissant<\/li>\n<li>7 tons<\/li>\n<li>M\u00e8ches<\/li>\n<li>Balayages<\/li>\n<li>Argile<\/li>\n<\/ul>\n<\/div>\n<\/div>\n<div class=\"tab js-tab\">\n<h3 class=\"tab-title pdp-tabs_title js-tab-mobile-title\"><span>Description<\/span><\/h3>\n<div class=\"tab-description pdp-tabs_description js-tab-description\" itemprop=\"description\">Paul Mitchell cr\u00e9e pour vous faciliter la vie un nouveau produit qui r\u00e9volutionne l\u2019\u00e9claircissement des chevelures : l\u2019Argile D\u00e9colorante Blonde Skylight.<\/p>\n<p>Soixante-deux pour cent des coloristes disent que l\u2019\u00e9claircissement est le service num\u00e9ro 1 dans leurs salons. Avec le tout nouveau produit blonde Skylight de Paul Mitchell, les flashs et les balayages sont plus faciles que jamais.<\/p>\n<p>Cet \u00e9claircisseur \u00e0 l&rsquo;argile \u00e9limine le besoin de feuilles et offre une texture id\u00e9ale pour toutes les techniques d&rsquo;application \u00e0 main lev\u00e9e avec jusqu&rsquo;\u00e0 sept niveaux d\u2019\u00e9claircissement. Essayez quelques-unes de ces techniques faciles de balayages pour donner \u00e0 vos clientes le look blondissime parfait.<\/p><\/div>\n<\/div>\n<div class=\"tab js-tab\">\n<h3 class=\"tab-title pdp-tabs_title js-tab-mobile-title\"><span>Mode d&#8217;emploi<\/span><\/h3>\n<div class=\"tab-description pdp-tabs_description js-tab-description\">M\u00e9langez l\u2019Argile D\u00e9colorante et l\u2019oxydant dans un bol non m\u00e9tallique, Puis utilisez une technique \u00e0 mains lev\u00e9es.<br \/>Le temps de pause peut \u00eatre r\u00e9duit sous une source de chaleur.<br \/>Rincez abondamment.<\/div>\n<\/div>\n<div class=\"tab js-tab\">\n<h3 class=\"tab-title pdp-tabs_title js-tab-mobile-title\"><span>Ingr\u00e9dients<\/span><\/h3>\n<div class=\"tab-description pdp-tabs_description js-tab-description\">Potassium Persulfate, Kaolin, Magnesium Carbonate, Sodium Metasilicate, Ammonium Persulfate, Sodium Persulfate, Disodium EDTA, Cyamopsis Tetragonoloba (Guar) Gum, Paraffinum Liquidum (Mineral Oil, Huile Min\u00e9rale), Aloe Barbadensis Leaf Juice, Oryza Sativa (Rice) Starch, Ricinus Communis (Castor) Seed Oil (Water, Eau)<\/div>\n<\/div>\n<div class=\"tab js-tab\">\n<h3 class=\"tab-title pdp-tabs_title js-tab-mobile-title\"><span>Livraison et stock<\/span><\/h3>\n<div class=\"tab-description pdp-tabs_description js-tab-description\">\n<div class=\"pdp-delivery_info\">\n<div class=\"content-asset\">Livraison et d\u00e9laisRetours et remboursements<\/div>\n<\/div>\n<\/div>\n<\/div>\n<\/div>\n<\/div>\n<\/div>\n","protected":false},"excerpt":{"rendered":"<p>Points cl\u00e9s Eclaircissant 7 tons M\u00e8ches Balayages Argile Description Paul Mitchell cr\u00e9e pour vous faciliter&hellip;<\/p>\n","protected":false},"featured_media":19748,"comment_status":"open","ping_status":"closed","template":"","meta":[],"pwb-brand":[660],"product_cat":[382],"product_tag":[317,220,373],"class_list":{"0":"post-27247","1":"product","2":"type-product","3":"status-publish","4":"has-post-thumbnail","6":"pwb-brand-paul-mitchell","7":"product_cat-decoloration","8":"product_tag-coloration","9":"product_tag-decoloration","10":"product_tag-paul-mitchell","12":"first","13":"instock","14":"taxable","15":"shipping-taxable","16":"purchasable","17":"product-type-simple","18":"layout-style-3","19":"col-md-4 col-sm-4 col-xs-6","20":"col-lg-3","21":"product-style-default"},"aioseo_notices":[],"brands":[{"id":660,"name":"Paul Mitchell","slug":"paul-mitchell"}],"_links":{"self":[{"href":"https:\/\/cheveuxluxe.com\/index.php\/wp-json\/wp\/v2\/product\/27247","targetHints":{"allow":["GET"]}}],"collection":[{"href":"https:\/\/cheveuxluxe.com\/index.php\/wp-json\/wp\/v2\/product"}],"about":[{"href":"https:\/\/cheveuxluxe.com\/index.php\/wp-json\/wp\/v2\/types\/product"}],"replies":[{"embeddable":true,"href":"https:\/\/cheveuxluxe.com\/index.php\/wp-json\/wp\/v2\/comments?post=27247"}],"version-history":[{"count":0,"href":"https:\/\/cheveuxluxe.com\/index.php\/wp-json\/wp\/v2\/product\/27247\/revisions"}],"wp:featuredmedia":[{"embeddable":true,"href":"https:\/\/cheveuxluxe.com\/index.php\/wp-json\/wp\/v2\/media\/19748"}],"wp:attachment":[{"href":"https:\/\/cheveuxluxe.com\/index.php\/wp-json\/wp\/v2\/media?parent=27247"}],"wp:term":[{"taxonomy":"pwb-brand","embeddable":true,"href":"https:\/\/cheveuxluxe.com\/index.php\/wp-json\/wp\/v2\/pwb-brand?post=27247"},{"taxonomy":"product_cat","embeddable":true,"href":"https:\/\/cheveuxluxe.com\/index.php\/wp-json\/wp\/v2\/product_cat?post=27247"},{"taxonomy":"product_tag","embeddable":true,"href":"https:\/\/cheveuxluxe.com\/index.php\/wp-json\/wp\/v2\/product_tag?post=27247"}],"curies":[{"name":"wp","href":"https:\/\/api.w.org\/{rel}","templated":true}]}}