{"id":27248,"date":"2024-04-09T20:47:30","date_gmt":"2024-04-09T20:47:30","guid":{"rendered":"https:\/\/cheveuxluxe.com\/index.php\/product\/crazy-color-bleach-kit\/"},"modified":"2024-04-13T14:25:50","modified_gmt":"2024-04-13T14:25:50","slug":"crazy-color-bleach-kit","status":"publish","type":"product","link":"https:\/\/cheveuxluxe.com\/index.php\/product\/crazy-color-bleach-kit\/","title":{"rendered":"Crazy Color Bleach Kit"},"content":{"rendered":"<div class=\"product-content_bottom\">\n<div class=\"pdp-info\">\n<div class=\"pdp-tabs tab-container\">\n<div class=\"tab js-tab\">\n<h3 class=\"tab-title pdp-tabs_title js-tab-mobile-title open\"><span>Points cl\u00e9s<\/span><\/h3>\n<div class=\"tab-description pdp-tabs_description js-tab-description open\" itemprop=\"description\">\n<ul>\n<li>Kit de blanchiment de Crazy Color<\/li>\n<li>Pr\u00e9-\u00e9claircit les cheveux avant la coloration<\/li>\n<li>Obtenez le r\u00e9sultat que vous souhaitez<\/li>\n<li>Donne une base blond p\u00e2le<\/li>\n<li>Pour un maximum de dynamisme<\/li>\n<\/ul>\n<\/div>\n<\/div>\n<div class=\"tab js-tab\">\n<h3 class=\"tab-title pdp-tabs_title js-tab-mobile-title\"><span>Description<\/span><\/h3>\n<div class=\"tab-description pdp-tabs_description js-tab-description\" itemprop=\"description\">Obtenez le r\u00e9sultat que vous souhaitez avec la gamme de teintures Crazy Color en pr\u00e9-\u00e9claircissant vos cheveux avec ce kit de d\u00e9coloration facile \u00e0 utiliser. Il vous aide \u00e0 obtenir une base blond p\u00e2le avant d\u2019utiliser la teinte Crazy Color de votre choix pour un maximum de vivacit\u00e9.<\/p>\n<p>Contenu\u00a0: gants, plateau, spatule, cr\u00e8me de peroxyde (30\u00a0vol &#8211; 9\u00a0%), poudre de blanchiment et guide d&rsquo;instruction multilingue complet, \u00e9tape par \u00e9tape.<\/p><\/div>\n<\/div>\n<div class=\"tab js-tab\">\n<h3 class=\"tab-title pdp-tabs_title js-tab-mobile-title\"><span>Ingr\u00e9dients<\/span><\/h3>\n<div class=\"tab-description pdp-tabs_description js-tab-description\">Cream Peroxide 30 Vol, , Aqua (Water), Hydrogen Peroxide, Cetearyl Alcohol, Ceteareth-30, Oleamide DEA, Glycerin, Sodium Salicylate, Acetic Acid, Sodium Stannate, Disodium Pyrophosphate, Phosphoric Aci, d Dust Free Bleach, Potassium Persulfate, Sodium Metasilicate, Ammonium Persulfate, Sodium Stearate, Cyamopsis Tetragonoloba Gum, Paraffinum Liquidum, Solanum Tuberosum Starch, Silica, Sodium Persulfate, EDTA, 1 CI 77007<\/div>\n<\/div>\n<div class=\"tab js-tab\">\n<h3 class=\"tab-title pdp-tabs_title js-tab-mobile-title\"><span>Livraison et stock<\/span><\/h3>\n<div class=\"tab-description pdp-tabs_description js-tab-description\">\n<div class=\"pdp-delivery_info\">\n<div class=\"content-asset\">Livraison et d\u00e9laisRetours et remboursements<\/div>\n<\/div>\n<\/div>\n<\/div>\n<\/div>\n<\/div>\n<\/div>\n","protected":false},"excerpt":{"rendered":"<p>Points cl\u00e9s Kit de blanchiment de Crazy Color Pr\u00e9-\u00e9claircit les cheveux avant la coloration Obtenez&hellip;<\/p>\n","protected":false},"featured_media":20162,"comment_status":"open","ping_status":"closed","template":"","meta":[],"pwb-brand":[644],"product_cat":[617],"product_tag":[274,329,273],"class_list":{"0":"post-27248","1":"product","2":"type-product","3":"status-publish","4":"has-post-thumbnail","6":"pwb-brand-crazy-color","7":"product_cat-coiffure","8":"product_tag-coiffure","9":"product_tag-crazy-color","10":"product_tag-vegan","12":"first","13":"instock","14":"taxable","15":"shipping-taxable","16":"purchasable","17":"product-type-simple","18":"layout-style-3","19":"col-md-4 col-sm-4 col-xs-6","20":"col-lg-3","21":"product-has-gallery","22":"product-style-default"},"aioseo_notices":[],"brands":[{"id":644,"name":"Crazy Color","slug":"crazy-color"}],"_links":{"self":[{"href":"https:\/\/cheveuxluxe.com\/index.php\/wp-json\/wp\/v2\/product\/27248","targetHints":{"allow":["GET"]}}],"collection":[{"href":"https:\/\/cheveuxluxe.com\/index.php\/wp-json\/wp\/v2\/product"}],"about":[{"href":"https:\/\/cheveuxluxe.com\/index.php\/wp-json\/wp\/v2\/types\/product"}],"replies":[{"embeddable":true,"href":"https:\/\/cheveuxluxe.com\/index.php\/wp-json\/wp\/v2\/comments?post=27248"}],"version-history":[{"count":0,"href":"https:\/\/cheveuxluxe.com\/index.php\/wp-json\/wp\/v2\/product\/27248\/revisions"}],"wp:featuredmedia":[{"embeddable":true,"href":"https:\/\/cheveuxluxe.com\/index.php\/wp-json\/wp\/v2\/media\/20162"}],"wp:attachment":[{"href":"https:\/\/cheveuxluxe.com\/index.php\/wp-json\/wp\/v2\/media?parent=27248"}],"wp:term":[{"taxonomy":"pwb-brand","embeddable":true,"href":"https:\/\/cheveuxluxe.com\/index.php\/wp-json\/wp\/v2\/pwb-brand?post=27248"},{"taxonomy":"product_cat","embeddable":true,"href":"https:\/\/cheveuxluxe.com\/index.php\/wp-json\/wp\/v2\/product_cat?post=27248"},{"taxonomy":"product_tag","embeddable":true,"href":"https:\/\/cheveuxluxe.com\/index.php\/wp-json\/wp\/v2\/product_tag?post=27248"}],"curies":[{"name":"wp","href":"https:\/\/api.w.org\/{rel}","templated":true}]}}