{"id":27259,"date":"2024-04-09T20:47:54","date_gmt":"2024-04-09T20:47:54","guid":{"rendered":"https:\/\/cheveuxluxe.com\/index.php\/product\/schwarzkopf-professional-igora-vario-blond-poudre-eclaircissante-450g-2\/"},"modified":"2024-04-13T13:40:09","modified_gmt":"2024-04-13T13:40:09","slug":"schwarzkopf-professional-igora-vario-blond-poudre-eclaircissante-450g-2","status":"publish","type":"product","link":"https:\/\/cheveuxluxe.com\/index.php\/product\/schwarzkopf-professional-igora-vario-blond-poudre-eclaircissante-450g-2\/","title":{"rendered":"Schwarzkopf Professional Igora Vario Blond Poudre \u00c9claircissante 450g"},"content":{"rendered":"<div class=\"product-content_bottom\">\n<div class=\"pdp-info\">\n<div class=\"pdp-tabs tab-container\">\n<div class=\"tab js-tab\">\n<h3 class=\"tab-title pdp-tabs_title js-tab-mobile-title open\"><span>Points cl\u00e9s<\/span><\/h3>\n<div class=\"tab-description pdp-tabs_description js-tab-description open\" itemprop=\"description\">\n<ul>\n<li>Igora Vario Blond Poudre \u00c9claircissante Compacte Blanche<\/li>\n<li>Jusqu&rsquo;\u00e0 7 tons d&rsquo;\u00e9claircissement avec une performance de neutralisation optimale<\/li>\n<li>La Technologie Renfor\u00e7atrice de Liaisons int\u00e9gr\u00e9e renforce les liaisons internes du cheveu.<\/li>\n<\/ul>\n<\/div>\n<\/div>\n<div class=\"tab js-tab\">\n<h3 class=\"tab-title pdp-tabs_title js-tab-mobile-title\"><span>Description<\/span><\/h3>\n<div class=\"tab-description pdp-tabs_description js-tab-description\" itemprop=\"description\">Igora Vario Blond Poudre \u00c9claircissante Compacte Bleue : jusqu&rsquo;\u00e0 7 tons d&rsquo;\u00e9claircissement avec une performance de neutralisation optimale. La Technologie Renfor\u00e7atrice de Liaisons int\u00e9gr\u00e9e renforce les liaisons internes du cheveu.<\/div>\n<\/div>\n<div class=\"tab js-tab\">\n<h3 class=\"tab-title pdp-tabs_title js-tab-mobile-title\"><span>Mode d&#8217;emploi<\/span><\/h3>\n<div class=\"tab-description pdp-tabs_description js-tab-description\">\n<p>M\u00c9LANGE\u00a0: M\u00e9langer 35g de Poudre \u00c9claircissante Compacte Bleue\u00a0avec 70\u00a0ml (1:2) du R\u00e9v\u00e9lateur Enrichi en huile IGORA 3%\/10Vol., 6%\/20Vol. ou 9%\/30Vol. jusqu\u2019\u00e0 l\u2019obtention d\u2019une cr\u00e8me lisse.<\/p>\n<p>UTILISATION : M\u00e9langer puis appliquer directement. Une r\u00e9partition uniforme et une quantit\u00e9 suffisante du produit assurent une \u00e9galisation optimale. Appliquer avec pr\u00e9caution et de mani\u00e8re uniforme sur de fines m\u00e8ches de cheveux secs et non lav\u00e9s uniquement, en partant de la nuque.<\/p>\n<p>TEMPS DE POSE : 2045 minutes, selon la texture des cheveux, le R\u00e9v\u00e9lateur utilis\u00e9 et les r\u00e9sultats d\u00e9sir\u00e9s. Ne pas utiliser de chaleur artificielle, de plaques chauffantes ou un casque chauffant pour r\u00e9duire le temps de pose. Apr\u00e8s application, rincer soigneusement avec de l\u2019eau chaude, appliquer le Shampooing fibreplex et appliquer ensuite fibreplex No. 2<\/p>\n<\/div>\n<\/div>\n<div class=\"tab js-tab\">\n<h3 class=\"tab-title pdp-tabs_title js-tab-mobile-title\"><span>Ingr\u00e9dients<\/span><\/h3>\n<div class=\"tab-description pdp-tabs_description js-tab-description\">Sodium Silicate, Magnesium Carbonate Hydroxide, Ammonium Persulfate, Paraffinum Liquidum (Mineral Oil, Huile Min\u00e9rale), Sodium Persulfate, Cellulose Gum, Tetrasodium EDTA, Succinic Acid, Hydroxyethylcellulose, Silica, Parfum (Fragrance), Arginine, Sodium Hexametaphosphate, Lysine HCl, Geraniol, Citronellol<\/div>\n<\/div>\n<div class=\"tab js-tab\">\n<h3 class=\"tab-title pdp-tabs_title js-tab-mobile-title\"><span>Livraison et stock<\/span><\/h3>\n<div class=\"tab-description pdp-tabs_description js-tab-description\">\n<div class=\"pdp-delivery_info\">\n<div class=\"content-asset\">Livraison et d\u00e9laisRetours et remboursements<\/div>\n<\/div>\n<\/div>\n<\/div>\n<div class=\"tab js-tab\">\n<h3 class=\"tab-title pdp-tabs_title js-tab-mobile-title\"><span>Pr\u00e9cautions d&#8217;emploi<\/span><\/h3>\n<div class=\"tab-description pdp-tabs_description js-tab-description\">\n<p>\u00ab\u00a0R\u00e9serv\u00e9 aux professionnels. Les colorants pour les cheveux peuvent entra\u00eener des r\u00e9actions allergiques graves. Lire et suivre les instructions. Ce produit n&rsquo;est pas destin\u00e9 \u00e0 \u00eatre utilis\u00e9 sur des personnes de moins de 16 ans. Les tatouages temporaires noirs \u00e0 base de henn\u00e9 peuvent augmenter le risque d&rsquo;allergie. Ne vous colorez pas les cheveux si\u00a0: &#8211; vous pr\u00e9sentez une \u00e9ruption cutan\u00e9e sur le visage ou si votre cuir chevelu est sensible, irrit\u00e9 et ab\u00eem\u00e9, \u2013 vous avez d\u00e9j\u00e0 eu une r\u00e9action apr\u00e8s avoir color\u00e9 vos cheveux, \u2013 vous avez fait par le pass\u00e9 une r\u00e9action \u00e0 un tatouage temporaire noir \u00e0 base de henn\u00e9. Contenu\u00a0: voir bo\u00eete pliante Eviter tout contact avec les yeux. Rincer imm\u00e9diatement les yeux si le produit entre en contact avec ceux-ci. Ne pas utiliser pour colorer vos cils ou sourcils. Bien rincer les cheveux apr\u00e8s application. Porter des gants appropri\u00e9s. Tenir hors de port\u00e9e des enfants. Consigner les donn\u00e9es relatives aux produits utilis\u00e9s (n\u00b0 de nuance, n\u00b0 de lot) pour des r\u00e9f\u00e9rences ult\u00e9rieures. Attention\u00a0: le produit peut t\u00e2cher le cuir chevelu, des mat\u00e9riaux en plastique ou absorbants et les serviettes.<\/p>\n<p>1. TEST D&rsquo;ALERTE D&rsquo;ALLERGIE Un test d\u2019alerte d\u2019allergie doit \u00eatre effectu\u00e9 48h avant toute application d\u2019une coloration, m\u00eame par des clients ayant d\u00e9j\u00e0 utilis\u00e9 des produits de coloration auparavant. R\u00e9aliser le test d&rsquo;alerte d&rsquo;allergie sur une zone de la peau de taille d&rsquo;environ 1 cm x 1 cm \u00e0 l&rsquo;int\u00e9rieur du coude. Appliquer une petite quantit\u00e9 de Cr\u00e8me Colorante en fine couche \u00e0 l&rsquo;int\u00e9rieur du coude \u00e0 l&rsquo;aide d&rsquo;un coton-tige et laisser \u00e0 l&rsquo;air libre pendant 45 minutes. Eviter tout contact avec les v\u00eatements. Refermer soigneusement le tube. Apr\u00e8s 45 minutes, \u00e9liminer totalement la Cr\u00e8me Colorante \u00e0 l&rsquo;eau ti\u00e8de. Si une r\u00e9action se produit lors du temps de pose ou lors des 48 heures suivantes, rincez imm\u00e9diatement et n&rsquo;utilisez pas ce colorant. Ce test est une pr\u00e9caution importante. Cepedant, veuillez noter que le client peut tout de m\u00eame \u00eatre victime d&rsquo;une r\u00e9action allergique lors de la coloration des cheveux m\u00eame si un test d&rsquo;alerte d&rsquo;allergie a \u00e9t\u00e9 effectu\u00e9. Le test d&rsquo;alerte d&rsquo;allergie n&rsquo;est pas une garantie contre des r\u00e9actions allergiques futures. Veuillez demander \u00e0 votre client de consulter un m\u00e9decin si des doutes subsistent.<\/p>\n<p>2. SI, PENDANT LA COLORATION, LES CLIENTS RESSENTENT\u00a0: \u2013 des picotements ou une sensation de br\u00fblure et\/ou ont des rougeurs, rincez imm\u00e9diatement et cessez d&rsquo;utiliser le produit car cela peut \u00eatre signe de r\u00e9action plus grave. Ne colorez pas de nouvau leurs cheveux et conseillez \u00e0 vos clients d&rsquo;aller consulter un m\u00e9decin ou de solliciter un avis m\u00e9dical. \u2013 une \u00e9ruption cutan\u00e9e qui s&rsquo;\u00e9tend rapidement, des vertiges ou des \u00e9tourdissements, s&rsquo;ils ont le souffle court et\/ou si leurs yeux\/leur visage gonflent\u00a0: rincez imm\u00e9diatement et demandez \u00e0 votre client de consulter un m\u00e9decin imm\u00e9diatement et contactez le fabricant.<\/p>\n<p>3. SI, APR\u00c8S LA COLORATION OU DURANT LES JOURS SUIVANTS LA COLORATION, le client ressent des d\u00e9mangeaisons au niveau de la peau ou du cuir chevelu, si des rougeurs apparaissent sur sa peau ou son cuir chevelu, si ses yeux\/son visage gonflent, se boursouflent et\/ou si sa peau ou son cuir chevelu suintent, faites imm\u00e9diatement consulter votre client et contacte<\/p>\n<\/div>\n<\/div>\n<\/div>\n<\/div>\n<\/div>\n","protected":false},"excerpt":{"rendered":"<p>Points cl\u00e9s Igora Vario Blond Poudre \u00c9claircissante Compacte Blanche Jusqu&rsquo;\u00e0 7 tons d&rsquo;\u00e9claircissement avec une&hellip;<\/p>\n","protected":false},"featured_media":27254,"comment_status":"open","ping_status":"closed","template":"","meta":[],"pwb-brand":[646],"product_cat":[382],"product_tag":[317,220,319],"class_list":{"0":"post-27259","1":"product","2":"type-product","3":"status-publish","4":"has-post-thumbnail","6":"pwb-brand-schwarzkopf-professional","7":"product_cat-decoloration","8":"product_tag-coloration","9":"product_tag-decoloration","10":"product_tag-schwarzkopf-professional","12":"first","13":"instock","14":"taxable","15":"shipping-taxable","16":"purchasable","17":"product-type-simple","18":"layout-style-3","19":"col-md-4 col-sm-4 col-xs-6","20":"col-lg-3","21":"product-has-gallery","22":"product-style-default"},"aioseo_notices":[],"brands":[{"id":646,"name":"Schwarzkopf Professional","slug":"schwarzkopf-professional"}],"_links":{"self":[{"href":"https:\/\/cheveuxluxe.com\/index.php\/wp-json\/wp\/v2\/product\/27259","targetHints":{"allow":["GET"]}}],"collection":[{"href":"https:\/\/cheveuxluxe.com\/index.php\/wp-json\/wp\/v2\/product"}],"about":[{"href":"https:\/\/cheveuxluxe.com\/index.php\/wp-json\/wp\/v2\/types\/product"}],"replies":[{"embeddable":true,"href":"https:\/\/cheveuxluxe.com\/index.php\/wp-json\/wp\/v2\/comments?post=27259"}],"version-history":[{"count":0,"href":"https:\/\/cheveuxluxe.com\/index.php\/wp-json\/wp\/v2\/product\/27259\/revisions"}],"wp:featuredmedia":[{"embeddable":true,"href":"https:\/\/cheveuxluxe.com\/index.php\/wp-json\/wp\/v2\/media\/27254"}],"wp:attachment":[{"href":"https:\/\/cheveuxluxe.com\/index.php\/wp-json\/wp\/v2\/media?parent=27259"}],"wp:term":[{"taxonomy":"pwb-brand","embeddable":true,"href":"https:\/\/cheveuxluxe.com\/index.php\/wp-json\/wp\/v2\/pwb-brand?post=27259"},{"taxonomy":"product_cat","embeddable":true,"href":"https:\/\/cheveuxluxe.com\/index.php\/wp-json\/wp\/v2\/product_cat?post=27259"},{"taxonomy":"product_tag","embeddable":true,"href":"https:\/\/cheveuxluxe.com\/index.php\/wp-json\/wp\/v2\/product_tag?post=27259"}],"curies":[{"name":"wp","href":"https:\/\/api.w.org\/{rel}","templated":true}]}}