{"id":27262,"date":"2024-04-09T20:47:54","date_gmt":"2024-04-09T20:47:54","guid":{"rendered":"https:\/\/cheveuxluxe.com\/index.php\/product\/osmo-ikon-blonde-elevation-freehand-clay-additive-with-kaoli-200g\/"},"modified":"2024-04-13T14:26:43","modified_gmt":"2024-04-13T14:26:43","slug":"osmo-ikon-blonde-elevation-freehand-clay-additive-with-kaoli-200g","status":"publish","type":"product","link":"https:\/\/cheveuxluxe.com\/index.php\/product\/osmo-ikon-blonde-elevation-freehand-clay-additive-with-kaoli-200g\/","title":{"rendered":"Osmo IKON Blonde Elevation Freehand Clay Additive With Kaoli 200g"},"content":{"rendered":"<div class=\"product-content_bottom\">\n<div class=\"pdp-info\">\n<div class=\"pdp-tabs tab-container\">\n<div class=\"tab js-tab\">\n<h3 class=\"tab-title pdp-tabs_title js-tab-mobile-title open\"><span>Points cl\u00e9s<\/span><\/h3>\n<div class=\"tab-description pdp-tabs_description js-tab-description open\" itemprop=\"description\">\n<ul>\n<li>100% vegan, formul\u00e9 avec le min\u00e9ral Kaolin pour permettre aux cheveux de rester encapsul\u00e9s et mouill\u00e9s tout au long du processus de lifting<\/li>\n<li>La solution parfaite pour toutes les techniques de plein air \u00e0 main lev\u00e9e<\/li>\n<li>Con\u00e7u pour \u00e9paissir toute formule \u00e9claircissante<\/li>\n<li>Aide \u00e0 emp\u00eacher l&rsquo;\u00e9claircissement de suinter, ce qui permet d&rsquo;\u00e9viter tout saignement ou toute infiltration.Le produit ne se dess\u00e8che donc pas<\/li>\n<li>Pas besoin d&rsquo;aluminium ou de m\u00e9chage<\/li>\n<\/ul>\n<\/div>\n<\/div>\n<div class=\"tab js-tab\">\n<h3 class=\"tab-title pdp-tabs_title js-tab-mobile-title\"><span>Description<\/span><\/h3>\n<div class=\"tab-description pdp-tabs_description js-tab-description\" itemprop=\"description\">Cet additif \u00e0 base d\u2019argile blanche est con\u00e7u pour \u00e9paissir les formules d\u00e9colorantes OSMO IKON\u00ae, pour une texture cr\u00e9meuse \u00ab qui ne bouge pas \u00bb.<br \/>Solution id\u00e9ale pour toutes les techniques \u00e0 s\u00e9chage \u00e0 l\u2019air libre, l\u2019additif \u00e0 l\u2019argile applicable \u00e0 la main enrobe les cheveux sans incidence sur le pouvoir \u00e9claircissant, permettant une application plus pr\u00e9cise avec un transfert limit\u00e9.<br \/>Le partenaire id\u00e9al pour tous vos balayages.<\/div>\n<\/div>\n<div class=\"tab js-tab\">\n<h3 class=\"tab-title pdp-tabs_title js-tab-mobile-title\"><span>Mode d&#8217;emploi<\/span><\/h3>\n<div class=\"tab-description pdp-tabs_description js-tab-description\">Mesurez 10\u00a0g d\u2019additif \u00e0 l\u2019argile applicable \u00e0 la main au sein d\u2019un bol de m\u00e9lange en plastique.<br \/>Ajoutez 30\u00a0g de poudre d\u00e9colorante et 60\u00a0ml de d\u00e9veloppeur (proportion de m\u00e9lange 1:2).<br \/>M\u00e9langez jusqu\u2019\u00e0 obtention d\u2019une p\u00e2te lisse \u00e0 l\u2019aide d\u2019une brosse applicatrice non m\u00e9tallique.<br \/>Appliquez sur cheveux secs.<\/p>\n<p>Laissez poser entre 20 et 60\u00a0minutes selon le type de d\u00e9veloppeur et le type de cheveux.<br \/>V\u00e9rifiez r\u00e9guli\u00e8rement les cheveux et rincez soigneusement la p\u00e2te une fois l\u2019effet souhait\u00e9 obtenu, en prenant soin de retirer tous les r\u00e9sidus d\u2019argile.<\/p>\n<p>Retirez imm\u00e9diatement la p\u00e2te si les cheveux ou le cuir chevelu pr\u00e9sentent une r\u00e9action anormale.<\/p><\/div>\n<\/div>\n<div class=\"tab js-tab\">\n<h3 class=\"tab-title pdp-tabs_title js-tab-mobile-title\"><span>Ingr\u00e9dients<\/span><\/h3>\n<div class=\"tab-description pdp-tabs_description js-tab-description\">Kaolin, Solanum Tuberosum Starch, Isopropyl Myristate, Hydrated Silica, Silica<\/div>\n<\/div>\n<div class=\"tab js-tab\">\n<h3 class=\"tab-title pdp-tabs_title js-tab-mobile-title\"><span>Livraison et stock<\/span><\/h3>\n<div class=\"tab-description pdp-tabs_description js-tab-description\">\n<div class=\"pdp-delivery_info\">\n<div class=\"content-asset\">Livraison et d\u00e9laisRetours et remboursements<\/div>\n<\/div>\n<\/div>\n<\/div>\n<div class=\"tab js-tab\">\n<h3 class=\"tab-title pdp-tabs_title js-tab-mobile-title\"><span>Pr\u00e9cautions d&#8217;emploi<\/span><\/h3>\n<div class=\"tab-description pdp-tabs_description js-tab-description\">Portez des gants.<br \/>NE PAS APPLIQUER DE CHALEUR.<\/p>\n<p>Tenir hors de port\u00e9e des enfants.<br \/>Application interdite sur et par des enfants de moins de 16\u00a0ans.<br \/>Utilisation dans un lieu correctement ventil\u00e9.<br \/>Ne pas inhaler ni ing\u00e9rer. En cas d\u2019inhalation ou d\u2019ingestion accidentelle, consultez un m\u00e9decin.<br \/>\u00c9vitez tout contact avec les yeux. En cas de contact accidentel du produit avec les yeux, rincez \u00e0 l\u2019eau. En cas d\u2019irritation persistante, consultez un m\u00e9decin.<br \/>Conservez le produit dans un endroit frais et sec, \u00e0 l\u2019abri de la lumi\u00e8re directe du soleil et d\u2019autres sources de chaleur.<br \/>Ce produit est con\u00e7u pour \u00eatre utilis\u00e9 avec une poudre \u00e9claircissante de bonne qualit\u00e9.<br \/>Veuillez lire tous les avertissements de s\u00e9curit\u00e9 sur l\u2019emballage de l\u2019\u00e9claircissant avant toute utilisation.<\/p>\n<p>R\u00c9SERV\u00c9 \u00c0 UN USAGE PROFESSIONNEL.<\/p><\/div>\n<\/div>\n<\/div>\n<\/div>\n<\/div>\n","protected":false},"excerpt":{"rendered":"<p>Points cl\u00e9s 100% vegan, formul\u00e9 avec le min\u00e9ral Kaolin pour permettre aux cheveux de rester&hellip;<\/p>\n","protected":false},"featured_media":19319,"comment_status":"open","ping_status":"closed","template":"","meta":[],"pwb-brand":[661],"product_cat":[617],"product_tag":[274,385,273],"class_list":{"0":"post-27262","1":"product","2":"type-product","3":"status-publish","4":"has-post-thumbnail","6":"pwb-brand-osmo","7":"product_cat-coiffure","8":"product_tag-coiffure","9":"product_tag-osmo","10":"product_tag-vegan","12":"first","13":"instock","14":"taxable","15":"shipping-taxable","16":"purchasable","17":"product-type-simple","18":"layout-style-3","19":"col-md-4 col-sm-4 col-xs-6","20":"col-lg-3","21":"product-style-default"},"aioseo_notices":[],"brands":[{"id":661,"name":"Osmo","slug":"osmo"}],"_links":{"self":[{"href":"https:\/\/cheveuxluxe.com\/index.php\/wp-json\/wp\/v2\/product\/27262","targetHints":{"allow":["GET"]}}],"collection":[{"href":"https:\/\/cheveuxluxe.com\/index.php\/wp-json\/wp\/v2\/product"}],"about":[{"href":"https:\/\/cheveuxluxe.com\/index.php\/wp-json\/wp\/v2\/types\/product"}],"replies":[{"embeddable":true,"href":"https:\/\/cheveuxluxe.com\/index.php\/wp-json\/wp\/v2\/comments?post=27262"}],"version-history":[{"count":0,"href":"https:\/\/cheveuxluxe.com\/index.php\/wp-json\/wp\/v2\/product\/27262\/revisions"}],"wp:featuredmedia":[{"embeddable":true,"href":"https:\/\/cheveuxluxe.com\/index.php\/wp-json\/wp\/v2\/media\/19319"}],"wp:attachment":[{"href":"https:\/\/cheveuxluxe.com\/index.php\/wp-json\/wp\/v2\/media?parent=27262"}],"wp:term":[{"taxonomy":"pwb-brand","embeddable":true,"href":"https:\/\/cheveuxluxe.com\/index.php\/wp-json\/wp\/v2\/pwb-brand?post=27262"},{"taxonomy":"product_cat","embeddable":true,"href":"https:\/\/cheveuxluxe.com\/index.php\/wp-json\/wp\/v2\/product_cat?post=27262"},{"taxonomy":"product_tag","embeddable":true,"href":"https:\/\/cheveuxluxe.com\/index.php\/wp-json\/wp\/v2\/product_tag?post=27262"}],"curies":[{"name":"wp","href":"https:\/\/api.w.org\/{rel}","templated":true}]}}