{"id":27274,"date":"2024-04-09T20:48:41","date_gmt":"2024-04-09T20:48:41","guid":{"rendered":"https:\/\/cheveuxluxe.com\/index.php\/product\/wella-professionals-blondorplex-9-poudre-de-decoloration-800g\/"},"modified":"2024-04-13T13:40:14","modified_gmt":"2024-04-13T13:40:14","slug":"wella-professionals-blondorplex-9-poudre-de-decoloration-800g","status":"publish","type":"product","link":"https:\/\/cheveuxluxe.com\/index.php\/product\/wella-professionals-blondorplex-9-poudre-de-decoloration-800g\/","title":{"rendered":"Wella Professionals BlondorPlex 9 Poudre de D\u00e9coloration 800g"},"content":{"rendered":"<div class=\"product-content_bottom\">\n<div class=\"pdp-info\">\n<div class=\"pdp-tabs tab-container\">\n<div class=\"tab js-tab\">\n<h3 class=\"tab-title pdp-tabs_title js-tab-mobile-title open\"><span>Points cl\u00e9s<\/span><\/h3>\n<div class=\"tab-description pdp-tabs_description js-tab-description open\" itemprop=\"description\">\n<ul>\n<li>Pas de compromis sur l&rsquo;\u00e9claircissement, jusqu&rsquo;\u00e0 9 tons.<\/li>\n<li>Multi-usage POUR TOUS TYPES DE BLONDS.<\/li>\n<li>Pour un \u00e9claircissement parfait, m\u00eame sur cheveux color\u00e9s.<\/li>\n<li>Avec des mol\u00e9cules anti-jaune pour aider \u00e0 lutter contre que les reflets chauds ind\u00e9sirables pendant le processus d&rsquo;\u00e9claircissement.<\/li>\n<li>Pour les applications sur le cuir chevelu ou sur la fibre capillaire.<\/li>\n<\/ul>\n<\/div>\n<\/div>\n<div class=\"tab js-tab\">\n<h3 class=\"tab-title pdp-tabs_title js-tab-mobile-title\"><span>Description<\/span><\/h3>\n<div class=\"tab-description pdp-tabs_description js-tab-description\" itemprop=\"description\">\n<p>Blondor de Wella Professionals est une gamme de produits qui vous permettra d&rsquo;atteindre l&rsquo;excellence sur toute la palette des blonds et de cr\u00e9er l&rsquo;\u00e9claircissement parfait pour toutes vos clientes. Les agents reconstructeurs de ponts capillaires sont devenus des additifs indispensables dans de nombreux services de blond. Wella pr\u00e9sente notre premi\u00e8re poudre de d\u00e9coloration avec une technologie reconstructrice de ponts int\u00e9gr\u00e9e. Notre nouveau BlondorPlex r\u00e9volutionnaire, \u00e0 la pr\u00e9paration ultra-rapide et jusqu&rsquo;\u00e0 97% de casse en moins*, sans compromis sur la performance d&rsquo;\u00e9claircissement.<\/p>\n<ul>\n<li>Pour des transformations extr\u00eames et contrast\u00e9es.<\/li>\n<li>Formule Vegan avec la Technologie WellaPlex int\u00e9gr\u00e9e<\/li>\n<li>Performance premium, notre poudre de d\u00e9coloration la plus \u00e9volu\u00e9e pour un \u00e9claircissement maximal.<\/li>\n<li>Eclaircissement visible apr\u00e8s seulement 10 minutes, m\u00eame sur les bases les plus fonc\u00e9es.<\/li>\n<li>Reconstruit les ponts de la fibre pendant le processus d&rsquo;\u00e9claircissement pour jusqu&rsquo;\u00e0 97% de casse en moins*.<\/li>\n<p><\/p>\n<li>*En utilisant Wellaplex N\u00b02 avec Blondorplex, versus Blondorplex seul.<\/li>\n<li>Complexe anti-jaune pour lutter contre les reflets chauds ind\u00e9sirables pendant le processus d&rsquo;\u00e9claircissement.<\/li>\n<li>Adapt\u00e9e \u00e0 toutes les techniques d&rsquo;\u00e9claircissement, texture cr\u00e9meuse pour une application pr\u00e9cise<\/li>\n<\/ul>\n<\/div>\n<\/div>\n<div class=\"tab js-tab\">\n<h3 class=\"tab-title pdp-tabs_title js-tab-mobile-title\"><span>Mode d&#8217;emploi<\/span><\/h3>\n<div class=\"tab-description pdp-tabs_description js-tab-description\">\n<p><u><strong>\u00c9tape 1.<\/strong><\/u> Pr\u00e9paration de l&rsquo;\u00e9claircissement : selon le degr\u00e9 d&rsquo;\u00e9claircissement souhait\u00e9, m\u00e9langez avec du Welloxon Perfect Pastel, 6 %, 9 % ou 12 % dans un rapport de 1:1 \u00e0 1:2 dans un bol non m\u00e9tallique. Plus l&rsquo;indice de peroxyde est faible, plus le processus d&rsquo;\u00e9claircissement est doux. En cas de contact avec le cuir chevelu, n&rsquo;utilisez pas un taux de peroxyde sup\u00e9rieur \u00e0 6 %.<\/p>\n<p><u><strong>Application <\/strong><\/u>: appliquez le m\u00e9lange de d\u00e9coloration uniform\u00e9ment sur les cheveux secs. Le temps de d\u00e9veloppement d\u00e9pend de l&rsquo;\u00e9tat des cheveux et du r\u00e9sultat souhait\u00e9. V\u00e9rifiez soigneusement les cheveux toutes les 5 \u00e0 10 minutes pendant le processus. La dur\u00e9e totale maximale de d\u00e9veloppement est de 50 minutes. Si une r\u00e9action ind\u00e9sirable se produit pendant le traitement (par exemple, d\u00e9mangeaison, br\u00fblure, \u00e9ruption cutan\u00e9e ou toute autre r\u00e9action inattendue), arr\u00eatez et rincez imm\u00e9diatement \u00e0 l&rsquo;eau chaude. Si n\u00e9cessaire, demandez un avis m\u00e9dical.<\/p>\n<p><strong><u>\u00c9tape 2.<\/u><\/strong> Apr\u00e8s le traitement : une fois le temps de d\u00e9veloppement termin\u00e9, rincez abondamment \u00e0 l&rsquo;eau chaude et au shampoing. Appliquez Blondor Blonde Seal &amp; Care apr\u00e8s le rin\u00e7age, pour une meilleure brillance et une meilleure condition.<\/p>\n<\/div>\n<\/div>\n<div class=\"tab js-tab\">\n<h3 class=\"tab-title pdp-tabs_title js-tab-mobile-title\"><span>Ingr\u00e9dients<\/span><\/h3>\n<div class=\"tab-description pdp-tabs_description js-tab-description\">Potassium Persulfate, Sodium Silicate, Ammonium Persulfate, Magnesium Carbonate Hydroxide, Sodium Stearate, Paraffinum Liquidum\/ Mineral Oil\/ Huile Minerale, Xanthan Gum, Algin, Disodium EDTA, Malic Acid, Silica, Aqua\/Water\/Eau, Ultramarines (CI 77007)<\/div>\n<\/div>\n<div class=\"tab js-tab\">\n<h3 class=\"tab-title pdp-tabs_title js-tab-mobile-title\"><span>Livraison et stock<\/span><\/h3>\n<div class=\"tab-description pdp-tabs_description js-tab-description\">\n<div class=\"pdp-delivery_info\">\n<div class=\"content-asset\">Livraison et d\u00e9laisRetours et remboursements<\/div>\n<\/div>\n<\/div>\n<\/div>\n<div class=\"tab js-tab\">\n<h3 class=\"tab-title pdp-tabs_title js-tab-mobile-title\"><span>Pr\u00e9cautions d&#8217;emploi<\/span><\/h3>\n<div class=\"tab-description pdp-tabs_description js-tab-description\">R\u00e9serv\u00e9 \u00e0 un usage professionnel. Peut causer une r\u00e9action allergique. Ne pas utiliser le produit sur un cuir chevelu sensible, irrit\u00e9 ou ab\u00eem\u00e9. Ne pas utiliser pour d\u00e9colorer les cils et les sourcils. Eviter tout contact avec les yeux. Rincer imm\u00e9diatement si du produit entre en contact avec les yeux. Garder hors de port\u00e9e des enfants. Suivre les instructions. Porter des gants adapt\u00e9s. Pour conserver les propri\u00e9t\u00e9s du produit, bien refermer le contenant apr\u00e8s chaque utilisation. Ne pas permanenter les cheveux imm\u00e9diatement avant ou apr\u00e8s le service. Ne pas utiliser si le cheveu a \u00e9t\u00e9 pr\u00e9alablement color\u00e9 avec une coloration \u00e0 base de sels m\u00e9talliques. Ne pas utiliser de bol ou fouet m\u00e9tallique pour le m\u00e9lange. Ne pas utiliser d&rsquo;objets m\u00e9talliques pendant l&rsquo;application. Utiliser le m\u00e9lange imm\u00e9diatement. Ne pas d\u00e9passer le temps de pause maximal indiqu\u00e9. Rincer les cheveux abondamment apr\u00e8s l&rsquo;application. Rincer imm\u00e9diatement toute \u00e9claboussure du m\u00e9lange sur la peau et les v\u00eatements. Le contenant doit \u00eatre int\u00e9gralement vide avant d&rsquo;\u00eatre jet\u00e9. Stocker dans un endroit sec et frais. Lire et suivre les indications et pr\u00e9cautions sur Welloxon Perfect.<\/div>\n<\/div>\n<\/div>\n<\/div>\n<\/div>\n","protected":false},"excerpt":{"rendered":"<p>Points cl\u00e9s Pas de compromis sur l&rsquo;\u00e9claircissement, jusqu&rsquo;\u00e0 9 tons. Multi-usage POUR TOUS TYPES DE&hellip;<\/p>\n","protected":false},"featured_media":27268,"comment_status":"open","ping_status":"closed","template":"","meta":[],"pwb-brand":[648],"product_cat":[382],"product_tag":[317,220,323],"class_list":{"0":"post-27274","1":"product","2":"type-product","3":"status-publish","4":"has-post-thumbnail","6":"pwb-brand-wella-professionals","7":"product_cat-decoloration","8":"product_tag-coloration","9":"product_tag-decoloration","10":"product_tag-wella-professionals","12":"first","13":"instock","14":"taxable","15":"shipping-taxable","16":"purchasable","17":"product-type-simple","18":"layout-style-3","19":"col-md-4 col-sm-4 col-xs-6","20":"col-lg-3","21":"product-has-gallery","22":"product-style-default"},"aioseo_notices":[],"brands":[{"id":648,"name":"Wella Professionals","slug":"wella-professionals"}],"_links":{"self":[{"href":"https:\/\/cheveuxluxe.com\/index.php\/wp-json\/wp\/v2\/product\/27274","targetHints":{"allow":["GET"]}}],"collection":[{"href":"https:\/\/cheveuxluxe.com\/index.php\/wp-json\/wp\/v2\/product"}],"about":[{"href":"https:\/\/cheveuxluxe.com\/index.php\/wp-json\/wp\/v2\/types\/product"}],"replies":[{"embeddable":true,"href":"https:\/\/cheveuxluxe.com\/index.php\/wp-json\/wp\/v2\/comments?post=27274"}],"version-history":[{"count":0,"href":"https:\/\/cheveuxluxe.com\/index.php\/wp-json\/wp\/v2\/product\/27274\/revisions"}],"wp:featuredmedia":[{"embeddable":true,"href":"https:\/\/cheveuxluxe.com\/index.php\/wp-json\/wp\/v2\/media\/27268"}],"wp:attachment":[{"href":"https:\/\/cheveuxluxe.com\/index.php\/wp-json\/wp\/v2\/media?parent=27274"}],"wp:term":[{"taxonomy":"pwb-brand","embeddable":true,"href":"https:\/\/cheveuxluxe.com\/index.php\/wp-json\/wp\/v2\/pwb-brand?post=27274"},{"taxonomy":"product_cat","embeddable":true,"href":"https:\/\/cheveuxluxe.com\/index.php\/wp-json\/wp\/v2\/product_cat?post=27274"},{"taxonomy":"product_tag","embeddable":true,"href":"https:\/\/cheveuxluxe.com\/index.php\/wp-json\/wp\/v2\/product_tag?post=27274"}],"curies":[{"name":"wp","href":"https:\/\/api.w.org\/{rel}","templated":true}]}}