{"id":27281,"date":"2024-04-09T20:49:19","date_gmt":"2024-04-09T20:49:19","guid":{"rendered":"https:\/\/cheveuxluxe.com\/index.php\/product\/wella-professionals-blondor-freelights-poudre-eclaircissante-400g\/"},"modified":"2024-04-13T13:40:16","modified_gmt":"2024-04-13T13:40:16","slug":"wella-professionals-blondor-freelights-poudre-eclaircissante-400g","status":"publish","type":"product","link":"https:\/\/cheveuxluxe.com\/index.php\/product\/wella-professionals-blondor-freelights-poudre-eclaircissante-400g\/","title":{"rendered":"Wella Professionals Blondor Freelights Poudre \u00c9claircissante 400g"},"content":{"rendered":"<div class=\"product-content_bottom\">\n<div class=\"pdp-info\">\n<div class=\"pdp-tabs tab-container\">\n<div class=\"tab js-tab\">\n<h3 class=\"tab-title pdp-tabs_title js-tab-mobile-title open\"><span>Points cl\u00e9s<\/span><\/h3>\n<div class=\"tab-description pdp-tabs_description js-tab-description open\" itemprop=\"description\">\n<ul>\n<li>Blondor Freelights Bleach de Wella Professionals<\/li>\n<li>Pour une application pr\u00e9cise \u00e0 main lev\u00e9e<\/li>\n<li>Jusqu&rsquo;\u00e0 sept tons d\u2019\u00e9claircissement<\/li>\n<li>\u00c0 utiliser avec Freelights Developer<\/li>\n<li>Pour les cheveux naturels ou pr\u00e9-color\u00e9s<\/li>\n<\/ul>\n<\/div>\n<\/div>\n<div class=\"tab js-tab\">\n<h3 class=\"tab-title pdp-tabs_title js-tab-mobile-title\"><span>Description<\/span><\/h3>\n<div class=\"tab-description pdp-tabs_description js-tab-description\" itemprop=\"description\">BLONDOR FREELIGHTS laisse s\u2019exprimer votre cr\u00e9ativit\u00e9 avec plus de pr\u00e9cision que jamais pour les techniques \u00e0 l\u2019air libre.<\/p>\n<p>Blondor Freelights Bleach de Wella Professionals a \u00e9t\u00e9 d\u00e9velopp\u00e9 pour une application \u00e0 main lev\u00e9e pr\u00e9cise et simple pour atteindre jusqu&rsquo;\u00e0 sept niveaux d\u2019\u00e9claircissement.<br \/>Doit \u00eatre utilis\u00e9 exclusivement avec Freelights Developer pour une application sur cheveux naturels ou pr\u00e9-color\u00e9s.<\/div>\n<\/div>\n<div class=\"tab js-tab\">\n<h3 class=\"tab-title pdp-tabs_title js-tab-mobile-title\"><span>Mode d&#8217;emploi<\/span><\/h3>\n<div class=\"tab-description pdp-tabs_description js-tab-description\">Selon le degr\u00e9 d\u2019\u00e9claircissement et la consistance souhait\u00e9s, m\u00e9langez la poudre FREELIGHTS White Lightening (A) \u00e0 l\u2019oxydant FREELIGHTS (B).<br \/>Vol. 20, 6 % (pour un effet liftant l\u00e9ger).<br \/>Vol. 30, 9 % (pour plus d\u2019effet liftant).<br \/>Vol. 40, 12 % (pour un effet liftant maximal).<br \/>dans un bol non m\u00e9tallique.<\/p>\n<p>Proportions pour le m\u00e9lange 1 : 1 &#8211; 1 : 3<br \/>(recommand\u00e9 1: 1,5)<br \/>Pour l\u2019application sur le cuir chevelu, utilisez 6 % (20 vol.) de l\u2019oxydant au maximum. Ne pas utiliser de chaleur.<\/p>\n<p>Appliquez sur cheveux secs.<br \/>Commencez l\u2019application par des mouvements larges.<br \/>Le produit doit \u00eatre appliqu\u00e9 uniquement sur la surface des cheveux.<br \/>Ne saturez pas le cheveu avec le m\u00e9lange.<\/p>\n<p>Le temps de pause d\u00e9pend de l\u2019\u00e9tat des cheveux et du niveau d\u2019\u00e9claircissement d\u00e9sir\u00e9.<br \/>Le temps de pause total ne doit pas d\u00e9passer 50 minutes.<br \/>Surveillez les cheveux toutes les 5 ou 10 minutes lors de l\u2019op\u00e9ration.<br \/>Si une r\u00e9action ind\u00e9sirable se produit lors du traitement (par exemple, d\u00e9mangeaison, br\u00fblure, irritation ou toute autre r\u00e9action impr\u00e9vue), interrompez imm\u00e9diatement le traitement et rincez \u00e0 l\u2019eau ti\u00e8de.<br \/>Si n\u00e9cessaire, consultez un m\u00e9decin.<\/div>\n<\/div>\n<div class=\"tab js-tab\">\n<h3 class=\"tab-title pdp-tabs_title js-tab-mobile-title\"><span>Ingr\u00e9dients<\/span><\/h3>\n<div class=\"tab-description pdp-tabs_description js-tab-description\">Kaolin, Sodium Silicate, Ammonium Persulfate, Potassium Persulfate, Paraf num Liquidum, Hydroxyethylcellulose, Sodium Stearate, Disodium EDTA, Carbomer, Xanthan Gum, Silica<\/div>\n<\/div>\n<div class=\"tab js-tab\">\n<h3 class=\"tab-title pdp-tabs_title js-tab-mobile-title\"><span>Livraison et stock<\/span><\/h3>\n<div class=\"tab-description pdp-tabs_description js-tab-description\">\n<div class=\"pdp-delivery_info\">\n<div class=\"content-asset\">Livraison et d\u00e9laisRetours et remboursements<\/div>\n<\/div>\n<\/div>\n<\/div>\n<\/div>\n<\/div>\n<\/div>\n","protected":false},"excerpt":{"rendered":"<p>Points cl\u00e9s Blondor Freelights Bleach de Wella Professionals Pour une application pr\u00e9cise \u00e0 main lev\u00e9e&hellip;<\/p>\n","protected":false},"featured_media":20001,"comment_status":"open","ping_status":"closed","template":"","meta":[],"pwb-brand":[648],"product_cat":[382],"product_tag":[317,220,323],"class_list":{"0":"post-27281","1":"product","2":"type-product","3":"status-publish","4":"has-post-thumbnail","6":"pwb-brand-wella-professionals","7":"product_cat-decoloration","8":"product_tag-coloration","9":"product_tag-decoloration","10":"product_tag-wella-professionals","12":"first","13":"instock","14":"taxable","15":"shipping-taxable","16":"purchasable","17":"product-type-simple","18":"layout-style-3","19":"col-md-4 col-sm-4 col-xs-6","20":"col-lg-3","21":"product-has-gallery","22":"product-style-default"},"aioseo_notices":[],"brands":[{"id":648,"name":"Wella Professionals","slug":"wella-professionals"}],"_links":{"self":[{"href":"https:\/\/cheveuxluxe.com\/index.php\/wp-json\/wp\/v2\/product\/27281","targetHints":{"allow":["GET"]}}],"collection":[{"href":"https:\/\/cheveuxluxe.com\/index.php\/wp-json\/wp\/v2\/product"}],"about":[{"href":"https:\/\/cheveuxluxe.com\/index.php\/wp-json\/wp\/v2\/types\/product"}],"replies":[{"embeddable":true,"href":"https:\/\/cheveuxluxe.com\/index.php\/wp-json\/wp\/v2\/comments?post=27281"}],"version-history":[{"count":0,"href":"https:\/\/cheveuxluxe.com\/index.php\/wp-json\/wp\/v2\/product\/27281\/revisions"}],"wp:featuredmedia":[{"embeddable":true,"href":"https:\/\/cheveuxluxe.com\/index.php\/wp-json\/wp\/v2\/media\/20001"}],"wp:attachment":[{"href":"https:\/\/cheveuxluxe.com\/index.php\/wp-json\/wp\/v2\/media?parent=27281"}],"wp:term":[{"taxonomy":"pwb-brand","embeddable":true,"href":"https:\/\/cheveuxluxe.com\/index.php\/wp-json\/wp\/v2\/pwb-brand?post=27281"},{"taxonomy":"product_cat","embeddable":true,"href":"https:\/\/cheveuxluxe.com\/index.php\/wp-json\/wp\/v2\/product_cat?post=27281"},{"taxonomy":"product_tag","embeddable":true,"href":"https:\/\/cheveuxluxe.com\/index.php\/wp-json\/wp\/v2\/product_tag?post=27281"}],"curies":[{"name":"wp","href":"https:\/\/api.w.org\/{rel}","templated":true}]}}