{"id":27284,"date":"2024-04-09T20:49:22","date_gmt":"2024-04-09T20:49:22","guid":{"rendered":"https:\/\/cheveuxluxe.com\/index.php\/product\/wella-professionals-blondorplex-poudre-multi-blonde-400g\/"},"modified":"2024-04-13T13:40:18","modified_gmt":"2024-04-13T13:40:18","slug":"wella-professionals-blondorplex-poudre-multi-blonde-400g","status":"publish","type":"product","link":"https:\/\/cheveuxluxe.com\/index.php\/product\/wella-professionals-blondorplex-poudre-multi-blonde-400g\/","title":{"rendered":"Wella Professionals BlondorPlex Poudre Multi Blonde 400g"},"content":{"rendered":"<div class=\"product-content_bottom\">\n<div class=\"pdp-info\">\n<div class=\"pdp-tabs tab-container\">\n<div class=\"tab js-tab\">\n<h3 class=\"tab-title pdp-tabs_title js-tab-mobile-title open\"><span>Points cl\u00e9s<\/span><\/h3>\n<div class=\"tab-description pdp-tabs_description js-tab-description open\" itemprop=\"description\">\n<ul>\n<li>Jusqu&rsquo;\u00e0 9 tons d&rsquo;\u00e9claircissement tout en reconstruisant les ponts de la fibre capillaire avec la technologie Blondorplex<\/li>\n<li>Mol\u00e9cules anti-jaune pour neutraliser les tons chauds ind\u00e9sirables pendant l&rsquo;\u00e9claircissement<\/li>\n<li>Multi-usage, pour toutes techniques d&rsquo;\u00e9claircissement<\/li>\n<li>Application sur le cuir chevelu et t\u00eate enti\u00e8re<\/li>\n<\/ul>\n<\/div>\n<\/div>\n<div class=\"tab js-tab\">\n<h3 class=\"tab-title pdp-tabs_title js-tab-mobile-title\"><span>Description<\/span><\/h3>\n<div class=\"tab-description pdp-tabs_description js-tab-description\" itemprop=\"description\">Le partenaire id\u00e9al pour tous les services de d\u00e9coloration.<\/p>\n<p>L&rsquo;EXCELLENCE SUR TOUTE LA PALETTE DES BLONDS.<br \/>R\u00e9volutionnez vos services de d\u00e9coloration avec Blondorplex, une pr\u00e9paration simple et 97% de casse en moins* tout en conservant le pouvoir \u00e9claircissant de notre poudre iconique Blondor Multi Blonde.<\/p>\n<p>*en utilisant Wellaplex N\u00b02 + Blondorplex vs. Blondorplex seul.<\/p><\/div>\n<\/div>\n<div class=\"tab js-tab\">\n<h3 class=\"tab-title pdp-tabs_title js-tab-mobile-title\"><span>Mode d&#8217;emploi<\/span><\/h3>\n<div class=\"tab-description pdp-tabs_description js-tab-description\">M\u00e9langez Blondorplex avec Welloxon perfect et l&rsquo;appliquer sur les cheveux \u00e0 l&rsquo;endroit d\u00e9sir\u00e9.<br \/>Laissez pauser jusqu&rsquo;\u00e0 50min ou jusqu&rsquo;\u00e0 l&rsquo;obtention de l&rsquo;\u00e9claircissement souhait\u00e9.<br \/>Rincez et appliquez le Wellaplex N\u00b02.<br \/>Laissez pauser pendant 10min.<\/div>\n<\/div>\n<div class=\"tab js-tab\">\n<h3 class=\"tab-title pdp-tabs_title js-tab-mobile-title\"><span>Ingr\u00e9dients<\/span><\/h3>\n<div class=\"tab-description pdp-tabs_description js-tab-description\">Potassium Persulfate, Sodium Silicate, Ammonium Persulfate, Magnesium Carbonate Hydroxide, Sodium Stearate, Paraffinum Liquidum\/Mineral Oil\/ Huile Minerale, Xanthan Gum, Algin, Disodium EDTA, Malic Acid, Silica, Aqua\/Water\/Eau, Ultramarines (CI 77007)<\/div>\n<\/div>\n<div class=\"tab js-tab\">\n<h3 class=\"tab-title pdp-tabs_title js-tab-mobile-title\"><span>Livraison et stock<\/span><\/h3>\n<div class=\"tab-description pdp-tabs_description js-tab-description\">\n<div class=\"pdp-delivery_info\">\n<div class=\"content-asset\">Livraison et d\u00e9laisRetours et remboursements<\/div>\n<\/div>\n<\/div>\n<\/div>\n<div class=\"tab js-tab\">\n<h3 class=\"tab-title pdp-tabs_title js-tab-mobile-title\"><span>Pr\u00e9cautions d&#8217;emploi<\/span><\/h3>\n<div class=\"tab-description pdp-tabs_description js-tab-description\">Pour un usage professionnel uniquement. Peut provoquer une r\u00e9action allergique. Ne pas utiliser le produit si le cuir chevelu est sensible, irrit\u00e9 ou endommag\u00e9. Ne pas utiliser pour teindre les cils ou les sourcils. \u00c9viter le contact avec les yeux. Rincer imm\u00e9diatement les yeux si le produit entre en contact avec eux. Conserver hors de port\u00e9e des enfants. Suivre les instructions. Porter des gants appropri\u00e9s. Pour conserver les performances du produit, bien refermer le r\u00e9cipient apr\u00e8s chaque utilisation. Ne pas faire de permanente imm\u00e9diatement avant ou apr\u00e8s une coloration. Ne pas utiliser le produit si les cheveux ont d\u00e9j\u00e0 \u00e9t\u00e9 color\u00e9s avec des colorants m\u00e9talliques. Ne pas utiliser de bol\/agitateur en m\u00e9tal pour le m\u00e9lange. N&rsquo;utilisez pas d&rsquo;objets m\u00e9talliques pendant l&rsquo;application. Utilisez le m\u00e9lange imm\u00e9diatement. Ne pas d\u00e9passer le temps de pause indiqu\u00e9. Rincez bien les cheveux apr\u00e8s l&rsquo;application. Rincer imm\u00e9diatement toute \u00e9claboussure de couleur sur la peau et les v\u00eatements. Le r\u00e9cipient doit \u00eatre compl\u00e8tement vide avant d&rsquo;\u00eatre jet\u00e9. Conserver dans un endroit sec et frais. Veuillez lire et suivre les instructions et les avertissements figurant sur la notice de Blondorplex et sur la notice de Welloxon Perfect.<\/div>\n<\/div>\n<\/div>\n<\/div>\n<\/div>\n","protected":false},"excerpt":{"rendered":"<p>Points cl\u00e9s Jusqu&rsquo;\u00e0 9 tons d&rsquo;\u00e9claircissement tout en reconstruisant les ponts de la fibre capillaire&hellip;<\/p>\n","protected":false},"featured_media":18109,"comment_status":"open","ping_status":"closed","template":"","meta":[],"pwb-brand":[648],"product_cat":[382],"product_tag":[317,220,323],"class_list":{"0":"post-27284","1":"product","2":"type-product","3":"status-publish","4":"has-post-thumbnail","6":"pwb-brand-wella-professionals","7":"product_cat-decoloration","8":"product_tag-coloration","9":"product_tag-decoloration","10":"product_tag-wella-professionals","12":"first","13":"instock","14":"taxable","15":"shipping-taxable","16":"purchasable","17":"product-type-simple","18":"layout-style-3","19":"col-md-4 col-sm-4 col-xs-6","20":"col-lg-3","21":"product-has-gallery","22":"product-style-default"},"aioseo_notices":[],"brands":[{"id":648,"name":"Wella Professionals","slug":"wella-professionals"}],"_links":{"self":[{"href":"https:\/\/cheveuxluxe.com\/index.php\/wp-json\/wp\/v2\/product\/27284","targetHints":{"allow":["GET"]}}],"collection":[{"href":"https:\/\/cheveuxluxe.com\/index.php\/wp-json\/wp\/v2\/product"}],"about":[{"href":"https:\/\/cheveuxluxe.com\/index.php\/wp-json\/wp\/v2\/types\/product"}],"replies":[{"embeddable":true,"href":"https:\/\/cheveuxluxe.com\/index.php\/wp-json\/wp\/v2\/comments?post=27284"}],"version-history":[{"count":0,"href":"https:\/\/cheveuxluxe.com\/index.php\/wp-json\/wp\/v2\/product\/27284\/revisions"}],"wp:featuredmedia":[{"embeddable":true,"href":"https:\/\/cheveuxluxe.com\/index.php\/wp-json\/wp\/v2\/media\/18109"}],"wp:attachment":[{"href":"https:\/\/cheveuxluxe.com\/index.php\/wp-json\/wp\/v2\/media?parent=27284"}],"wp:term":[{"taxonomy":"pwb-brand","embeddable":true,"href":"https:\/\/cheveuxluxe.com\/index.php\/wp-json\/wp\/v2\/pwb-brand?post=27284"},{"taxonomy":"product_cat","embeddable":true,"href":"https:\/\/cheveuxluxe.com\/index.php\/wp-json\/wp\/v2\/product_cat?post=27284"},{"taxonomy":"product_tag","embeddable":true,"href":"https:\/\/cheveuxluxe.com\/index.php\/wp-json\/wp\/v2\/product_tag?post=27284"}],"curies":[{"name":"wp","href":"https:\/\/api.w.org\/{rel}","templated":true}]}}