{"id":27291,"date":"2024-04-09T20:49:24","date_gmt":"2024-04-09T20:49:24","guid":{"rendered":"https:\/\/cheveuxluxe.com\/index.php\/product\/eugene-perma-solaris-lait-neutralisant-500ml\/"},"modified":"2024-04-13T14:08:48","modified_gmt":"2024-04-13T14:08:48","slug":"eugene-perma-solaris-lait-neutralisant-500ml","status":"publish","type":"product","link":"https:\/\/cheveuxluxe.com\/index.php\/product\/eugene-perma-solaris-lait-neutralisant-500ml\/","title":{"rendered":"Eugene Perma Solaris Lait Neutralisant 500ml"},"content":{"rendered":"<div class=\"product-content_bottom\">\n<div class=\"pdp-info\">\n<div class=\"pdp-tabs tab-container\">\n<div class=\"tab js-tab\">\n<h3 class=\"tab-title pdp-tabs_title js-tab-mobile-title open\"><span>Points cl\u00e9s<\/span><\/h3>\n<div class=\"tab-description pdp-tabs_description js-tab-description open\" itemprop=\"description\">\n<ul>\n<li>Arr\u00eate et neutralise l&rsquo;effet des d\u00e9colorants<\/li>\n<li>Lave le cuir chevelu et les cheveux en douceur<\/li>\n<li>Les cheveux deviennent doux et faciles \u00e0 coiffer<\/li>\n<li>Avec extrait de bambou aux propri\u00e9t\u00e9s nourrissantes et r\u00e9g\u00e9n\u00e9rantes<\/li>\n<\/ul>\n<\/div>\n<\/div>\n<div class=\"tab js-tab\">\n<h3 class=\"tab-title pdp-tabs_title js-tab-mobile-title\"><span>Description<\/span><\/h3>\n<div class=\"tab-description pdp-tabs_description js-tab-description\" itemprop=\"description\">\n<p>Le Lait Neutralisant Solaris s&rsquo;utilise en fin de d\u00e9coloration pour neutraliser les effet des\u00a0d\u00e9colorants et rendre les cheveux faciles \u00e0 coiffer.<\/p>\n<\/div>\n<\/div>\n<div class=\"tab js-tab\">\n<h3 class=\"tab-title pdp-tabs_title js-tab-mobile-title\"><span>Ingr\u00e9dients<\/span><\/h3>\n<div class=\"tab-description pdp-tabs_description js-tab-description\">AQUA, WATER, EAU, SODIUM LAURETH SULFATE, SODIUM LAURETH-8 SULFATE, SODIUM CHLORIDE, COCAMIDOPROPYL BETAINE, COCAMIDOPROPYL PG-DIMONIUM CHLORIDE, MAGNESIUM LAURETH SULFATE, MAGNESIUM LAURETH-8 SULFATE, SODIUM OLETH SULFATE, POLYQUATERNIUM-10, PROPYLENE GLYCOL, IMIDAZOLIDINYL UREA, MAGNESIUM OLETH SULFATE, GLYCOL DISTEARATE, COCAMIDE MEA, PARFUM (FRAGRANCE), LAURETH-2, LAURETH-10, TETRASODIUM EDTA, BAMBUSA VULGARIS (BAMBOO) SHOOT EXTRACT, ANISE ALCOHOL, SORBITOL, COUMARIN, HEXYL CINNAMAL, BENZOIC ACID, SODIUM ACETATE, CINNAMYL ALCOHOL, ALPHA-ISOMETHYL IONONE, GERANIOL, ISOPROPYL ALCOHOL, CITRONELLOL, CITRIC ACID, TRIETHANOLAMINE. (F10)<\/div>\n<\/div>\n<div class=\"tab js-tab\">\n<h3 class=\"tab-title pdp-tabs_title js-tab-mobile-title\"><span>Livraison et stock<\/span><\/h3>\n<div class=\"tab-description pdp-tabs_description js-tab-description\">\n<div class=\"pdp-delivery_info\">\n<div class=\"content-asset\">Livraison et d\u00e9laisRetours et remboursements<\/div>\n<\/div>\n<\/div>\n<\/div>\n<\/div>\n<\/div>\n<\/div>\n","protected":false},"excerpt":{"rendered":"<p>Points cl\u00e9s Arr\u00eate et neutralise l&rsquo;effet des d\u00e9colorants Lave le cuir chevelu et les cheveux&hellip;<\/p>\n","protected":false},"featured_media":19620,"comment_status":"open","ping_status":"closed","template":"","meta":[],"pwb-brand":[650],"product_cat":[598],"product_tag":[331,127,599],"class_list":{"0":"post-27291","1":"product","2":"type-product","3":"status-publish","4":"has-post-thumbnail","6":"pwb-brand-eugene-perma-professionnel","7":"product_cat-type-de-cheveux","8":"product_tag-eugene-perma-professionnel","9":"product_tag-shampooing-et-coiffure","10":"product_tag-type-de-cheveux","12":"first","13":"instock","14":"taxable","15":"shipping-taxable","16":"purchasable","17":"product-type-simple","18":"layout-style-3","19":"col-md-4 col-sm-4 col-xs-6","20":"col-lg-3","21":"product-style-default"},"aioseo_notices":[],"brands":[{"id":650,"name":"Eugene Perma Professionnel","slug":"eugene-perma-professionnel"}],"_links":{"self":[{"href":"https:\/\/cheveuxluxe.com\/index.php\/wp-json\/wp\/v2\/product\/27291","targetHints":{"allow":["GET"]}}],"collection":[{"href":"https:\/\/cheveuxluxe.com\/index.php\/wp-json\/wp\/v2\/product"}],"about":[{"href":"https:\/\/cheveuxluxe.com\/index.php\/wp-json\/wp\/v2\/types\/product"}],"replies":[{"embeddable":true,"href":"https:\/\/cheveuxluxe.com\/index.php\/wp-json\/wp\/v2\/comments?post=27291"}],"version-history":[{"count":0,"href":"https:\/\/cheveuxluxe.com\/index.php\/wp-json\/wp\/v2\/product\/27291\/revisions"}],"wp:featuredmedia":[{"embeddable":true,"href":"https:\/\/cheveuxluxe.com\/index.php\/wp-json\/wp\/v2\/media\/19620"}],"wp:attachment":[{"href":"https:\/\/cheveuxluxe.com\/index.php\/wp-json\/wp\/v2\/media?parent=27291"}],"wp:term":[{"taxonomy":"pwb-brand","embeddable":true,"href":"https:\/\/cheveuxluxe.com\/index.php\/wp-json\/wp\/v2\/pwb-brand?post=27291"},{"taxonomy":"product_cat","embeddable":true,"href":"https:\/\/cheveuxluxe.com\/index.php\/wp-json\/wp\/v2\/product_cat?post=27291"},{"taxonomy":"product_tag","embeddable":true,"href":"https:\/\/cheveuxluxe.com\/index.php\/wp-json\/wp\/v2\/product_tag?post=27291"}],"curies":[{"name":"wp","href":"https:\/\/api.w.org\/{rel}","templated":true}]}}