{"id":27292,"date":"2024-04-09T20:49:25","date_gmt":"2024-04-09T20:49:25","guid":{"rendered":"https:\/\/cheveuxluxe.com\/index.php\/product\/redken-blondage-high-bright-pre-traitement-250ml\/"},"modified":"2024-04-13T14:09:21","modified_gmt":"2024-04-13T14:09:21","slug":"redken-blondage-high-bright-pre-traitement-250ml","status":"publish","type":"product","link":"https:\/\/cheveuxluxe.com\/index.php\/product\/redken-blondage-high-bright-pre-traitement-250ml\/","title":{"rendered":"Redken Blondage High Bright Pr\u00e9-Traitement 250ml"},"content":{"rendered":"<div class=\"product-content_bottom\">\n<div class=\"pdp-info\">\n<div class=\"pdp-tabs tab-container\">\n<div class=\"tab js-tab\">\n<h3 class=\"tab-title pdp-tabs_title js-tab-mobile-title open\"><span>Points cl\u00e9s<\/span><\/h3>\n<div class=\"tab-description pdp-tabs_description js-tab-description open\" itemprop=\"description\">\n<ul>\n<li>R\u00e9sultat blond brillant de salon<\/li>\n<li>Vitamine C et Brightening Care Complex<\/li>\n<li>Ne contient pas de pigment<\/li>\n<\/ul>\n<\/div>\n<\/div>\n<div class=\"tab js-tab\">\n<h3 class=\"tab-title pdp-tabs_title js-tab-mobile-title\"><span>Description<\/span><\/h3>\n<div class=\"tab-description pdp-tabs_description js-tab-description\" itemprop=\"description\">Le pr\u00e9traitement Redken Blondage High Bright &#8211; Ce pr\u00e9traitement \u00e0 la vitamine C et au Brightening Care Complex \u00e9limine les impuret\u00e9s qui assombrissent, et rendent les cheveux ternes. Le pr\u00e9traitement, en combinaison avec le shampoing et le conditioner, donne un r\u00e9sultat blond brillant et lumineux. Comme si vous veniez de quitter le fauteuil du coiffeur ! Plus vous utilisez souvent le syst\u00e8me Blondage High Bright (pr\u00e9traitement, shampoing, conditioner), plus les r\u00e9sultats sont lumineux. Pour tous les balayages, les colorations et les blonds m\u00e9ch\u00e9s.<\/div>\n<\/div>\n<div class=\"tab js-tab\">\n<h3 class=\"tab-title pdp-tabs_title js-tab-mobile-title\"><span>Mode d&#8217;emploi<\/span><\/h3>\n<div class=\"tab-description pdp-tabs_description js-tab-description\">Comment utiliser: Appliquez sur les cheveux humides et laissez agir pendant 5 \u00e0 10 minutes. Ne pas rincer. Appliquez ensuite le shampooing Redken Blondage High Bright, faites mousser et rincez. Appliquer ensuite le conditioner Redken Blondage High Bright.<\/div>\n<\/div>\n<div class=\"tab js-tab\">\n<h3 class=\"tab-title pdp-tabs_title js-tab-mobile-title\"><span>Ingr\u00e9dients<\/span><\/h3>\n<div class=\"tab-description pdp-tabs_description js-tab-description\">AQUA \/ WATER, SODIUM LAURETH SULFATE, GLYCERIN, SODIUM CHLORIDE, COCO-BETAINE, PARFUM \/ FRAGRANCE, SODIUM BENZOATE, SODIUM HYDROXIDE, ASCORBYL GLUCOSIDE, CITRIC ACID, HEXYLENE GLYCOL, HYDROXYPROPYL GUAR HYDROXYPROPYLTRIMONIUM CHLORIDE, SALICYLIC ACID, TETRASODIUM GLUTAMATE DIACETATE, GLYCINE, LINALOOL, COUMARIN<\/div>\n<\/div>\n<div class=\"tab js-tab\">\n<h3 class=\"tab-title pdp-tabs_title js-tab-mobile-title\"><span>Livraison et stock<\/span><\/h3>\n<div class=\"tab-description pdp-tabs_description js-tab-description\">\n<div class=\"pdp-delivery_info\">\n<div class=\"content-asset\">Livraison et d\u00e9laisRetours et remboursements<\/div>\n<\/div>\n<\/div>\n<\/div>\n<\/div>\n<\/div>\n<\/div>\n","protected":false},"excerpt":{"rendered":"<p>Points cl\u00e9s R\u00e9sultat blond brillant de salon Vitamine C et Brightening Care Complex Ne contient&hellip;<\/p>\n","protected":false},"featured_media":18226,"comment_status":"open","ping_status":"closed","template":"","meta":[],"pwb-brand":[647],"product_cat":[598],"product_tag":[321,127,599],"class_list":{"0":"post-27292","1":"product","2":"type-product","3":"status-publish","4":"has-post-thumbnail","6":"pwb-brand-redken","7":"product_cat-type-de-cheveux","8":"product_tag-redken","9":"product_tag-shampooing-et-coiffure","10":"product_tag-type-de-cheveux","12":"first","13":"instock","14":"taxable","15":"shipping-taxable","16":"purchasable","17":"product-type-simple","18":"layout-style-3","19":"col-md-4 col-sm-4 col-xs-6","20":"col-lg-3","21":"product-style-default"},"aioseo_notices":[],"brands":[{"id":647,"name":"Redken","slug":"redken"}],"_links":{"self":[{"href":"https:\/\/cheveuxluxe.com\/index.php\/wp-json\/wp\/v2\/product\/27292","targetHints":{"allow":["GET"]}}],"collection":[{"href":"https:\/\/cheveuxluxe.com\/index.php\/wp-json\/wp\/v2\/product"}],"about":[{"href":"https:\/\/cheveuxluxe.com\/index.php\/wp-json\/wp\/v2\/types\/product"}],"replies":[{"embeddable":true,"href":"https:\/\/cheveuxluxe.com\/index.php\/wp-json\/wp\/v2\/comments?post=27292"}],"version-history":[{"count":0,"href":"https:\/\/cheveuxluxe.com\/index.php\/wp-json\/wp\/v2\/product\/27292\/revisions"}],"wp:featuredmedia":[{"embeddable":true,"href":"https:\/\/cheveuxluxe.com\/index.php\/wp-json\/wp\/v2\/media\/18226"}],"wp:attachment":[{"href":"https:\/\/cheveuxluxe.com\/index.php\/wp-json\/wp\/v2\/media?parent=27292"}],"wp:term":[{"taxonomy":"pwb-brand","embeddable":true,"href":"https:\/\/cheveuxluxe.com\/index.php\/wp-json\/wp\/v2\/pwb-brand?post=27292"},{"taxonomy":"product_cat","embeddable":true,"href":"https:\/\/cheveuxluxe.com\/index.php\/wp-json\/wp\/v2\/product_cat?post=27292"},{"taxonomy":"product_tag","embeddable":true,"href":"https:\/\/cheveuxluxe.com\/index.php\/wp-json\/wp\/v2\/product_tag?post=27292"}],"curies":[{"name":"wp","href":"https:\/\/api.w.org\/{rel}","templated":true}]}}