{"id":27299,"date":"2024-04-09T20:49:32","date_gmt":"2024-04-09T20:49:32","guid":{"rendered":"https:\/\/cheveuxluxe.com\/index.php\/product\/olaplex-no-4p-blonde-enhancer-toning-shampoo-250ml\/"},"modified":"2024-04-13T14:25:04","modified_gmt":"2024-04-13T14:25:04","slug":"olaplex-no-4p-blonde-enhancer-toning-shampoo-250ml","status":"publish","type":"product","link":"https:\/\/cheveuxluxe.com\/index.php\/product\/olaplex-no-4p-blonde-enhancer-toning-shampoo-250ml\/","title":{"rendered":"Olaplex No. 4P Blonde Enhancer\u2122 Toning Shampoo, 250ml"},"content":{"rendered":"<div class=\"product-content_bottom\">\n<div class=\"pdp-info\">\n<div class=\"pdp-tabs tab-container\">\n<div class=\"tab js-tab\">\n<h3 class=\"tab-title pdp-tabs_title js-tab-mobile-title open\"><span>Points cl\u00e9s<\/span><\/h3>\n<div class=\"tab-description pdp-tabs_description js-tab-description open\" itemprop=\"description\">\n<ul>\n<li>R\u00e9pare Hydrate et \u00c9clairci<\/li>\n<li>Pour tous les cheveux Blonds \u00c9claircis et Gris<\/li>\n<li>Assez doux pour \u00eatre utilis\u00e9 \u00e0 chaque shampooing<\/li>\n<li>3x plus de brillance<\/li>\n<li>Vegan sans Sulfate sans Cruaut\u00e9 sans Phosphate sans Parab\u00e8ne.<\/li>\n<\/ul>\n<\/div>\n<\/div>\n<div class=\"tab js-tab\">\n<h3 class=\"tab-title pdp-tabs_title js-tab-mobile-title\"><span>Description<\/span><\/h3>\n<div class=\"tab-description pdp-tabs_description js-tab-description\" itemprop=\"description\">Notre shampooing le plus vendu est maintenant formul\u00e9 pour c\u00e9l\u00e9brer la beaut\u00e9 du blond.<br \/>Le shampooing OLAPLEX\u00ae No.4 Bond Maintenance Purple nettoie tout en apportant hydratation et r\u00e9paration.<\/p>\n<p>Dernier n\u00e9 de la famille le shampooing violet Olaplex\u00ae No.4-P conserve tous les avantages de l&rsquo;original et apporte juste ce qu&rsquo;il faut de tonus pour neutraliser tout ton chaud ind\u00e9sirable entre les visites au salon. Que votre blondeur soit naturelle ou qu&rsquo;elle provienne de votre styliste de la racine \u00e0 la pointe ou par balayage m\u00eame si vous portez fi\u00e8rement le gris &#8211; le shampooing violet Olaplex\u00ae No.4-P aidera \u00e0 entretenir votre couleur et la garder \u00e9clatante.<\/p>\n<p>Qu&rsquo;est-ce que le shampooing Amplificateur de blond Olaplex\u00ae No.4P Blonde Maintenance Purple \u2122 ?<br \/>Un shampooing tonifiant qui renforce adoucit et neutralise les tons jaunes ind\u00e9sirables pour des cheveux plus brillants et plus faciles \u00e0 coiffer. La formule sans sulfate et hautement concentr\u00e9e permet une tonification personnalisable.<br \/>Plus le traitement est long plus les r\u00e9sultats sont \u00e9clatants.<\/p>\n<p>Tous les produits OLAPLEX\u00ae contiennent notre technologie brevet\u00e9e qui renforce les liens fragiles \u00e0 chaque \u00e9tape de la routine pour des cheveux les plus sains possible.<\/p><\/div>\n<\/div>\n<div class=\"tab js-tab\">\n<h3 class=\"tab-title pdp-tabs_title js-tab-mobile-title\"><span>Mode d&#8217;emploi<\/span><\/h3>\n<div class=\"tab-description pdp-tabs_description js-tab-description\">1. Appliquer et masser le produit sur les cheveux mouill\u00e9s. Bien faire mousser et laisser agir 1 \u00e0 3 minutes.<br \/>Pour une tonification plus intense, laissez agir jusqu&rsquo;\u00e0 5 minutes.<\/p>\n<p>2. Rincez le produit des cheveux.<\/p>\n<p>CONSEIL : Si les cheveux ont accumul\u00e9 du produit pr\u00e9-lavage, nettoyez-les d&rsquo;abord avec le shampooing d&rsquo;entretien classique No.4 Bond Mainteance, avant d\u2019appliquer le No.4 Purple.<\/p>\n<p>TONIFIER, PUIS HYDRATER<br \/>Nous vous recommandons d&rsquo;utiliser ensuite soit :<br \/>&gt; No.5 Bond Maintenance Apr\u00e8s-shampooing, pour une hydratation l\u00e9g\u00e8re.<br \/>&gt; No.8 Bond Intense Masque Hydratant, pour une hydratation intense.<br \/>&gt; 4-en-1 Masque Hydratant, pour les professionnels en salons.<\/div>\n<\/div>\n<div class=\"tab js-tab\">\n<h3 class=\"tab-title pdp-tabs_title js-tab-mobile-title\"><span>Ingr\u00e9dients<\/span><\/h3>\n<div class=\"tab-description pdp-tabs_description js-tab-description\">Water (Aqua\/Eau), Sodium C14-16 Olefin Sulfonate, Cocamidopropyl Betaine, Glycerin, Sodium Cocoamphoacetate, Sodium Chloride, Acrylates Copolymer, Betaine, Phenoxyethanol, Fragrance (Parfum), Polyquaternium-7, Bis-Aminopropyl Diglycol Dimaleate, Guar Hydroxypropyltrimonium Chloride, Ethylhexylglycerin, Hexyl Cinnamal, Limonene, Citric Acid, Sodium Benzoate, Acid Violet 43 (Cl 60730)<\/div>\n<\/div>\n<div class=\"tab js-tab\">\n<h3 class=\"tab-title pdp-tabs_title js-tab-mobile-title\"><span>Livraison et stock<\/span><\/h3>\n<div class=\"tab-description pdp-tabs_description js-tab-description\">\n<div class=\"pdp-delivery_info\">\n<div class=\"content-asset\">Livraison et d\u00e9laisRetours et remboursements<\/div>\n<\/div>\n<\/div>\n<\/div>\n<\/div>\n<\/div>\n<\/div>\n","protected":false},"excerpt":{"rendered":"<p>Points cl\u00e9s R\u00e9pare Hydrate et \u00c9clairci Pour tous les cheveux Blonds \u00c9claircis et Gris Assez&hellip;<\/p>\n","protected":false},"featured_media":18339,"comment_status":"open","ping_status":"closed","template":"","meta":[],"pwb-brand":[662],"product_cat":[617],"product_tag":[274,260,273],"class_list":{"0":"post-27299","1":"product","2":"type-product","3":"status-publish","4":"has-post-thumbnail","6":"pwb-brand-olaplex","7":"product_cat-coiffure","8":"product_tag-coiffure","9":"product_tag-olaplex","10":"product_tag-vegan","12":"first","13":"instock","14":"taxable","15":"shipping-taxable","16":"purchasable","17":"product-type-simple","18":"layout-style-3","19":"col-md-4 col-sm-4 col-xs-6","20":"col-lg-3","21":"product-has-gallery","22":"product-style-default"},"aioseo_notices":[],"brands":[{"id":662,"name":"Olaplex","slug":"olaplex"}],"_links":{"self":[{"href":"https:\/\/cheveuxluxe.com\/index.php\/wp-json\/wp\/v2\/product\/27299","targetHints":{"allow":["GET"]}}],"collection":[{"href":"https:\/\/cheveuxluxe.com\/index.php\/wp-json\/wp\/v2\/product"}],"about":[{"href":"https:\/\/cheveuxluxe.com\/index.php\/wp-json\/wp\/v2\/types\/product"}],"replies":[{"embeddable":true,"href":"https:\/\/cheveuxluxe.com\/index.php\/wp-json\/wp\/v2\/comments?post=27299"}],"version-history":[{"count":0,"href":"https:\/\/cheveuxluxe.com\/index.php\/wp-json\/wp\/v2\/product\/27299\/revisions"}],"wp:featuredmedia":[{"embeddable":true,"href":"https:\/\/cheveuxluxe.com\/index.php\/wp-json\/wp\/v2\/media\/18339"}],"wp:attachment":[{"href":"https:\/\/cheveuxluxe.com\/index.php\/wp-json\/wp\/v2\/media?parent=27299"}],"wp:term":[{"taxonomy":"pwb-brand","embeddable":true,"href":"https:\/\/cheveuxluxe.com\/index.php\/wp-json\/wp\/v2\/pwb-brand?post=27299"},{"taxonomy":"product_cat","embeddable":true,"href":"https:\/\/cheveuxluxe.com\/index.php\/wp-json\/wp\/v2\/product_cat?post=27299"},{"taxonomy":"product_tag","embeddable":true,"href":"https:\/\/cheveuxluxe.com\/index.php\/wp-json\/wp\/v2\/product_tag?post=27299"}],"curies":[{"name":"wp","href":"https:\/\/api.w.org\/{rel}","templated":true}]}}