{"id":27301,"date":"2024-04-09T20:49:32","date_gmt":"2024-04-09T20:49:32","guid":{"rendered":"https:\/\/cheveuxluxe.com\/index.php\/product\/tigi-bed-head-serial-blonde-soin-reparateur-blonds-audacieux-970ml\/"},"modified":"2024-04-13T14:20:34","modified_gmt":"2024-04-13T14:20:34","slug":"tigi-bed-head-serial-blonde-soin-reparateur-blonds-audacieux-970ml","status":"publish","type":"product","link":"https:\/\/cheveuxluxe.com\/index.php\/product\/tigi-bed-head-serial-blonde-soin-reparateur-blonds-audacieux-970ml\/","title":{"rendered":"Tigi Bed Head Serial Blonde Soin R\u00e9parateur Blonds audacieux 970ml"},"content":{"rendered":"<div class=\"product-content_bottom\">\n<div class=\"pdp-info\">\n<div class=\"pdp-tabs tab-container\">\n<div class=\"tab js-tab\">\n<h3 class=\"tab-title pdp-tabs_title js-tab-mobile-title open\"><span>Points cl\u00e9s<\/span><\/h3>\n<div class=\"tab-description pdp-tabs_description js-tab-description open\" itemprop=\"description\">\n<ul>\n<li>Des cheveux blonds plus sains et plus forts<\/li>\n<li>Des cheveux hydrat\u00e9s et nourris<\/li>\n<li>Des cheveux blonds souples, doux et sans frisottis<\/li>\n<\/ul>\n<\/div>\n<\/div>\n<div class=\"tab js-tab\">\n<h3 class=\"tab-title pdp-tabs_title js-tab-mobile-title\"><span>Description<\/span><\/h3>\n<div class=\"tab-description pdp-tabs_description js-tab-description\" itemprop=\"description\">Soin Serial Blonde de Bed Head ; nouveau \u00e0 l&rsquo;ext\u00e9rieur et tout aussi fabuleux \u00e0 l&rsquo;int\u00e9rieur. Con\u00e7u avec des professionnels de la coiffure, et utilis\u00e9 en salon, sa formulation intensifie la couleur. Apporte des r\u00e9sultats professionnels et prolonge l&rsquo;exp\u00e9rience du salon de coiffure \u00e0 la maison. Si vous aimiez le soin Dumb Blonde de Bed Head, vous allez adorer Serial Blonde !<\/p>\n<p>La gamme de soins pour cheveux color\u00e9s Bed Head, avec son syst\u00e8me de protection de la couleur, a \u00e9t\u00e9 \u00e9labor\u00e9e avec des professionnels afin de raviver les cheveux trait\u00e9s chimiquement et d&rsquo;intensifier l&rsquo;\u00e9clat de la couleur. Le soin Serial Blonde permet de raviver l&rsquo;\u00e9clat d&rsquo;origine des cheveux blonds. Ce soin aide \u00e0 r\u00e9parer les dommages, renforce les cheveux blonds et les prot\u00e8ge des frisottis et des m\u00e8ches rebelles. De plus, ce soin hydrate, adoucit et soigne les cheveux. Pour des cheveux blonds visiblement plus forts et plus sains !<\/p>\n<p>Id\u00e9al \u00e0 la fois pour les blonds naturels ou color\u00e9s. Appliquez le soin des longueurs aux pointes, laissez agir 3-5 minutes et rincez abondamment. Il peut aussi \u00eatre utilis\u00e9 comme masque, laissez alors agir 5 \u00e0 10 minutes. Pour de meilleurs r\u00e9sultats, utilisez pr\u00e9alablement le shampooing Serial Blonde ou le shampooing tonifiant violet Serial Blonde.<\/p>\n<p>Formul\u00e9 \u00e0 base d&rsquo;un complexe protecteur pour traiter les cheveux ab\u00eem\u00e9s pour une chevelure plus r\u00e9sistante et en pleine sant\u00e9 ; d&rsquo;un complexe r\u00e9g\u00e9n\u00e9rant qui hydrate, adoucit et soigne les cheveux ; d&rsquo;un agent antistatique qui aide \u00e0 pr\u00e9venir les frisottis et qui discipline les m\u00e8ches rebelles ; d&rsquo;acides amin\u00e9s, \u00e9l\u00e9ments fondamentaux pour des cheveux r\u00e9sistants; et un m\u00e9lange de prot\u00e9ines r\u00e9put\u00e9 pour renforcer et structurer les prot\u00e9ines pr\u00e9sentes sur le cheveu.<\/p>\n<p>Ce soin professionnel de 300ml diffuse un d\u00e9licieux parfum exotique tropical !<\/p><\/div>\n<\/div>\n<div class=\"tab js-tab\">\n<h3 class=\"tab-title pdp-tabs_title js-tab-mobile-title\"><span>Mode d&#8217;emploi<\/span><\/h3>\n<div class=\"tab-description pdp-tabs_description js-tab-description\">Appliquez le soin des longueurs aux pointes, laissez agir 3-5 minutes et rincez abondamment.<br \/>Il peut aussi \u00eatre utilis\u00e9 comme masque, laissez alors agir 5 \u00e0 10 minutes.<br \/>Pour de meilleurs r\u00e9sultats, utilisez pr\u00e9alablement le shampooing Serial Blonde ou le shampooing tonifiant violet Serial Blonde.<\/div>\n<\/div>\n<div class=\"tab js-tab\">\n<h3 class=\"tab-title pdp-tabs_title js-tab-mobile-title\"><span>Ingr\u00e9dients<\/span><\/h3>\n<div class=\"tab-description pdp-tabs_description js-tab-description\">Water (Aqua\/Eau), Cetearyl Alcohol, Cetyl Palmitate, Glycerin, Stearamidopropyl Dimethylamine, Lactic Acid, Behentrimonium Chloride, Fragrance (Parfum), Dimethicone, Hydroxypropyl Methylcellulose, Arginine, Lysine HCl, Polyurethane-39, Dipropylene Glycol, Hydrolyzed Keratin, Hydrolyzed Milk Protein, Sodium Benzoate, Disodium EDTA, Amodimethicone, Phenoxyethanol, PEG-7 Propylheptyl Ether, Propylene Glycol, Cetrimonium Chloride, Phenylpropanol, Propanediol, Caprylyl Glycol, Yellow 5 (CI 19140), Yellow 6 (CI 15985).<\/div>\n<\/div>\n<div class=\"tab js-tab\">\n<h3 class=\"tab-title pdp-tabs_title js-tab-mobile-title\"><span>Livraison et stock<\/span><\/h3>\n<div class=\"tab-description pdp-tabs_description js-tab-description\">\n<div class=\"pdp-delivery_info\">\n<div class=\"content-asset\">Livraison et d\u00e9laisRetours et remboursements<\/div>\n<\/div>\n<\/div>\n<\/div>\n<div class=\"tab js-tab\">\n<h3 class=\"tab-title pdp-tabs_title js-tab-mobile-title\"><span>Pr\u00e9cautions d&#8217;emploi<\/span><\/h3>\n<div class=\"tab-description pdp-tabs_description js-tab-description\">ATTENTION :<br \/>\u00c9VITER LE CONTACT AVEC LES YEUX. EN CAS DE CONTACT, RINCER \u00c0 L\u2019EAU<\/div>\n<\/div>\n<\/div>\n<\/div>\n<\/div>\n","protected":false},"excerpt":{"rendered":"<p>Points cl\u00e9s Des cheveux blonds plus sains et plus forts Des cheveux hydrat\u00e9s et nourris&hellip;<\/p>\n","protected":false},"featured_media":18650,"comment_status":"open","ping_status":"closed","template":"","meta":[],"pwb-brand":[663],"product_cat":[610],"product_tag":[611,127,390],"class_list":{"0":"post-27301","1":"product","2":"type-product","3":"status-publish","4":"has-post-thumbnail","6":"pwb-brand-tigi","7":"product_cat-grands-formats","8":"product_tag-grands-formats","9":"product_tag-shampooing-et-coiffure","10":"product_tag-tigi","12":"first","13":"instock","14":"taxable","15":"shipping-taxable","16":"purchasable","17":"product-type-simple","18":"layout-style-3","19":"col-md-4 col-sm-4 col-xs-6","20":"col-lg-3","21":"product-style-default"},"aioseo_notices":[],"brands":[{"id":663,"name":"Tigi","slug":"tigi"}],"_links":{"self":[{"href":"https:\/\/cheveuxluxe.com\/index.php\/wp-json\/wp\/v2\/product\/27301","targetHints":{"allow":["GET"]}}],"collection":[{"href":"https:\/\/cheveuxluxe.com\/index.php\/wp-json\/wp\/v2\/product"}],"about":[{"href":"https:\/\/cheveuxluxe.com\/index.php\/wp-json\/wp\/v2\/types\/product"}],"replies":[{"embeddable":true,"href":"https:\/\/cheveuxluxe.com\/index.php\/wp-json\/wp\/v2\/comments?post=27301"}],"version-history":[{"count":0,"href":"https:\/\/cheveuxluxe.com\/index.php\/wp-json\/wp\/v2\/product\/27301\/revisions"}],"wp:featuredmedia":[{"embeddable":true,"href":"https:\/\/cheveuxluxe.com\/index.php\/wp-json\/wp\/v2\/media\/18650"}],"wp:attachment":[{"href":"https:\/\/cheveuxluxe.com\/index.php\/wp-json\/wp\/v2\/media?parent=27301"}],"wp:term":[{"taxonomy":"pwb-brand","embeddable":true,"href":"https:\/\/cheveuxluxe.com\/index.php\/wp-json\/wp\/v2\/pwb-brand?post=27301"},{"taxonomy":"product_cat","embeddable":true,"href":"https:\/\/cheveuxluxe.com\/index.php\/wp-json\/wp\/v2\/product_cat?post=27301"},{"taxonomy":"product_tag","embeddable":true,"href":"https:\/\/cheveuxluxe.com\/index.php\/wp-json\/wp\/v2\/product_tag?post=27301"}],"curies":[{"name":"wp","href":"https:\/\/api.w.org\/{rel}","templated":true}]}}