{"id":27302,"date":"2024-04-09T20:49:33","date_gmt":"2024-04-09T20:49:33","guid":{"rendered":"https:\/\/cheveuxluxe.com\/index.php\/product\/tigi-bed-head-serial-blonde-shampooing-violet-blonds-parfaits-400ml\/"},"modified":"2024-04-13T14:10:07","modified_gmt":"2024-04-13T14:10:07","slug":"tigi-bed-head-serial-blonde-shampooing-violet-blonds-parfaits-400ml","status":"publish","type":"product","link":"https:\/\/cheveuxluxe.com\/index.php\/product\/tigi-bed-head-serial-blonde-shampooing-violet-blonds-parfaits-400ml\/","title":{"rendered":"Tigi Bed Head Serial Blonde Shampooing Violet Blonds Parfaits 400ml"},"content":{"rendered":"<div class=\"product-content_bottom\">\n<div class=\"pdp-info\">\n<div class=\"pdp-tabs tab-container\">\n<div class=\"tab js-tab\">\n<h3 class=\"tab-title pdp-tabs_title js-tab-mobile-title open\"><span>Points cl\u00e9s<\/span><\/h3>\n<div class=\"tab-description pdp-tabs_description js-tab-description open\" itemprop=\"description\">\n<ul>\n<li>Des reflets cuivr\u00e9s \u00e9limin\u00e9s<\/li>\n<li>Des reflets froids intensifi\u00e9s<\/li>\n<li>Des cheveux blonds lumineux et en pleine sant\u00e9<\/li>\n<\/ul>\n<\/div>\n<\/div>\n<div class=\"tab js-tab\">\n<h3 class=\"tab-title pdp-tabs_title js-tab-mobile-title\"><span>Description<\/span><\/h3>\n<div class=\"tab-description pdp-tabs_description js-tab-description\" itemprop=\"description\">Shampooing Serial Blonde de Bed Head ; nouveau \u00e0 l&rsquo;ext\u00e9rieur et tout aussi fabuleux \u00e0 l&rsquo;int\u00e9rieur. Con\u00e7u avec des professionnels de la coiffure, et utilis\u00e9 en salon, sa formulation intensifie la couleur. Apporte des r\u00e9sultats professionnels et prolonge l&rsquo;exp\u00e9rience du salon de coiffure \u00e0 la maison. Si vous aimiez le shampooing violet Dumb Blonde de Bed Head, vous allez adorer Serial Blonde !<\/p>\n<p>La gamme de soins pour cheveux color\u00e9s Bed Head, avec son syst\u00e8me de protection de la couleur, a \u00e9t\u00e9 \u00e9labor\u00e9e avec des professionnels afin de raviver les cheveux trait\u00e9s chimiquement et d&rsquo;intensifier l&rsquo;\u00e9clat de la couleur. Le shampooing violet Serial Blonde est sans sulfates et offre un incroyable soin aux cheveux color\u00e9s, en \u00e9liminant les reflets cuivr\u00e9s ind\u00e9sirables. Ce shampooing violet est enrichi en pigments violets pour \u00e9liminer les reflets jaunes, intensifier les reflets froids et illuminer les cheveux blonds. Le shampooing violet donne aussi de la brillance aux cheveux ternes pour des cheveux blonds \u00e9clatants !<\/p>\n<p>Id\u00e9al \u00e0 la fois pour les blonds naturels et les cheveux color\u00e9s en blond ou d\u00e9color\u00e9s. Utilisez le shampooing violet aussi souvent que n\u00e9cessaire. Faites mousser le shampooing en massant les cheveux mouill\u00e9s. Laissez poser 1 \u00e0 5 minutes en fonction de l\u2019effet recherch\u00e9. Rincez abondamment. Pour de meilleurs r\u00e9sultats appliquez ensuite le soin Serial Blonde. \u00c9vitez tout contact avec les v\u00eatements.<\/p>\n<p>Formul\u00e9 \u00e0 partir de pigments violets pour neutraliser les reflets cuivr\u00e9s et jaunes dans les chevelures blondes et mettre en valeur les reflets froids ; d&rsquo;un complexe de soins pour donner de la brillance aux cheveux blonds ternes et cassants ; d&rsquo;huile de germe de riz, charg\u00e9e en vitamines et reconnue pour favoriser l&rsquo;hydratation ; et de perle hydrolys\u00e9e pour ses propri\u00e9t\u00e9s r\u00e9g\u00e9n\u00e9rantes et son action sur la couleur.<\/p>\n<p>Ce shampooing professionnel de 300ml diffuse un d\u00e9licieux parfum exotique !<\/p><\/div>\n<\/div>\n<div class=\"tab js-tab\">\n<h3 class=\"tab-title pdp-tabs_title js-tab-mobile-title\"><span>Mode d&#8217;emploi<\/span><\/h3>\n<div class=\"tab-description pdp-tabs_description js-tab-description\">Utilisez le shampooing violet aussi souvent que n\u00e9cessaire.<br \/>Faites mousser le shampooing en massant les cheveux mouill\u00e9s.<br \/>Laissez poser 1 \u00e0 5 minutes en fonction de l\u2019effet recherch\u00e9.<br \/>Rincez abondamment. Pour de meilleurs r\u00e9sultats appliquez ensuite le soin ravivant Serial Blonde.<br \/>\u00c9vitez tout contact avec les v\u00eatements.<\/div>\n<\/div>\n<div class=\"tab js-tab\">\n<h3 class=\"tab-title pdp-tabs_title js-tab-mobile-title\"><span>Ingr\u00e9dients<\/span><\/h3>\n<div class=\"tab-description pdp-tabs_description js-tab-description\">Water (Aqua\/Eau), Sodium Cocoyl Isethionate, Sodium Lauryl Sulfoacetate, Cocamidopropyl Betaine, Glycol Distearate, Sodium Chloride, Glycerin, Phenoxyethanol, Fragrance (Parfum), Carbomer, Coconut Acid, Sodium Isethionate, Dimethiconol, Polyquaternium-10, PPG-9, Laureth-4, Nonfat Dry Milk (Sine Adipe Lac\/Poudre de lait \u00e9cr\u00e9m\u00e9), Hydrolyzed Pearl, Oryza Sativa (Rice) Bran Extract, Disodium EDTA, TEA-Dodecylbenzenesulfonate, Amodimethicone, Laureth-23, Sodium Benzoate, Lactic Acid, Citric Acid, Oryza Sativa (Rice) Germ Oil, Xanthan Gum, PEG-45M, Magnesium Nitrate, Cetrimonium Chloride, Trideceth-12, Potassium Chloride, Silica, Methylchloroisothiazolinone, Magnesium Chloride, Methylisothiazolinone, Hexyl Cinnamal, Linalool, Ext. Violet 2 (CI 60730), Mica (CI 77019), Titanium Dioxide (CI 77891).<\/div>\n<\/div>\n<div class=\"tab js-tab\">\n<h3 class=\"tab-title pdp-tabs_title js-tab-mobile-title\"><span>Livraison et stock<\/span><\/h3>\n<div class=\"tab-description pdp-tabs_description js-tab-description\">\n<div class=\"pdp-delivery_info\">\n<div class=\"content-asset\">Livraison et d\u00e9laisRetours et remboursements<\/div>\n<\/div>\n<\/div>\n<\/div>\n<div class=\"tab js-tab\">\n<h3 class=\"tab-title pdp-tabs_title js-tab-mobile-title\"><span>Pr\u00e9cautions d&#8217;emploi<\/span><\/h3>\n<div class=\"tab-description pdp-tabs_description js-tab-description\">ATTENTION :<br \/>\u00c9VITER LE CONTACT AVEC LES YEUX. EN CAS DE CONTACT, RINCER \u00c0 L\u2019EAU<\/div>\n<\/div>\n<\/div>\n<\/div>\n<\/div>\n","protected":false},"excerpt":{"rendered":"<p>Points cl\u00e9s Des reflets cuivr\u00e9s \u00e9limin\u00e9s Des reflets froids intensifi\u00e9s Des cheveux blonds lumineux et&hellip;<\/p>\n","protected":false},"featured_media":18660,"comment_status":"open","ping_status":"closed","template":"","meta":[],"pwb-brand":[663],"product_cat":[598],"product_tag":[127,390,599],"class_list":{"0":"post-27302","1":"product","2":"type-product","3":"status-publish","4":"has-post-thumbnail","6":"pwb-brand-tigi","7":"product_cat-type-de-cheveux","8":"product_tag-shampooing-et-coiffure","9":"product_tag-tigi","10":"product_tag-type-de-cheveux","12":"first","13":"instock","14":"taxable","15":"shipping-taxable","16":"purchasable","17":"product-type-simple","18":"layout-style-3","19":"col-md-4 col-sm-4 col-xs-6","20":"col-lg-3","21":"product-style-default"},"aioseo_notices":[],"brands":[{"id":663,"name":"Tigi","slug":"tigi"}],"_links":{"self":[{"href":"https:\/\/cheveuxluxe.com\/index.php\/wp-json\/wp\/v2\/product\/27302","targetHints":{"allow":["GET"]}}],"collection":[{"href":"https:\/\/cheveuxluxe.com\/index.php\/wp-json\/wp\/v2\/product"}],"about":[{"href":"https:\/\/cheveuxluxe.com\/index.php\/wp-json\/wp\/v2\/types\/product"}],"replies":[{"embeddable":true,"href":"https:\/\/cheveuxluxe.com\/index.php\/wp-json\/wp\/v2\/comments?post=27302"}],"version-history":[{"count":0,"href":"https:\/\/cheveuxluxe.com\/index.php\/wp-json\/wp\/v2\/product\/27302\/revisions"}],"wp:featuredmedia":[{"embeddable":true,"href":"https:\/\/cheveuxluxe.com\/index.php\/wp-json\/wp\/v2\/media\/18660"}],"wp:attachment":[{"href":"https:\/\/cheveuxluxe.com\/index.php\/wp-json\/wp\/v2\/media?parent=27302"}],"wp:term":[{"taxonomy":"pwb-brand","embeddable":true,"href":"https:\/\/cheveuxluxe.com\/index.php\/wp-json\/wp\/v2\/pwb-brand?post=27302"},{"taxonomy":"product_cat","embeddable":true,"href":"https:\/\/cheveuxluxe.com\/index.php\/wp-json\/wp\/v2\/product_cat?post=27302"},{"taxonomy":"product_tag","embeddable":true,"href":"https:\/\/cheveuxluxe.com\/index.php\/wp-json\/wp\/v2\/product_tag?post=27302"}],"curies":[{"name":"wp","href":"https:\/\/api.w.org\/{rel}","templated":true}]}}