{"id":27305,"date":"2024-04-09T20:49:34","date_gmt":"2024-04-09T20:49:34","guid":{"rendered":"https:\/\/cheveuxluxe.com\/index.php\/product\/loreal-professionnel-serie-expert-silver-shampooing-cheveux-gris-1500ml\/"},"modified":"2024-04-13T14:22:10","modified_gmt":"2024-04-13T14:22:10","slug":"loreal-professionnel-serie-expert-silver-shampooing-cheveux-gris-1500ml","status":"publish","type":"product","link":"https:\/\/cheveuxluxe.com\/index.php\/product\/loreal-professionnel-serie-expert-silver-shampooing-cheveux-gris-1500ml\/","title":{"rendered":"L&rsquo;Or\u00e9al Professionnel S\u00e9rie Expert Silver Shampooing Cheveux Gris 1500ml"},"content":{"rendered":"<div class=\"product-content_bottom\">\n<div class=\"pdp-info\">\n<div class=\"pdp-delivery_information\"><span class=\"pdp-delivery_label\">Information importante :<\/span> Pompe non incluse &#8211; Vendue s\u00e9par\u00e9ment du produit.<\/div>\n<div class=\"pdp-tabs tab-container\">\n<div class=\"tab js-tab\">\n<h3 class=\"tab-title pdp-tabs_title js-tab-mobile-title open\"><span>Points cl\u00e9s<\/span><\/h3>\n<div class=\"tab-description pdp-tabs_description js-tab-description open\" itemprop=\"description\">\n<ul>\n<li>La formule du Shampoing Silver int\u00e8gre des pigments violets pour neutraliser les reflets jaunes et est enrichie en magn\u00e9sium ac\u00e9tate pour laisser les cheveux doux et brillants.<\/li>\n<\/ul>\n<\/div>\n<\/div>\n<div class=\"tab js-tab\">\n<h3 class=\"tab-title pdp-tabs_title js-tab-mobile-title\"><span>Description<\/span><\/h3>\n<div class=\"tab-description pdp-tabs_description js-tab-description\" itemprop=\"description\">Le Shampoing Silver de L&rsquo;Or\u00e9al Professionnel r\u00e9pond aux attentes de toutes celles qui souhaitent prendre soin de leurs nuances argent\u00e9es. Gr\u00e2ce \u00e0 sa formule professionnelle et ses ingr\u00e9dients performants, ce produit booste votre chevelure. <br \/>Con\u00e7u pour toutes les natures de cheveux, le Shampoing Silver embellit les teintes grises et blanches \u00e0 la perfection. Ses pigments violets vous aident \u00e0 \u00e9liminer les reflets jaunes ou cuivr\u00e9s non voulus. Vous pr\u00e9servez et sublimez ainsi vos cheveux, plus radieux que jamais. En l&rsquo;adoptant, vous n&rsquo;avez plus \u00e0 vous soucier de cheveux trop secs ou r\u00eaches au toucher. Enrichi en magn\u00e9sium ac\u00e9tate, le Shampoing Silver de L&rsquo;Or\u00e9al Professionnel offre plus de brillance. Le cheveu retrouve sa l\u00e9g\u00e8ret\u00e9 et sa souplesse.<\/p>\n<p>Petit plus : votre routine lavage et s\u00e9chage devient plus agr\u00e9able gr\u00e2ce \u00e0 sa texture fluide. A chaque application, vos cheveux rayonnent et gagnent en douceur. De petits d\u00e9tails du quotidien, comme se coiffer ou passer la main dans sa chevelure, deviennent alors un r\u00e9el plaisir.<\/p><\/div>\n<\/div>\n<div class=\"tab js-tab\">\n<h3 class=\"tab-title pdp-tabs_title js-tab-mobile-title\"><span>Mode d&#8217;emploi<\/span><\/h3>\n<div class=\"tab-description pdp-tabs_description js-tab-description\">Appliquez le Shampoing Silver L&rsquo;Or\u00e9al Professionnel sur votre chevelure mouill\u00e9e.<br \/>Massez avec d\u00e9licatesse en faisant de petits cercles et en vous concentrant sur le cuir chevelu.<br \/>Rincez longuement, puis quelques secondes \u00e0 l&rsquo;eau froide pour r\u00e9v\u00e9ler l&rsquo;\u00e9clat de vos jolies m\u00e8ches argent\u00e9es.<\/div>\n<\/div>\n<div class=\"tab js-tab\">\n<h3 class=\"tab-title pdp-tabs_title js-tab-mobile-title\"><span>Ingr\u00e9dients<\/span><\/h3>\n<div class=\"tab-description pdp-tabs_description js-tab-description\">AQUA \/ WATER, SODIUM LAURETH SULFATE, SODIUM CHLORIDE, COCO-BETAINE, GLYCOL DISTEARATE, COCAMIDE MIPA, DIMETHICONE, SODIUM BENZOATE, SODIUM HYDROXIDE, CITRIC ACID, HEXYLENE GLYCOL, CI 60730 \/ ACID VIOLET 43, SALICYLIC ACID, CARBOMER, BENZYL SALICYLATE, BENZYL ALCOHOL, GUAR HYDROXYPROPYLTRIMONIUM CHLORIDE, HYDROXYPROPYLTRIMONIUM HYDROLYZED WHEAT PROTEIN, LIMONENE, MAGNESIUM ACETATE, HEXYL CINNAMAL, ASPARTIC ACID, GLYCINE, ARGININE, GLUTAMIC ACID, PHENOXYETHANOL, FUMARIC ACID, PARFUM \/ FRAGRANCE<\/div>\n<\/div>\n<div class=\"tab js-tab\">\n<h3 class=\"tab-title pdp-tabs_title js-tab-mobile-title\"><span>Livraison et stock<\/span><\/h3>\n<div class=\"tab-description pdp-tabs_description js-tab-description\">\n<div class=\"pdp-delivery_info\">\n<div class=\"content-asset\">Livraison et d\u00e9laisRetours et remboursements<\/div>\n<\/div>\n<\/div>\n<\/div>\n<div class=\"tab js-tab\">\n<h3 class=\"tab-title pdp-tabs_title js-tab-mobile-title\"><span>Pr\u00e9cautions d&#8217;emploi<\/span><\/h3>\n<div class=\"tab-description pdp-tabs_description js-tab-description\">En cas de contact avec les yeux,rincer avec de l&rsquo;eau imm\u00e9diatement et abondamment. Usage externe exclusivement.<\/div>\n<\/div>\n<\/div>\n<\/div>\n<\/div>\n","protected":false},"excerpt":{"rendered":"<p>Information importante : Pompe non incluse &#8211; Vendue s\u00e9par\u00e9ment du produit. Points cl\u00e9s La formule&hellip;<\/p>\n","protected":false},"featured_media":18372,"comment_status":"open","ping_status":"closed","template":"","meta":[],"pwb-brand":[649],"product_cat":[610],"product_tag":[611,325,127],"class_list":{"0":"post-27305","1":"product","2":"type-product","3":"status-publish","4":"has-post-thumbnail","6":"pwb-brand-loreal-professionnel","7":"product_cat-grands-formats","8":"product_tag-grands-formats","9":"product_tag-loreal-professionnel","10":"product_tag-shampooing-et-coiffure","12":"first","13":"instock","14":"taxable","15":"shipping-taxable","16":"purchasable","17":"product-type-simple","18":"layout-style-3","19":"col-md-4 col-sm-4 col-xs-6","20":"col-lg-3","21":"product-has-gallery","22":"product-style-default"},"aioseo_notices":[],"brands":[{"id":649,"name":"L'Or\u00e9al Professionnel","slug":"loreal-professionnel"}],"_links":{"self":[{"href":"https:\/\/cheveuxluxe.com\/index.php\/wp-json\/wp\/v2\/product\/27305","targetHints":{"allow":["GET"]}}],"collection":[{"href":"https:\/\/cheveuxluxe.com\/index.php\/wp-json\/wp\/v2\/product"}],"about":[{"href":"https:\/\/cheveuxluxe.com\/index.php\/wp-json\/wp\/v2\/types\/product"}],"replies":[{"embeddable":true,"href":"https:\/\/cheveuxluxe.com\/index.php\/wp-json\/wp\/v2\/comments?post=27305"}],"version-history":[{"count":0,"href":"https:\/\/cheveuxluxe.com\/index.php\/wp-json\/wp\/v2\/product\/27305\/revisions"}],"wp:featuredmedia":[{"embeddable":true,"href":"https:\/\/cheveuxluxe.com\/index.php\/wp-json\/wp\/v2\/media\/18372"}],"wp:attachment":[{"href":"https:\/\/cheveuxluxe.com\/index.php\/wp-json\/wp\/v2\/media?parent=27305"}],"wp:term":[{"taxonomy":"pwb-brand","embeddable":true,"href":"https:\/\/cheveuxluxe.com\/index.php\/wp-json\/wp\/v2\/pwb-brand?post=27305"},{"taxonomy":"product_cat","embeddable":true,"href":"https:\/\/cheveuxluxe.com\/index.php\/wp-json\/wp\/v2\/product_cat?post=27305"},{"taxonomy":"product_tag","embeddable":true,"href":"https:\/\/cheveuxluxe.com\/index.php\/wp-json\/wp\/v2\/product_tag?post=27305"}],"curies":[{"name":"wp","href":"https:\/\/api.w.org\/{rel}","templated":true}]}}