{"id":27306,"date":"2024-04-09T20:49:35","date_gmt":"2024-04-09T20:49:35","guid":{"rendered":"https:\/\/cheveuxluxe.com\/index.php\/product\/loreal-professionnel-serie-expert-vitamino-color-masque-250ml\/"},"modified":"2024-04-13T14:10:42","modified_gmt":"2024-04-13T14:10:42","slug":"loreal-professionnel-serie-expert-vitamino-color-masque-250ml","status":"publish","type":"product","link":"https:\/\/cheveuxluxe.com\/index.php\/product\/loreal-professionnel-serie-expert-vitamino-color-masque-250ml\/","title":{"rendered":"L&rsquo;Or\u00e9al Professionnel S\u00e9rie Expert Vitamino Color Masque 250ml"},"content":{"rendered":"<div class=\"product-content_bottom\">\n<div class=\"pdp-info\">\n<div class=\"pdp-tabs tab-container\">\n<div class=\"tab js-tab\">\n<h3 class=\"tab-title pdp-tabs_title js-tab-mobile-title open\"><span>Points cl\u00e9s<\/span><\/h3>\n<div class=\"tab-description pdp-tabs_description js-tab-description open\" itemprop=\"description\">\n<ul>\n<li>Gr\u00e2ce \u00e0 sa formule professionnelle enrichie en Resveratrol, le masque Vitamino Color pr\u00e9serve la coloration de vos cheveux, jusqu&rsquo;\u00e0 8 semaines.*<br \/>*Test instrumental Shampoing + masque<\/li>\n<\/ul>\n<\/div>\n<\/div>\n<div class=\"tab js-tab\">\n<h3 class=\"tab-title pdp-tabs_title js-tab-mobile-title\"><span>Description<\/span><\/h3>\n<div class=\"tab-description pdp-tabs_description js-tab-description\" itemprop=\"description\">Sp\u00e9cialement con\u00e7u pour les cheveux color\u00e9s, ce masque a tout pour plaire avec sa texture gel\u00e9e rafra\u00eechissante et son application ultra rapide. En seulement une minute, il sublime vos reflets les plus pr\u00e9cieux. Envie de d\u00e9couvrir le secret professionnel des plus belles couleurs ?<br \/>Le masque Vitamino Color contient du Resveratrol, une mol\u00e9cule qui pr\u00e9vient l&rsquo;alt\u00e9ration de votre coloration au fil du temps. Associ\u00e9 au Shampoing Vitamino Color, votre chevelure garde sa vitalit\u00e9 et sa belle couleur jusqu\u2019\u00e0 8 semaines*. Le masque Vitamino Color cible les m\u00e8ches plus endommag\u00e9es et les nourrit en profondeur. Il d\u00e9pose un voile protecteur l\u00e9ger sur vos cheveux color\u00e9s, pour garder cette teinte bien-aim\u00e9e le plus longtemps possible.<\/p>\n<p>Gr\u00e2ce \u00e0 ce masque, le cheveu retrouve de sa force et de sa douceur. Ce masque anti-affadissement se fait l&rsquo;alli\u00e9 de toutes les nuances, du ch\u00e2tain caramel au blond platine, en passant par les jolis pastels. Tous les types de cheveux, des plus fins aux plus \u00e9pais, peuvent b\u00e9n\u00e9ficier de ce produit. Un masque pour cheveux color\u00e9s facile \u00e0 utiliser, \u00e0 appliquer chaque semaine. Pour un r\u00e9sultat optimal, vous pouvez opter pour le Shampoing fixateur de couleur et le lait 10-en-1 pour cheveux color\u00e9s Vitamino Color. Cette touche finale apportera de la lumi\u00e8re \u00e0 votre chevelure.<br \/>*Test instrumental<\/div>\n<\/div>\n<div class=\"tab js-tab\">\n<h3 class=\"tab-title pdp-tabs_title js-tab-mobile-title\"><span>Mode d&#8217;emploi<\/span><\/h3>\n<div class=\"tab-description pdp-tabs_description js-tab-description\">Appliquez ce masque nourrissant dans ou en dehors de la douche, sur vos cheveux pr\u00e9alablement essor\u00e9s.<br \/>Laissez poser environ une minute sur les longueurs et les pointes.<br \/>Rincez longuement, en finissant avec un jet d&rsquo;eau froide pour encore plus de brillance.<\/div>\n<\/div>\n<div class=\"tab js-tab\">\n<h3 class=\"tab-title pdp-tabs_title js-tab-mobile-title\"><span>Ingr\u00e9dients<\/span><\/h3>\n<div class=\"tab-description pdp-tabs_description js-tab-description\">AQUA \/ WATER, HYDROXYPROPYL STARCH PHOSPHATE, QUATERNIUM-87, STEARYL ALCOHOL, BEHENTRIMONIUM CHLORIDE, PROPYLENE GLYCOL, AMODIMETHICONE, PHENOXYETHANOL, ISOPROPYL ALCOHOL, CANDELILLA CERA \/ CANDELILLA WAX, METHYLPARABEN, TRIDECETH-5, GLYCERIN, NIACINAMIDE, TRIDECETH-10, LINALOOL, CHLORHEXIDINE DIHYDROCHLORIDE, 2-OLEAMIDO-1,3-OCTADECANEDIOL, RESVERATROL, ACETIC ACID, CI 17200 \/ RED 33, CI 19140 \/ YELLOW 5, PARFUM \/ FRAGRANCE<\/div>\n<\/div>\n<div class=\"tab js-tab\">\n<h3 class=\"tab-title pdp-tabs_title js-tab-mobile-title\"><span>Livraison et stock<\/span><\/h3>\n<div class=\"tab-description pdp-tabs_description js-tab-description\">\n<div class=\"pdp-delivery_info\">\n<div class=\"content-asset\">Livraison et d\u00e9laisRetours et remboursements<\/div>\n<\/div>\n<\/div>\n<\/div>\n<div class=\"tab js-tab\">\n<h3 class=\"tab-title pdp-tabs_title js-tab-mobile-title\"><span>Pr\u00e9cautions d&#8217;emploi<\/span><\/h3>\n<div class=\"tab-description pdp-tabs_description js-tab-description\">En cas de contact avec les yeux,rincer avec de l&rsquo;eau imm\u00e9diatement et abondamment. Usage externe exclusivement.<\/div>\n<\/div>\n<\/div>\n<\/div>\n<\/div>\n","protected":false},"excerpt":{"rendered":"<p>Points cl\u00e9s Gr\u00e2ce \u00e0 sa formule professionnelle enrichie en Resveratrol, le masque Vitamino Color pr\u00e9serve&hellip;<\/p>\n","protected":false},"featured_media":18462,"comment_status":"open","ping_status":"closed","template":"","meta":[],"pwb-brand":[649],"product_cat":[598],"product_tag":[325,127,599],"class_list":{"0":"post-27306","1":"product","2":"type-product","3":"status-publish","4":"has-post-thumbnail","6":"pwb-brand-loreal-professionnel","7":"product_cat-type-de-cheveux","8":"product_tag-loreal-professionnel","9":"product_tag-shampooing-et-coiffure","10":"product_tag-type-de-cheveux","12":"first","13":"instock","14":"taxable","15":"shipping-taxable","16":"purchasable","17":"product-type-simple","18":"layout-style-3","19":"col-md-4 col-sm-4 col-xs-6","20":"col-lg-3","21":"product-has-gallery","22":"product-style-default"},"aioseo_notices":[],"brands":[{"id":649,"name":"L'Or\u00e9al Professionnel","slug":"loreal-professionnel"}],"_links":{"self":[{"href":"https:\/\/cheveuxluxe.com\/index.php\/wp-json\/wp\/v2\/product\/27306","targetHints":{"allow":["GET"]}}],"collection":[{"href":"https:\/\/cheveuxluxe.com\/index.php\/wp-json\/wp\/v2\/product"}],"about":[{"href":"https:\/\/cheveuxluxe.com\/index.php\/wp-json\/wp\/v2\/types\/product"}],"replies":[{"embeddable":true,"href":"https:\/\/cheveuxluxe.com\/index.php\/wp-json\/wp\/v2\/comments?post=27306"}],"version-history":[{"count":0,"href":"https:\/\/cheveuxluxe.com\/index.php\/wp-json\/wp\/v2\/product\/27306\/revisions"}],"wp:featuredmedia":[{"embeddable":true,"href":"https:\/\/cheveuxluxe.com\/index.php\/wp-json\/wp\/v2\/media\/18462"}],"wp:attachment":[{"href":"https:\/\/cheveuxluxe.com\/index.php\/wp-json\/wp\/v2\/media?parent=27306"}],"wp:term":[{"taxonomy":"pwb-brand","embeddable":true,"href":"https:\/\/cheveuxluxe.com\/index.php\/wp-json\/wp\/v2\/pwb-brand?post=27306"},{"taxonomy":"product_cat","embeddable":true,"href":"https:\/\/cheveuxluxe.com\/index.php\/wp-json\/wp\/v2\/product_cat?post=27306"},{"taxonomy":"product_tag","embeddable":true,"href":"https:\/\/cheveuxluxe.com\/index.php\/wp-json\/wp\/v2\/product_tag?post=27306"}],"curies":[{"name":"wp","href":"https:\/\/api.w.org\/{rel}","templated":true}]}}