{"id":27308,"date":"2024-04-09T20:49:36","date_gmt":"2024-04-09T20:49:36","guid":{"rendered":"https:\/\/cheveuxluxe.com\/index.php\/product\/redken-color-extend-blondage-apres-shampooing-1l\/"},"modified":"2024-04-13T14:10:55","modified_gmt":"2024-04-13T14:10:55","slug":"redken-color-extend-blondage-apres-shampooing-1l","status":"publish","type":"product","link":"https:\/\/cheveuxluxe.com\/index.php\/product\/redken-color-extend-blondage-apres-shampooing-1l\/","title":{"rendered":"Redken Color Extend Blondage Apr\u00e8s-Shampooing 1l"},"content":{"rendered":"<div class=\"product-content_bottom\">\n<div class=\"pdp-info\">\n<div class=\"pdp-tabs tab-container\">\n<div class=\"tab js-tab\">\n<h3 class=\"tab-title pdp-tabs_title js-tab-mobile-title open\"><span>Points cl\u00e9s<\/span><\/h3>\n<div class=\"tab-description pdp-tabs_description js-tab-description open\" itemprop=\"description\">\n<ul>\n<li>Maintient l\u2019\u00e9lasticit\u00e9<\/li>\n<li>Renforce et Hydrate<\/li>\n<\/ul>\n<\/div>\n<\/div>\n<div class=\"tab js-tab\">\n<h3 class=\"tab-title pdp-tabs_title js-tab-mobile-title\"><span>Description<\/span><\/h3>\n<div class=\"tab-description pdp-tabs_description js-tab-description\" itemprop=\"description\">RENFORCE ET HYDRATE LES CHEVEUX AB\u00ceM\u00c9S ET D\u00c9COLOR\u00c9S.<\/p>\n<p>PROT\u00c9INE DE BL\u00c9 AIDE \u00c0 MAINTENIR L\u2019\u00c9LASTICIT\u00c9. ACIDES AMIN\u00c9S AIDENT \u00c0 RENFORCER ET \u00c0 R\u00c9PARE LES M\u00c8CHES ENDOMMAG\u00c9ES. ACIDES MAL\u00c9IQUE ET CITRIQUE MAINTIENENNENT LES NIVEAUX DE PH POUR PR\u00c9SERVER L\u2019INT\u00c9GRIT\u00c9 DES CHEVEUX.<\/p><\/div>\n<\/div>\n<div class=\"tab js-tab\">\n<h3 class=\"tab-title pdp-tabs_title js-tab-mobile-title\"><span>Mode d&#8217;emploi<\/span><\/h3>\n<div class=\"tab-description pdp-tabs_description js-tab-description\">APPLIQUER APR\u00c8S LE SHAMPOOING DE FA\u00c7ON UNIFORME SUR LES LONGUEURS ET LES POINTES. LAISSER AGIR 3 &#8211; 5 MINUTES. RINCER.<\/div>\n<\/div>\n<div class=\"tab js-tab\">\n<h3 class=\"tab-title pdp-tabs_title js-tab-mobile-title\"><span>Ingr\u00e9dients<\/span><\/h3>\n<div class=\"tab-description pdp-tabs_description js-tab-description\">AQUA \/ WATER, CETEARYL ALCOHOL, PROPYLENE GLYCOL, MALEIC ACID, ETHANOLAMINE, BEHENTRIMONIUM METHOSULFATE, PARFUM \/ FRAGRANCE, CITRIC ACID, PHENOXYETHANOL, STEARAMIDOPROPYL DIMETHYLAMINE, GLYCERIN, HYDROXYETHYLCELLULOSE, QUATERNIUM-91, POLYQUATERNIUM-37, BENZOIC ACID, PARAFFINUM LIQUIDUM \/ MINERAL OIL, CETRIMONIUM CHLORIDE, CETRIMONIUM METHOSULFATE, SODIUM COCOYL AMINO ACIDS, POTASSIUM DIMETHICONE PEG-7 PANTHENYL PHOSPHATE, PPG-1 TRIDECETH-6, SODIUM SARCOSINATE, ACRYLATES COPOLYMER, ARGININE, HYDROLYZED SOY PROTEIN, SORBITAN OLEATE, CI 60730 \/ ACID VIOLET 43, HYDROLYZED VEGETABLE PROTEIN PG-PROPYL SILANETRIOL, SODIUM CHLORIDE, TETRASODIUM EDTA, POTASSIUM SORBATE<\/div>\n<\/div>\n<div class=\"tab js-tab\">\n<h3 class=\"tab-title pdp-tabs_title js-tab-mobile-title\"><span>Livraison et stock<\/span><\/h3>\n<div class=\"tab-description pdp-tabs_description js-tab-description\">\n<div class=\"pdp-delivery_info\">\n<div class=\"content-asset\">Livraison et d\u00e9laisRetours et remboursements<\/div>\n<\/div>\n<\/div>\n<\/div>\n<\/div>\n<\/div>\n<\/div>\n","protected":false},"excerpt":{"rendered":"<p>Points cl\u00e9s Maintient l\u2019\u00e9lasticit\u00e9 Renforce et Hydrate Description RENFORCE ET HYDRATE LES CHEVEUX AB\u00ceM\u00c9S ET&hellip;<\/p>\n","protected":false},"featured_media":18758,"comment_status":"open","ping_status":"closed","template":"","meta":[],"pwb-brand":[647],"product_cat":[598],"product_tag":[321,127,599],"class_list":{"0":"post-27308","1":"product","2":"type-product","3":"status-publish","4":"has-post-thumbnail","6":"pwb-brand-redken","7":"product_cat-type-de-cheveux","8":"product_tag-redken","9":"product_tag-shampooing-et-coiffure","10":"product_tag-type-de-cheveux","12":"first","13":"instock","14":"taxable","15":"shipping-taxable","16":"purchasable","17":"product-type-simple","18":"layout-style-3","19":"col-md-4 col-sm-4 col-xs-6","20":"col-lg-3","21":"product-has-gallery","22":"product-style-default"},"aioseo_notices":[],"brands":[{"id":647,"name":"Redken","slug":"redken"}],"_links":{"self":[{"href":"https:\/\/cheveuxluxe.com\/index.php\/wp-json\/wp\/v2\/product\/27308","targetHints":{"allow":["GET"]}}],"collection":[{"href":"https:\/\/cheveuxluxe.com\/index.php\/wp-json\/wp\/v2\/product"}],"about":[{"href":"https:\/\/cheveuxluxe.com\/index.php\/wp-json\/wp\/v2\/types\/product"}],"replies":[{"embeddable":true,"href":"https:\/\/cheveuxluxe.com\/index.php\/wp-json\/wp\/v2\/comments?post=27308"}],"version-history":[{"count":0,"href":"https:\/\/cheveuxluxe.com\/index.php\/wp-json\/wp\/v2\/product\/27308\/revisions"}],"wp:featuredmedia":[{"embeddable":true,"href":"https:\/\/cheveuxluxe.com\/index.php\/wp-json\/wp\/v2\/media\/18758"}],"wp:attachment":[{"href":"https:\/\/cheveuxluxe.com\/index.php\/wp-json\/wp\/v2\/media?parent=27308"}],"wp:term":[{"taxonomy":"pwb-brand","embeddable":true,"href":"https:\/\/cheveuxluxe.com\/index.php\/wp-json\/wp\/v2\/pwb-brand?post=27308"},{"taxonomy":"product_cat","embeddable":true,"href":"https:\/\/cheveuxluxe.com\/index.php\/wp-json\/wp\/v2\/product_cat?post=27308"},{"taxonomy":"product_tag","embeddable":true,"href":"https:\/\/cheveuxluxe.com\/index.php\/wp-json\/wp\/v2\/product_tag?post=27308"}],"curies":[{"name":"wp","href":"https:\/\/api.w.org\/{rel}","templated":true}]}}