{"id":27313,"date":"2024-04-09T20:49:39","date_gmt":"2024-04-09T20:49:39","guid":{"rendered":"https:\/\/cheveuxluxe.com\/index.php\/product\/osmo-super-cool-zero-orange-shampooing-1l\/"},"modified":"2024-04-13T14:26:48","modified_gmt":"2024-04-13T14:26:48","slug":"osmo-super-cool-zero-orange-shampooing-1l","status":"publish","type":"product","link":"https:\/\/cheveuxluxe.com\/index.php\/product\/osmo-super-cool-zero-orange-shampooing-1l\/","title":{"rendered":"Osmo Super Cool Zero Orange Shampooing 1L"},"content":{"rendered":"<div class=\"product-content_bottom\">\n<div class=\"pdp-info\">\n<div class=\"pdp-tabs tab-container\">\n<div class=\"tab js-tab\">\n<h3 class=\"tab-title pdp-tabs_title js-tab-mobile-title open\"><span>Points cl\u00e9s<\/span><\/h3>\n<div class=\"tab-description pdp-tabs_description js-tab-description open\" itemprop=\"description\">\n<ul>\n<li>Pour cheveux bruns \u00e9claircis en salon et fonc\u00e9s<\/li>\n<li>100\u00a0% v\u00e9gan<\/li>\n<li>Formule sans sulfate<\/li>\n<li>Infus\u00e9 de pigments bleus ultra-puissants<\/li>\n<li>Contribue \u00e0 \u00e9quilibrer les niveaux d\u2019hydratation des cheveux et am\u00e9liore leur \u00e9tat global<\/li>\n<li>Offre des tons plus profonds, froids et \u00e9clatants<\/li>\n<\/ul>\n<\/div>\n<\/div>\n<div class=\"tab js-tab\">\n<h3 class=\"tab-title pdp-tabs_title js-tab-mobile-title\"><span>Description<\/span><\/h3>\n<div class=\"tab-description pdp-tabs_description js-tab-description\" itemprop=\"description\">Un shampooing traitant intensif, sans sulfate, sp\u00e9cialement formul\u00e9 pour une utilisation sur les tons de cheveux bruns d\u00e9color\u00e9s en salon.<br \/>Infus\u00e9 avec des pigments super-bleus pour aider \u00e0 neutraliser les reflets roux\/ rouges\/cuivr\u00e9s ind\u00e9sirables, la couleur des cheveux est transform\u00e9e et leur \u00e9clat est restaur\u00e9.<\/div>\n<\/div>\n<div class=\"tab js-tab\">\n<h3 class=\"tab-title pdp-tabs_title js-tab-mobile-title\"><span>Mode d&#8217;emploi<\/span><\/h3>\n<div class=\"tab-description pdp-tabs_description js-tab-description\">En portant des gants, appliquer directement sur les cheveux mouill\u00e9s, masser et laisser agir environ 1 \u00e0 5 minutes.<br \/>Rincer soigneusement et r\u00e9p\u00e9ter l&rsquo;op\u00e9ration si n\u00e9cessaire.<\/div>\n<\/div>\n<div class=\"tab js-tab\">\n<h3 class=\"tab-title pdp-tabs_title js-tab-mobile-title\"><span>Ingr\u00e9dients<\/span><\/h3>\n<div class=\"tab-description pdp-tabs_description js-tab-description\">Aqua (Water), Sodium C14-16 Olefin Sulfonate, Cocamidopropyl Betaine, Glycerin, Sodium Chloride, Coco-Glucoside, Glycol Distearate, Cocodimonium Hydroxypropyl Hydrolyzed Wheat Protein, Helianthus Annuus (Sunflower) Seed Oil, Hydrolyzed Soy Protein, Amodimethicone, Panthenol, Cetrimonium Chloride, Tocopheryl Acetate, PEG-120 Methyl Glucose Trioleate, Superoxide Dismutase, Trideceth-12, Propylene Glycol, Tromethamine, Benzophenone-3, Benzophenone-4, Butylene Glycol, Pentylene Glycol, Parfum (Fragrance), Limonene, Sodium Hydroxide, Phenoxyethanol, Sodium Benzoate, Triethylene Glycol, Potassium Sorbate, Acid Violet 43, Acid Blue 11<\/div>\n<\/div>\n<div class=\"tab js-tab\">\n<h3 class=\"tab-title pdp-tabs_title js-tab-mobile-title\"><span>Livraison et stock<\/span><\/h3>\n<div class=\"tab-description pdp-tabs_description js-tab-description\">\n<div class=\"pdp-delivery_info\">\n<div class=\"content-asset\">Livraison et d\u00e9laisRetours et remboursements<\/div>\n<\/div>\n<\/div>\n<\/div>\n<div class=\"tab js-tab\">\n<h3 class=\"tab-title pdp-tabs_title js-tab-mobile-title\"><span>Pr\u00e9cautions d&#8217;emploi<\/span><\/h3>\n<div class=\"tab-description pdp-tabs_description js-tab-description\">Ce produit peut t\u00e2cher la peau, les v\u00eatements et d&rsquo;autres surfaces.<br \/>Porter des gants.<br \/>Usage externe uniquement.<br \/>\u00c9viter tout contact avec les yeux.<\/div>\n<\/div>\n<\/div>\n<\/div>\n<\/div>\n","protected":false},"excerpt":{"rendered":"<p>Points cl\u00e9s Pour cheveux bruns \u00e9claircis en salon et fonc\u00e9s 100\u00a0% v\u00e9gan Formule sans sulfate&hellip;<\/p>\n","protected":false},"featured_media":19340,"comment_status":"open","ping_status":"closed","template":"","meta":[],"pwb-brand":[661],"product_cat":[617],"product_tag":[274,385,273],"class_list":{"0":"post-27313","1":"product","2":"type-product","3":"status-publish","4":"has-post-thumbnail","6":"pwb-brand-osmo","7":"product_cat-coiffure","8":"product_tag-coiffure","9":"product_tag-osmo","10":"product_tag-vegan","12":"first","13":"instock","14":"taxable","15":"shipping-taxable","16":"purchasable","17":"product-type-simple","18":"layout-style-3","19":"col-md-4 col-sm-4 col-xs-6","20":"col-lg-3","21":"product-style-default"},"aioseo_notices":[],"brands":[{"id":661,"name":"Osmo","slug":"osmo"}],"_links":{"self":[{"href":"https:\/\/cheveuxluxe.com\/index.php\/wp-json\/wp\/v2\/product\/27313","targetHints":{"allow":["GET"]}}],"collection":[{"href":"https:\/\/cheveuxluxe.com\/index.php\/wp-json\/wp\/v2\/product"}],"about":[{"href":"https:\/\/cheveuxluxe.com\/index.php\/wp-json\/wp\/v2\/types\/product"}],"replies":[{"embeddable":true,"href":"https:\/\/cheveuxluxe.com\/index.php\/wp-json\/wp\/v2\/comments?post=27313"}],"version-history":[{"count":0,"href":"https:\/\/cheveuxluxe.com\/index.php\/wp-json\/wp\/v2\/product\/27313\/revisions"}],"wp:featuredmedia":[{"embeddable":true,"href":"https:\/\/cheveuxluxe.com\/index.php\/wp-json\/wp\/v2\/media\/19340"}],"wp:attachment":[{"href":"https:\/\/cheveuxluxe.com\/index.php\/wp-json\/wp\/v2\/media?parent=27313"}],"wp:term":[{"taxonomy":"pwb-brand","embeddable":true,"href":"https:\/\/cheveuxluxe.com\/index.php\/wp-json\/wp\/v2\/pwb-brand?post=27313"},{"taxonomy":"product_cat","embeddable":true,"href":"https:\/\/cheveuxluxe.com\/index.php\/wp-json\/wp\/v2\/product_cat?post=27313"},{"taxonomy":"product_tag","embeddable":true,"href":"https:\/\/cheveuxluxe.com\/index.php\/wp-json\/wp\/v2\/product_tag?post=27313"}],"curies":[{"name":"wp","href":"https:\/\/api.w.org\/{rel}","templated":true}]}}