{"id":27314,"date":"2024-04-09T20:49:40","date_gmt":"2024-04-09T20:49:40","guid":{"rendered":"https:\/\/cheveuxluxe.com\/index.php\/product\/lome-paris-couleur-blond-shampooing-250ml\/"},"modified":"2024-04-13T14:13:44","modified_gmt":"2024-04-13T14:13:44","slug":"lome-paris-couleur-blond-shampooing-250ml","status":"publish","type":"product","link":"https:\/\/cheveuxluxe.com\/index.php\/product\/lome-paris-couleur-blond-shampooing-250ml\/","title":{"rendered":"L\u00f4m\u00e9 Paris Couleur Blond Shampooing 250ml"},"content":{"rendered":"<div class=\"product-content_bottom\">\n<div class=\"pdp-info\">\n<div class=\"pdp-tabs tab-container\">\n<div class=\"tab js-tab\">\n<h3 class=\"tab-title pdp-tabs_title js-tab-mobile-title open\"><span>Points cl\u00e9s<\/span><\/h3>\n<div class=\"tab-description pdp-tabs_description js-tab-description open\" itemprop=\"description\">\n<ul>\n<li>Enrichi \u00e0 la k\u00e9ratine, \u00e0 l\u2019acide hyaluronique et \u00e0 l\u2019huile de carthame<\/li>\n<li>Nettoie en douceur les cheveux blonds et d\u00e9color\u00e9s<\/li>\n<li>Ses micropigments violets aident \u00e0 neutraliser les tons jaunes non d\u00e9sir\u00e9s tout en redonnant sa brillance \u00e0 la couleur.<\/li>\n<li>Avec filtre UV<\/li>\n<\/ul>\n<\/div>\n<\/div>\n<div class=\"tab js-tab\">\n<h3 class=\"tab-title pdp-tabs_title js-tab-mobile-title\"><span>Description<\/span><\/h3>\n<div class=\"tab-description pdp-tabs_description js-tab-description\" itemprop=\"description\">Ce shampooing sublimateur de brillance enrichi \u00e0 la k\u00e9ratine, \u00e0 l\u2019acide hyaluronique et \u00e0 l\u2019huile de carthame nettoie en douceur les cheveux blonds et d\u00e9color\u00e9s.<br \/>Ses micropigments violets aident \u00e0 neutraliser les tons jaunes non d\u00e9sir\u00e9s tout en redonnant sa brillance \u00e0 la couleur.<br \/>Avec filtre UV.<\/div>\n<\/div>\n<div class=\"tab js-tab\">\n<h3 class=\"tab-title pdp-tabs_title js-tab-mobile-title\"><span>Mode d&#8217;emploi<\/span><\/h3>\n<div class=\"tab-description pdp-tabs_description js-tab-description\">Appliquez uniform\u00e9ment sur les cheveux mouill\u00e9s et faites mousser.<br \/>Laissez poser pendant quelques minutes.<br \/>Rincez abondamment.<\/div>\n<\/div>\n<div class=\"tab js-tab\">\n<h3 class=\"tab-title pdp-tabs_title js-tab-mobile-title\"><span>Ingr\u00e9dients<\/span><\/h3>\n<div class=\"tab-description pdp-tabs_description js-tab-description\">AQUA, SODIUM LAURETH SULFATE, DISODIUM LAURETH SULFOSUCCINATE, COCAMIDOPROPYL BETAINE, COCAMIDE DEA, GLYCERIN, LAURETH-3, PEG-12 DIMETHICONE, CARTHAMUS TINCTORIUS SEED OIL, SODIUM HYALURONATE, HYDROLYZED KERATIN, COCAMIDE MEA, GLYCOL DISTEARATE, LAURETH-10, PEG-7 GLYCERYL COCOATE, POLYQUATERNIUM-10, SODIUM CHLORIDE, BENZOPHENONE-4, PARFUM, CITRIC ACID, TRIETHANOLAMINE, BENZOIC ACID, METHYLCHLOROISOTHIAZOLINONE, METHYLISOTHIAZOLINONE, PHENOXYETHANOL, POTASSIUM SORBATE, SODIUM BENZOATE, BENZYL ALCOHOL, LIMONENE, CI 60730<\/div>\n<\/div>\n<div class=\"tab js-tab\">\n<h3 class=\"tab-title pdp-tabs_title js-tab-mobile-title\"><span>Livraison et stock<\/span><\/h3>\n<div class=\"tab-description pdp-tabs_description js-tab-description\">\n<div class=\"pdp-delivery_info\">\n<div class=\"content-asset\">Livraison et d\u00e9laisRetours et remboursements<\/div>\n<\/div>\n<\/div>\n<\/div>\n<div class=\"tab js-tab\">\n<h3 class=\"tab-title pdp-tabs_title js-tab-mobile-title\"><span>Pr\u00e9cautions d&#8217;emploi<\/span><\/h3>\n<div class=\"tab-description pdp-tabs_description js-tab-description\">\u00c9vitez le contact avec les yeux.<\/div>\n<\/div>\n<\/div>\n<\/div>\n<\/div>\n","protected":false},"excerpt":{"rendered":"<p>Points cl\u00e9s Enrichi \u00e0 la k\u00e9ratine, \u00e0 l\u2019acide hyaluronique et \u00e0 l\u2019huile de carthame Nettoie&hellip;<\/p>\n","protected":false},"featured_media":18631,"comment_status":"open","ping_status":"closed","template":"","meta":[],"pwb-brand":[656],"product_cat":[600],"product_tag":[144,355,127],"class_list":{"0":"post-27314","1":"product","2":"type-product","3":"status-publish","4":"has-post-thumbnail","6":"pwb-brand-lome-paris","7":"product_cat-lissage-et-keratine","8":"product_tag-lissage-et-keratine","9":"product_tag-lome-paris","10":"product_tag-shampooing-et-coiffure","12":"first","13":"instock","14":"taxable","15":"shipping-taxable","16":"purchasable","17":"product-type-simple","18":"layout-style-3","19":"col-md-4 col-sm-4 col-xs-6","20":"col-lg-3","21":"product-style-default"},"aioseo_notices":[],"brands":[{"id":656,"name":"L\u00f4m\u00e9 Paris","slug":"lome-paris"}],"_links":{"self":[{"href":"https:\/\/cheveuxluxe.com\/index.php\/wp-json\/wp\/v2\/product\/27314","targetHints":{"allow":["GET"]}}],"collection":[{"href":"https:\/\/cheveuxluxe.com\/index.php\/wp-json\/wp\/v2\/product"}],"about":[{"href":"https:\/\/cheveuxluxe.com\/index.php\/wp-json\/wp\/v2\/types\/product"}],"replies":[{"embeddable":true,"href":"https:\/\/cheveuxluxe.com\/index.php\/wp-json\/wp\/v2\/comments?post=27314"}],"version-history":[{"count":0,"href":"https:\/\/cheveuxluxe.com\/index.php\/wp-json\/wp\/v2\/product\/27314\/revisions"}],"wp:featuredmedia":[{"embeddable":true,"href":"https:\/\/cheveuxluxe.com\/index.php\/wp-json\/wp\/v2\/media\/18631"}],"wp:attachment":[{"href":"https:\/\/cheveuxluxe.com\/index.php\/wp-json\/wp\/v2\/media?parent=27314"}],"wp:term":[{"taxonomy":"pwb-brand","embeddable":true,"href":"https:\/\/cheveuxluxe.com\/index.php\/wp-json\/wp\/v2\/pwb-brand?post=27314"},{"taxonomy":"product_cat","embeddable":true,"href":"https:\/\/cheveuxluxe.com\/index.php\/wp-json\/wp\/v2\/product_cat?post=27314"},{"taxonomy":"product_tag","embeddable":true,"href":"https:\/\/cheveuxluxe.com\/index.php\/wp-json\/wp\/v2\/product_tag?post=27314"}],"curies":[{"name":"wp","href":"https:\/\/api.w.org\/{rel}","templated":true}]}}