{"id":27316,"date":"2024-04-09T20:49:40","date_gmt":"2024-04-09T20:49:40","guid":{"rendered":"https:\/\/cheveuxluxe.com\/index.php\/product\/crazy-color-ultraviolet-no-yellow-shampoo-250ml\/"},"modified":"2024-04-13T14:12:27","modified_gmt":"2024-04-13T14:12:27","slug":"crazy-color-ultraviolet-no-yellow-shampoo-250ml","status":"publish","type":"product","link":"https:\/\/cheveuxluxe.com\/index.php\/product\/crazy-color-ultraviolet-no-yellow-shampoo-250ml\/","title":{"rendered":"Crazy Color Ultraviolet No Yellow Shampoo 250ml"},"content":{"rendered":"<div class=\"product-content_bottom\">\n<div class=\"pdp-info\">\n<div class=\"pdp-tabs tab-container\">\n<div class=\"tab js-tab\">\n<h3 class=\"tab-title pdp-tabs_title js-tab-mobile-title open\"><span>Points cl\u00e9s<\/span><\/h3>\n<div class=\"tab-description pdp-tabs_description js-tab-description open\" itemprop=\"description\">Crazy Color est en train de modifier son emballage pour ce produit. <br \/>De ce fait, vous pouvez recevoir soit un emballage actuel, soit un nouvel emballage. <br \/>Malheureusement, vous ne pourrez pas choisir celui que vous recevrez.<\/div>\n<\/div>\n<div class=\"tab js-tab\">\n<h3 class=\"tab-title pdp-tabs_title js-tab-mobile-title\"><span>Description<\/span><\/h3>\n<div class=\"tab-description pdp-tabs_description js-tab-description\" itemprop=\"description\">Le SHAMPOOING ULTRAVIOLET ANTI-JAUNISSEMENT de CRAZY COLOR\u00ae est un traitement intensif, sans sulfate, sp\u00e9cialement con\u00e7u pour les cheveux tr\u00e8s \u00e9claircis, gris ou blanchis.<br \/>Infus\u00e9 avec de puissants pigments violets pour aider \u00e0 \u00e9liminer les tons jaunes ind\u00e9sirables.<br \/>Peut \u00e9galement \u00eatre utilis\u00e9 en lotion tonique apr\u00e8s la d\u00e9coloration.<br \/>Le port de gants est conseill\u00e9 pour \u00e9viter la coloration de la peau.<\/div>\n<\/div>\n<div class=\"tab js-tab\">\n<h3 class=\"tab-title pdp-tabs_title js-tab-mobile-title\"><span>Mode d&#8217;emploi<\/span><\/h3>\n<div class=\"tab-description pdp-tabs_description js-tab-description\">Appliquer directement sur les cheveux mouill\u00e9s, masser et laisser agir environ 1 \u00e0 5 minutes.<br \/>Rincer soigneusement et r\u00e9p\u00e9ter l&rsquo;op\u00e9ration si n\u00e9cessaire.<br \/>Pour de meilleurs r\u00e9sultats, utiliser ensuite l&rsquo;APR\u00c8S-SHAMPOING RAINBOW CARE de CRAZY COLOR\u00ae.<\/div>\n<\/div>\n<div class=\"tab js-tab\">\n<h3 class=\"tab-title pdp-tabs_title js-tab-mobile-title\"><span>Ingr\u00e9dients<\/span><\/h3>\n<div class=\"tab-description pdp-tabs_description js-tab-description\">Aqua (Water), Cocamidopropyl Betaine, Sodium C14-16 Olefin Sulfonate, Sodium Chloride, Glycerin, Amodimethicone, Cetrimonium Chloride, Trideceth-12, Tocopheryl Acetate, PEG-120 Methyl Glucose Trioleate, Propylene Glycol, Benzophenone-4, Parfum (Fragrance), Citric Acid, Phenoxyethanol, Sodium Benzoate, Triethylene Glycol, Acid Violet 43 (Ext D&amp;C Violet No.2).<\/div>\n<\/div>\n<div class=\"tab js-tab\">\n<h3 class=\"tab-title pdp-tabs_title js-tab-mobile-title\"><span>Livraison et stock<\/span><\/h3>\n<div class=\"tab-description pdp-tabs_description js-tab-description\">\n<div class=\"pdp-delivery_info\">\n<div class=\"content-asset\">Livraison et d\u00e9laisRetours et remboursements<\/div>\n<\/div>\n<\/div>\n<\/div>\n<div class=\"tab js-tab\">\n<h3 class=\"tab-title pdp-tabs_title js-tab-mobile-title\"><span>Pr\u00e9cautions d&#8217;emploi<\/span><\/h3>\n<div class=\"tab-description pdp-tabs_description js-tab-description\">AVERTISSEMENT\u00a0: Ce produit peut t\u00e2cher la peau, les v\u00eatements et d&rsquo;autres surfaces.<br \/>Un test \u00e9picutan\u00e9 est conseill\u00e9 avant utilisation.<br \/>Usage externe uniquement.<br \/>\u00c9viter tout contact avec les yeux.<br \/>USAGE PROFESSIONNEL SEULEMENT.<\/div>\n<\/div>\n<\/div>\n<\/div>\n<\/div>\n","protected":false},"excerpt":{"rendered":"<p>Points cl\u00e9s Crazy Color est en train de modifier son emballage pour ce produit. De&hellip;<\/p>\n","protected":false},"featured_media":18861,"comment_status":"open","ping_status":"closed","template":"","meta":[],"pwb-brand":[644],"product_cat":[598],"product_tag":[329,127,599],"class_list":{"0":"post-27316","1":"product","2":"type-product","3":"status-publish","4":"has-post-thumbnail","6":"pwb-brand-crazy-color","7":"product_cat-type-de-cheveux","8":"product_tag-crazy-color","9":"product_tag-shampooing-et-coiffure","10":"product_tag-type-de-cheveux","12":"first","13":"instock","14":"taxable","15":"shipping-taxable","16":"purchasable","17":"product-type-simple","18":"layout-style-3","19":"col-md-4 col-sm-4 col-xs-6","20":"col-lg-3","21":"product-style-default"},"aioseo_notices":[],"brands":[{"id":644,"name":"Crazy Color","slug":"crazy-color"}],"_links":{"self":[{"href":"https:\/\/cheveuxluxe.com\/index.php\/wp-json\/wp\/v2\/product\/27316","targetHints":{"allow":["GET"]}}],"collection":[{"href":"https:\/\/cheveuxluxe.com\/index.php\/wp-json\/wp\/v2\/product"}],"about":[{"href":"https:\/\/cheveuxluxe.com\/index.php\/wp-json\/wp\/v2\/types\/product"}],"replies":[{"embeddable":true,"href":"https:\/\/cheveuxluxe.com\/index.php\/wp-json\/wp\/v2\/comments?post=27316"}],"version-history":[{"count":0,"href":"https:\/\/cheveuxluxe.com\/index.php\/wp-json\/wp\/v2\/product\/27316\/revisions"}],"wp:featuredmedia":[{"embeddable":true,"href":"https:\/\/cheveuxluxe.com\/index.php\/wp-json\/wp\/v2\/media\/18861"}],"wp:attachment":[{"href":"https:\/\/cheveuxluxe.com\/index.php\/wp-json\/wp\/v2\/media?parent=27316"}],"wp:term":[{"taxonomy":"pwb-brand","embeddable":true,"href":"https:\/\/cheveuxluxe.com\/index.php\/wp-json\/wp\/v2\/pwb-brand?post=27316"},{"taxonomy":"product_cat","embeddable":true,"href":"https:\/\/cheveuxluxe.com\/index.php\/wp-json\/wp\/v2\/product_cat?post=27316"},{"taxonomy":"product_tag","embeddable":true,"href":"https:\/\/cheveuxluxe.com\/index.php\/wp-json\/wp\/v2\/product_tag?post=27316"}],"curies":[{"name":"wp","href":"https:\/\/api.w.org\/{rel}","templated":true}]}}